{"id":1409,"date":"2020-08-20T15:31:08","date_gmt":"2020-08-20T13:31:08","guid":{"rendered":"https:\/\/soxs.co\/?page_id=1409"},"modified":"2024-07-18T12:35:51","modified_gmt":"2024-07-18T10:35:51","slug":"return-registered","status":"publish","type":"page","link":"https:\/\/soxs.co\/en\/return-registered\/","title":{"rendered":"Return registered"},"content":{"rendered":"\n<p><br>Your return has been created and you will receive a copy of it by email. You will find the return address and return policy below.<\/p>\n\n\n\n<p><strong><strong>Return address<\/strong><\/strong><br>Soxs.co<br>Pottenbakkerstraat 28<br>9403 VX<br>Assen<\/p>\n\n\n\n<h2 class=\"wp-block-heading\" id=\"h-return-policy\"><strong>Return policy<\/strong><\/h2>\n\n\n\n<p><p class=\"p2\">Du hast das Recht, Deine Bestellung bis zu 30 Tage nach dem Erhalt ohne Angabe von Gr\u00fcnden zur\u00fcckzugeben.&nbsp;Wir m\u00f6chten das Produkt innerhalb von 14 Tagen nach Deinem Widerruf zur\u00fcckerhalten. Du erh\u00e4ltst dann den vollen Bestellbetrag inklusive Versandkosten gutgeschrieben. Nur die Kosten f\u00fcr die R\u00fccksendung von Zuhause bis zum Webshop gehen zu Deinen Lasten.<\/p>\nWenn Du Dein Widerrufsrecht in Anspruch nimmst, gelten folgende R\u00fcckgabebedingungen:\n<ul>\n \t<li>Der Artikel befindet sich in der Originalverpackung (soweit m\u00f6glich);<\/li>\n \t<li>Die <strong><span style=\"color: #808080\">SO<span style=\"color: #ff6600\">X<\/span>S<\/span><\/strong>-Artikel wurden nicht getragen und das Etikett ist noch angebracht (soweit m\u00f6glich).<\/li>\n \t<li>Der Artikel befindet sich noch im Originalzustand;<\/li>\n \t<li>Artikel, die Sie nicht zur\u00fcckgeben k\u00f6nnen, sind:\n&#8211; Geschenkkarten;\n&#8211; Personalisierte Produkte.<\/li>\n<\/ul><\/p>\n\n\n\nDo you prefer another product? Please contact us and we will make sure you get the <strong>SOXS&nbsp;<\/strong> you want as quickly as possible!\n","protected":false},"excerpt":{"rendered":"<p>Your return has been created and you will receive a copy of it by email. [&hellip;]<\/p>\n","protected":false},"author":5,"featured_media":0,"parent":0,"menu_order":0,"comment_status":"closed","ping_status":"closed","template":"","meta":{"_acf_changed":false,"_improvement_type_select":"improve_an_existing","_thumb_yes_seoaic":false,"_frame_yes_seoaic":false,"seoaic_generate_description":"","seoaic_improve_instructions_prompt":"","seoaic_rollback_content_improvement":"","seoaic_idea_thumbnail_generator":"","thumbnail_generated":false,"thumbnail_generate_prompt":"","seoaic_article_description":"","footnotes":""},"class_list":["post-1409","page","type-page","status-publish","hentry"],"acf":[],"yoast_head":"<!-- This site is optimized with the Yoast SEO plugin v27.3 - https:\/\/yoast.com\/product\/yoast-seo-wordpress\/ -->\n<title>Return registered - SOXS.co EN<\/title>\n<meta name=\"description\" content=\"Register your return with SOXS.co and return your products within 14 days. Simply follow our returns process for a fast turnaround\" \/>\n<meta name=\"robots\" content=\"index, follow, max-snippet:-1, max-image-preview:large, max-video-preview:-1\" \/>\n<link rel=\"canonical\" href=\"https:\/\/soxs.co\/en\/return-registered\/\" \/>\n<meta property=\"og:locale\" content=\"en_US\" \/>\n<meta property=\"og:type\" content=\"article\" \/>\n<meta property=\"og:title\" content=\"Return registered - SOXS.co EN\" \/>\n<meta property=\"og:description\" content=\"Register your return with SOXS.co and return your products within 14 days. Simply follow our returns process for a fast turnaround\" \/>\n<meta property=\"og:url\" content=\"https:\/\/soxs.co\/en\/return-registered\/\" \/>\n<meta property=\"og:site_name\" content=\"SOXS.co EN\" \/>\n<meta property=\"article:publisher\" content=\"https:\/\/www.facebook.com\/soxs.co\/\" \/>\n<meta property=\"article:modified_time\" content=\"2024-07-18T10:35:51+00:00\" \/>\n<meta name=\"twitter:card\" content=\"summary_large_image\" \/>\n<meta name=\"twitter:site\" content=\"@soxs_co\" \/>\n<script type=\"application\/ld+json\" class=\"yoast-schema-graph\">{\"@context\":\"https:\\\/\\\/schema.org\",\"@graph\":[{\"@type\":\"WebPage\",\"@id\":\"https:\\\/\\\/soxs.co\\\/en\\\/return-registered\\\/\",\"url\":\"https:\\\/\\\/soxs.co\\\/en\\\/return-registered\\\/\",\"name\":\"Return registered - SOXS.co EN\",\"isPartOf\":{\"@id\":\"https:\\\/\\\/soxs.co\\\/en\\\/#website\"},\"datePublished\":\"2020-08-20T13:31:08+00:00\",\"dateModified\":\"2024-07-18T10:35:51+00:00\",\"description\":\"Register your return with SOXS.co and return your products within 14 days. Simply follow our returns process for a fast turnaround\",\"breadcrumb\":{\"@id\":\"https:\\\/\\\/soxs.co\\\/en\\\/return-registered\\\/#breadcrumb\"},\"inLanguage\":\"en-US\",\"potentialAction\":[{\"@type\":\"ReadAction\",\"target\":[\"https:\\\/\\\/soxs.co\\\/en\\\/return-registered\\\/\"]}]},{\"@type\":\"BreadcrumbList\",\"@id\":\"https:\\\/\\\/soxs.co\\\/en\\\/return-registered\\\/#breadcrumb\",\"itemListElement\":[{\"@type\":\"ListItem\",\"position\":1,\"name\":\"Home\",\"item\":\"https:\\\/\\\/soxs.co\\\/en\\\/\"},{\"@type\":\"ListItem\",\"position\":2,\"name\":\"Return registered\"}]},{\"@type\":\"WebSite\",\"@id\":\"https:\\\/\\\/soxs.co\\\/en\\\/#website\",\"url\":\"https:\\\/\\\/soxs.co\\\/en\\\/\",\"name\":\"SOXS.co EN\",\"description\":\"Trendy and wonderfully warm socks for everyone\",\"potentialAction\":[{\"@type\":\"SearchAction\",\"target\":{\"@type\":\"EntryPoint\",\"urlTemplate\":\"https:\\\/\\\/soxs.co\\\/en\\\/?s={search_term_string}\"},\"query-input\":{\"@type\":\"PropertyValueSpecification\",\"valueRequired\":true,\"valueName\":\"search_term_string\"}}],\"inLanguage\":\"en-US\"}]}<\/script>\n<!-- \/ Yoast SEO plugin. -->","yoast_head_json":{"title":"Return registered - SOXS.co EN","description":"Register your return with SOXS.co and return your products within 14 days. Simply follow our returns process for a fast turnaround","robots":{"index":"index","follow":"follow","max-snippet":"max-snippet:-1","max-image-preview":"max-image-preview:large","max-video-preview":"max-video-preview:-1"},"canonical":"https:\/\/soxs.co\/en\/return-registered\/","og_locale":"en_US","og_type":"article","og_title":"Return registered - SOXS.co EN","og_description":"Register your return with SOXS.co and return your products within 14 days. Simply follow our returns process for a fast turnaround","og_url":"https:\/\/soxs.co\/en\/return-registered\/","og_site_name":"SOXS.co EN","article_publisher":"https:\/\/www.facebook.com\/soxs.co\/","article_modified_time":"2024-07-18T10:35:51+00:00","twitter_card":"summary_large_image","twitter_site":"@soxs_co","schema":{"@context":"https:\/\/schema.org","@graph":[{"@type":"WebPage","@id":"https:\/\/soxs.co\/en\/return-registered\/","url":"https:\/\/soxs.co\/en\/return-registered\/","name":"Return registered - SOXS.co EN","isPartOf":{"@id":"https:\/\/soxs.co\/en\/#website"},"datePublished":"2020-08-20T13:31:08+00:00","dateModified":"2024-07-18T10:35:51+00:00","description":"Register your return with SOXS.co and return your products within 14 days. Simply follow our returns process for a fast turnaround","breadcrumb":{"@id":"https:\/\/soxs.co\/en\/return-registered\/#breadcrumb"},"inLanguage":"en-US","potentialAction":[{"@type":"ReadAction","target":["https:\/\/soxs.co\/en\/return-registered\/"]}]},{"@type":"BreadcrumbList","@id":"https:\/\/soxs.co\/en\/return-registered\/#breadcrumb","itemListElement":[{"@type":"ListItem","position":1,"name":"Home","item":"https:\/\/soxs.co\/en\/"},{"@type":"ListItem","position":2,"name":"Return registered"}]},{"@type":"WebSite","@id":"https:\/\/soxs.co\/en\/#website","url":"https:\/\/soxs.co\/en\/","name":"SOXS.co EN","description":"Trendy and wonderfully warm socks for everyone","potentialAction":[{"@type":"SearchAction","target":{"@type":"EntryPoint","urlTemplate":"https:\/\/soxs.co\/en\/?s={search_term_string}"},"query-input":{"@type":"PropertyValueSpecification","valueRequired":true,"valueName":"search_term_string"}}],"inLanguage":"en-US"}]}},"_links":{"self":[{"href":"https:\/\/soxs.co\/en\/wp-json\/wp\/v2\/pages\/1409","targetHints":{"allow":["GET"]}}],"collection":[{"href":"https:\/\/soxs.co\/en\/wp-json\/wp\/v2\/pages"}],"about":[{"href":"https:\/\/soxs.co\/en\/wp-json\/wp\/v2\/types\/page"}],"author":[{"embeddable":true,"href":"https:\/\/soxs.co\/en\/wp-json\/wp\/v2\/users\/5"}],"replies":[{"embeddable":true,"href":"https:\/\/soxs.co\/en\/wp-json\/wp\/v2\/comments?post=1409"}],"version-history":[{"count":0,"href":"https:\/\/soxs.co\/en\/wp-json\/wp\/v2\/pages\/1409\/revisions"}],"wp:attachment":[{"href":"https:\/\/soxs.co\/en\/wp-json\/wp\/v2\/media?parent=1409"}],"curies":[{"name":"wp","href":"https:\/\/api.w.org\/{rel}","templated":true}]}}