{"id":987,"date":"2020-08-07T12:03:24","date_gmt":"2020-08-07T10:03:24","guid":{"rendered":"https:\/\/soxs.co\/trouw-grijze-wol-trouw-duo-medium-model-mr-mr-label-maat-42-46\/"},"modified":"2026-03-01T12:39:23","modified_gmt":"2025-11-25T22:43:19","slug":"soxs-duo-graue-woll-herren-socken-mr-mr-label-wadenlang","status":"publish","type":"product","link":"https:\/\/soxs.co\/de\/soxs-duo-graue-woll-herren-socken-mr-mr-label-wadenlang\/","title":{"rendered":"Originals Duo &#8211; Graue Wolle &#8211; Label Mr &#038; Mr &#8211; 42-46"},"content":{"rendered":"<p>Passende Socken speziell f\u00fcr ein Gay-P\u00e4rchen. \u00dcberrasche beide M\u00e4nner mit diesen warmen graue wollenen Herrensocken mit dem <em>Mr.<\/em> und <em>Mr. Label<\/em> von <strong>SOXS<\/strong>. Perfektes Geschenk f\u00fcr eine gleichgeschlechtliche Hochzeit. Auch sehr geeignet, um Deinen Partner mit einem w\u00e4rmenden und romantischen Geschenk f\u00fcr Gay-Paare zu \u00fcberraschen. <strong>SOXS <\/strong>bekommt man nicht nur gern geschenkt. Man tr\u00e4gt sie selbstverst\u00e4ndlich auch sehr gerne selbst. Die weichen Wollsocken von <strong><span style=\"color: #808080;\">SO<span style=\"color: #ff6600;\">X<\/span>S <\/span><\/strong> versorgen Deine F\u00fc\u00dfe mit endloser W\u00e4rme. Drau\u00dfen, zu Hause auf dem Sofa und sogar im Bett.<br \/>\ngraue herren woll socken mr. &amp; mr.. graue herren woll socken mr. &amp; mr.<\/p>\n","protected":false},"excerpt":{"rendered":"<p>Passende Socken speziell f\u00fcr ein Gay-P\u00e4rchen. \u00dcberrasche beide M\u00e4nner mit diesen warmen graue wollenen Herrensocken mit dem <em>Mr.<\/em> und <em>Mr. Label<\/em> von <strong>SOXS<\/strong>. Perfektes Geschenk f\u00fcr eine gleichgeschlechtliche Hochzeit. Auch sehr geeignet, um Deinen Partner mit einem w\u00e4rmenden und romantischen Geschenk f\u00fcr Gay-Paare zu \u00fcberraschen. <strong>SOXS <\/strong>bekommt man nicht nur gern geschenkt. Man tr\u00e4gt sie selbstverst\u00e4ndlich auch sehr gerne selbst. Die weichen Wollsocken von <strong><span style=\"color: #808080;\">SO<span style=\"color: #ff6600;\">X<\/span>S <\/span><\/strong> versorgen Deine F\u00fc\u00dfe mit endloser W\u00e4rme. Drau\u00dfen, zu Hause auf dem Sofa und sogar im Bett.<\/p>\n","protected":false},"featured_media":700129282,"comment_status":"closed","ping_status":"closed","template":"","meta":{"_acf_changed":false,"_improvement_type_select":"improve_an_existing","_thumb_yes_seoaic":false,"_frame_yes_seoaic":false,"seoaic_generate_description":"","seoaic_improve_instructions_prompt":"","seoaic_rollback_content_improvement":"","seoaic_idea_thumbnail_generator":"","thumbnail_generated":false,"thumbnail_generate_prompt":"","seoaic_article_description":""},"product_brand":[1593],"product_cat":[1380,59,1644,1639,1638,101,60,1376,1378,1377,1379,1627,56],"product_tag":[1587,1588,1589],"class_list":{"0":"post-987","1":"product","2":"type-product","3":"status-publish","4":"has-post-thumbnail","6":"product_brand-soxs-co","7":"product_cat-all-duo","8":"product_cat-duopack-schafwollsocken","9":"product_cat-duopack","10":"product_cat-geschenk-fuer-ihn","11":"product_cat-geschenk-fuer-sie","12":"product_cat-giftbox","13":"product_cat-wollsocken-herren","14":"product_cat-hochzeitssocken","15":"product_cat-mr-mr","16":"product_cat-mr-mrs","17":"product_cat-mrs-mrs","18":"product_cat-originals","19":"product_cat-wollen-socken","20":"product_tag-merinowollsocken","21":"product_tag-warme-socken","22":"product_tag-warme-wollsocken","24":"first","25":"instock","26":"taxable","27":"shipping-taxable","28":"purchasable","29":"product-type-simple"},"acf":[],"yoast_head":"<!-- This site is optimized with the Yoast SEO plugin v27.2 - https:\/\/yoast.com\/product\/yoast-seo-wordpress\/ -->\n<title>SOXS Graue Herren Woll Socken Mr. &amp; Mr. | SOXS.co DE<\/title>\n<meta name=\"description\" content=\"Bist Du auf der Suche nach einem Geschenk f\u00fcr eine Gay Hochzeit oder ein schwules Paar? Schau Dir die grauen Wollsocken f\u00fcr Herren mit Mr. &amp; Mr. Label an!\" \/>\n<meta name=\"robots\" content=\"index, follow, max-snippet:-1, max-image-preview:large, max-video-preview:-1\" \/>\n<link rel=\"canonical\" href=\"https:\/\/soxs.co\/de\/soxs-duo-graue-woll-herren-socken-mr-mr-label-wadenlang\/\" \/>\n<meta property=\"og:locale\" content=\"de_DE\" \/>\n<meta property=\"og:type\" content=\"article\" \/>\n<meta property=\"og:title\" content=\"SOXS Graue Herren Woll Socken Mr. &amp; Mr. | SOXS.co DE\" \/>\n<meta property=\"og:description\" content=\"Bist Du auf der Suche nach einem Geschenk f\u00fcr eine Gay Hochzeit oder ein schwules Paar? Schau Dir die grauen Wollsocken f\u00fcr Herren mit Mr. &amp; Mr. Label an!\" \/>\n<meta property=\"og:url\" content=\"https:\/\/soxs.co\/de\/soxs-duo-graue-woll-herren-socken-mr-mr-label-wadenlang\/\" \/>\n<meta property=\"og:site_name\" content=\"SOXS.co DE\" \/>\n<meta property=\"article:publisher\" content=\"https:\/\/www.facebook.com\/soxs.co\/\" \/>\n<meta property=\"article:modified_time\" content=\"2025-11-25T22:43:19+00:00\" \/>\n<meta property=\"og:image\" content=\"https:\/\/soxs.co\/app\/uploads\/sites\/2\/2020\/08\/SOX3311_1000x1000px.png\" \/>\n\t<meta property=\"og:image:width\" content=\"1000\" \/>\n\t<meta property=\"og:image:height\" content=\"1000\" \/>\n\t<meta property=\"og:image:type\" content=\"image\/png\" \/>\n<meta name=\"twitter:card\" content=\"summary_large_image\" \/>\n<meta name=\"twitter:site\" content=\"@soxs_co\" \/>\n<meta name=\"twitter:label1\" content=\"Gesch\u00e4tzte Lesezeit\" \/>\n\t<meta name=\"twitter:data1\" content=\"1\u00a0Minute\" \/>\n<script type=\"application\/ld+json\" class=\"yoast-schema-graph\">{\"@context\":\"https:\/\/schema.org\",\"@graph\":[{\"@type\":\"WebPage\",\"@id\":\"https:\/\/soxs.co\/de\/soxs-duo-graue-woll-herren-socken-mr-mr-label-wadenlang\/\",\"url\":\"https:\/\/soxs.co\/de\/soxs-duo-graue-woll-herren-socken-mr-mr-label-wadenlang\/\",\"name\":\"SOXS Graue Herren Woll Socken Mr. & Mr. | SOXS.co DE\",\"isPartOf\":{\"@id\":\"https:\/\/soxs.co\/de\/#website\"},\"primaryImageOfPage\":{\"@id\":\"https:\/\/soxs.co\/de\/soxs-duo-graue-woll-herren-socken-mr-mr-label-wadenlang\/#primaryimage\"},\"image\":{\"@id\":\"https:\/\/soxs.co\/de\/soxs-duo-graue-woll-herren-socken-mr-mr-label-wadenlang\/#primaryimage\"},\"thumbnailUrl\":\"https:\/\/soxs.co\/app\/uploads\/sites\/2\/2020\/08\/SOX3311_1000x1000px.png\",\"datePublished\":\"2020-08-07T10:03:24+00:00\",\"dateModified\":\"2025-11-25T22:43:19+00:00\",\"description\":\"Bist Du auf der Suche nach einem Geschenk f\u00fcr eine Gay Hochzeit oder ein schwules Paar? Schau Dir die grauen Wollsocken f\u00fcr Herren mit Mr. & Mr. Label an!\",\"breadcrumb\":{\"@id\":\"https:\/\/soxs.co\/de\/soxs-duo-graue-woll-herren-socken-mr-mr-label-wadenlang\/#breadcrumb\"},\"inLanguage\":\"de\",\"potentialAction\":[{\"@type\":\"ReadAction\",\"target\":[\"https:\/\/soxs.co\/de\/soxs-duo-graue-woll-herren-socken-mr-mr-label-wadenlang\/\"]}]},{\"@type\":\"ImageObject\",\"inLanguage\":\"de\",\"@id\":\"https:\/\/soxs.co\/de\/soxs-duo-graue-woll-herren-socken-mr-mr-label-wadenlang\/#primaryimage\",\"url\":\"https:\/\/soxs.co\/app\/uploads\/sites\/2\/2020\/08\/SOX3311_1000x1000px.png\",\"contentUrl\":\"https:\/\/soxs.co\/app\/uploads\/sites\/2\/2020\/08\/SOX3311_1000x1000px.png\",\"width\":1000,\"height\":1000,\"caption\":\"SOX3311_1000x1000px\"},{\"@type\":\"BreadcrumbList\",\"@id\":\"https:\/\/soxs.co\/de\/soxs-duo-graue-woll-herren-socken-mr-mr-label-wadenlang\/#breadcrumb\",\"itemListElement\":[{\"@type\":\"ListItem\",\"position\":1,\"name\":\"Home\",\"item\":\"https:\/\/soxs.co\/de\/\"},{\"@type\":\"ListItem\",\"position\":2,\"name\":\"Shop\",\"item\":\"https:\/\/soxs.co\/de\/shop\/\"},{\"@type\":\"ListItem\",\"position\":3,\"name\":\"Originals Duo &#8211; Graue Wolle &#8211; Label Mr &#038; Mr &#8211; 42-46\"}]},{\"@type\":\"WebSite\",\"@id\":\"https:\/\/soxs.co\/de\/#website\",\"url\":\"https:\/\/soxs.co\/de\/\",\"name\":\"SOXS.co DE\",\"description\":\"Trendige und wunderbar warme Socken f\u00fcr alle\",\"potentialAction\":[{\"@type\":\"SearchAction\",\"target\":{\"@type\":\"EntryPoint\",\"urlTemplate\":\"https:\/\/soxs.co\/de\/?s={search_term_string}\"},\"query-input\":{\"@type\":\"PropertyValueSpecification\",\"valueRequired\":true,\"valueName\":\"search_term_string\"}}],\"inLanguage\":\"de\"}]}<\/script>\n<!-- \/ Yoast SEO plugin. -->","yoast_head_json":{"title":"SOXS Graue Herren Woll Socken Mr. & Mr. | SOXS.co DE","description":"Bist Du auf der Suche nach einem Geschenk f\u00fcr eine Gay Hochzeit oder ein schwules Paar? Schau Dir die grauen Wollsocken f\u00fcr Herren mit Mr. & Mr. Label an!","robots":{"index":"index","follow":"follow","max-snippet":"max-snippet:-1","max-image-preview":"max-image-preview:large","max-video-preview":"max-video-preview:-1"},"canonical":"https:\/\/soxs.co\/de\/soxs-duo-graue-woll-herren-socken-mr-mr-label-wadenlang\/","og_locale":"de_DE","og_type":"article","og_title":"SOXS Graue Herren Woll Socken Mr. & Mr. | SOXS.co DE","og_description":"Bist Du auf der Suche nach einem Geschenk f\u00fcr eine Gay Hochzeit oder ein schwules Paar? Schau Dir die grauen Wollsocken f\u00fcr Herren mit Mr. & Mr. Label an!","og_url":"https:\/\/soxs.co\/de\/soxs-duo-graue-woll-herren-socken-mr-mr-label-wadenlang\/","og_site_name":"SOXS.co DE","article_publisher":"https:\/\/www.facebook.com\/soxs.co\/","article_modified_time":"2025-11-25T22:43:19+00:00","og_image":[{"width":1000,"height":1000,"url":"https:\/\/soxs.co\/app\/uploads\/sites\/2\/2020\/08\/SOX3311_1000x1000px.png","type":"image\/png"}],"twitter_card":"summary_large_image","twitter_site":"@soxs_co","twitter_misc":{"Gesch\u00e4tzte Lesezeit":"1\u00a0Minute"},"schema":{"@context":"https:\/\/schema.org","@graph":[{"@type":"WebPage","@id":"https:\/\/soxs.co\/de\/soxs-duo-graue-woll-herren-socken-mr-mr-label-wadenlang\/","url":"https:\/\/soxs.co\/de\/soxs-duo-graue-woll-herren-socken-mr-mr-label-wadenlang\/","name":"SOXS Graue Herren Woll Socken Mr. & Mr. | SOXS.co DE","isPartOf":{"@id":"https:\/\/soxs.co\/de\/#website"},"primaryImageOfPage":{"@id":"https:\/\/soxs.co\/de\/soxs-duo-graue-woll-herren-socken-mr-mr-label-wadenlang\/#primaryimage"},"image":{"@id":"https:\/\/soxs.co\/de\/soxs-duo-graue-woll-herren-socken-mr-mr-label-wadenlang\/#primaryimage"},"thumbnailUrl":"https:\/\/soxs.co\/app\/uploads\/sites\/2\/2020\/08\/SOX3311_1000x1000px.png","datePublished":"2020-08-07T10:03:24+00:00","dateModified":"2025-11-25T22:43:19+00:00","description":"Bist Du auf der Suche nach einem Geschenk f\u00fcr eine Gay Hochzeit oder ein schwules Paar? Schau Dir die grauen Wollsocken f\u00fcr Herren mit Mr. & Mr. Label an!","breadcrumb":{"@id":"https:\/\/soxs.co\/de\/soxs-duo-graue-woll-herren-socken-mr-mr-label-wadenlang\/#breadcrumb"},"inLanguage":"de","potentialAction":[{"@type":"ReadAction","target":["https:\/\/soxs.co\/de\/soxs-duo-graue-woll-herren-socken-mr-mr-label-wadenlang\/"]}]},{"@type":"ImageObject","inLanguage":"de","@id":"https:\/\/soxs.co\/de\/soxs-duo-graue-woll-herren-socken-mr-mr-label-wadenlang\/#primaryimage","url":"https:\/\/soxs.co\/app\/uploads\/sites\/2\/2020\/08\/SOX3311_1000x1000px.png","contentUrl":"https:\/\/soxs.co\/app\/uploads\/sites\/2\/2020\/08\/SOX3311_1000x1000px.png","width":1000,"height":1000,"caption":"SOX3311_1000x1000px"},{"@type":"BreadcrumbList","@id":"https:\/\/soxs.co\/de\/soxs-duo-graue-woll-herren-socken-mr-mr-label-wadenlang\/#breadcrumb","itemListElement":[{"@type":"ListItem","position":1,"name":"Home","item":"https:\/\/soxs.co\/de\/"},{"@type":"ListItem","position":2,"name":"Shop","item":"https:\/\/soxs.co\/de\/shop\/"},{"@type":"ListItem","position":3,"name":"Originals Duo &#8211; Graue Wolle &#8211; Label Mr &#038; Mr &#8211; 42-46"}]},{"@type":"WebSite","@id":"https:\/\/soxs.co\/de\/#website","url":"https:\/\/soxs.co\/de\/","name":"SOXS.co DE","description":"Trendige und wunderbar warme Socken f\u00fcr alle","potentialAction":[{"@type":"SearchAction","target":{"@type":"EntryPoint","urlTemplate":"https:\/\/soxs.co\/de\/?s={search_term_string}"},"query-input":{"@type":"PropertyValueSpecification","valueRequired":true,"valueName":"search_term_string"}}],"inLanguage":"de"}]}},"_links":{"self":[{"href":"https:\/\/soxs.co\/de\/wp-json\/wp\/v2\/product\/987","targetHints":{"allow":["GET"]}}],"collection":[{"href":"https:\/\/soxs.co\/de\/wp-json\/wp\/v2\/product"}],"about":[{"href":"https:\/\/soxs.co\/de\/wp-json\/wp\/v2\/types\/product"}],"replies":[{"embeddable":true,"href":"https:\/\/soxs.co\/de\/wp-json\/wp\/v2\/comments?post=987"}],"wp:featuredmedia":[{"embeddable":true,"href":"https:\/\/soxs.co\/de\/wp-json\/wp\/v2\/media\/700129282"}],"wp:attachment":[{"href":"https:\/\/soxs.co\/de\/wp-json\/wp\/v2\/media?parent=987"}],"wp:term":[{"taxonomy":"product_brand","embeddable":true,"href":"https:\/\/soxs.co\/de\/wp-json\/wp\/v2\/product_brand?post=987"},{"taxonomy":"product_cat","embeddable":true,"href":"https:\/\/soxs.co\/de\/wp-json\/wp\/v2\/product_cat?post=987"},{"taxonomy":"product_tag","embeddable":true,"href":"https:\/\/soxs.co\/de\/wp-json\/wp\/v2\/product_tag?post=987"}],"curies":[{"name":"wp","href":"https:\/\/api.w.org\/{rel}","templated":true}]}}