{"id":700137063,"date":"2026-03-26T14:24:28","date_gmt":"2026-03-26T13:24:28","guid":{"rendered":"https:\/\/soxs.co\/de\/?post_type=product&#038;p=700137063"},"modified":"2026-03-26T14:26:14","modified_gmt":"2026-03-26T13:26:14","slug":"sport-recovery-socken-white-42-46-2","status":"publish","type":"product","link":"https:\/\/soxs.co\/de\/sport-recovery-socken-white-42-46-2\/","title":{"rendered":"Sport Recovery Socken &#8211; white &#8211; 42-46"},"content":{"rendered":"<p>Mit den Recovery-Socken von Soxs stehen Ihre F\u00fc\u00dfe im Mittelpunkt! Sie sind aus weicher Baumwolle gefertigt, atmungsaktiv und besonders bequem und bieten optimale Unterst\u00fctzung nach dem Training.<\/p>\n","protected":false},"excerpt":{"rendered":"<p>Diese wei\u00dfen Regenerationssocken aus weicher Bio-Baumwolle bieten Ihren F\u00fc\u00dfen die Unterst\u00fctzung, die sie verdienen. Das atmungsaktive und strapazierf\u00e4hige Material h\u00e4lt Ihre F\u00fc\u00dfe trocken und frisch, w\u00e4hrend die dehnbare Passform maximalen Tragekomfort garantiert. Ideal f\u00fcr eine schnellere Erholung nach einem intensiven Training oder einem langen Tag auf den Beinen.<\/p>\n","protected":false},"featured_media":700136054,"comment_status":"open","ping_status":"closed","template":"","meta":{"_acf_changed":false,"_improvement_type_select":"improve_an_existing","_thumb_yes_seoaic":false,"_frame_yes_seoaic":false,"seoaic_generate_description":"","seoaic_improve_instructions_prompt":"","seoaic_rollback_content_improvement":"","seoaic_idea_thumbnail_generator":"","thumbnail_generated":false,"thumbnail_generate_prompt":"","seoaic_article_description":""},"product_brand":[1593],"product_cat":[1488,1672,1611,1616],"product_tag":[1612,1613,1588],"class_list":{"0":"post-700137063","1":"product","2":"type-product","3":"status-publish","4":"has-post-thumbnail","6":"product_brand-soxs-co","7":"product_cat-baumwollsocken","8":"product_cat-neuekollektion2026","9":"product_cat-sport","10":"product_cat-trend","11":"product_tag-baumwolle-socken","12":"product_tag-sport-socken","13":"product_tag-warme-socken","15":"first","16":"instock","17":"taxable","18":"shipping-taxable","19":"purchasable","20":"product-type-simple"},"acf":[],"yoast_head":"<!-- This site is optimized with the Yoast SEO plugin v27.2 - https:\/\/yoast.com\/product\/yoast-seo-wordpress\/ -->\n<title>Sport Recovery Socken - white - 42-46 - SOXS.co DE<\/title>\n<meta name=\"robots\" content=\"index, follow, max-snippet:-1, max-image-preview:large, max-video-preview:-1\" \/>\n<link rel=\"canonical\" href=\"https:\/\/soxs.co\/de\/sport-recovery-socken-white-42-46-2\/\" \/>\n<meta property=\"og:locale\" content=\"de_DE\" \/>\n<meta property=\"og:type\" content=\"article\" \/>\n<meta property=\"og:title\" content=\"Sport Recovery Socken - white - 42-46 - SOXS.co DE\" \/>\n<meta property=\"og:description\" content=\"Diese wei\u00dfen Regenerationssocken aus weicher Bio-Baumwolle bieten Ihren F\u00fc\u00dfen die Unterst\u00fctzung, die sie verdienen. Das atmungsaktive und strapazierf\u00e4hige Material h\u00e4lt Ihre F\u00fc\u00dfe trocken und frisch, w\u00e4hrend die dehnbare Passform maximalen Tragekomfort garantiert. Ideal f\u00fcr eine schnellere Erholung nach einem intensiven Training oder einem langen Tag auf den Beinen.\" \/>\n<meta property=\"og:url\" content=\"https:\/\/soxs.co\/de\/sport-recovery-socken-white-42-46-2\/\" \/>\n<meta property=\"og:site_name\" content=\"SOXS.co DE\" \/>\n<meta property=\"article:publisher\" content=\"https:\/\/www.facebook.com\/soxs.co\/\" \/>\n<meta property=\"article:modified_time\" content=\"2026-03-26T13:26:14+00:00\" \/>\n<meta property=\"og:image\" content=\"https:\/\/soxs.co\/app\/uploads\/sites\/2\/2026\/01\/SOX4034-35.jpg\" \/>\n\t<meta property=\"og:image:width\" content=\"2362\" \/>\n\t<meta property=\"og:image:height\" content=\"2362\" \/>\n\t<meta property=\"og:image:type\" content=\"image\/jpeg\" \/>\n<meta name=\"twitter:card\" content=\"summary_large_image\" \/>\n<meta name=\"twitter:site\" content=\"@soxs_co\" \/>\n<meta name=\"twitter:label1\" content=\"Gesch\u00e4tzte Lesezeit\" \/>\n\t<meta name=\"twitter:data1\" content=\"1\u00a0Minute\" \/>\n<script type=\"application\/ld+json\" class=\"yoast-schema-graph\">{\"@context\":\"https:\/\/schema.org\",\"@graph\":[{\"@type\":\"WebPage\",\"@id\":\"https:\/\/soxs.co\/de\/sport-recovery-socken-white-42-46-2\/\",\"url\":\"https:\/\/soxs.co\/de\/sport-recovery-socken-white-42-46-2\/\",\"name\":\"Sport Recovery Socken - white - 42-46 - SOXS.co DE\",\"isPartOf\":{\"@id\":\"https:\/\/soxs.co\/de\/#website\"},\"primaryImageOfPage\":{\"@id\":\"https:\/\/soxs.co\/de\/sport-recovery-socken-white-42-46-2\/#primaryimage\"},\"image\":{\"@id\":\"https:\/\/soxs.co\/de\/sport-recovery-socken-white-42-46-2\/#primaryimage\"},\"thumbnailUrl\":\"https:\/\/soxs.co\/app\/uploads\/sites\/2\/2026\/01\/SOX4034-35.jpg\",\"datePublished\":\"2026-03-26T13:24:28+00:00\",\"dateModified\":\"2026-03-26T13:26:14+00:00\",\"breadcrumb\":{\"@id\":\"https:\/\/soxs.co\/de\/sport-recovery-socken-white-42-46-2\/#breadcrumb\"},\"inLanguage\":\"de\",\"potentialAction\":[{\"@type\":\"ReadAction\",\"target\":[\"https:\/\/soxs.co\/de\/sport-recovery-socken-white-42-46-2\/\"]}]},{\"@type\":\"ImageObject\",\"inLanguage\":\"de\",\"@id\":\"https:\/\/soxs.co\/de\/sport-recovery-socken-white-42-46-2\/#primaryimage\",\"url\":\"https:\/\/soxs.co\/app\/uploads\/sites\/2\/2026\/01\/SOX4034-35.jpg\",\"contentUrl\":\"https:\/\/soxs.co\/app\/uploads\/sites\/2\/2026\/01\/SOX4034-35.jpg\",\"width\":2362,\"height\":2362},{\"@type\":\"BreadcrumbList\",\"@id\":\"https:\/\/soxs.co\/de\/sport-recovery-socken-white-42-46-2\/#breadcrumb\",\"itemListElement\":[{\"@type\":\"ListItem\",\"position\":1,\"name\":\"Home\",\"item\":\"https:\/\/soxs.co\/de\/\"},{\"@type\":\"ListItem\",\"position\":2,\"name\":\"Shop\",\"item\":\"https:\/\/soxs.co\/de\/shop\/\"},{\"@type\":\"ListItem\",\"position\":3,\"name\":\"Sport Recovery Socken &#8211; white &#8211; 42-46\"}]},{\"@type\":\"WebSite\",\"@id\":\"https:\/\/soxs.co\/de\/#website\",\"url\":\"https:\/\/soxs.co\/de\/\",\"name\":\"SOXS.co DE\",\"description\":\"Trendige und wunderbar warme Socken f\u00fcr alle\",\"potentialAction\":[{\"@type\":\"SearchAction\",\"target\":{\"@type\":\"EntryPoint\",\"urlTemplate\":\"https:\/\/soxs.co\/de\/?s={search_term_string}\"},\"query-input\":{\"@type\":\"PropertyValueSpecification\",\"valueRequired\":true,\"valueName\":\"search_term_string\"}}],\"inLanguage\":\"de\"}]}<\/script>\n<!-- \/ Yoast SEO plugin. -->","yoast_head_json":{"title":"Sport Recovery Socken - white - 42-46 - SOXS.co DE","robots":{"index":"index","follow":"follow","max-snippet":"max-snippet:-1","max-image-preview":"max-image-preview:large","max-video-preview":"max-video-preview:-1"},"canonical":"https:\/\/soxs.co\/de\/sport-recovery-socken-white-42-46-2\/","og_locale":"de_DE","og_type":"article","og_title":"Sport Recovery Socken - white - 42-46 - SOXS.co DE","og_description":"Diese wei\u00dfen Regenerationssocken aus weicher Bio-Baumwolle bieten Ihren F\u00fc\u00dfen die Unterst\u00fctzung, die sie verdienen. Das atmungsaktive und strapazierf\u00e4hige Material h\u00e4lt Ihre F\u00fc\u00dfe trocken und frisch, w\u00e4hrend die dehnbare Passform maximalen Tragekomfort garantiert. Ideal f\u00fcr eine schnellere Erholung nach einem intensiven Training oder einem langen Tag auf den Beinen.","og_url":"https:\/\/soxs.co\/de\/sport-recovery-socken-white-42-46-2\/","og_site_name":"SOXS.co DE","article_publisher":"https:\/\/www.facebook.com\/soxs.co\/","article_modified_time":"2026-03-26T13:26:14+00:00","og_image":[{"width":2362,"height":2362,"url":"https:\/\/soxs.co\/app\/uploads\/sites\/2\/2026\/01\/SOX4034-35.jpg","type":"image\/jpeg"}],"twitter_card":"summary_large_image","twitter_site":"@soxs_co","twitter_misc":{"Gesch\u00e4tzte Lesezeit":"1\u00a0Minute"},"schema":{"@context":"https:\/\/schema.org","@graph":[{"@type":"WebPage","@id":"https:\/\/soxs.co\/de\/sport-recovery-socken-white-42-46-2\/","url":"https:\/\/soxs.co\/de\/sport-recovery-socken-white-42-46-2\/","name":"Sport Recovery Socken - white - 42-46 - SOXS.co DE","isPartOf":{"@id":"https:\/\/soxs.co\/de\/#website"},"primaryImageOfPage":{"@id":"https:\/\/soxs.co\/de\/sport-recovery-socken-white-42-46-2\/#primaryimage"},"image":{"@id":"https:\/\/soxs.co\/de\/sport-recovery-socken-white-42-46-2\/#primaryimage"},"thumbnailUrl":"https:\/\/soxs.co\/app\/uploads\/sites\/2\/2026\/01\/SOX4034-35.jpg","datePublished":"2026-03-26T13:24:28+00:00","dateModified":"2026-03-26T13:26:14+00:00","breadcrumb":{"@id":"https:\/\/soxs.co\/de\/sport-recovery-socken-white-42-46-2\/#breadcrumb"},"inLanguage":"de","potentialAction":[{"@type":"ReadAction","target":["https:\/\/soxs.co\/de\/sport-recovery-socken-white-42-46-2\/"]}]},{"@type":"ImageObject","inLanguage":"de","@id":"https:\/\/soxs.co\/de\/sport-recovery-socken-white-42-46-2\/#primaryimage","url":"https:\/\/soxs.co\/app\/uploads\/sites\/2\/2026\/01\/SOX4034-35.jpg","contentUrl":"https:\/\/soxs.co\/app\/uploads\/sites\/2\/2026\/01\/SOX4034-35.jpg","width":2362,"height":2362},{"@type":"BreadcrumbList","@id":"https:\/\/soxs.co\/de\/sport-recovery-socken-white-42-46-2\/#breadcrumb","itemListElement":[{"@type":"ListItem","position":1,"name":"Home","item":"https:\/\/soxs.co\/de\/"},{"@type":"ListItem","position":2,"name":"Shop","item":"https:\/\/soxs.co\/de\/shop\/"},{"@type":"ListItem","position":3,"name":"Sport Recovery Socken &#8211; white &#8211; 42-46"}]},{"@type":"WebSite","@id":"https:\/\/soxs.co\/de\/#website","url":"https:\/\/soxs.co\/de\/","name":"SOXS.co DE","description":"Trendige und wunderbar warme Socken f\u00fcr alle","potentialAction":[{"@type":"SearchAction","target":{"@type":"EntryPoint","urlTemplate":"https:\/\/soxs.co\/de\/?s={search_term_string}"},"query-input":{"@type":"PropertyValueSpecification","valueRequired":true,"valueName":"search_term_string"}}],"inLanguage":"de"}]}},"_links":{"self":[{"href":"https:\/\/soxs.co\/de\/wp-json\/wp\/v2\/product\/700137063","targetHints":{"allow":["GET"]}}],"collection":[{"href":"https:\/\/soxs.co\/de\/wp-json\/wp\/v2\/product"}],"about":[{"href":"https:\/\/soxs.co\/de\/wp-json\/wp\/v2\/types\/product"}],"replies":[{"embeddable":true,"href":"https:\/\/soxs.co\/de\/wp-json\/wp\/v2\/comments?post=700137063"}],"wp:featuredmedia":[{"embeddable":true,"href":"https:\/\/soxs.co\/de\/wp-json\/wp\/v2\/media\/700136054"}],"wp:attachment":[{"href":"https:\/\/soxs.co\/de\/wp-json\/wp\/v2\/media?parent=700137063"}],"wp:term":[{"taxonomy":"product_brand","embeddable":true,"href":"https:\/\/soxs.co\/de\/wp-json\/wp\/v2\/product_brand?post=700137063"},{"taxonomy":"product_cat","embeddable":true,"href":"https:\/\/soxs.co\/de\/wp-json\/wp\/v2\/product_cat?post=700137063"},{"taxonomy":"product_tag","embeddable":true,"href":"https:\/\/soxs.co\/de\/wp-json\/wp\/v2\/product_tag?post=700137063"}],"curies":[{"name":"wp","href":"https:\/\/api.w.org\/{rel}","templated":true}]}}