{"id":700137014,"date":"2026-02-18T21:24:07","date_gmt":"2026-02-18T20:24:07","guid":{"rendered":"https:\/\/soxs.co\/de\/?post_type=product&#038;p=700137014"},"modified":"2026-02-18T21:24:38","modified_gmt":"2026-02-18T20:24:38","slug":"sport-recovery-socken-neon-green-42-46","status":"publish","type":"product","link":"https:\/\/soxs.co\/de\/sport-recovery-socken-neon-green-42-46\/","title":{"rendered":"Sport Recovery Socken &#8211; neon green &#8211; 42-46"},"content":{"rendered":"<p>Mit den Recovery-Socken von Soxs stehen Ihre F\u00fc\u00dfe im Mittelpunkt! Sie sind aus weicher Baumwolle gefertigt, atmungsaktiv und besonders bequem und bieten optimale Unterst\u00fctzung nach dem Training.<\/p>\n","protected":false},"excerpt":{"rendered":"<p>Diese neongr\u00fcnen Recovery-Socken aus weicher Bio-Baumwolle bieten Ihren F\u00fc\u00dfen die Unterst\u00fctzung, die sie verdienen. Das atmungsaktive und strapazierf\u00e4hige Material h\u00e4lt Ihre F\u00fc\u00dfe trocken und frisch, w\u00e4hrend die dehnbare Passform maximalen Komfort garantiert. Ideal f\u00fcr eine schnellere Regeneration nach einem intensiven Training oder einem langen Tag auf den Beinen.<\/p>\n","protected":false},"featured_media":700136056,"comment_status":"open","ping_status":"closed","template":"","meta":{"_acf_changed":false,"_improvement_type_select":"improve_an_existing","_thumb_yes_seoaic":false,"_frame_yes_seoaic":false,"seoaic_generate_description":"","seoaic_improve_instructions_prompt":"","seoaic_rollback_content_improvement":"","seoaic_idea_thumbnail_generator":"","thumbnail_generated":false,"thumbnail_generate_prompt":"","seoaic_article_description":""},"product_brand":[1593],"product_cat":[1488,1672,1611,1616],"product_tag":[1612,1613,1588],"class_list":{"0":"post-700137014","1":"product","2":"type-product","3":"status-publish","4":"has-post-thumbnail","6":"product_brand-soxs-co","7":"product_cat-baumwollsocken","8":"product_cat-neuekollektion2026","9":"product_cat-sport","10":"product_cat-trend","11":"product_tag-baumwolle-socken","12":"product_tag-sport-socken","13":"product_tag-warme-socken","15":"first","16":"instock","17":"taxable","18":"shipping-taxable","19":"purchasable","20":"product-type-simple"},"acf":[],"yoast_head":"<!-- This site is optimized with the Yoast SEO plugin v27.2 - https:\/\/yoast.com\/product\/yoast-seo-wordpress\/ -->\n<title>Sport Recovery Socken - neon green - 42-46 - SOXS.co DE<\/title>\n<meta name=\"robots\" content=\"index, follow, max-snippet:-1, max-image-preview:large, max-video-preview:-1\" \/>\n<link rel=\"canonical\" href=\"https:\/\/soxs.co\/de\/sport-recovery-socken-neon-green-42-46\/\" \/>\n<meta property=\"og:locale\" content=\"de_DE\" \/>\n<meta property=\"og:type\" content=\"article\" \/>\n<meta property=\"og:title\" content=\"Sport Recovery Socken - neon green - 42-46 - SOXS.co DE\" \/>\n<meta property=\"og:description\" content=\"Diese neongr\u00fcnen Recovery-Socken aus weicher Bio-Baumwolle bieten Ihren F\u00fc\u00dfen die Unterst\u00fctzung, die sie verdienen. Das atmungsaktive und strapazierf\u00e4hige Material h\u00e4lt Ihre F\u00fc\u00dfe trocken und frisch, w\u00e4hrend die dehnbare Passform maximalen Komfort garantiert. Ideal f\u00fcr eine schnellere Regeneration nach einem intensiven Training oder einem langen Tag auf den Beinen.\" \/>\n<meta property=\"og:url\" content=\"https:\/\/soxs.co\/de\/sport-recovery-socken-neon-green-42-46\/\" \/>\n<meta property=\"og:site_name\" content=\"SOXS.co DE\" \/>\n<meta property=\"article:publisher\" content=\"https:\/\/www.facebook.com\/soxs.co\/\" \/>\n<meta property=\"article:modified_time\" content=\"2026-02-18T20:24:38+00:00\" \/>\n<meta property=\"og:image\" content=\"https:\/\/soxs.co\/app\/uploads\/sites\/2\/2026\/01\/SOX4036.jpg\" \/>\n\t<meta property=\"og:image:width\" content=\"2362\" \/>\n\t<meta property=\"og:image:height\" content=\"2362\" \/>\n\t<meta property=\"og:image:type\" content=\"image\/jpeg\" \/>\n<meta name=\"twitter:card\" content=\"summary_large_image\" \/>\n<meta name=\"twitter:site\" content=\"@soxs_co\" \/>\n<meta name=\"twitter:label1\" content=\"Gesch\u00e4tzte Lesezeit\" \/>\n\t<meta name=\"twitter:data1\" content=\"1\u00a0Minute\" \/>\n<script type=\"application\/ld+json\" class=\"yoast-schema-graph\">{\"@context\":\"https:\/\/schema.org\",\"@graph\":[{\"@type\":\"WebPage\",\"@id\":\"https:\/\/soxs.co\/de\/sport-recovery-socken-neon-green-42-46\/\",\"url\":\"https:\/\/soxs.co\/de\/sport-recovery-socken-neon-green-42-46\/\",\"name\":\"Sport Recovery Socken - neon green - 42-46 - SOXS.co DE\",\"isPartOf\":{\"@id\":\"https:\/\/soxs.co\/de\/#website\"},\"primaryImageOfPage\":{\"@id\":\"https:\/\/soxs.co\/de\/sport-recovery-socken-neon-green-42-46\/#primaryimage\"},\"image\":{\"@id\":\"https:\/\/soxs.co\/de\/sport-recovery-socken-neon-green-42-46\/#primaryimage\"},\"thumbnailUrl\":\"https:\/\/soxs.co\/app\/uploads\/sites\/2\/2026\/01\/SOX4036.jpg\",\"datePublished\":\"2026-02-18T20:24:07+00:00\",\"dateModified\":\"2026-02-18T20:24:38+00:00\",\"breadcrumb\":{\"@id\":\"https:\/\/soxs.co\/de\/sport-recovery-socken-neon-green-42-46\/#breadcrumb\"},\"inLanguage\":\"de\",\"potentialAction\":[{\"@type\":\"ReadAction\",\"target\":[\"https:\/\/soxs.co\/de\/sport-recovery-socken-neon-green-42-46\/\"]}]},{\"@type\":\"ImageObject\",\"inLanguage\":\"de\",\"@id\":\"https:\/\/soxs.co\/de\/sport-recovery-socken-neon-green-42-46\/#primaryimage\",\"url\":\"https:\/\/soxs.co\/app\/uploads\/sites\/2\/2026\/01\/SOX4036.jpg\",\"contentUrl\":\"https:\/\/soxs.co\/app\/uploads\/sites\/2\/2026\/01\/SOX4036.jpg\",\"width\":2362,\"height\":2362},{\"@type\":\"BreadcrumbList\",\"@id\":\"https:\/\/soxs.co\/de\/sport-recovery-socken-neon-green-42-46\/#breadcrumb\",\"itemListElement\":[{\"@type\":\"ListItem\",\"position\":1,\"name\":\"Home\",\"item\":\"https:\/\/soxs.co\/de\/\"},{\"@type\":\"ListItem\",\"position\":2,\"name\":\"Shop\",\"item\":\"https:\/\/soxs.co\/de\/shop\/\"},{\"@type\":\"ListItem\",\"position\":3,\"name\":\"Sport Recovery Socken &#8211; neon green &#8211; 42-46\"}]},{\"@type\":\"WebSite\",\"@id\":\"https:\/\/soxs.co\/de\/#website\",\"url\":\"https:\/\/soxs.co\/de\/\",\"name\":\"SOXS.co DE\",\"description\":\"Trendige und wunderbar warme Socken f\u00fcr alle\",\"potentialAction\":[{\"@type\":\"SearchAction\",\"target\":{\"@type\":\"EntryPoint\",\"urlTemplate\":\"https:\/\/soxs.co\/de\/?s={search_term_string}\"},\"query-input\":{\"@type\":\"PropertyValueSpecification\",\"valueRequired\":true,\"valueName\":\"search_term_string\"}}],\"inLanguage\":\"de\"}]}<\/script>\n<!-- \/ Yoast SEO plugin. -->","yoast_head_json":{"title":"Sport Recovery Socken - neon green - 42-46 - SOXS.co DE","robots":{"index":"index","follow":"follow","max-snippet":"max-snippet:-1","max-image-preview":"max-image-preview:large","max-video-preview":"max-video-preview:-1"},"canonical":"https:\/\/soxs.co\/de\/sport-recovery-socken-neon-green-42-46\/","og_locale":"de_DE","og_type":"article","og_title":"Sport Recovery Socken - neon green - 42-46 - SOXS.co DE","og_description":"Diese neongr\u00fcnen Recovery-Socken aus weicher Bio-Baumwolle bieten Ihren F\u00fc\u00dfen die Unterst\u00fctzung, die sie verdienen. Das atmungsaktive und strapazierf\u00e4hige Material h\u00e4lt Ihre F\u00fc\u00dfe trocken und frisch, w\u00e4hrend die dehnbare Passform maximalen Komfort garantiert. Ideal f\u00fcr eine schnellere Regeneration nach einem intensiven Training oder einem langen Tag auf den Beinen.","og_url":"https:\/\/soxs.co\/de\/sport-recovery-socken-neon-green-42-46\/","og_site_name":"SOXS.co DE","article_publisher":"https:\/\/www.facebook.com\/soxs.co\/","article_modified_time":"2026-02-18T20:24:38+00:00","og_image":[{"width":2362,"height":2362,"url":"https:\/\/soxs.co\/app\/uploads\/sites\/2\/2026\/01\/SOX4036.jpg","type":"image\/jpeg"}],"twitter_card":"summary_large_image","twitter_site":"@soxs_co","twitter_misc":{"Gesch\u00e4tzte Lesezeit":"1\u00a0Minute"},"schema":{"@context":"https:\/\/schema.org","@graph":[{"@type":"WebPage","@id":"https:\/\/soxs.co\/de\/sport-recovery-socken-neon-green-42-46\/","url":"https:\/\/soxs.co\/de\/sport-recovery-socken-neon-green-42-46\/","name":"Sport Recovery Socken - neon green - 42-46 - SOXS.co DE","isPartOf":{"@id":"https:\/\/soxs.co\/de\/#website"},"primaryImageOfPage":{"@id":"https:\/\/soxs.co\/de\/sport-recovery-socken-neon-green-42-46\/#primaryimage"},"image":{"@id":"https:\/\/soxs.co\/de\/sport-recovery-socken-neon-green-42-46\/#primaryimage"},"thumbnailUrl":"https:\/\/soxs.co\/app\/uploads\/sites\/2\/2026\/01\/SOX4036.jpg","datePublished":"2026-02-18T20:24:07+00:00","dateModified":"2026-02-18T20:24:38+00:00","breadcrumb":{"@id":"https:\/\/soxs.co\/de\/sport-recovery-socken-neon-green-42-46\/#breadcrumb"},"inLanguage":"de","potentialAction":[{"@type":"ReadAction","target":["https:\/\/soxs.co\/de\/sport-recovery-socken-neon-green-42-46\/"]}]},{"@type":"ImageObject","inLanguage":"de","@id":"https:\/\/soxs.co\/de\/sport-recovery-socken-neon-green-42-46\/#primaryimage","url":"https:\/\/soxs.co\/app\/uploads\/sites\/2\/2026\/01\/SOX4036.jpg","contentUrl":"https:\/\/soxs.co\/app\/uploads\/sites\/2\/2026\/01\/SOX4036.jpg","width":2362,"height":2362},{"@type":"BreadcrumbList","@id":"https:\/\/soxs.co\/de\/sport-recovery-socken-neon-green-42-46\/#breadcrumb","itemListElement":[{"@type":"ListItem","position":1,"name":"Home","item":"https:\/\/soxs.co\/de\/"},{"@type":"ListItem","position":2,"name":"Shop","item":"https:\/\/soxs.co\/de\/shop\/"},{"@type":"ListItem","position":3,"name":"Sport Recovery Socken &#8211; neon green &#8211; 42-46"}]},{"@type":"WebSite","@id":"https:\/\/soxs.co\/de\/#website","url":"https:\/\/soxs.co\/de\/","name":"SOXS.co DE","description":"Trendige und wunderbar warme Socken f\u00fcr alle","potentialAction":[{"@type":"SearchAction","target":{"@type":"EntryPoint","urlTemplate":"https:\/\/soxs.co\/de\/?s={search_term_string}"},"query-input":{"@type":"PropertyValueSpecification","valueRequired":true,"valueName":"search_term_string"}}],"inLanguage":"de"}]}},"_links":{"self":[{"href":"https:\/\/soxs.co\/de\/wp-json\/wp\/v2\/product\/700137014","targetHints":{"allow":["GET"]}}],"collection":[{"href":"https:\/\/soxs.co\/de\/wp-json\/wp\/v2\/product"}],"about":[{"href":"https:\/\/soxs.co\/de\/wp-json\/wp\/v2\/types\/product"}],"replies":[{"embeddable":true,"href":"https:\/\/soxs.co\/de\/wp-json\/wp\/v2\/comments?post=700137014"}],"wp:featuredmedia":[{"embeddable":true,"href":"https:\/\/soxs.co\/de\/wp-json\/wp\/v2\/media\/700136056"}],"wp:attachment":[{"href":"https:\/\/soxs.co\/de\/wp-json\/wp\/v2\/media?parent=700137014"}],"wp:term":[{"taxonomy":"product_brand","embeddable":true,"href":"https:\/\/soxs.co\/de\/wp-json\/wp\/v2\/product_brand?post=700137014"},{"taxonomy":"product_cat","embeddable":true,"href":"https:\/\/soxs.co\/de\/wp-json\/wp\/v2\/product_cat?post=700137014"},{"taxonomy":"product_tag","embeddable":true,"href":"https:\/\/soxs.co\/de\/wp-json\/wp\/v2\/product_tag?post=700137014"}],"curies":[{"name":"wp","href":"https:\/\/api.w.org\/{rel}","templated":true}]}}