{"id":700136087,"date":"2026-01-15T17:47:45","date_gmt":"2026-01-15T16:47:45","guid":{"rendered":"https:\/\/soxs.co\/de\/?post_type=product&#038;p=700136087"},"modified":"2026-03-25T12:20:26","modified_gmt":"2026-02-23T13:26:46","slug":"trend-sokken-ruches-medium-katoen-earth-brown-off-white-37-41","status":"publish","type":"product","link":"https:\/\/soxs.co\/de\/trend-sokken-ruches-medium-katoen-earth-brown-off-white-37-41\/","title":{"rendered":"Trend sokken &#8211; ruches &#8211; medium &#8211; katoen &#8211; earth brown &#8211; off white &#8211; 37-41"},"content":{"rendered":"<p>Verleihen Sie Ihrem Outfit mit diesen R\u00fcschensocken von Soxs eine verspielte und stylische Note! Sie sind weich, bequem und aus atmungsaktiver Baumwolle gefertigt \u2013 f\u00fcr ein angenehmes Tragegef\u00fchl den ganzen Tag.<\/p>\n","protected":false},"excerpt":{"rendered":"<p>Vervollst\u00e4ndigen Sie Ihren Look mit den erdbraunen Socken von Soxs mit cremewei\u00dfen R\u00fcschen. Der warme Erdton erh\u00e4lt durch die R\u00fcschen einen sanften, verspielten Akzent, w\u00e4hrend der angenehme Tragekomfort aus Baumwolle Sie den ganzen Tag begleitet.<\/p>\n","protected":false},"featured_media":700135996,"comment_status":"open","ping_status":"closed","template":"","meta":{"_acf_changed":false,"_improvement_type_select":"improve_an_existing","_thumb_yes_seoaic":false,"_frame_yes_seoaic":false,"seoaic_generate_description":"","seoaic_improve_instructions_prompt":"","seoaic_rollback_content_improvement":"","seoaic_idea_thumbnail_generator":"","thumbnail_generated":false,"thumbnail_generate_prompt":"","seoaic_article_description":""},"product_brand":[1593],"product_cat":[1488,58,1672,1635,1616,56],"product_tag":[1612,1588,1589],"class_list":{"0":"post-700136087","1":"product","2":"type-product","3":"status-publish","4":"has-post-thumbnail","6":"product_brand-soxs-co","7":"product_cat-baumwollsocken","8":"product_cat-wollsocken-damen","9":"product_cat-neuekollektion2026","10":"product_cat-rufflesoxs","11":"product_cat-trend","12":"product_cat-wollen-socken","13":"product_tag-baumwolle-socken","14":"product_tag-warme-socken","15":"product_tag-warme-wollsocken","17":"first","18":"instock","19":"taxable","20":"shipping-taxable","21":"purchasable","22":"product-type-simple"},"acf":[],"yoast_head":"<!-- This site is optimized with the Yoast SEO plugin v27.3 - https:\/\/yoast.com\/product\/yoast-seo-wordpress\/ -->\n<title>Trend sokken - ruches - medium - katoen - earth brown - off white - 37-41 - SOXS.co DE<\/title>\n<meta name=\"robots\" content=\"index, follow, max-snippet:-1, max-image-preview:large, max-video-preview:-1\" \/>\n<link rel=\"canonical\" href=\"https:\/\/soxs.co\/de\/trend-sokken-ruches-medium-katoen-earth-brown-off-white-37-41\/\" \/>\n<meta property=\"og:locale\" content=\"de_DE\" \/>\n<meta property=\"og:type\" content=\"article\" \/>\n<meta property=\"og:title\" content=\"Trend sokken - ruches - medium - katoen - earth brown - off white - 37-41 - SOXS.co DE\" \/>\n<meta property=\"og:description\" content=\"Vervollst\u00e4ndigen Sie Ihren Look mit den erdbraunen Socken von Soxs mit cremewei\u00dfen R\u00fcschen. Der warme Erdton erh\u00e4lt durch die R\u00fcschen einen sanften, verspielten Akzent, w\u00e4hrend der angenehme Tragekomfort aus Baumwolle Sie den ganzen Tag begleitet.\" \/>\n<meta property=\"og:url\" content=\"https:\/\/soxs.co\/de\/trend-sokken-ruches-medium-katoen-earth-brown-off-white-37-41\/\" \/>\n<meta property=\"og:site_name\" content=\"SOXS.co DE\" \/>\n<meta property=\"article:publisher\" content=\"https:\/\/www.facebook.com\/soxs.co\/\" \/>\n<meta property=\"article:modified_time\" content=\"2026-02-23T13:26:46+00:00\" \/>\n<meta property=\"og:image\" content=\"https:\/\/soxs.co\/app\/uploads\/sites\/2\/2025\/09\/Soxs-4023.jpg\" \/>\n\t<meta property=\"og:image:width\" content=\"1000\" \/>\n\t<meta property=\"og:image:height\" content=\"1000\" \/>\n\t<meta property=\"og:image:type\" content=\"image\/jpeg\" \/>\n<meta name=\"twitter:card\" content=\"summary_large_image\" \/>\n<meta name=\"twitter:site\" content=\"@soxs_co\" \/>\n<meta name=\"twitter:label1\" content=\"Gesch\u00e4tzte Lesezeit\" \/>\n\t<meta name=\"twitter:data1\" content=\"1\u00a0Minute\" \/>\n<script type=\"application\/ld+json\" class=\"yoast-schema-graph\">{\"@context\":\"https:\\\/\\\/schema.org\",\"@graph\":[{\"@type\":\"WebPage\",\"@id\":\"https:\\\/\\\/soxs.co\\\/de\\\/trend-sokken-ruches-medium-katoen-earth-brown-off-white-37-41\\\/\",\"url\":\"https:\\\/\\\/soxs.co\\\/de\\\/trend-sokken-ruches-medium-katoen-earth-brown-off-white-37-41\\\/\",\"name\":\"Trend sokken - ruches - medium - katoen - earth brown - off white - 37-41 - SOXS.co DE\",\"isPartOf\":{\"@id\":\"https:\\\/\\\/soxs.co\\\/de\\\/#website\"},\"primaryImageOfPage\":{\"@id\":\"https:\\\/\\\/soxs.co\\\/de\\\/trend-sokken-ruches-medium-katoen-earth-brown-off-white-37-41\\\/#primaryimage\"},\"image\":{\"@id\":\"https:\\\/\\\/soxs.co\\\/de\\\/trend-sokken-ruches-medium-katoen-earth-brown-off-white-37-41\\\/#primaryimage\"},\"thumbnailUrl\":\"https:\\\/\\\/soxs.co\\\/app\\\/uploads\\\/sites\\\/2\\\/2025\\\/09\\\/Soxs-4023.jpg\",\"datePublished\":\"2026-01-15T16:47:45+00:00\",\"dateModified\":\"2026-02-23T13:26:46+00:00\",\"breadcrumb\":{\"@id\":\"https:\\\/\\\/soxs.co\\\/de\\\/trend-sokken-ruches-medium-katoen-earth-brown-off-white-37-41\\\/#breadcrumb\"},\"inLanguage\":\"de\",\"potentialAction\":[{\"@type\":\"ReadAction\",\"target\":[\"https:\\\/\\\/soxs.co\\\/de\\\/trend-sokken-ruches-medium-katoen-earth-brown-off-white-37-41\\\/\"]}]},{\"@type\":\"ImageObject\",\"inLanguage\":\"de\",\"@id\":\"https:\\\/\\\/soxs.co\\\/de\\\/trend-sokken-ruches-medium-katoen-earth-brown-off-white-37-41\\\/#primaryimage\",\"url\":\"https:\\\/\\\/soxs.co\\\/app\\\/uploads\\\/sites\\\/2\\\/2025\\\/09\\\/Soxs-4023.jpg\",\"contentUrl\":\"https:\\\/\\\/soxs.co\\\/app\\\/uploads\\\/sites\\\/2\\\/2025\\\/09\\\/Soxs-4023.jpg\",\"width\":1000,\"height\":1000},{\"@type\":\"BreadcrumbList\",\"@id\":\"https:\\\/\\\/soxs.co\\\/de\\\/trend-sokken-ruches-medium-katoen-earth-brown-off-white-37-41\\\/#breadcrumb\",\"itemListElement\":[{\"@type\":\"ListItem\",\"position\":1,\"name\":\"Home\",\"item\":\"https:\\\/\\\/soxs.co\\\/de\\\/\"},{\"@type\":\"ListItem\",\"position\":2,\"name\":\"Shop\",\"item\":\"https:\\\/\\\/soxs.co\\\/de\\\/shop\\\/\"},{\"@type\":\"ListItem\",\"position\":3,\"name\":\"Trend sokken &#8211; ruches &#8211; medium &#8211; katoen &#8211; earth brown &#8211; off white &#8211; 37-41\"}]},{\"@type\":\"WebSite\",\"@id\":\"https:\\\/\\\/soxs.co\\\/de\\\/#website\",\"url\":\"https:\\\/\\\/soxs.co\\\/de\\\/\",\"name\":\"SOXS.co DE\",\"description\":\"Trendige und wunderbar warme Socken f\u00fcr alle\",\"potentialAction\":[{\"@type\":\"SearchAction\",\"target\":{\"@type\":\"EntryPoint\",\"urlTemplate\":\"https:\\\/\\\/soxs.co\\\/de\\\/?s={search_term_string}\"},\"query-input\":{\"@type\":\"PropertyValueSpecification\",\"valueRequired\":true,\"valueName\":\"search_term_string\"}}],\"inLanguage\":\"de\"}]}<\/script>\n<!-- \/ Yoast SEO plugin. -->","yoast_head_json":{"title":"Trend sokken - ruches - medium - katoen - earth brown - off white - 37-41 - SOXS.co DE","robots":{"index":"index","follow":"follow","max-snippet":"max-snippet:-1","max-image-preview":"max-image-preview:large","max-video-preview":"max-video-preview:-1"},"canonical":"https:\/\/soxs.co\/de\/trend-sokken-ruches-medium-katoen-earth-brown-off-white-37-41\/","og_locale":"de_DE","og_type":"article","og_title":"Trend sokken - ruches - medium - katoen - earth brown - off white - 37-41 - SOXS.co DE","og_description":"Vervollst\u00e4ndigen Sie Ihren Look mit den erdbraunen Socken von Soxs mit cremewei\u00dfen R\u00fcschen. Der warme Erdton erh\u00e4lt durch die R\u00fcschen einen sanften, verspielten Akzent, w\u00e4hrend der angenehme Tragekomfort aus Baumwolle Sie den ganzen Tag begleitet.","og_url":"https:\/\/soxs.co\/de\/trend-sokken-ruches-medium-katoen-earth-brown-off-white-37-41\/","og_site_name":"SOXS.co DE","article_publisher":"https:\/\/www.facebook.com\/soxs.co\/","article_modified_time":"2026-02-23T13:26:46+00:00","og_image":[{"width":1000,"height":1000,"url":"https:\/\/soxs.co\/app\/uploads\/sites\/2\/2025\/09\/Soxs-4023.jpg","type":"image\/jpeg"}],"twitter_card":"summary_large_image","twitter_site":"@soxs_co","twitter_misc":{"Gesch\u00e4tzte Lesezeit":"1\u00a0Minute"},"schema":{"@context":"https:\/\/schema.org","@graph":[{"@type":"WebPage","@id":"https:\/\/soxs.co\/de\/trend-sokken-ruches-medium-katoen-earth-brown-off-white-37-41\/","url":"https:\/\/soxs.co\/de\/trend-sokken-ruches-medium-katoen-earth-brown-off-white-37-41\/","name":"Trend sokken - ruches - medium - katoen - earth brown - off white - 37-41 - SOXS.co DE","isPartOf":{"@id":"https:\/\/soxs.co\/de\/#website"},"primaryImageOfPage":{"@id":"https:\/\/soxs.co\/de\/trend-sokken-ruches-medium-katoen-earth-brown-off-white-37-41\/#primaryimage"},"image":{"@id":"https:\/\/soxs.co\/de\/trend-sokken-ruches-medium-katoen-earth-brown-off-white-37-41\/#primaryimage"},"thumbnailUrl":"https:\/\/soxs.co\/app\/uploads\/sites\/2\/2025\/09\/Soxs-4023.jpg","datePublished":"2026-01-15T16:47:45+00:00","dateModified":"2026-02-23T13:26:46+00:00","breadcrumb":{"@id":"https:\/\/soxs.co\/de\/trend-sokken-ruches-medium-katoen-earth-brown-off-white-37-41\/#breadcrumb"},"inLanguage":"de","potentialAction":[{"@type":"ReadAction","target":["https:\/\/soxs.co\/de\/trend-sokken-ruches-medium-katoen-earth-brown-off-white-37-41\/"]}]},{"@type":"ImageObject","inLanguage":"de","@id":"https:\/\/soxs.co\/de\/trend-sokken-ruches-medium-katoen-earth-brown-off-white-37-41\/#primaryimage","url":"https:\/\/soxs.co\/app\/uploads\/sites\/2\/2025\/09\/Soxs-4023.jpg","contentUrl":"https:\/\/soxs.co\/app\/uploads\/sites\/2\/2025\/09\/Soxs-4023.jpg","width":1000,"height":1000},{"@type":"BreadcrumbList","@id":"https:\/\/soxs.co\/de\/trend-sokken-ruches-medium-katoen-earth-brown-off-white-37-41\/#breadcrumb","itemListElement":[{"@type":"ListItem","position":1,"name":"Home","item":"https:\/\/soxs.co\/de\/"},{"@type":"ListItem","position":2,"name":"Shop","item":"https:\/\/soxs.co\/de\/shop\/"},{"@type":"ListItem","position":3,"name":"Trend sokken &#8211; ruches &#8211; medium &#8211; katoen &#8211; earth brown &#8211; off white &#8211; 37-41"}]},{"@type":"WebSite","@id":"https:\/\/soxs.co\/de\/#website","url":"https:\/\/soxs.co\/de\/","name":"SOXS.co DE","description":"Trendige und wunderbar warme Socken f\u00fcr alle","potentialAction":[{"@type":"SearchAction","target":{"@type":"EntryPoint","urlTemplate":"https:\/\/soxs.co\/de\/?s={search_term_string}"},"query-input":{"@type":"PropertyValueSpecification","valueRequired":true,"valueName":"search_term_string"}}],"inLanguage":"de"}]}},"_links":{"self":[{"href":"https:\/\/soxs.co\/de\/wp-json\/wp\/v2\/product\/700136087","targetHints":{"allow":["GET"]}}],"collection":[{"href":"https:\/\/soxs.co\/de\/wp-json\/wp\/v2\/product"}],"about":[{"href":"https:\/\/soxs.co\/de\/wp-json\/wp\/v2\/types\/product"}],"replies":[{"embeddable":true,"href":"https:\/\/soxs.co\/de\/wp-json\/wp\/v2\/comments?post=700136087"}],"wp:featuredmedia":[{"embeddable":true,"href":"https:\/\/soxs.co\/de\/wp-json\/wp\/v2\/media\/700135996"}],"wp:attachment":[{"href":"https:\/\/soxs.co\/de\/wp-json\/wp\/v2\/media?parent=700136087"}],"wp:term":[{"taxonomy":"product_brand","embeddable":true,"href":"https:\/\/soxs.co\/de\/wp-json\/wp\/v2\/product_brand?post=700136087"},{"taxonomy":"product_cat","embeddable":true,"href":"https:\/\/soxs.co\/de\/wp-json\/wp\/v2\/product_cat?post=700136087"},{"taxonomy":"product_tag","embeddable":true,"href":"https:\/\/soxs.co\/de\/wp-json\/wp\/v2\/product_tag?post=700136087"}],"curies":[{"name":"wp","href":"https:\/\/api.w.org\/{rel}","templated":true}]}}