{"id":700136059,"date":"2026-01-13T15:05:45","date_gmt":"2026-01-13T14:05:45","guid":{"rendered":"https:\/\/soxs.co\/de\/?post_type=product&#038;p=700136059"},"modified":"2026-02-23T13:38:31","modified_gmt":"2026-02-23T12:38:31","slug":"sport-socks-pilates-anti-slip-low-cotton-earth-brown-37-41","status":"publish","type":"product","link":"https:\/\/soxs.co\/de\/sport-socks-pilates-anti-slip-low-cotton-earth-brown-37-41\/","title":{"rendered":"Sport socks &#8211; Pilates anti slip &#8211; low &#8211; cotton &#8211;  earth brown &#8211; 37-41"},"content":{"rendered":"<p>Genie\u00dfen Sie zus\u00e4tzlichen Komfort beim Training mit den Pilates-Socken von Soxs! Sie sind weich, atmungsaktiv und verf\u00fcgen \u00fcber eine rutschfeste Sohle f\u00fcr optimalen Halt und Stabilit\u00e4t bei jeder Bewegung.<\/p>\n","protected":false},"excerpt":{"rendered":"<p>SOXS Pilates-Socken in Erdbraun, einem warmen, nat\u00fcrlichen Farbton, der Ihrem Sportoutfit Stil und Eleganz verleiht. Hergestellt aus atmungsaktiver Bio-Baumwolle und mit einer rutschfesten Sohle f\u00fcr sicheren Halt bei Pilates oder Yoga.<\/p>\n","protected":false},"featured_media":700136060,"comment_status":"open","ping_status":"closed","template":"","meta":{"_acf_changed":false,"_improvement_type_select":"improve_an_existing","_thumb_yes_seoaic":false,"_frame_yes_seoaic":false,"seoaic_generate_description":"","seoaic_improve_instructions_prompt":"","seoaic_rollback_content_improvement":"","seoaic_idea_thumbnail_generator":"","thumbnail_generated":false,"thumbnail_generate_prompt":"","seoaic_article_description":""},"product_brand":[1593],"product_cat":[1643,932,1488,58,1672,1614,1523,1611,1616,56,1382],"product_tag":[1612,1615,1588],"class_list":{"0":"post-700136059","1":"product","2":"type-product","3":"status-publish","4":"has-post-thumbnail","6":"product_brand-soxs-co","7":"product_cat-antirutsch","8":"product_cat-antislip-sokken","9":"product_cat-baumwollsocken","10":"product_cat-wollsocken-damen","11":"product_cat-neuekollektion2026","12":"product_cat-pilates","13":"product_cat-sommersocken","14":"product_cat-sport","15":"product_cat-trend","16":"product_cat-wollen-socken","17":"product_cat-yoga","18":"product_tag-baumwolle-socken","19":"product_tag-pilates-socken","20":"product_tag-warme-socken","22":"first","23":"outofstock","24":"taxable","25":"shipping-taxable","26":"purchasable","27":"product-type-simple"},"acf":[],"yoast_head":"<!-- This site is optimized with the Yoast SEO plugin v27.3 - https:\/\/yoast.com\/product\/yoast-seo-wordpress\/ -->\n<title>Sport socks - Pilates anti slip - low - cotton - earth brown - 37-41 - SOXS.co DE<\/title>\n<meta name=\"robots\" content=\"index, follow, max-snippet:-1, max-image-preview:large, max-video-preview:-1\" \/>\n<link rel=\"canonical\" href=\"https:\/\/soxs.co\/de\/sport-socks-pilates-anti-slip-low-cotton-earth-brown-37-41\/\" \/>\n<meta property=\"og:locale\" content=\"de_DE\" \/>\n<meta property=\"og:type\" content=\"article\" \/>\n<meta property=\"og:title\" content=\"Sport socks - Pilates anti slip - low - cotton - earth brown - 37-41 - SOXS.co DE\" \/>\n<meta property=\"og:description\" content=\"SOXS Pilates-Socken in Erdbraun, einem warmen, nat\u00fcrlichen Farbton, der Ihrem Sportoutfit Stil und Eleganz verleiht. Hergestellt aus atmungsaktiver Bio-Baumwolle und mit einer rutschfesten Sohle f\u00fcr sicheren Halt bei Pilates oder Yoga.\" \/>\n<meta property=\"og:url\" content=\"https:\/\/soxs.co\/de\/sport-socks-pilates-anti-slip-low-cotton-earth-brown-37-41\/\" \/>\n<meta property=\"og:site_name\" content=\"SOXS.co DE\" \/>\n<meta property=\"article:publisher\" content=\"https:\/\/www.facebook.com\/soxs.co\/\" \/>\n<meta property=\"article:modified_time\" content=\"2026-02-23T12:38:31+00:00\" \/>\n<meta property=\"og:image\" content=\"https:\/\/soxs.co\/app\/uploads\/sites\/2\/2026\/01\/Soxs-4081.jpg\" \/>\n\t<meta property=\"og:image:width\" content=\"1000\" \/>\n\t<meta property=\"og:image:height\" content=\"1000\" \/>\n\t<meta property=\"og:image:type\" content=\"image\/jpeg\" \/>\n<meta name=\"twitter:card\" content=\"summary_large_image\" \/>\n<meta name=\"twitter:site\" content=\"@soxs_co\" \/>\n<meta name=\"twitter:label1\" content=\"Gesch\u00e4tzte Lesezeit\" \/>\n\t<meta name=\"twitter:data1\" content=\"1\u00a0Minute\" \/>\n<script type=\"application\/ld+json\" class=\"yoast-schema-graph\">{\"@context\":\"https:\\\/\\\/schema.org\",\"@graph\":[{\"@type\":\"WebPage\",\"@id\":\"https:\\\/\\\/soxs.co\\\/de\\\/sport-socks-pilates-anti-slip-low-cotton-earth-brown-37-41\\\/\",\"url\":\"https:\\\/\\\/soxs.co\\\/de\\\/sport-socks-pilates-anti-slip-low-cotton-earth-brown-37-41\\\/\",\"name\":\"Sport socks - Pilates anti slip - low - cotton - earth brown - 37-41 - SOXS.co DE\",\"isPartOf\":{\"@id\":\"https:\\\/\\\/soxs.co\\\/de\\\/#website\"},\"primaryImageOfPage\":{\"@id\":\"https:\\\/\\\/soxs.co\\\/de\\\/sport-socks-pilates-anti-slip-low-cotton-earth-brown-37-41\\\/#primaryimage\"},\"image\":{\"@id\":\"https:\\\/\\\/soxs.co\\\/de\\\/sport-socks-pilates-anti-slip-low-cotton-earth-brown-37-41\\\/#primaryimage\"},\"thumbnailUrl\":\"https:\\\/\\\/soxs.co\\\/app\\\/uploads\\\/sites\\\/2\\\/2026\\\/01\\\/Soxs-4081.jpg\",\"datePublished\":\"2026-01-13T14:05:45+00:00\",\"dateModified\":\"2026-02-23T12:38:31+00:00\",\"breadcrumb\":{\"@id\":\"https:\\\/\\\/soxs.co\\\/de\\\/sport-socks-pilates-anti-slip-low-cotton-earth-brown-37-41\\\/#breadcrumb\"},\"inLanguage\":\"de\",\"potentialAction\":[{\"@type\":\"ReadAction\",\"target\":[\"https:\\\/\\\/soxs.co\\\/de\\\/sport-socks-pilates-anti-slip-low-cotton-earth-brown-37-41\\\/\"]}]},{\"@type\":\"ImageObject\",\"inLanguage\":\"de\",\"@id\":\"https:\\\/\\\/soxs.co\\\/de\\\/sport-socks-pilates-anti-slip-low-cotton-earth-brown-37-41\\\/#primaryimage\",\"url\":\"https:\\\/\\\/soxs.co\\\/app\\\/uploads\\\/sites\\\/2\\\/2026\\\/01\\\/Soxs-4081.jpg\",\"contentUrl\":\"https:\\\/\\\/soxs.co\\\/app\\\/uploads\\\/sites\\\/2\\\/2026\\\/01\\\/Soxs-4081.jpg\",\"width\":1000,\"height\":1000},{\"@type\":\"BreadcrumbList\",\"@id\":\"https:\\\/\\\/soxs.co\\\/de\\\/sport-socks-pilates-anti-slip-low-cotton-earth-brown-37-41\\\/#breadcrumb\",\"itemListElement\":[{\"@type\":\"ListItem\",\"position\":1,\"name\":\"Home\",\"item\":\"https:\\\/\\\/soxs.co\\\/de\\\/\"},{\"@type\":\"ListItem\",\"position\":2,\"name\":\"Shop\",\"item\":\"https:\\\/\\\/soxs.co\\\/de\\\/shop\\\/\"},{\"@type\":\"ListItem\",\"position\":3,\"name\":\"Sport socks &#8211; Pilates anti slip &#8211; low &#8211; cotton &#8211; earth brown &#8211; 37-41\"}]},{\"@type\":\"WebSite\",\"@id\":\"https:\\\/\\\/soxs.co\\\/de\\\/#website\",\"url\":\"https:\\\/\\\/soxs.co\\\/de\\\/\",\"name\":\"SOXS.co DE\",\"description\":\"Trendige und wunderbar warme Socken f\u00fcr alle\",\"potentialAction\":[{\"@type\":\"SearchAction\",\"target\":{\"@type\":\"EntryPoint\",\"urlTemplate\":\"https:\\\/\\\/soxs.co\\\/de\\\/?s={search_term_string}\"},\"query-input\":{\"@type\":\"PropertyValueSpecification\",\"valueRequired\":true,\"valueName\":\"search_term_string\"}}],\"inLanguage\":\"de\"}]}<\/script>\n<!-- \/ Yoast SEO plugin. -->","yoast_head_json":{"title":"Sport socks - Pilates anti slip - low - cotton - earth brown - 37-41 - SOXS.co DE","robots":{"index":"index","follow":"follow","max-snippet":"max-snippet:-1","max-image-preview":"max-image-preview:large","max-video-preview":"max-video-preview:-1"},"canonical":"https:\/\/soxs.co\/de\/sport-socks-pilates-anti-slip-low-cotton-earth-brown-37-41\/","og_locale":"de_DE","og_type":"article","og_title":"Sport socks - Pilates anti slip - low - cotton - earth brown - 37-41 - SOXS.co DE","og_description":"SOXS Pilates-Socken in Erdbraun, einem warmen, nat\u00fcrlichen Farbton, der Ihrem Sportoutfit Stil und Eleganz verleiht. Hergestellt aus atmungsaktiver Bio-Baumwolle und mit einer rutschfesten Sohle f\u00fcr sicheren Halt bei Pilates oder Yoga.","og_url":"https:\/\/soxs.co\/de\/sport-socks-pilates-anti-slip-low-cotton-earth-brown-37-41\/","og_site_name":"SOXS.co DE","article_publisher":"https:\/\/www.facebook.com\/soxs.co\/","article_modified_time":"2026-02-23T12:38:31+00:00","og_image":[{"width":1000,"height":1000,"url":"https:\/\/soxs.co\/app\/uploads\/sites\/2\/2026\/01\/Soxs-4081.jpg","type":"image\/jpeg"}],"twitter_card":"summary_large_image","twitter_site":"@soxs_co","twitter_misc":{"Gesch\u00e4tzte Lesezeit":"1\u00a0Minute"},"schema":{"@context":"https:\/\/schema.org","@graph":[{"@type":"WebPage","@id":"https:\/\/soxs.co\/de\/sport-socks-pilates-anti-slip-low-cotton-earth-brown-37-41\/","url":"https:\/\/soxs.co\/de\/sport-socks-pilates-anti-slip-low-cotton-earth-brown-37-41\/","name":"Sport socks - Pilates anti slip - low - cotton - earth brown - 37-41 - SOXS.co DE","isPartOf":{"@id":"https:\/\/soxs.co\/de\/#website"},"primaryImageOfPage":{"@id":"https:\/\/soxs.co\/de\/sport-socks-pilates-anti-slip-low-cotton-earth-brown-37-41\/#primaryimage"},"image":{"@id":"https:\/\/soxs.co\/de\/sport-socks-pilates-anti-slip-low-cotton-earth-brown-37-41\/#primaryimage"},"thumbnailUrl":"https:\/\/soxs.co\/app\/uploads\/sites\/2\/2026\/01\/Soxs-4081.jpg","datePublished":"2026-01-13T14:05:45+00:00","dateModified":"2026-02-23T12:38:31+00:00","breadcrumb":{"@id":"https:\/\/soxs.co\/de\/sport-socks-pilates-anti-slip-low-cotton-earth-brown-37-41\/#breadcrumb"},"inLanguage":"de","potentialAction":[{"@type":"ReadAction","target":["https:\/\/soxs.co\/de\/sport-socks-pilates-anti-slip-low-cotton-earth-brown-37-41\/"]}]},{"@type":"ImageObject","inLanguage":"de","@id":"https:\/\/soxs.co\/de\/sport-socks-pilates-anti-slip-low-cotton-earth-brown-37-41\/#primaryimage","url":"https:\/\/soxs.co\/app\/uploads\/sites\/2\/2026\/01\/Soxs-4081.jpg","contentUrl":"https:\/\/soxs.co\/app\/uploads\/sites\/2\/2026\/01\/Soxs-4081.jpg","width":1000,"height":1000},{"@type":"BreadcrumbList","@id":"https:\/\/soxs.co\/de\/sport-socks-pilates-anti-slip-low-cotton-earth-brown-37-41\/#breadcrumb","itemListElement":[{"@type":"ListItem","position":1,"name":"Home","item":"https:\/\/soxs.co\/de\/"},{"@type":"ListItem","position":2,"name":"Shop","item":"https:\/\/soxs.co\/de\/shop\/"},{"@type":"ListItem","position":3,"name":"Sport socks &#8211; Pilates anti slip &#8211; low &#8211; cotton &#8211; earth brown &#8211; 37-41"}]},{"@type":"WebSite","@id":"https:\/\/soxs.co\/de\/#website","url":"https:\/\/soxs.co\/de\/","name":"SOXS.co DE","description":"Trendige und wunderbar warme Socken f\u00fcr alle","potentialAction":[{"@type":"SearchAction","target":{"@type":"EntryPoint","urlTemplate":"https:\/\/soxs.co\/de\/?s={search_term_string}"},"query-input":{"@type":"PropertyValueSpecification","valueRequired":true,"valueName":"search_term_string"}}],"inLanguage":"de"}]}},"_links":{"self":[{"href":"https:\/\/soxs.co\/de\/wp-json\/wp\/v2\/product\/700136059","targetHints":{"allow":["GET"]}}],"collection":[{"href":"https:\/\/soxs.co\/de\/wp-json\/wp\/v2\/product"}],"about":[{"href":"https:\/\/soxs.co\/de\/wp-json\/wp\/v2\/types\/product"}],"replies":[{"embeddable":true,"href":"https:\/\/soxs.co\/de\/wp-json\/wp\/v2\/comments?post=700136059"}],"wp:featuredmedia":[{"embeddable":true,"href":"https:\/\/soxs.co\/de\/wp-json\/wp\/v2\/media\/700136060"}],"wp:attachment":[{"href":"https:\/\/soxs.co\/de\/wp-json\/wp\/v2\/media?parent=700136059"}],"wp:term":[{"taxonomy":"product_brand","embeddable":true,"href":"https:\/\/soxs.co\/de\/wp-json\/wp\/v2\/product_brand?post=700136059"},{"taxonomy":"product_cat","embeddable":true,"href":"https:\/\/soxs.co\/de\/wp-json\/wp\/v2\/product_cat?post=700136059"},{"taxonomy":"product_tag","embeddable":true,"href":"https:\/\/soxs.co\/de\/wp-json\/wp\/v2\/product_tag?post=700136059"}],"curies":[{"name":"wp","href":"https:\/\/api.w.org\/{rel}","templated":true}]}}