{"id":700133001,"date":"2025-08-25T10:19:11","date_gmt":"2025-08-25T08:19:11","guid":{"rendered":"https:\/\/soxs.co\/de\/?post_type=product&#038;p=700133001"},"modified":"2026-03-30T14:05:43","modified_gmt":"2026-03-30T12:05:43","slug":"originals-mittelhoch-beige-wolle-label-cameo-braun","status":"publish","type":"product","link":"https:\/\/soxs.co\/de\/originals-mittelhoch-beige-wolle-label-cameo-braun\/","title":{"rendered":"Originals Mittelhoch &#8211; Beige Wolle &#8211; Label Cameo Braun"},"content":{"rendered":"","protected":false},"excerpt":{"rendered":"<p>Die SOXS Originals SpecialLabel cameo brown vereinen nat\u00fcrliche W\u00e4rme mit zeitlosem Stil. Hergestellt aus weicher Merinowolle und veredelt mit einem beigen Grundton sowie einem speziellen Cameo-Braun-Label, halten diese Socken deine F\u00fc\u00dfe angenehm warm, ohne zu dr\u00fccken oder zu kratzen. Ideal f\u00fcr den Alltag, zum Entspannen oder als besonderes Geschenk voller W\u00e4rme und Achtsamkeit.<\/p>\n","protected":false},"featured_media":700131887,"comment_status":"open","ping_status":"closed","template":"","meta":{"_acf_changed":false,"_improvement_type_select":"improve_an_existing","_thumb_yes_seoaic":false,"_frame_yes_seoaic":false,"seoaic_generate_description":"","seoaic_improve_instructions_prompt":"","seoaic_rollback_content_improvement":"","seoaic_idea_thumbnail_generator":"","thumbnail_generated":false,"thumbnail_generate_prompt":"","seoaic_article_description":""},"product_brand":[1593],"product_cat":[1666,1609,1627,1642],"product_tag":[1587,1588,1589],"class_list":{"0":"post-700133001","1":"product","2":"type-product","3":"status-publish","4":"has-post-thumbnail","6":"product_brand-soxs-co","7":"product_cat-kleine","8":"product_cat-nieuwe-collectie-2025","9":"product_cat-originals","10":"product_cat-speciallabel","11":"product_tag-merinowollsocken","12":"product_tag-warme-socken","13":"product_tag-warme-wollsocken","15":"first","16":"instock","17":"taxable","18":"shipping-taxable","19":"purchasable","20":"product-type-variable","21":"has-default-attributes"},"acf":[],"yoast_head":"<!-- This site is optimized with the Yoast SEO plugin v27.3 - https:\/\/yoast.com\/product\/yoast-seo-wordpress\/ -->\n<title>Originals Mittelhoch - Beige Wolle - Label Cameo Braun - SOXS.co DE<\/title>\n<meta name=\"description\" content=\"SOXS Originals cameo brown: warme Wollsocken in Beige mit speziellem Label. Weich, stilvoll &amp; perfekt als Self-Care oder Geschenk.\" \/>\n<meta name=\"robots\" content=\"index, follow, max-snippet:-1, max-image-preview:large, max-video-preview:-1\" \/>\n<link rel=\"canonical\" href=\"https:\/\/soxs.co\/de\/originals-mittelhoch-beige-wolle-label-cameo-braun\/\" \/>\n<meta property=\"og:locale\" content=\"de_DE\" \/>\n<meta property=\"og:type\" content=\"article\" \/>\n<meta property=\"og:title\" content=\"Originals Mittelhoch - Beige Wolle - Label Cameo Braun - SOXS.co DE\" \/>\n<meta property=\"og:description\" content=\"SOXS Originals cameo brown: warme Wollsocken in Beige mit speziellem Label. Weich, stilvoll &amp; perfekt als Self-Care oder Geschenk.\" \/>\n<meta property=\"og:url\" content=\"https:\/\/soxs.co\/de\/originals-mittelhoch-beige-wolle-label-cameo-braun\/\" \/>\n<meta property=\"og:site_name\" content=\"SOXS.co DE\" \/>\n<meta property=\"article:publisher\" content=\"https:\/\/www.facebook.com\/soxs.co\/\" \/>\n<meta property=\"article:modified_time\" content=\"2026-03-30T12:05:43+00:00\" \/>\n<meta property=\"og:image\" content=\"https:\/\/soxs.co\/app\/uploads\/sites\/2\/2025\/07\/SOX381832_1000x1000px-810x810.png\" \/>\n\t<meta property=\"og:image:width\" content=\"810\" \/>\n\t<meta property=\"og:image:height\" content=\"810\" \/>\n\t<meta property=\"og:image:type\" content=\"image\/png\" \/>\n<meta name=\"twitter:card\" content=\"summary_large_image\" \/>\n<meta name=\"twitter:site\" content=\"@soxs_co\" \/>\n<meta name=\"twitter:label1\" content=\"Gesch\u00e4tzte Lesezeit\" \/>\n\t<meta name=\"twitter:data1\" content=\"1\u00a0Minute\" \/>\n<script type=\"application\/ld+json\" class=\"yoast-schema-graph\">{\"@context\":\"https:\\\/\\\/schema.org\",\"@graph\":[{\"@type\":\"WebPage\",\"@id\":\"https:\\\/\\\/soxs.co\\\/de\\\/originals-mittelhoch-beige-wolle-label-cameo-braun\\\/\",\"url\":\"https:\\\/\\\/soxs.co\\\/de\\\/originals-mittelhoch-beige-wolle-label-cameo-braun\\\/\",\"name\":\"Originals Mittelhoch - Beige Wolle - Label Cameo Braun - SOXS.co DE\",\"isPartOf\":{\"@id\":\"https:\\\/\\\/soxs.co\\\/de\\\/#website\"},\"primaryImageOfPage\":{\"@id\":\"https:\\\/\\\/soxs.co\\\/de\\\/originals-mittelhoch-beige-wolle-label-cameo-braun\\\/#primaryimage\"},\"image\":{\"@id\":\"https:\\\/\\\/soxs.co\\\/de\\\/originals-mittelhoch-beige-wolle-label-cameo-braun\\\/#primaryimage\"},\"thumbnailUrl\":\"https:\\\/\\\/soxs.co\\\/app\\\/uploads\\\/sites\\\/2\\\/2025\\\/07\\\/SOX381832_1000x1000px.png\",\"datePublished\":\"2025-08-25T08:19:11+00:00\",\"dateModified\":\"2026-03-30T12:05:43+00:00\",\"description\":\"SOXS Originals cameo brown: warme Wollsocken in Beige mit speziellem Label. Weich, stilvoll & perfekt als Self-Care oder Geschenk.\",\"breadcrumb\":{\"@id\":\"https:\\\/\\\/soxs.co\\\/de\\\/originals-mittelhoch-beige-wolle-label-cameo-braun\\\/#breadcrumb\"},\"inLanguage\":\"de\",\"potentialAction\":[{\"@type\":\"ReadAction\",\"target\":[\"https:\\\/\\\/soxs.co\\\/de\\\/originals-mittelhoch-beige-wolle-label-cameo-braun\\\/\"]}]},{\"@type\":\"ImageObject\",\"inLanguage\":\"de\",\"@id\":\"https:\\\/\\\/soxs.co\\\/de\\\/originals-mittelhoch-beige-wolle-label-cameo-braun\\\/#primaryimage\",\"url\":\"https:\\\/\\\/soxs.co\\\/app\\\/uploads\\\/sites\\\/2\\\/2025\\\/07\\\/SOX381832_1000x1000px.png\",\"contentUrl\":\"https:\\\/\\\/soxs.co\\\/app\\\/uploads\\\/sites\\\/2\\\/2025\\\/07\\\/SOX381832_1000x1000px.png\",\"width\":2362,\"height\":2362},{\"@type\":\"BreadcrumbList\",\"@id\":\"https:\\\/\\\/soxs.co\\\/de\\\/originals-mittelhoch-beige-wolle-label-cameo-braun\\\/#breadcrumb\",\"itemListElement\":[{\"@type\":\"ListItem\",\"position\":1,\"name\":\"Home\",\"item\":\"https:\\\/\\\/soxs.co\\\/de\\\/\"},{\"@type\":\"ListItem\",\"position\":2,\"name\":\"Shop\",\"item\":\"https:\\\/\\\/soxs.co\\\/de\\\/shop\\\/\"},{\"@type\":\"ListItem\",\"position\":3,\"name\":\"Originals Mittelhoch &#8211; Beige Wolle &#8211; Label Cameo Braun\"}]},{\"@type\":\"WebSite\",\"@id\":\"https:\\\/\\\/soxs.co\\\/de\\\/#website\",\"url\":\"https:\\\/\\\/soxs.co\\\/de\\\/\",\"name\":\"SOXS.co DE\",\"description\":\"Trendige und wunderbar warme Socken f\u00fcr alle\",\"potentialAction\":[{\"@type\":\"SearchAction\",\"target\":{\"@type\":\"EntryPoint\",\"urlTemplate\":\"https:\\\/\\\/soxs.co\\\/de\\\/?s={search_term_string}\"},\"query-input\":{\"@type\":\"PropertyValueSpecification\",\"valueRequired\":true,\"valueName\":\"search_term_string\"}}],\"inLanguage\":\"de\"}]}<\/script>\n<!-- \/ Yoast SEO plugin. -->","yoast_head_json":{"title":"Originals Mittelhoch - Beige Wolle - Label Cameo Braun - SOXS.co DE","description":"SOXS Originals cameo brown: warme Wollsocken in Beige mit speziellem Label. Weich, stilvoll & perfekt als Self-Care oder Geschenk.","robots":{"index":"index","follow":"follow","max-snippet":"max-snippet:-1","max-image-preview":"max-image-preview:large","max-video-preview":"max-video-preview:-1"},"canonical":"https:\/\/soxs.co\/de\/originals-mittelhoch-beige-wolle-label-cameo-braun\/","og_locale":"de_DE","og_type":"article","og_title":"Originals Mittelhoch - Beige Wolle - Label Cameo Braun - SOXS.co DE","og_description":"SOXS Originals cameo brown: warme Wollsocken in Beige mit speziellem Label. Weich, stilvoll & perfekt als Self-Care oder Geschenk.","og_url":"https:\/\/soxs.co\/de\/originals-mittelhoch-beige-wolle-label-cameo-braun\/","og_site_name":"SOXS.co DE","article_publisher":"https:\/\/www.facebook.com\/soxs.co\/","article_modified_time":"2026-03-30T12:05:43+00:00","og_image":[{"width":810,"height":810,"url":"https:\/\/soxs.co\/app\/uploads\/sites\/2\/2025\/07\/SOX381832_1000x1000px-810x810.png","type":"image\/png"}],"twitter_card":"summary_large_image","twitter_site":"@soxs_co","twitter_misc":{"Gesch\u00e4tzte Lesezeit":"1\u00a0Minute"},"schema":{"@context":"https:\/\/schema.org","@graph":[{"@type":"WebPage","@id":"https:\/\/soxs.co\/de\/originals-mittelhoch-beige-wolle-label-cameo-braun\/","url":"https:\/\/soxs.co\/de\/originals-mittelhoch-beige-wolle-label-cameo-braun\/","name":"Originals Mittelhoch - Beige Wolle - Label Cameo Braun - SOXS.co DE","isPartOf":{"@id":"https:\/\/soxs.co\/de\/#website"},"primaryImageOfPage":{"@id":"https:\/\/soxs.co\/de\/originals-mittelhoch-beige-wolle-label-cameo-braun\/#primaryimage"},"image":{"@id":"https:\/\/soxs.co\/de\/originals-mittelhoch-beige-wolle-label-cameo-braun\/#primaryimage"},"thumbnailUrl":"https:\/\/soxs.co\/app\/uploads\/sites\/2\/2025\/07\/SOX381832_1000x1000px.png","datePublished":"2025-08-25T08:19:11+00:00","dateModified":"2026-03-30T12:05:43+00:00","description":"SOXS Originals cameo brown: warme Wollsocken in Beige mit speziellem Label. Weich, stilvoll & perfekt als Self-Care oder Geschenk.","breadcrumb":{"@id":"https:\/\/soxs.co\/de\/originals-mittelhoch-beige-wolle-label-cameo-braun\/#breadcrumb"},"inLanguage":"de","potentialAction":[{"@type":"ReadAction","target":["https:\/\/soxs.co\/de\/originals-mittelhoch-beige-wolle-label-cameo-braun\/"]}]},{"@type":"ImageObject","inLanguage":"de","@id":"https:\/\/soxs.co\/de\/originals-mittelhoch-beige-wolle-label-cameo-braun\/#primaryimage","url":"https:\/\/soxs.co\/app\/uploads\/sites\/2\/2025\/07\/SOX381832_1000x1000px.png","contentUrl":"https:\/\/soxs.co\/app\/uploads\/sites\/2\/2025\/07\/SOX381832_1000x1000px.png","width":2362,"height":2362},{"@type":"BreadcrumbList","@id":"https:\/\/soxs.co\/de\/originals-mittelhoch-beige-wolle-label-cameo-braun\/#breadcrumb","itemListElement":[{"@type":"ListItem","position":1,"name":"Home","item":"https:\/\/soxs.co\/de\/"},{"@type":"ListItem","position":2,"name":"Shop","item":"https:\/\/soxs.co\/de\/shop\/"},{"@type":"ListItem","position":3,"name":"Originals Mittelhoch &#8211; Beige Wolle &#8211; Label Cameo Braun"}]},{"@type":"WebSite","@id":"https:\/\/soxs.co\/de\/#website","url":"https:\/\/soxs.co\/de\/","name":"SOXS.co DE","description":"Trendige und wunderbar warme Socken f\u00fcr alle","potentialAction":[{"@type":"SearchAction","target":{"@type":"EntryPoint","urlTemplate":"https:\/\/soxs.co\/de\/?s={search_term_string}"},"query-input":{"@type":"PropertyValueSpecification","valueRequired":true,"valueName":"search_term_string"}}],"inLanguage":"de"}]}},"_links":{"self":[{"href":"https:\/\/soxs.co\/de\/wp-json\/wp\/v2\/product\/700133001","targetHints":{"allow":["GET"]}}],"collection":[{"href":"https:\/\/soxs.co\/de\/wp-json\/wp\/v2\/product"}],"about":[{"href":"https:\/\/soxs.co\/de\/wp-json\/wp\/v2\/types\/product"}],"replies":[{"embeddable":true,"href":"https:\/\/soxs.co\/de\/wp-json\/wp\/v2\/comments?post=700133001"}],"wp:featuredmedia":[{"embeddable":true,"href":"https:\/\/soxs.co\/de\/wp-json\/wp\/v2\/media\/700131887"}],"wp:attachment":[{"href":"https:\/\/soxs.co\/de\/wp-json\/wp\/v2\/media?parent=700133001"}],"wp:term":[{"taxonomy":"product_brand","embeddable":true,"href":"https:\/\/soxs.co\/de\/wp-json\/wp\/v2\/product_brand?post=700133001"},{"taxonomy":"product_cat","embeddable":true,"href":"https:\/\/soxs.co\/de\/wp-json\/wp\/v2\/product_cat?post=700133001"},{"taxonomy":"product_tag","embeddable":true,"href":"https:\/\/soxs.co\/de\/wp-json\/wp\/v2\/product_tag?post=700133001"}],"curies":[{"name":"wp","href":"https:\/\/api.w.org\/{rel}","templated":true}]}}