{"id":700132308,"date":"2025-07-11T14:28:07","date_gmt":"2025-07-11T12:28:07","guid":{"rendered":"https:\/\/soxs.co\/de\/?post_type=product&#038;p=700132308"},"modified":"2025-11-25T23:45:30","modified_gmt":"2025-11-25T22:45:30","slug":"sox3825-originals-beige-wolle-chestnut-label-wadensocke","status":"publish","type":"product","link":"https:\/\/soxs.co\/de\/sox3825-originals-beige-wolle-chestnut-label-wadensocke\/","title":{"rendered":"Originals  &#8211; Beige Wolle &#8211; Label Chestnut"},"content":{"rendered":"","protected":false},"excerpt":{"rendered":"<p>Diese Socken sind aus weicher Merinowolle und Polyamid gefertigt. Das Ergebnis: warme, atmungsaktive Socken, die nicht kratzen und lange sch\u00f6n bleiben. Dank des elastischen B\u00fcndchens sind sie bequem, ohne zu dr\u00fccken, ideal f\u00fcr den t\u00e4glichen Gebrauch, zu Hause oder unterwegs.<\/p>\n","protected":false},"featured_media":700131881,"comment_status":"closed","ping_status":"closed","template":"","meta":{"_acf_changed":false,"_improvement_type_select":"improve_an_existing","_thumb_yes_seoaic":false,"_frame_yes_seoaic":false,"seoaic_generate_description":"","seoaic_improve_instructions_prompt":"","seoaic_rollback_content_improvement":"","seoaic_idea_thumbnail_generator":"","thumbnail_generated":false,"thumbnail_generate_prompt":"","seoaic_article_description":""},"product_brand":[],"product_cat":[1667,56],"product_tag":[],"class_list":{"0":"post-700132308","1":"product","2":"type-product","3":"status-publish","4":"has-post-thumbnail","6":"product_cat-grosse","7":"product_cat-wollen-socken","9":"first","10":"instock","11":"taxable","12":"shipping-taxable","13":"purchasable","14":"product-type-variable","15":"has-default-attributes"},"acf":[],"yoast_head":"<!-- This site is optimized with the Yoast SEO plugin v27.3 - https:\/\/yoast.com\/product\/yoast-seo-wordpress\/ -->\n<title>Originals - Beige Wolle - Label Chestnut - SOXS.co DE<\/title>\n<meta name=\"robots\" content=\"index, follow, max-snippet:-1, max-image-preview:large, max-video-preview:-1\" \/>\n<link rel=\"canonical\" href=\"https:\/\/soxs.co\/de\/sox3825-originals-beige-wolle-chestnut-label-wadensocke\/\" \/>\n<meta property=\"og:locale\" content=\"de_DE\" \/>\n<meta property=\"og:type\" content=\"article\" \/>\n<meta property=\"og:title\" content=\"Originals - Beige Wolle - Label Chestnut - SOXS.co DE\" \/>\n<meta property=\"og:description\" content=\"Diese Socken sind aus weicher Merinowolle und Polyamid gefertigt. Das Ergebnis: warme, atmungsaktive Socken, die nicht kratzen und lange sch\u00f6n bleiben. Dank des elastischen B\u00fcndchens sind sie bequem, ohne zu dr\u00fccken, ideal f\u00fcr den t\u00e4glichen Gebrauch, zu Hause oder unterwegs.\" \/>\n<meta property=\"og:url\" content=\"https:\/\/soxs.co\/de\/sox3825-originals-beige-wolle-chestnut-label-wadensocke\/\" \/>\n<meta property=\"og:site_name\" content=\"SOXS.co DE\" \/>\n<meta property=\"article:publisher\" content=\"https:\/\/www.facebook.com\/soxs.co\/\" \/>\n<meta property=\"article:modified_time\" content=\"2025-11-25T22:45:30+00:00\" \/>\n<meta property=\"og:image\" content=\"https:\/\/soxs.co\/app\/uploads\/sites\/2\/2025\/07\/SOX3825-27_1000x1000px-810x810.png\" \/>\n\t<meta property=\"og:image:width\" content=\"810\" \/>\n\t<meta property=\"og:image:height\" content=\"810\" \/>\n\t<meta property=\"og:image:type\" content=\"image\/png\" \/>\n<meta name=\"twitter:card\" content=\"summary_large_image\" \/>\n<meta name=\"twitter:site\" content=\"@soxs_co\" \/>\n<meta name=\"twitter:label1\" content=\"Gesch\u00e4tzte Lesezeit\" \/>\n\t<meta name=\"twitter:data1\" content=\"1\u00a0Minute\" \/>\n<script type=\"application\/ld+json\" class=\"yoast-schema-graph\">{\"@context\":\"https:\\\/\\\/schema.org\",\"@graph\":[{\"@type\":\"WebPage\",\"@id\":\"https:\\\/\\\/soxs.co\\\/de\\\/sox3825-originals-beige-wolle-chestnut-label-wadensocke\\\/\",\"url\":\"https:\\\/\\\/soxs.co\\\/de\\\/sox3825-originals-beige-wolle-chestnut-label-wadensocke\\\/\",\"name\":\"Originals - Beige Wolle - Label Chestnut - SOXS.co DE\",\"isPartOf\":{\"@id\":\"https:\\\/\\\/soxs.co\\\/de\\\/#website\"},\"primaryImageOfPage\":{\"@id\":\"https:\\\/\\\/soxs.co\\\/de\\\/sox3825-originals-beige-wolle-chestnut-label-wadensocke\\\/#primaryimage\"},\"image\":{\"@id\":\"https:\\\/\\\/soxs.co\\\/de\\\/sox3825-originals-beige-wolle-chestnut-label-wadensocke\\\/#primaryimage\"},\"thumbnailUrl\":\"https:\\\/\\\/soxs.co\\\/app\\\/uploads\\\/sites\\\/2\\\/2025\\\/07\\\/SOX3825-27_1000x1000px.png\",\"datePublished\":\"2025-07-11T12:28:07+00:00\",\"dateModified\":\"2025-11-25T22:45:30+00:00\",\"breadcrumb\":{\"@id\":\"https:\\\/\\\/soxs.co\\\/de\\\/sox3825-originals-beige-wolle-chestnut-label-wadensocke\\\/#breadcrumb\"},\"inLanguage\":\"de\",\"potentialAction\":[{\"@type\":\"ReadAction\",\"target\":[\"https:\\\/\\\/soxs.co\\\/de\\\/sox3825-originals-beige-wolle-chestnut-label-wadensocke\\\/\"]}]},{\"@type\":\"ImageObject\",\"inLanguage\":\"de\",\"@id\":\"https:\\\/\\\/soxs.co\\\/de\\\/sox3825-originals-beige-wolle-chestnut-label-wadensocke\\\/#primaryimage\",\"url\":\"https:\\\/\\\/soxs.co\\\/app\\\/uploads\\\/sites\\\/2\\\/2025\\\/07\\\/SOX3825-27_1000x1000px.png\",\"contentUrl\":\"https:\\\/\\\/soxs.co\\\/app\\\/uploads\\\/sites\\\/2\\\/2025\\\/07\\\/SOX3825-27_1000x1000px.png\",\"width\":2362,\"height\":2362},{\"@type\":\"BreadcrumbList\",\"@id\":\"https:\\\/\\\/soxs.co\\\/de\\\/sox3825-originals-beige-wolle-chestnut-label-wadensocke\\\/#breadcrumb\",\"itemListElement\":[{\"@type\":\"ListItem\",\"position\":1,\"name\":\"Home\",\"item\":\"https:\\\/\\\/soxs.co\\\/de\\\/\"},{\"@type\":\"ListItem\",\"position\":2,\"name\":\"Shop\",\"item\":\"https:\\\/\\\/soxs.co\\\/de\\\/shop\\\/\"},{\"@type\":\"ListItem\",\"position\":3,\"name\":\"Originals &#8211; Beige Wolle &#8211; Label Chestnut\"}]},{\"@type\":\"WebSite\",\"@id\":\"https:\\\/\\\/soxs.co\\\/de\\\/#website\",\"url\":\"https:\\\/\\\/soxs.co\\\/de\\\/\",\"name\":\"SOXS.co DE\",\"description\":\"Trendige und wunderbar warme Socken f\u00fcr alle\",\"potentialAction\":[{\"@type\":\"SearchAction\",\"target\":{\"@type\":\"EntryPoint\",\"urlTemplate\":\"https:\\\/\\\/soxs.co\\\/de\\\/?s={search_term_string}\"},\"query-input\":{\"@type\":\"PropertyValueSpecification\",\"valueRequired\":true,\"valueName\":\"search_term_string\"}}],\"inLanguage\":\"de\"}]}<\/script>\n<!-- \/ Yoast SEO plugin. -->","yoast_head_json":{"title":"Originals - Beige Wolle - Label Chestnut - SOXS.co DE","robots":{"index":"index","follow":"follow","max-snippet":"max-snippet:-1","max-image-preview":"max-image-preview:large","max-video-preview":"max-video-preview:-1"},"canonical":"https:\/\/soxs.co\/de\/sox3825-originals-beige-wolle-chestnut-label-wadensocke\/","og_locale":"de_DE","og_type":"article","og_title":"Originals - Beige Wolle - Label Chestnut - SOXS.co DE","og_description":"Diese Socken sind aus weicher Merinowolle und Polyamid gefertigt. Das Ergebnis: warme, atmungsaktive Socken, die nicht kratzen und lange sch\u00f6n bleiben. Dank des elastischen B\u00fcndchens sind sie bequem, ohne zu dr\u00fccken, ideal f\u00fcr den t\u00e4glichen Gebrauch, zu Hause oder unterwegs.","og_url":"https:\/\/soxs.co\/de\/sox3825-originals-beige-wolle-chestnut-label-wadensocke\/","og_site_name":"SOXS.co DE","article_publisher":"https:\/\/www.facebook.com\/soxs.co\/","article_modified_time":"2025-11-25T22:45:30+00:00","og_image":[{"width":810,"height":810,"url":"https:\/\/soxs.co\/app\/uploads\/sites\/2\/2025\/07\/SOX3825-27_1000x1000px-810x810.png","type":"image\/png"}],"twitter_card":"summary_large_image","twitter_site":"@soxs_co","twitter_misc":{"Gesch\u00e4tzte Lesezeit":"1\u00a0Minute"},"schema":{"@context":"https:\/\/schema.org","@graph":[{"@type":"WebPage","@id":"https:\/\/soxs.co\/de\/sox3825-originals-beige-wolle-chestnut-label-wadensocke\/","url":"https:\/\/soxs.co\/de\/sox3825-originals-beige-wolle-chestnut-label-wadensocke\/","name":"Originals - Beige Wolle - Label Chestnut - SOXS.co DE","isPartOf":{"@id":"https:\/\/soxs.co\/de\/#website"},"primaryImageOfPage":{"@id":"https:\/\/soxs.co\/de\/sox3825-originals-beige-wolle-chestnut-label-wadensocke\/#primaryimage"},"image":{"@id":"https:\/\/soxs.co\/de\/sox3825-originals-beige-wolle-chestnut-label-wadensocke\/#primaryimage"},"thumbnailUrl":"https:\/\/soxs.co\/app\/uploads\/sites\/2\/2025\/07\/SOX3825-27_1000x1000px.png","datePublished":"2025-07-11T12:28:07+00:00","dateModified":"2025-11-25T22:45:30+00:00","breadcrumb":{"@id":"https:\/\/soxs.co\/de\/sox3825-originals-beige-wolle-chestnut-label-wadensocke\/#breadcrumb"},"inLanguage":"de","potentialAction":[{"@type":"ReadAction","target":["https:\/\/soxs.co\/de\/sox3825-originals-beige-wolle-chestnut-label-wadensocke\/"]}]},{"@type":"ImageObject","inLanguage":"de","@id":"https:\/\/soxs.co\/de\/sox3825-originals-beige-wolle-chestnut-label-wadensocke\/#primaryimage","url":"https:\/\/soxs.co\/app\/uploads\/sites\/2\/2025\/07\/SOX3825-27_1000x1000px.png","contentUrl":"https:\/\/soxs.co\/app\/uploads\/sites\/2\/2025\/07\/SOX3825-27_1000x1000px.png","width":2362,"height":2362},{"@type":"BreadcrumbList","@id":"https:\/\/soxs.co\/de\/sox3825-originals-beige-wolle-chestnut-label-wadensocke\/#breadcrumb","itemListElement":[{"@type":"ListItem","position":1,"name":"Home","item":"https:\/\/soxs.co\/de\/"},{"@type":"ListItem","position":2,"name":"Shop","item":"https:\/\/soxs.co\/de\/shop\/"},{"@type":"ListItem","position":3,"name":"Originals &#8211; Beige Wolle &#8211; Label Chestnut"}]},{"@type":"WebSite","@id":"https:\/\/soxs.co\/de\/#website","url":"https:\/\/soxs.co\/de\/","name":"SOXS.co DE","description":"Trendige und wunderbar warme Socken f\u00fcr alle","potentialAction":[{"@type":"SearchAction","target":{"@type":"EntryPoint","urlTemplate":"https:\/\/soxs.co\/de\/?s={search_term_string}"},"query-input":{"@type":"PropertyValueSpecification","valueRequired":true,"valueName":"search_term_string"}}],"inLanguage":"de"}]}},"_links":{"self":[{"href":"https:\/\/soxs.co\/de\/wp-json\/wp\/v2\/product\/700132308","targetHints":{"allow":["GET"]}}],"collection":[{"href":"https:\/\/soxs.co\/de\/wp-json\/wp\/v2\/product"}],"about":[{"href":"https:\/\/soxs.co\/de\/wp-json\/wp\/v2\/types\/product"}],"replies":[{"embeddable":true,"href":"https:\/\/soxs.co\/de\/wp-json\/wp\/v2\/comments?post=700132308"}],"wp:featuredmedia":[{"embeddable":true,"href":"https:\/\/soxs.co\/de\/wp-json\/wp\/v2\/media\/700131881"}],"wp:attachment":[{"href":"https:\/\/soxs.co\/de\/wp-json\/wp\/v2\/media?parent=700132308"}],"wp:term":[{"taxonomy":"product_brand","embeddable":true,"href":"https:\/\/soxs.co\/de\/wp-json\/wp\/v2\/product_brand?post=700132308"},{"taxonomy":"product_cat","embeddable":true,"href":"https:\/\/soxs.co\/de\/wp-json\/wp\/v2\/product_cat?post=700132308"},{"taxonomy":"product_tag","embeddable":true,"href":"https:\/\/soxs.co\/de\/wp-json\/wp\/v2\/product_tag?post=700132308"}],"curies":[{"name":"wp","href":"https:\/\/api.w.org\/{rel}","templated":true}]}}