{"id":700132161,"date":"2025-07-08T16:35:51","date_gmt":"2025-07-08T14:35:51","guid":{"rendered":"https:\/\/soxs.co\/de\/?post_type=product&#038;p=700132161"},"modified":"2026-04-08T16:12:43","modified_gmt":"2025-12-05T10:50:53","slug":"originals-handwaermer-beige-wolle-warm-sand-one-size","status":"publish","type":"product","link":"https:\/\/soxs.co\/de\/originals-handwaermer-beige-wolle-warm-sand-one-size\/","title":{"rendered":"Originals Handw\u00e4rmer &#8211; Beige Wolle &#8211; Warm Sand &#8211; One Size"},"content":{"rendered":"","protected":false},"excerpt":{"rendered":"<p>Diese Handw\u00e4rmer mit Warm Sand-Label verbinden W\u00e4rme und Komfort mit einem eleganten Look. Die Mischung aus tierfreundlicher Merinowolle und Polyamid sorgt f\u00fcr Weichheit und W\u00e4rme. Der sandfarbene Farbton verleiht ihnen einen nat\u00fcrlichen, zeitlosen Look. Luxuri\u00f6s verpackt, sind sie bereit, als Geschenk verschenkt zu werden, eine warme und stilvolle Geste f\u00fcr sich selbst oder jemand anderen.<\/p>\n","protected":false},"featured_media":700131985,"comment_status":"open","ping_status":"closed","template":"","meta":{"_acf_changed":false,"_improvement_type_select":"improve_an_existing","_thumb_yes_seoaic":false,"_frame_yes_seoaic":false,"seoaic_generate_description":"","seoaic_improve_instructions_prompt":"","seoaic_rollback_content_improvement":"","seoaic_idea_thumbnail_generator":"","thumbnail_generated":false,"thumbnail_generate_prompt":"","seoaic_article_description":""},"product_brand":[1593],"product_cat":[871,1395,1627],"product_tag":[1602,1604,1603],"class_list":{"0":"post-700132161","1":"product","2":"type-product","3":"status-publish","4":"has-post-thumbnail","6":"product_brand-soxs-co","7":"product_cat-accessoires","8":"product_cat-handwaermer","9":"product_cat-originals","10":"product_tag-handstulpen-wolle","11":"product_tag-warme-handstulpen","12":"product_tag-winter-handstulpen","14":"first","15":"outofstock","16":"taxable","17":"shipping-taxable","18":"purchasable","19":"product-type-simple"},"acf":[],"yoast_head":"<!-- This site is optimized with the Yoast SEO plugin v27.3 - https:\/\/yoast.com\/product\/yoast-seo-wordpress\/ -->\n<title>Originals Handw\u00e4rmer - Beige Wolle - Warm Sand - One Size - SOXS.co DE<\/title>\n<meta name=\"robots\" content=\"index, follow, max-snippet:-1, max-image-preview:large, max-video-preview:-1\" \/>\n<link rel=\"canonical\" href=\"https:\/\/soxs.co\/de\/originals-handwaermer-beige-wolle-warm-sand-one-size\/\" \/>\n<meta property=\"og:locale\" content=\"de_DE\" \/>\n<meta property=\"og:type\" content=\"article\" \/>\n<meta property=\"og:title\" content=\"Originals Handw\u00e4rmer - Beige Wolle - Warm Sand - One Size - SOXS.co DE\" \/>\n<meta property=\"og:description\" content=\"Diese Handw\u00e4rmer mit Warm Sand-Label verbinden W\u00e4rme und Komfort mit einem eleganten Look. Die Mischung aus tierfreundlicher Merinowolle und Polyamid sorgt f\u00fcr Weichheit und W\u00e4rme. Der sandfarbene Farbton verleiht ihnen einen nat\u00fcrlichen, zeitlosen Look. Luxuri\u00f6s verpackt, sind sie bereit, als Geschenk verschenkt zu werden, eine warme und stilvolle Geste f\u00fcr sich selbst oder jemand anderen.\" \/>\n<meta property=\"og:url\" content=\"https:\/\/soxs.co\/de\/originals-handwaermer-beige-wolle-warm-sand-one-size\/\" \/>\n<meta property=\"og:site_name\" content=\"SOXS.co DE\" \/>\n<meta property=\"article:publisher\" content=\"https:\/\/www.facebook.com\/soxs.co\/\" \/>\n<meta property=\"article:modified_time\" content=\"2025-12-05T10:50:53+00:00\" \/>\n<meta property=\"og:image\" content=\"https:\/\/soxs.co\/app\/uploads\/sites\/2\/2025\/07\/SOX3988_1000x1000px.png\" \/>\n\t<meta property=\"og:image:width\" content=\"2362\" \/>\n\t<meta property=\"og:image:height\" content=\"2362\" \/>\n\t<meta property=\"og:image:type\" content=\"image\/png\" \/>\n<meta name=\"twitter:card\" content=\"summary_large_image\" \/>\n<meta name=\"twitter:site\" content=\"@soxs_co\" \/>\n<meta name=\"twitter:label1\" content=\"Gesch\u00e4tzte Lesezeit\" \/>\n\t<meta name=\"twitter:data1\" content=\"1\u00a0Minute\" \/>\n<script type=\"application\/ld+json\" class=\"yoast-schema-graph\">{\"@context\":\"https:\\\/\\\/schema.org\",\"@graph\":[{\"@type\":\"WebPage\",\"@id\":\"https:\\\/\\\/soxs.co\\\/de\\\/originals-handwaermer-beige-wolle-warm-sand-one-size\\\/\",\"url\":\"https:\\\/\\\/soxs.co\\\/de\\\/originals-handwaermer-beige-wolle-warm-sand-one-size\\\/\",\"name\":\"Originals Handw\u00e4rmer - Beige Wolle - Warm Sand - One Size - SOXS.co DE\",\"isPartOf\":{\"@id\":\"https:\\\/\\\/soxs.co\\\/de\\\/#website\"},\"primaryImageOfPage\":{\"@id\":\"https:\\\/\\\/soxs.co\\\/de\\\/originals-handwaermer-beige-wolle-warm-sand-one-size\\\/#primaryimage\"},\"image\":{\"@id\":\"https:\\\/\\\/soxs.co\\\/de\\\/originals-handwaermer-beige-wolle-warm-sand-one-size\\\/#primaryimage\"},\"thumbnailUrl\":\"https:\\\/\\\/soxs.co\\\/app\\\/uploads\\\/sites\\\/2\\\/2025\\\/07\\\/SOX3988_1000x1000px.png\",\"datePublished\":\"2025-07-08T14:35:51+00:00\",\"dateModified\":\"2025-12-05T10:50:53+00:00\",\"breadcrumb\":{\"@id\":\"https:\\\/\\\/soxs.co\\\/de\\\/originals-handwaermer-beige-wolle-warm-sand-one-size\\\/#breadcrumb\"},\"inLanguage\":\"de\",\"potentialAction\":[{\"@type\":\"ReadAction\",\"target\":[\"https:\\\/\\\/soxs.co\\\/de\\\/originals-handwaermer-beige-wolle-warm-sand-one-size\\\/\"]}]},{\"@type\":\"ImageObject\",\"inLanguage\":\"de\",\"@id\":\"https:\\\/\\\/soxs.co\\\/de\\\/originals-handwaermer-beige-wolle-warm-sand-one-size\\\/#primaryimage\",\"url\":\"https:\\\/\\\/soxs.co\\\/app\\\/uploads\\\/sites\\\/2\\\/2025\\\/07\\\/SOX3988_1000x1000px.png\",\"contentUrl\":\"https:\\\/\\\/soxs.co\\\/app\\\/uploads\\\/sites\\\/2\\\/2025\\\/07\\\/SOX3988_1000x1000px.png\",\"width\":2362,\"height\":2362},{\"@type\":\"BreadcrumbList\",\"@id\":\"https:\\\/\\\/soxs.co\\\/de\\\/originals-handwaermer-beige-wolle-warm-sand-one-size\\\/#breadcrumb\",\"itemListElement\":[{\"@type\":\"ListItem\",\"position\":1,\"name\":\"Home\",\"item\":\"https:\\\/\\\/soxs.co\\\/de\\\/\"},{\"@type\":\"ListItem\",\"position\":2,\"name\":\"Shop\",\"item\":\"https:\\\/\\\/soxs.co\\\/de\\\/shop\\\/\"},{\"@type\":\"ListItem\",\"position\":3,\"name\":\"Originals Handw\u00e4rmer &#8211; Beige Wolle &#8211; Warm Sand &#8211; One Size\"}]},{\"@type\":\"WebSite\",\"@id\":\"https:\\\/\\\/soxs.co\\\/de\\\/#website\",\"url\":\"https:\\\/\\\/soxs.co\\\/de\\\/\",\"name\":\"SOXS.co DE\",\"description\":\"Trendige und wunderbar warme Socken f\u00fcr alle\",\"potentialAction\":[{\"@type\":\"SearchAction\",\"target\":{\"@type\":\"EntryPoint\",\"urlTemplate\":\"https:\\\/\\\/soxs.co\\\/de\\\/?s={search_term_string}\"},\"query-input\":{\"@type\":\"PropertyValueSpecification\",\"valueRequired\":true,\"valueName\":\"search_term_string\"}}],\"inLanguage\":\"de\"}]}<\/script>\n<!-- \/ Yoast SEO plugin. -->","yoast_head_json":{"title":"Originals Handw\u00e4rmer - Beige Wolle - Warm Sand - One Size - SOXS.co DE","robots":{"index":"index","follow":"follow","max-snippet":"max-snippet:-1","max-image-preview":"max-image-preview:large","max-video-preview":"max-video-preview:-1"},"canonical":"https:\/\/soxs.co\/de\/originals-handwaermer-beige-wolle-warm-sand-one-size\/","og_locale":"de_DE","og_type":"article","og_title":"Originals Handw\u00e4rmer - Beige Wolle - Warm Sand - One Size - SOXS.co DE","og_description":"Diese Handw\u00e4rmer mit Warm Sand-Label verbinden W\u00e4rme und Komfort mit einem eleganten Look. Die Mischung aus tierfreundlicher Merinowolle und Polyamid sorgt f\u00fcr Weichheit und W\u00e4rme. Der sandfarbene Farbton verleiht ihnen einen nat\u00fcrlichen, zeitlosen Look. Luxuri\u00f6s verpackt, sind sie bereit, als Geschenk verschenkt zu werden, eine warme und stilvolle Geste f\u00fcr sich selbst oder jemand anderen.","og_url":"https:\/\/soxs.co\/de\/originals-handwaermer-beige-wolle-warm-sand-one-size\/","og_site_name":"SOXS.co DE","article_publisher":"https:\/\/www.facebook.com\/soxs.co\/","article_modified_time":"2025-12-05T10:50:53+00:00","og_image":[{"width":2362,"height":2362,"url":"https:\/\/soxs.co\/app\/uploads\/sites\/2\/2025\/07\/SOX3988_1000x1000px.png","type":"image\/png"}],"twitter_card":"summary_large_image","twitter_site":"@soxs_co","twitter_misc":{"Gesch\u00e4tzte Lesezeit":"1\u00a0Minute"},"schema":{"@context":"https:\/\/schema.org","@graph":[{"@type":"WebPage","@id":"https:\/\/soxs.co\/de\/originals-handwaermer-beige-wolle-warm-sand-one-size\/","url":"https:\/\/soxs.co\/de\/originals-handwaermer-beige-wolle-warm-sand-one-size\/","name":"Originals Handw\u00e4rmer - Beige Wolle - Warm Sand - One Size - SOXS.co DE","isPartOf":{"@id":"https:\/\/soxs.co\/de\/#website"},"primaryImageOfPage":{"@id":"https:\/\/soxs.co\/de\/originals-handwaermer-beige-wolle-warm-sand-one-size\/#primaryimage"},"image":{"@id":"https:\/\/soxs.co\/de\/originals-handwaermer-beige-wolle-warm-sand-one-size\/#primaryimage"},"thumbnailUrl":"https:\/\/soxs.co\/app\/uploads\/sites\/2\/2025\/07\/SOX3988_1000x1000px.png","datePublished":"2025-07-08T14:35:51+00:00","dateModified":"2025-12-05T10:50:53+00:00","breadcrumb":{"@id":"https:\/\/soxs.co\/de\/originals-handwaermer-beige-wolle-warm-sand-one-size\/#breadcrumb"},"inLanguage":"de","potentialAction":[{"@type":"ReadAction","target":["https:\/\/soxs.co\/de\/originals-handwaermer-beige-wolle-warm-sand-one-size\/"]}]},{"@type":"ImageObject","inLanguage":"de","@id":"https:\/\/soxs.co\/de\/originals-handwaermer-beige-wolle-warm-sand-one-size\/#primaryimage","url":"https:\/\/soxs.co\/app\/uploads\/sites\/2\/2025\/07\/SOX3988_1000x1000px.png","contentUrl":"https:\/\/soxs.co\/app\/uploads\/sites\/2\/2025\/07\/SOX3988_1000x1000px.png","width":2362,"height":2362},{"@type":"BreadcrumbList","@id":"https:\/\/soxs.co\/de\/originals-handwaermer-beige-wolle-warm-sand-one-size\/#breadcrumb","itemListElement":[{"@type":"ListItem","position":1,"name":"Home","item":"https:\/\/soxs.co\/de\/"},{"@type":"ListItem","position":2,"name":"Shop","item":"https:\/\/soxs.co\/de\/shop\/"},{"@type":"ListItem","position":3,"name":"Originals Handw\u00e4rmer &#8211; Beige Wolle &#8211; Warm Sand &#8211; One Size"}]},{"@type":"WebSite","@id":"https:\/\/soxs.co\/de\/#website","url":"https:\/\/soxs.co\/de\/","name":"SOXS.co DE","description":"Trendige und wunderbar warme Socken f\u00fcr alle","potentialAction":[{"@type":"SearchAction","target":{"@type":"EntryPoint","urlTemplate":"https:\/\/soxs.co\/de\/?s={search_term_string}"},"query-input":{"@type":"PropertyValueSpecification","valueRequired":true,"valueName":"search_term_string"}}],"inLanguage":"de"}]}},"_links":{"self":[{"href":"https:\/\/soxs.co\/de\/wp-json\/wp\/v2\/product\/700132161","targetHints":{"allow":["GET"]}}],"collection":[{"href":"https:\/\/soxs.co\/de\/wp-json\/wp\/v2\/product"}],"about":[{"href":"https:\/\/soxs.co\/de\/wp-json\/wp\/v2\/types\/product"}],"replies":[{"embeddable":true,"href":"https:\/\/soxs.co\/de\/wp-json\/wp\/v2\/comments?post=700132161"}],"wp:featuredmedia":[{"embeddable":true,"href":"https:\/\/soxs.co\/de\/wp-json\/wp\/v2\/media\/700131985"}],"wp:attachment":[{"href":"https:\/\/soxs.co\/de\/wp-json\/wp\/v2\/media?parent=700132161"}],"wp:term":[{"taxonomy":"product_brand","embeddable":true,"href":"https:\/\/soxs.co\/de\/wp-json\/wp\/v2\/product_brand?post=700132161"},{"taxonomy":"product_cat","embeddable":true,"href":"https:\/\/soxs.co\/de\/wp-json\/wp\/v2\/product_cat?post=700132161"},{"taxonomy":"product_tag","embeddable":true,"href":"https:\/\/soxs.co\/de\/wp-json\/wp\/v2\/product_tag?post=700132161"}],"curies":[{"name":"wp","href":"https:\/\/api.w.org\/{rel}","templated":true}]}}