{"id":700132158,"date":"2025-07-08T16:35:50","date_gmt":"2025-07-08T14:35:50","guid":{"rendered":"https:\/\/soxs.co\/de\/?post_type=product&#038;p=700132158"},"modified":"2026-03-04T14:26:50","modified_gmt":"2026-01-03T16:15:21","slug":"originals-muetze-beige-wolle-warm-sand-one-size","status":"publish","type":"product","link":"https:\/\/soxs.co\/de\/originals-muetze-beige-wolle-warm-sand-one-size\/","title":{"rendered":"Originals M\u00fctze &#8211; Beige Wolle &#8211; Warm Sand &#8211; One Size"},"content":{"rendered":"","protected":false},"excerpt":{"rendered":"<p>Diese M\u00fctze mit Warm Sand-Label vereint Komfort und Eleganz. Die Mischung aus tierfreundlicher Merinowolle und Polyamid sorgt f\u00fcr eine weiche und strapazierf\u00e4hige Qualit\u00e4t. Das neutrale sandfarbene Label macht diese M\u00fctze vielseitig und leicht zu kombinieren. Luxuri\u00f6s verpackt, ist sie bereit, als warmes und stilvolles Geschenk \u00fcberreicht zu werden.<\/p>\n","protected":false},"featured_media":700133668,"comment_status":"open","ping_status":"closed","template":"","meta":{"_acf_changed":false,"_improvement_type_select":"improve_an_existing","_thumb_yes_seoaic":false,"_frame_yes_seoaic":false,"seoaic_generate_description":"","seoaic_improve_instructions_prompt":"","seoaic_rollback_content_improvement":"","seoaic_idea_thumbnail_generator":"","thumbnail_generated":false,"thumbnail_generate_prompt":"","seoaic_article_description":""},"product_brand":[1593],"product_cat":[871,1627,56],"product_tag":[1597,1595,1596],"class_list":{"0":"post-700132158","1":"product","2":"type-product","3":"status-publish","4":"has-post-thumbnail","6":"product_brand-soxs-co","7":"product_cat-accessoires","8":"product_cat-originals","9":"product_cat-wollen-socken","10":"product_tag-warme-wintermuetze","11":"product_tag-wollmuetze-damen","12":"product_tag-wollmuetze-herren","14":"first","15":"instock","16":"taxable","17":"shipping-taxable","18":"purchasable","19":"product-type-simple"},"acf":[],"yoast_head":"<!-- This site is optimized with the Yoast SEO plugin v27.2 - https:\/\/yoast.com\/product\/yoast-seo-wordpress\/ -->\n<title>Originals M\u00fctze - Beige Wolle - Warm Sand - One Size - SOXS.co DE<\/title>\n<meta name=\"robots\" content=\"index, follow, max-snippet:-1, max-image-preview:large, max-video-preview:-1\" \/>\n<link rel=\"canonical\" href=\"https:\/\/soxs.co\/de\/originals-muetze-beige-wolle-warm-sand-one-size\/\" \/>\n<meta property=\"og:locale\" content=\"de_DE\" \/>\n<meta property=\"og:type\" content=\"article\" \/>\n<meta property=\"og:title\" content=\"Originals M\u00fctze - Beige Wolle - Warm Sand - One Size - SOXS.co DE\" \/>\n<meta property=\"og:description\" content=\"Diese M\u00fctze mit Warm Sand-Label vereint Komfort und Eleganz. Die Mischung aus tierfreundlicher Merinowolle und Polyamid sorgt f\u00fcr eine weiche und strapazierf\u00e4hige Qualit\u00e4t. Das neutrale sandfarbene Label macht diese M\u00fctze vielseitig und leicht zu kombinieren. Luxuri\u00f6s verpackt, ist sie bereit, als warmes und stilvolles Geschenk \u00fcberreicht zu werden.\" \/>\n<meta property=\"og:url\" content=\"https:\/\/soxs.co\/de\/originals-muetze-beige-wolle-warm-sand-one-size\/\" \/>\n<meta property=\"og:site_name\" content=\"SOXS.co DE\" \/>\n<meta property=\"article:publisher\" content=\"https:\/\/www.facebook.com\/soxs.co\/\" \/>\n<meta property=\"article:modified_time\" content=\"2026-01-03T16:15:21+00:00\" \/>\n<meta property=\"og:image\" content=\"https:\/\/soxs.co\/app\/uploads\/sites\/2\/2025\/07\/SOX3982-2_1000x1000px-720x720-1.png\" \/>\n\t<meta property=\"og:image:width\" content=\"720\" \/>\n\t<meta property=\"og:image:height\" content=\"720\" \/>\n\t<meta property=\"og:image:type\" content=\"image\/png\" \/>\n<meta name=\"twitter:card\" content=\"summary_large_image\" \/>\n<meta name=\"twitter:site\" content=\"@soxs_co\" \/>\n<meta name=\"twitter:label1\" content=\"Gesch\u00e4tzte Lesezeit\" \/>\n\t<meta name=\"twitter:data1\" content=\"1\u00a0Minute\" \/>\n<script type=\"application\/ld+json\" class=\"yoast-schema-graph\">{\"@context\":\"https:\/\/schema.org\",\"@graph\":[{\"@type\":\"WebPage\",\"@id\":\"https:\/\/soxs.co\/de\/originals-muetze-beige-wolle-warm-sand-one-size\/\",\"url\":\"https:\/\/soxs.co\/de\/originals-muetze-beige-wolle-warm-sand-one-size\/\",\"name\":\"Originals M\u00fctze - Beige Wolle - Warm Sand - One Size - SOXS.co DE\",\"isPartOf\":{\"@id\":\"https:\/\/soxs.co\/de\/#website\"},\"primaryImageOfPage\":{\"@id\":\"https:\/\/soxs.co\/de\/originals-muetze-beige-wolle-warm-sand-one-size\/#primaryimage\"},\"image\":{\"@id\":\"https:\/\/soxs.co\/de\/originals-muetze-beige-wolle-warm-sand-one-size\/#primaryimage\"},\"thumbnailUrl\":\"https:\/\/soxs.co\/app\/uploads\/sites\/2\/2025\/07\/SOX3982-2_1000x1000px-720x720-1.png\",\"datePublished\":\"2025-07-08T14:35:50+00:00\",\"dateModified\":\"2026-01-03T16:15:21+00:00\",\"breadcrumb\":{\"@id\":\"https:\/\/soxs.co\/de\/originals-muetze-beige-wolle-warm-sand-one-size\/#breadcrumb\"},\"inLanguage\":\"de\",\"potentialAction\":[{\"@type\":\"ReadAction\",\"target\":[\"https:\/\/soxs.co\/de\/originals-muetze-beige-wolle-warm-sand-one-size\/\"]}]},{\"@type\":\"ImageObject\",\"inLanguage\":\"de\",\"@id\":\"https:\/\/soxs.co\/de\/originals-muetze-beige-wolle-warm-sand-one-size\/#primaryimage\",\"url\":\"https:\/\/soxs.co\/app\/uploads\/sites\/2\/2025\/07\/SOX3982-2_1000x1000px-720x720-1.png\",\"contentUrl\":\"https:\/\/soxs.co\/app\/uploads\/sites\/2\/2025\/07\/SOX3982-2_1000x1000px-720x720-1.png\",\"width\":720,\"height\":720},{\"@type\":\"BreadcrumbList\",\"@id\":\"https:\/\/soxs.co\/de\/originals-muetze-beige-wolle-warm-sand-one-size\/#breadcrumb\",\"itemListElement\":[{\"@type\":\"ListItem\",\"position\":1,\"name\":\"Home\",\"item\":\"https:\/\/soxs.co\/de\/\"},{\"@type\":\"ListItem\",\"position\":2,\"name\":\"Shop\",\"item\":\"https:\/\/soxs.co\/de\/shop\/\"},{\"@type\":\"ListItem\",\"position\":3,\"name\":\"Originals M\u00fctze &#8211; Beige Wolle &#8211; Warm Sand &#8211; One Size\"}]},{\"@type\":\"WebSite\",\"@id\":\"https:\/\/soxs.co\/de\/#website\",\"url\":\"https:\/\/soxs.co\/de\/\",\"name\":\"SOXS.co DE\",\"description\":\"Trendige und wunderbar warme Socken f\u00fcr alle\",\"potentialAction\":[{\"@type\":\"SearchAction\",\"target\":{\"@type\":\"EntryPoint\",\"urlTemplate\":\"https:\/\/soxs.co\/de\/?s={search_term_string}\"},\"query-input\":{\"@type\":\"PropertyValueSpecification\",\"valueRequired\":true,\"valueName\":\"search_term_string\"}}],\"inLanguage\":\"de\"}]}<\/script>\n<!-- \/ Yoast SEO plugin. -->","yoast_head_json":{"title":"Originals M\u00fctze - Beige Wolle - Warm Sand - One Size - SOXS.co DE","robots":{"index":"index","follow":"follow","max-snippet":"max-snippet:-1","max-image-preview":"max-image-preview:large","max-video-preview":"max-video-preview:-1"},"canonical":"https:\/\/soxs.co\/de\/originals-muetze-beige-wolle-warm-sand-one-size\/","og_locale":"de_DE","og_type":"article","og_title":"Originals M\u00fctze - Beige Wolle - Warm Sand - One Size - SOXS.co DE","og_description":"Diese M\u00fctze mit Warm Sand-Label vereint Komfort und Eleganz. Die Mischung aus tierfreundlicher Merinowolle und Polyamid sorgt f\u00fcr eine weiche und strapazierf\u00e4hige Qualit\u00e4t. Das neutrale sandfarbene Label macht diese M\u00fctze vielseitig und leicht zu kombinieren. Luxuri\u00f6s verpackt, ist sie bereit, als warmes und stilvolles Geschenk \u00fcberreicht zu werden.","og_url":"https:\/\/soxs.co\/de\/originals-muetze-beige-wolle-warm-sand-one-size\/","og_site_name":"SOXS.co DE","article_publisher":"https:\/\/www.facebook.com\/soxs.co\/","article_modified_time":"2026-01-03T16:15:21+00:00","og_image":[{"width":720,"height":720,"url":"https:\/\/soxs.co\/app\/uploads\/sites\/2\/2025\/07\/SOX3982-2_1000x1000px-720x720-1.png","type":"image\/png"}],"twitter_card":"summary_large_image","twitter_site":"@soxs_co","twitter_misc":{"Gesch\u00e4tzte Lesezeit":"1\u00a0Minute"},"schema":{"@context":"https:\/\/schema.org","@graph":[{"@type":"WebPage","@id":"https:\/\/soxs.co\/de\/originals-muetze-beige-wolle-warm-sand-one-size\/","url":"https:\/\/soxs.co\/de\/originals-muetze-beige-wolle-warm-sand-one-size\/","name":"Originals M\u00fctze - Beige Wolle - Warm Sand - One Size - SOXS.co DE","isPartOf":{"@id":"https:\/\/soxs.co\/de\/#website"},"primaryImageOfPage":{"@id":"https:\/\/soxs.co\/de\/originals-muetze-beige-wolle-warm-sand-one-size\/#primaryimage"},"image":{"@id":"https:\/\/soxs.co\/de\/originals-muetze-beige-wolle-warm-sand-one-size\/#primaryimage"},"thumbnailUrl":"https:\/\/soxs.co\/app\/uploads\/sites\/2\/2025\/07\/SOX3982-2_1000x1000px-720x720-1.png","datePublished":"2025-07-08T14:35:50+00:00","dateModified":"2026-01-03T16:15:21+00:00","breadcrumb":{"@id":"https:\/\/soxs.co\/de\/originals-muetze-beige-wolle-warm-sand-one-size\/#breadcrumb"},"inLanguage":"de","potentialAction":[{"@type":"ReadAction","target":["https:\/\/soxs.co\/de\/originals-muetze-beige-wolle-warm-sand-one-size\/"]}]},{"@type":"ImageObject","inLanguage":"de","@id":"https:\/\/soxs.co\/de\/originals-muetze-beige-wolle-warm-sand-one-size\/#primaryimage","url":"https:\/\/soxs.co\/app\/uploads\/sites\/2\/2025\/07\/SOX3982-2_1000x1000px-720x720-1.png","contentUrl":"https:\/\/soxs.co\/app\/uploads\/sites\/2\/2025\/07\/SOX3982-2_1000x1000px-720x720-1.png","width":720,"height":720},{"@type":"BreadcrumbList","@id":"https:\/\/soxs.co\/de\/originals-muetze-beige-wolle-warm-sand-one-size\/#breadcrumb","itemListElement":[{"@type":"ListItem","position":1,"name":"Home","item":"https:\/\/soxs.co\/de\/"},{"@type":"ListItem","position":2,"name":"Shop","item":"https:\/\/soxs.co\/de\/shop\/"},{"@type":"ListItem","position":3,"name":"Originals M\u00fctze &#8211; Beige Wolle &#8211; Warm Sand &#8211; One Size"}]},{"@type":"WebSite","@id":"https:\/\/soxs.co\/de\/#website","url":"https:\/\/soxs.co\/de\/","name":"SOXS.co DE","description":"Trendige und wunderbar warme Socken f\u00fcr alle","potentialAction":[{"@type":"SearchAction","target":{"@type":"EntryPoint","urlTemplate":"https:\/\/soxs.co\/de\/?s={search_term_string}"},"query-input":{"@type":"PropertyValueSpecification","valueRequired":true,"valueName":"search_term_string"}}],"inLanguage":"de"}]}},"_links":{"self":[{"href":"https:\/\/soxs.co\/de\/wp-json\/wp\/v2\/product\/700132158","targetHints":{"allow":["GET"]}}],"collection":[{"href":"https:\/\/soxs.co\/de\/wp-json\/wp\/v2\/product"}],"about":[{"href":"https:\/\/soxs.co\/de\/wp-json\/wp\/v2\/types\/product"}],"replies":[{"embeddable":true,"href":"https:\/\/soxs.co\/de\/wp-json\/wp\/v2\/comments?post=700132158"}],"wp:featuredmedia":[{"embeddable":true,"href":"https:\/\/soxs.co\/de\/wp-json\/wp\/v2\/media\/700133668"}],"wp:attachment":[{"href":"https:\/\/soxs.co\/de\/wp-json\/wp\/v2\/media?parent=700132158"}],"wp:term":[{"taxonomy":"product_brand","embeddable":true,"href":"https:\/\/soxs.co\/de\/wp-json\/wp\/v2\/product_brand?post=700132158"},{"taxonomy":"product_cat","embeddable":true,"href":"https:\/\/soxs.co\/de\/wp-json\/wp\/v2\/product_cat?post=700132158"},{"taxonomy":"product_tag","embeddable":true,"href":"https:\/\/soxs.co\/de\/wp-json\/wp\/v2\/product_tag?post=700132158"}],"curies":[{"name":"wp","href":"https:\/\/api.w.org\/{rel}","templated":true}]}}