{"id":700131211,"date":"2025-08-22T14:32:19","date_gmt":"2025-08-22T12:32:19","guid":{"rendered":"https:\/\/soxs.co\/de\/?post_type=product&#038;p=700131211"},"modified":"2026-01-13T13:36:03","modified_gmt":"2025-12-07T10:46:06","slug":"soxs-schwarze-wolle-socken-thunderstorm-label-wadensocke-streetwear","status":"publish","type":"product","link":"https:\/\/soxs.co\/de\/soxs-schwarze-wolle-socken-thunderstorm-label-wadensocke-streetwear\/","title":{"rendered":"SOXS Schwarze wolle socken Thunderstorm label wadensocke streetwear"},"content":{"rendered":"<p>Die mittellangen grauen Wollsocken mit Thunder Storm-Label sind ideal f\u00fcr Abenteurer! Die etwas d\u00fcnner gestrickte Socke macht diese warmen Unisex-Socken geeignet f\u00fcr Wanderungen und sportliche Aktivit\u00e4ten. So k\u00f6nnen Ihre F\u00fc\u00dfe nicht so leicht in den Schuhen dr\u00fccken und Sie bleiben auch im Winter warm. Die SOXS-Wollsocken absorbieren viel Feuchtigkeit, so dass Sie nicht so schnell unter nassen F\u00fc\u00dfen leiden werden. Der Schwei\u00df wird abtransportiert und somit haben Bakterien keine Chance, sich zu entwickeln. So bleiben die mittellangen Unisex-Socken geruchsneutral und Sie k\u00f6nnen sie mehrere Tage hintereinander tragen, auch wenn Sie zu Schwei\u00dff\u00fc\u00dfen neigen. Ideal f\u00fcr den Wanderurlaub!<\/p>\n<p>Hergestellt aus 70 % hochwertiger Merinowolle.<\/p>\n","protected":false},"excerpt":{"rendered":"<p>Diese Socken mit dem Thunder Storm-Label verbinden h\u00f6chsten Komfort mit einem robusten Look. Die Mischung aus tierfreundlicher Merinowolle und Polyamid sorgt f\u00fcr Weichheit und Langlebigkeit. Der dunkelgraue Farbton verleiht Ihrem Outfit einen kraftvollen, urbanen Touch. Perfekt, um Ihren Streetstyle-Look zu vervollst\u00e4ndigen oder als stilvolles Geschenk.<\/p>\n","protected":false},"featured_media":700133999,"comment_status":"open","ping_status":"closed","template":"","meta":{"_acf_changed":false,"_improvement_type_select":"improve_an_existing","_thumb_yes_seoaic":false,"_frame_yes_seoaic":false,"seoaic_generate_description":"","seoaic_improve_instructions_prompt":"","seoaic_rollback_content_improvement":"","seoaic_idea_thumbnail_generator":"","thumbnail_generated":false,"thumbnail_generate_prompt":"","seoaic_article_description":""},"product_brand":[],"product_cat":[1667,1609,1386],"product_tag":[],"class_list":{"0":"post-700131211","1":"product","2":"type-product","3":"status-publish","4":"has-post-thumbnail","6":"product_cat-grosse","7":"product_cat-nieuwe-collectie-2025","8":"product_cat-streetwear","10":"first","11":"instock","12":"taxable","13":"shipping-taxable","14":"purchasable","15":"product-type-simple"},"acf":[],"yoast_head":"<!-- This site is optimized with the Yoast SEO plugin v27.3 - https:\/\/yoast.com\/product\/yoast-seo-wordpress\/ -->\n<title>SOXS Schwarze wolle socken Thunderstorm label wadensocke streetwear - SOXS.co DE<\/title>\n<meta name=\"robots\" content=\"index, follow, max-snippet:-1, max-image-preview:large, max-video-preview:-1\" \/>\n<link rel=\"canonical\" href=\"https:\/\/soxs.co\/de\/soxs-schwarze-wolle-socken-thunderstorm-label-wadensocke-streetwear\/\" \/>\n<meta property=\"og:locale\" content=\"de_DE\" \/>\n<meta property=\"og:type\" content=\"article\" \/>\n<meta property=\"og:title\" content=\"SOXS Schwarze wolle socken Thunderstorm label wadensocke streetwear - SOXS.co DE\" \/>\n<meta property=\"og:description\" content=\"Diese Socken mit dem Thunder Storm-Label verbinden h\u00f6chsten Komfort mit einem robusten Look. Die Mischung aus tierfreundlicher Merinowolle und Polyamid sorgt f\u00fcr Weichheit und Langlebigkeit. Der dunkelgraue Farbton verleiht Ihrem Outfit einen kraftvollen, urbanen Touch. Perfekt, um Ihren Streetstyle-Look zu vervollst\u00e4ndigen oder als stilvolles Geschenk.\" \/>\n<meta property=\"og:url\" content=\"https:\/\/soxs.co\/de\/soxs-schwarze-wolle-socken-thunderstorm-label-wadensocke-streetwear\/\" \/>\n<meta property=\"og:site_name\" content=\"SOXS.co DE\" \/>\n<meta property=\"article:publisher\" content=\"https:\/\/www.facebook.com\/soxs.co\/\" \/>\n<meta property=\"article:modified_time\" content=\"2025-12-07T10:46:06+00:00\" \/>\n<meta property=\"og:image\" content=\"https:\/\/soxs.co\/app\/uploads\/sites\/2\/2025\/08\/SOX3534_1000x1000px.png\" \/>\n\t<meta property=\"og:image:width\" content=\"1000\" \/>\n\t<meta property=\"og:image:height\" content=\"1000\" \/>\n\t<meta property=\"og:image:type\" content=\"image\/png\" \/>\n<meta name=\"twitter:card\" content=\"summary_large_image\" \/>\n<meta name=\"twitter:site\" content=\"@soxs_co\" \/>\n<meta name=\"twitter:label1\" content=\"Gesch\u00e4tzte Lesezeit\" \/>\n\t<meta name=\"twitter:data1\" content=\"1\u00a0Minute\" \/>\n<script type=\"application\/ld+json\" class=\"yoast-schema-graph\">{\"@context\":\"https:\\\/\\\/schema.org\",\"@graph\":[{\"@type\":\"WebPage\",\"@id\":\"https:\\\/\\\/soxs.co\\\/de\\\/soxs-schwarze-wolle-socken-thunderstorm-label-wadensocke-streetwear\\\/\",\"url\":\"https:\\\/\\\/soxs.co\\\/de\\\/soxs-schwarze-wolle-socken-thunderstorm-label-wadensocke-streetwear\\\/\",\"name\":\"SOXS Schwarze wolle socken Thunderstorm label wadensocke streetwear - SOXS.co DE\",\"isPartOf\":{\"@id\":\"https:\\\/\\\/soxs.co\\\/de\\\/#website\"},\"primaryImageOfPage\":{\"@id\":\"https:\\\/\\\/soxs.co\\\/de\\\/soxs-schwarze-wolle-socken-thunderstorm-label-wadensocke-streetwear\\\/#primaryimage\"},\"image\":{\"@id\":\"https:\\\/\\\/soxs.co\\\/de\\\/soxs-schwarze-wolle-socken-thunderstorm-label-wadensocke-streetwear\\\/#primaryimage\"},\"thumbnailUrl\":\"https:\\\/\\\/soxs.co\\\/app\\\/uploads\\\/sites\\\/2\\\/2025\\\/08\\\/SOX3534_1000x1000px.png\",\"datePublished\":\"2025-08-22T12:32:19+00:00\",\"dateModified\":\"2025-12-07T10:46:06+00:00\",\"breadcrumb\":{\"@id\":\"https:\\\/\\\/soxs.co\\\/de\\\/soxs-schwarze-wolle-socken-thunderstorm-label-wadensocke-streetwear\\\/#breadcrumb\"},\"inLanguage\":\"de\",\"potentialAction\":[{\"@type\":\"ReadAction\",\"target\":[\"https:\\\/\\\/soxs.co\\\/de\\\/soxs-schwarze-wolle-socken-thunderstorm-label-wadensocke-streetwear\\\/\"]}]},{\"@type\":\"ImageObject\",\"inLanguage\":\"de\",\"@id\":\"https:\\\/\\\/soxs.co\\\/de\\\/soxs-schwarze-wolle-socken-thunderstorm-label-wadensocke-streetwear\\\/#primaryimage\",\"url\":\"https:\\\/\\\/soxs.co\\\/app\\\/uploads\\\/sites\\\/2\\\/2025\\\/08\\\/SOX3534_1000x1000px.png\",\"contentUrl\":\"https:\\\/\\\/soxs.co\\\/app\\\/uploads\\\/sites\\\/2\\\/2025\\\/08\\\/SOX3534_1000x1000px.png\",\"width\":1000,\"height\":1000},{\"@type\":\"BreadcrumbList\",\"@id\":\"https:\\\/\\\/soxs.co\\\/de\\\/soxs-schwarze-wolle-socken-thunderstorm-label-wadensocke-streetwear\\\/#breadcrumb\",\"itemListElement\":[{\"@type\":\"ListItem\",\"position\":1,\"name\":\"Home\",\"item\":\"https:\\\/\\\/soxs.co\\\/de\\\/\"},{\"@type\":\"ListItem\",\"position\":2,\"name\":\"Shop\",\"item\":\"https:\\\/\\\/soxs.co\\\/de\\\/shop\\\/\"},{\"@type\":\"ListItem\",\"position\":3,\"name\":\"SOXS Schwarze wolle socken Thunderstorm label wadensocke streetwear\"}]},{\"@type\":\"WebSite\",\"@id\":\"https:\\\/\\\/soxs.co\\\/de\\\/#website\",\"url\":\"https:\\\/\\\/soxs.co\\\/de\\\/\",\"name\":\"SOXS.co DE\",\"description\":\"Trendige und wunderbar warme Socken f\u00fcr alle\",\"potentialAction\":[{\"@type\":\"SearchAction\",\"target\":{\"@type\":\"EntryPoint\",\"urlTemplate\":\"https:\\\/\\\/soxs.co\\\/de\\\/?s={search_term_string}\"},\"query-input\":{\"@type\":\"PropertyValueSpecification\",\"valueRequired\":true,\"valueName\":\"search_term_string\"}}],\"inLanguage\":\"de\"}]}<\/script>\n<!-- \/ Yoast SEO plugin. -->","yoast_head_json":{"title":"SOXS Schwarze wolle socken Thunderstorm label wadensocke streetwear - SOXS.co DE","robots":{"index":"index","follow":"follow","max-snippet":"max-snippet:-1","max-image-preview":"max-image-preview:large","max-video-preview":"max-video-preview:-1"},"canonical":"https:\/\/soxs.co\/de\/soxs-schwarze-wolle-socken-thunderstorm-label-wadensocke-streetwear\/","og_locale":"de_DE","og_type":"article","og_title":"SOXS Schwarze wolle socken Thunderstorm label wadensocke streetwear - SOXS.co DE","og_description":"Diese Socken mit dem Thunder Storm-Label verbinden h\u00f6chsten Komfort mit einem robusten Look. Die Mischung aus tierfreundlicher Merinowolle und Polyamid sorgt f\u00fcr Weichheit und Langlebigkeit. Der dunkelgraue Farbton verleiht Ihrem Outfit einen kraftvollen, urbanen Touch. Perfekt, um Ihren Streetstyle-Look zu vervollst\u00e4ndigen oder als stilvolles Geschenk.","og_url":"https:\/\/soxs.co\/de\/soxs-schwarze-wolle-socken-thunderstorm-label-wadensocke-streetwear\/","og_site_name":"SOXS.co DE","article_publisher":"https:\/\/www.facebook.com\/soxs.co\/","article_modified_time":"2025-12-07T10:46:06+00:00","og_image":[{"width":1000,"height":1000,"url":"https:\/\/soxs.co\/app\/uploads\/sites\/2\/2025\/08\/SOX3534_1000x1000px.png","type":"image\/png"}],"twitter_card":"summary_large_image","twitter_site":"@soxs_co","twitter_misc":{"Gesch\u00e4tzte Lesezeit":"1\u00a0Minute"},"schema":{"@context":"https:\/\/schema.org","@graph":[{"@type":"WebPage","@id":"https:\/\/soxs.co\/de\/soxs-schwarze-wolle-socken-thunderstorm-label-wadensocke-streetwear\/","url":"https:\/\/soxs.co\/de\/soxs-schwarze-wolle-socken-thunderstorm-label-wadensocke-streetwear\/","name":"SOXS Schwarze wolle socken Thunderstorm label wadensocke streetwear - SOXS.co DE","isPartOf":{"@id":"https:\/\/soxs.co\/de\/#website"},"primaryImageOfPage":{"@id":"https:\/\/soxs.co\/de\/soxs-schwarze-wolle-socken-thunderstorm-label-wadensocke-streetwear\/#primaryimage"},"image":{"@id":"https:\/\/soxs.co\/de\/soxs-schwarze-wolle-socken-thunderstorm-label-wadensocke-streetwear\/#primaryimage"},"thumbnailUrl":"https:\/\/soxs.co\/app\/uploads\/sites\/2\/2025\/08\/SOX3534_1000x1000px.png","datePublished":"2025-08-22T12:32:19+00:00","dateModified":"2025-12-07T10:46:06+00:00","breadcrumb":{"@id":"https:\/\/soxs.co\/de\/soxs-schwarze-wolle-socken-thunderstorm-label-wadensocke-streetwear\/#breadcrumb"},"inLanguage":"de","potentialAction":[{"@type":"ReadAction","target":["https:\/\/soxs.co\/de\/soxs-schwarze-wolle-socken-thunderstorm-label-wadensocke-streetwear\/"]}]},{"@type":"ImageObject","inLanguage":"de","@id":"https:\/\/soxs.co\/de\/soxs-schwarze-wolle-socken-thunderstorm-label-wadensocke-streetwear\/#primaryimage","url":"https:\/\/soxs.co\/app\/uploads\/sites\/2\/2025\/08\/SOX3534_1000x1000px.png","contentUrl":"https:\/\/soxs.co\/app\/uploads\/sites\/2\/2025\/08\/SOX3534_1000x1000px.png","width":1000,"height":1000},{"@type":"BreadcrumbList","@id":"https:\/\/soxs.co\/de\/soxs-schwarze-wolle-socken-thunderstorm-label-wadensocke-streetwear\/#breadcrumb","itemListElement":[{"@type":"ListItem","position":1,"name":"Home","item":"https:\/\/soxs.co\/de\/"},{"@type":"ListItem","position":2,"name":"Shop","item":"https:\/\/soxs.co\/de\/shop\/"},{"@type":"ListItem","position":3,"name":"SOXS Schwarze wolle socken Thunderstorm label wadensocke streetwear"}]},{"@type":"WebSite","@id":"https:\/\/soxs.co\/de\/#website","url":"https:\/\/soxs.co\/de\/","name":"SOXS.co DE","description":"Trendige und wunderbar warme Socken f\u00fcr alle","potentialAction":[{"@type":"SearchAction","target":{"@type":"EntryPoint","urlTemplate":"https:\/\/soxs.co\/de\/?s={search_term_string}"},"query-input":{"@type":"PropertyValueSpecification","valueRequired":true,"valueName":"search_term_string"}}],"inLanguage":"de"}]}},"_links":{"self":[{"href":"https:\/\/soxs.co\/de\/wp-json\/wp\/v2\/product\/700131211","targetHints":{"allow":["GET"]}}],"collection":[{"href":"https:\/\/soxs.co\/de\/wp-json\/wp\/v2\/product"}],"about":[{"href":"https:\/\/soxs.co\/de\/wp-json\/wp\/v2\/types\/product"}],"replies":[{"embeddable":true,"href":"https:\/\/soxs.co\/de\/wp-json\/wp\/v2\/comments?post=700131211"}],"wp:featuredmedia":[{"embeddable":true,"href":"https:\/\/soxs.co\/de\/wp-json\/wp\/v2\/media\/700133999"}],"wp:attachment":[{"href":"https:\/\/soxs.co\/de\/wp-json\/wp\/v2\/media?parent=700131211"}],"wp:term":[{"taxonomy":"product_brand","embeddable":true,"href":"https:\/\/soxs.co\/de\/wp-json\/wp\/v2\/product_brand?post=700131211"},{"taxonomy":"product_cat","embeddable":true,"href":"https:\/\/soxs.co\/de\/wp-json\/wp\/v2\/product_cat?post=700131211"},{"taxonomy":"product_tag","embeddable":true,"href":"https:\/\/soxs.co\/de\/wp-json\/wp\/v2\/product_tag?post=700131211"}],"curies":[{"name":"wp","href":"https:\/\/api.w.org\/{rel}","templated":true}]}}