{"id":700131209,"date":"2025-05-23T11:27:27","date_gmt":"2025-05-23T09:27:27","guid":{"rendered":"https:\/\/soxs.co\/de\/?post_type=product&#038;p=700131209"},"modified":"2026-02-25T16:55:34","modified_gmt":"2026-01-07T15:07:58","slug":"streetwear-beige-wolle-woodsmoke-label-wadensocke","status":"publish","type":"product","link":"https:\/\/soxs.co\/de\/streetwear-beige-wolle-woodsmoke-label-wadensocke\/","title":{"rendered":"StreetWear  &#8211; Braune Wolle &#8211; Label Woodsmoke &#8211; 42-46"},"content":{"rendered":"","protected":false},"excerpt":{"rendered":"<p>Diese Socken mit dem Woodsmoke-Label verbinden ultimativen Komfort mit einem robusten Look. Die Mischung aus tierfreundlicher Merinowolle und Polyamid sorgt f\u00fcr Weichheit und Langlebigkeit. Der graubraune Farbton verleiht Ihrem Outfit einen nat\u00fcrlichen und urbanen Touch. Perfekt, um Ihren Streetstyle-Look zu vervollst\u00e4ndigen oder als stilvolles Geschenk.<\/p>\n","protected":false},"featured_media":700134126,"comment_status":"open","ping_status":"closed","template":"","meta":{"_acf_changed":false,"_improvement_type_select":"improve_an_existing","_thumb_yes_seoaic":false,"_frame_yes_seoaic":false,"seoaic_generate_description":"","seoaic_improve_instructions_prompt":"","seoaic_rollback_content_improvement":"","seoaic_idea_thumbnail_generator":"","thumbnail_generated":false,"thumbnail_generate_prompt":"","seoaic_article_description":""},"product_brand":[1593],"product_cat":[58,1638,60,1609,1386,56],"product_tag":[1587,1588,1589],"class_list":{"0":"post-700131209","1":"product","2":"type-product","3":"status-publish","4":"has-post-thumbnail","6":"product_brand-soxs-co","7":"product_cat-wollsocken-damen","8":"product_cat-geschenk-fuer-sie","9":"product_cat-wollsocken-herren","10":"product_cat-nieuwe-collectie-2025","11":"product_cat-streetwear","12":"product_cat-wollen-socken","13":"product_tag-merinowollsocken","14":"product_tag-warme-socken","15":"product_tag-warme-wollsocken","17":"first","18":"instock","19":"taxable","20":"shipping-taxable","21":"purchasable","22":"product-type-simple"},"acf":[],"yoast_head":"<!-- This site is optimized with the Yoast SEO plugin v27.3 - https:\/\/yoast.com\/product\/yoast-seo-wordpress\/ -->\n<title>StreetWear - Braune Wolle - Label Woodsmoke - 42-46 - SOXS.co DE<\/title>\n<meta name=\"robots\" content=\"index, follow, max-snippet:-1, max-image-preview:large, max-video-preview:-1\" \/>\n<link rel=\"canonical\" href=\"https:\/\/soxs.co\/de\/streetwear-beige-wolle-woodsmoke-label-wadensocke\/\" \/>\n<meta property=\"og:locale\" content=\"de_DE\" \/>\n<meta property=\"og:type\" content=\"article\" \/>\n<meta property=\"og:title\" content=\"StreetWear - Braune Wolle - Label Woodsmoke - 42-46 - SOXS.co DE\" \/>\n<meta property=\"og:description\" content=\"Diese Socken mit dem Woodsmoke-Label verbinden ultimativen Komfort mit einem robusten Look. Die Mischung aus tierfreundlicher Merinowolle und Polyamid sorgt f\u00fcr Weichheit und Langlebigkeit. Der graubraune Farbton verleiht Ihrem Outfit einen nat\u00fcrlichen und urbanen Touch. Perfekt, um Ihren Streetstyle-Look zu vervollst\u00e4ndigen oder als stilvolles Geschenk.\" \/>\n<meta property=\"og:url\" content=\"https:\/\/soxs.co\/de\/streetwear-beige-wolle-woodsmoke-label-wadensocke\/\" \/>\n<meta property=\"og:site_name\" content=\"SOXS.co DE\" \/>\n<meta property=\"article:publisher\" content=\"https:\/\/www.facebook.com\/soxs.co\/\" \/>\n<meta property=\"article:modified_time\" content=\"2026-01-07T15:07:58+00:00\" \/>\n<meta property=\"og:image\" content=\"https:\/\/soxs.co\/app\/uploads\/sites\/2\/2025\/05\/SOX3861_1000x1000px-1-810x810.png\" \/>\n\t<meta property=\"og:image:width\" content=\"810\" \/>\n\t<meta property=\"og:image:height\" content=\"810\" \/>\n\t<meta property=\"og:image:type\" content=\"image\/png\" \/>\n<meta name=\"twitter:card\" content=\"summary_large_image\" \/>\n<meta name=\"twitter:site\" content=\"@soxs_co\" \/>\n<meta name=\"twitter:label1\" content=\"Gesch\u00e4tzte Lesezeit\" \/>\n\t<meta name=\"twitter:data1\" content=\"1\u00a0Minute\" \/>\n<script type=\"application\/ld+json\" class=\"yoast-schema-graph\">{\"@context\":\"https:\\\/\\\/schema.org\",\"@graph\":[{\"@type\":\"WebPage\",\"@id\":\"https:\\\/\\\/soxs.co\\\/de\\\/streetwear-beige-wolle-woodsmoke-label-wadensocke\\\/\",\"url\":\"https:\\\/\\\/soxs.co\\\/de\\\/streetwear-beige-wolle-woodsmoke-label-wadensocke\\\/\",\"name\":\"StreetWear - Braune Wolle - Label Woodsmoke - 42-46 - SOXS.co DE\",\"isPartOf\":{\"@id\":\"https:\\\/\\\/soxs.co\\\/de\\\/#website\"},\"primaryImageOfPage\":{\"@id\":\"https:\\\/\\\/soxs.co\\\/de\\\/streetwear-beige-wolle-woodsmoke-label-wadensocke\\\/#primaryimage\"},\"image\":{\"@id\":\"https:\\\/\\\/soxs.co\\\/de\\\/streetwear-beige-wolle-woodsmoke-label-wadensocke\\\/#primaryimage\"},\"thumbnailUrl\":\"https:\\\/\\\/soxs.co\\\/app\\\/uploads\\\/sites\\\/2\\\/2025\\\/05\\\/SOX3861_1000x1000px-1.png\",\"datePublished\":\"2025-05-23T09:27:27+00:00\",\"dateModified\":\"2026-01-07T15:07:58+00:00\",\"breadcrumb\":{\"@id\":\"https:\\\/\\\/soxs.co\\\/de\\\/streetwear-beige-wolle-woodsmoke-label-wadensocke\\\/#breadcrumb\"},\"inLanguage\":\"de\",\"potentialAction\":[{\"@type\":\"ReadAction\",\"target\":[\"https:\\\/\\\/soxs.co\\\/de\\\/streetwear-beige-wolle-woodsmoke-label-wadensocke\\\/\"]}]},{\"@type\":\"ImageObject\",\"inLanguage\":\"de\",\"@id\":\"https:\\\/\\\/soxs.co\\\/de\\\/streetwear-beige-wolle-woodsmoke-label-wadensocke\\\/#primaryimage\",\"url\":\"https:\\\/\\\/soxs.co\\\/app\\\/uploads\\\/sites\\\/2\\\/2025\\\/05\\\/SOX3861_1000x1000px-1.png\",\"contentUrl\":\"https:\\\/\\\/soxs.co\\\/app\\\/uploads\\\/sites\\\/2\\\/2025\\\/05\\\/SOX3861_1000x1000px-1.png\",\"width\":2362,\"height\":2362},{\"@type\":\"BreadcrumbList\",\"@id\":\"https:\\\/\\\/soxs.co\\\/de\\\/streetwear-beige-wolle-woodsmoke-label-wadensocke\\\/#breadcrumb\",\"itemListElement\":[{\"@type\":\"ListItem\",\"position\":1,\"name\":\"Home\",\"item\":\"https:\\\/\\\/soxs.co\\\/de\\\/\"},{\"@type\":\"ListItem\",\"position\":2,\"name\":\"Shop\",\"item\":\"https:\\\/\\\/soxs.co\\\/de\\\/shop\\\/\"},{\"@type\":\"ListItem\",\"position\":3,\"name\":\"StreetWear &#8211; Braune Wolle &#8211; Label Woodsmoke &#8211; 42-46\"}]},{\"@type\":\"WebSite\",\"@id\":\"https:\\\/\\\/soxs.co\\\/de\\\/#website\",\"url\":\"https:\\\/\\\/soxs.co\\\/de\\\/\",\"name\":\"SOXS.co DE\",\"description\":\"Trendige und wunderbar warme Socken f\u00fcr alle\",\"potentialAction\":[{\"@type\":\"SearchAction\",\"target\":{\"@type\":\"EntryPoint\",\"urlTemplate\":\"https:\\\/\\\/soxs.co\\\/de\\\/?s={search_term_string}\"},\"query-input\":{\"@type\":\"PropertyValueSpecification\",\"valueRequired\":true,\"valueName\":\"search_term_string\"}}],\"inLanguage\":\"de\"}]}<\/script>\n<!-- \/ Yoast SEO plugin. -->","yoast_head_json":{"title":"StreetWear - Braune Wolle - Label Woodsmoke - 42-46 - SOXS.co DE","robots":{"index":"index","follow":"follow","max-snippet":"max-snippet:-1","max-image-preview":"max-image-preview:large","max-video-preview":"max-video-preview:-1"},"canonical":"https:\/\/soxs.co\/de\/streetwear-beige-wolle-woodsmoke-label-wadensocke\/","og_locale":"de_DE","og_type":"article","og_title":"StreetWear - Braune Wolle - Label Woodsmoke - 42-46 - SOXS.co DE","og_description":"Diese Socken mit dem Woodsmoke-Label verbinden ultimativen Komfort mit einem robusten Look. Die Mischung aus tierfreundlicher Merinowolle und Polyamid sorgt f\u00fcr Weichheit und Langlebigkeit. Der graubraune Farbton verleiht Ihrem Outfit einen nat\u00fcrlichen und urbanen Touch. Perfekt, um Ihren Streetstyle-Look zu vervollst\u00e4ndigen oder als stilvolles Geschenk.","og_url":"https:\/\/soxs.co\/de\/streetwear-beige-wolle-woodsmoke-label-wadensocke\/","og_site_name":"SOXS.co DE","article_publisher":"https:\/\/www.facebook.com\/soxs.co\/","article_modified_time":"2026-01-07T15:07:58+00:00","og_image":[{"width":810,"height":810,"url":"https:\/\/soxs.co\/app\/uploads\/sites\/2\/2025\/05\/SOX3861_1000x1000px-1-810x810.png","type":"image\/png"}],"twitter_card":"summary_large_image","twitter_site":"@soxs_co","twitter_misc":{"Gesch\u00e4tzte Lesezeit":"1\u00a0Minute"},"schema":{"@context":"https:\/\/schema.org","@graph":[{"@type":"WebPage","@id":"https:\/\/soxs.co\/de\/streetwear-beige-wolle-woodsmoke-label-wadensocke\/","url":"https:\/\/soxs.co\/de\/streetwear-beige-wolle-woodsmoke-label-wadensocke\/","name":"StreetWear - Braune Wolle - Label Woodsmoke - 42-46 - SOXS.co DE","isPartOf":{"@id":"https:\/\/soxs.co\/de\/#website"},"primaryImageOfPage":{"@id":"https:\/\/soxs.co\/de\/streetwear-beige-wolle-woodsmoke-label-wadensocke\/#primaryimage"},"image":{"@id":"https:\/\/soxs.co\/de\/streetwear-beige-wolle-woodsmoke-label-wadensocke\/#primaryimage"},"thumbnailUrl":"https:\/\/soxs.co\/app\/uploads\/sites\/2\/2025\/05\/SOX3861_1000x1000px-1.png","datePublished":"2025-05-23T09:27:27+00:00","dateModified":"2026-01-07T15:07:58+00:00","breadcrumb":{"@id":"https:\/\/soxs.co\/de\/streetwear-beige-wolle-woodsmoke-label-wadensocke\/#breadcrumb"},"inLanguage":"de","potentialAction":[{"@type":"ReadAction","target":["https:\/\/soxs.co\/de\/streetwear-beige-wolle-woodsmoke-label-wadensocke\/"]}]},{"@type":"ImageObject","inLanguage":"de","@id":"https:\/\/soxs.co\/de\/streetwear-beige-wolle-woodsmoke-label-wadensocke\/#primaryimage","url":"https:\/\/soxs.co\/app\/uploads\/sites\/2\/2025\/05\/SOX3861_1000x1000px-1.png","contentUrl":"https:\/\/soxs.co\/app\/uploads\/sites\/2\/2025\/05\/SOX3861_1000x1000px-1.png","width":2362,"height":2362},{"@type":"BreadcrumbList","@id":"https:\/\/soxs.co\/de\/streetwear-beige-wolle-woodsmoke-label-wadensocke\/#breadcrumb","itemListElement":[{"@type":"ListItem","position":1,"name":"Home","item":"https:\/\/soxs.co\/de\/"},{"@type":"ListItem","position":2,"name":"Shop","item":"https:\/\/soxs.co\/de\/shop\/"},{"@type":"ListItem","position":3,"name":"StreetWear &#8211; Braune Wolle &#8211; Label Woodsmoke &#8211; 42-46"}]},{"@type":"WebSite","@id":"https:\/\/soxs.co\/de\/#website","url":"https:\/\/soxs.co\/de\/","name":"SOXS.co DE","description":"Trendige und wunderbar warme Socken f\u00fcr alle","potentialAction":[{"@type":"SearchAction","target":{"@type":"EntryPoint","urlTemplate":"https:\/\/soxs.co\/de\/?s={search_term_string}"},"query-input":{"@type":"PropertyValueSpecification","valueRequired":true,"valueName":"search_term_string"}}],"inLanguage":"de"}]}},"_links":{"self":[{"href":"https:\/\/soxs.co\/de\/wp-json\/wp\/v2\/product\/700131209","targetHints":{"allow":["GET"]}}],"collection":[{"href":"https:\/\/soxs.co\/de\/wp-json\/wp\/v2\/product"}],"about":[{"href":"https:\/\/soxs.co\/de\/wp-json\/wp\/v2\/types\/product"}],"replies":[{"embeddable":true,"href":"https:\/\/soxs.co\/de\/wp-json\/wp\/v2\/comments?post=700131209"}],"wp:featuredmedia":[{"embeddable":true,"href":"https:\/\/soxs.co\/de\/wp-json\/wp\/v2\/media\/700134126"}],"wp:attachment":[{"href":"https:\/\/soxs.co\/de\/wp-json\/wp\/v2\/media?parent=700131209"}],"wp:term":[{"taxonomy":"product_brand","embeddable":true,"href":"https:\/\/soxs.co\/de\/wp-json\/wp\/v2\/product_brand?post=700131209"},{"taxonomy":"product_cat","embeddable":true,"href":"https:\/\/soxs.co\/de\/wp-json\/wp\/v2\/product_cat?post=700131209"},{"taxonomy":"product_tag","embeddable":true,"href":"https:\/\/soxs.co\/de\/wp-json\/wp\/v2\/product_tag?post=700131209"}],"curies":[{"name":"wp","href":"https:\/\/api.w.org\/{rel}","templated":true}]}}