{"id":700131198,"date":"2025-08-22T14:32:18","date_gmt":"2025-08-22T12:32:18","guid":{"rendered":"https:\/\/soxs.co\/de\/?post_type=product&#038;p=700131198"},"modified":"2026-04-09T06:34:02","modified_gmt":"2026-04-09T04:34:02","slug":"originals-armwaermer-graue-wolle-label-glacier-grey-one-size","status":"publish","type":"product","link":"https:\/\/soxs.co\/de\/originals-armwaermer-graue-wolle-label-glacier-grey-one-size\/","title":{"rendered":"Originals Armw\u00e4rmer &#8211; Graue Wolle &#8211; Label Glacier Grey &#8211; One Size"},"content":{"rendered":"","protected":false},"excerpt":{"rendered":"<p>Diese Armstulpen mit Glacier Grey-Label verbinden Komfort mit einem modernen Look. Die Mischung aus tierfreundlicher Merinowolle und Polyamid sorgt f\u00fcr Langlebigkeit und Weichheit. Die graue Farbe ist neutral und vielseitig, sodass sie zu jedem Outfit passen. Luxuri\u00f6s verpackt, eignen sie sich ideal als Geschenk, eine warme und stilvolle Geste f\u00fcr sich selbst oder andere.<\/p>\n","protected":false},"featured_media":700131864,"comment_status":"open","ping_status":"closed","template":"","meta":{"_acf_changed":false,"_improvement_type_select":"improve_an_existing","_thumb_yes_seoaic":false,"_frame_yes_seoaic":false,"seoaic_generate_description":"","seoaic_improve_instructions_prompt":"","seoaic_rollback_content_improvement":"","seoaic_idea_thumbnail_generator":"","thumbnail_generated":false,"thumbnail_generate_prompt":"","seoaic_article_description":""},"product_brand":[1593],"product_cat":[871,1654,1609,1627],"product_tag":[1600,1598,1599],"class_list":{"0":"post-700131198","1":"product","2":"type-product","3":"status-publish","4":"has-post-thumbnail","6":"product_brand-soxs-co","7":"product_cat-accessoires","8":"product_cat-armstulpen","9":"product_cat-nieuwe-collectie-2025","10":"product_cat-originals","11":"product_tag-armstulpen-wolle","12":"product_tag-warme-armstulpen","13":"product_tag-winter-armwaermer","15":"first","16":"instock","17":"taxable","18":"shipping-taxable","19":"purchasable","20":"product-type-simple"},"acf":[],"yoast_head":"<!-- This site is optimized with the Yoast SEO plugin v27.3 - https:\/\/yoast.com\/product\/yoast-seo-wordpress\/ -->\n<title>Originals Armw\u00e4rmer - Graue Wolle - Label Glacier Grey - One Size - SOXS.co DE<\/title>\n<meta name=\"robots\" content=\"index, follow, max-snippet:-1, max-image-preview:large, max-video-preview:-1\" \/>\n<link rel=\"canonical\" href=\"https:\/\/soxs.co\/de\/originals-armwaermer-graue-wolle-label-glacier-grey-one-size\/\" \/>\n<meta property=\"og:locale\" content=\"de_DE\" \/>\n<meta property=\"og:type\" content=\"article\" \/>\n<meta property=\"og:title\" content=\"Originals Armw\u00e4rmer - Graue Wolle - Label Glacier Grey - One Size - SOXS.co DE\" \/>\n<meta property=\"og:description\" content=\"Diese Armstulpen mit Glacier Grey-Label verbinden Komfort mit einem modernen Look. Die Mischung aus tierfreundlicher Merinowolle und Polyamid sorgt f\u00fcr Langlebigkeit und Weichheit. Die graue Farbe ist neutral und vielseitig, sodass sie zu jedem Outfit passen. Luxuri\u00f6s verpackt, eignen sie sich ideal als Geschenk, eine warme und stilvolle Geste f\u00fcr sich selbst oder andere.\" \/>\n<meta property=\"og:url\" content=\"https:\/\/soxs.co\/de\/originals-armwaermer-graue-wolle-label-glacier-grey-one-size\/\" \/>\n<meta property=\"og:site_name\" content=\"SOXS.co DE\" \/>\n<meta property=\"article:publisher\" content=\"https:\/\/www.facebook.com\/soxs.co\/\" \/>\n<meta property=\"article:modified_time\" content=\"2026-04-09T04:34:02+00:00\" \/>\n<meta property=\"og:image\" content=\"https:\/\/soxs.co\/app\/uploads\/sites\/2\/2025\/07\/SOX3851_1000x1000px-810x810.png\" \/>\n\t<meta property=\"og:image:width\" content=\"810\" \/>\n\t<meta property=\"og:image:height\" content=\"810\" \/>\n\t<meta property=\"og:image:type\" content=\"image\/png\" \/>\n<meta name=\"twitter:card\" content=\"summary_large_image\" \/>\n<meta name=\"twitter:site\" content=\"@soxs_co\" \/>\n<meta name=\"twitter:label1\" content=\"Gesch\u00e4tzte Lesezeit\" \/>\n\t<meta name=\"twitter:data1\" content=\"1\u00a0Minute\" \/>\n<script type=\"application\/ld+json\" class=\"yoast-schema-graph\">{\"@context\":\"https:\\\/\\\/schema.org\",\"@graph\":[{\"@type\":\"WebPage\",\"@id\":\"https:\\\/\\\/soxs.co\\\/de\\\/originals-armwaermer-graue-wolle-label-glacier-grey-one-size\\\/\",\"url\":\"https:\\\/\\\/soxs.co\\\/de\\\/originals-armwaermer-graue-wolle-label-glacier-grey-one-size\\\/\",\"name\":\"Originals Armw\u00e4rmer - Graue Wolle - Label Glacier Grey - One Size - SOXS.co DE\",\"isPartOf\":{\"@id\":\"https:\\\/\\\/soxs.co\\\/de\\\/#website\"},\"primaryImageOfPage\":{\"@id\":\"https:\\\/\\\/soxs.co\\\/de\\\/originals-armwaermer-graue-wolle-label-glacier-grey-one-size\\\/#primaryimage\"},\"image\":{\"@id\":\"https:\\\/\\\/soxs.co\\\/de\\\/originals-armwaermer-graue-wolle-label-glacier-grey-one-size\\\/#primaryimage\"},\"thumbnailUrl\":\"https:\\\/\\\/soxs.co\\\/app\\\/uploads\\\/sites\\\/2\\\/2025\\\/07\\\/SOX3851_1000x1000px.png\",\"datePublished\":\"2025-08-22T12:32:18+00:00\",\"dateModified\":\"2026-04-09T04:34:02+00:00\",\"breadcrumb\":{\"@id\":\"https:\\\/\\\/soxs.co\\\/de\\\/originals-armwaermer-graue-wolle-label-glacier-grey-one-size\\\/#breadcrumb\"},\"inLanguage\":\"de\",\"potentialAction\":[{\"@type\":\"ReadAction\",\"target\":[\"https:\\\/\\\/soxs.co\\\/de\\\/originals-armwaermer-graue-wolle-label-glacier-grey-one-size\\\/\"]}]},{\"@type\":\"ImageObject\",\"inLanguage\":\"de\",\"@id\":\"https:\\\/\\\/soxs.co\\\/de\\\/originals-armwaermer-graue-wolle-label-glacier-grey-one-size\\\/#primaryimage\",\"url\":\"https:\\\/\\\/soxs.co\\\/app\\\/uploads\\\/sites\\\/2\\\/2025\\\/07\\\/SOX3851_1000x1000px.png\",\"contentUrl\":\"https:\\\/\\\/soxs.co\\\/app\\\/uploads\\\/sites\\\/2\\\/2025\\\/07\\\/SOX3851_1000x1000px.png\",\"width\":2362,\"height\":2362},{\"@type\":\"BreadcrumbList\",\"@id\":\"https:\\\/\\\/soxs.co\\\/de\\\/originals-armwaermer-graue-wolle-label-glacier-grey-one-size\\\/#breadcrumb\",\"itemListElement\":[{\"@type\":\"ListItem\",\"position\":1,\"name\":\"Home\",\"item\":\"https:\\\/\\\/soxs.co\\\/de\\\/\"},{\"@type\":\"ListItem\",\"position\":2,\"name\":\"Shop\",\"item\":\"https:\\\/\\\/soxs.co\\\/de\\\/shop\\\/\"},{\"@type\":\"ListItem\",\"position\":3,\"name\":\"Originals Armw\u00e4rmer &#8211; Graue Wolle &#8211; Label Glacier Grey &#8211; One Size\"}]},{\"@type\":\"WebSite\",\"@id\":\"https:\\\/\\\/soxs.co\\\/de\\\/#website\",\"url\":\"https:\\\/\\\/soxs.co\\\/de\\\/\",\"name\":\"SOXS.co DE\",\"description\":\"Trendige und wunderbar warme Socken f\u00fcr alle\",\"potentialAction\":[{\"@type\":\"SearchAction\",\"target\":{\"@type\":\"EntryPoint\",\"urlTemplate\":\"https:\\\/\\\/soxs.co\\\/de\\\/?s={search_term_string}\"},\"query-input\":{\"@type\":\"PropertyValueSpecification\",\"valueRequired\":true,\"valueName\":\"search_term_string\"}}],\"inLanguage\":\"de\"}]}<\/script>\n<!-- \/ Yoast SEO plugin. -->","yoast_head_json":{"title":"Originals Armw\u00e4rmer - Graue Wolle - Label Glacier Grey - One Size - SOXS.co DE","robots":{"index":"index","follow":"follow","max-snippet":"max-snippet:-1","max-image-preview":"max-image-preview:large","max-video-preview":"max-video-preview:-1"},"canonical":"https:\/\/soxs.co\/de\/originals-armwaermer-graue-wolle-label-glacier-grey-one-size\/","og_locale":"de_DE","og_type":"article","og_title":"Originals Armw\u00e4rmer - Graue Wolle - Label Glacier Grey - One Size - SOXS.co DE","og_description":"Diese Armstulpen mit Glacier Grey-Label verbinden Komfort mit einem modernen Look. Die Mischung aus tierfreundlicher Merinowolle und Polyamid sorgt f\u00fcr Langlebigkeit und Weichheit. Die graue Farbe ist neutral und vielseitig, sodass sie zu jedem Outfit passen. Luxuri\u00f6s verpackt, eignen sie sich ideal als Geschenk, eine warme und stilvolle Geste f\u00fcr sich selbst oder andere.","og_url":"https:\/\/soxs.co\/de\/originals-armwaermer-graue-wolle-label-glacier-grey-one-size\/","og_site_name":"SOXS.co DE","article_publisher":"https:\/\/www.facebook.com\/soxs.co\/","article_modified_time":"2026-04-09T04:34:02+00:00","og_image":[{"width":810,"height":810,"url":"https:\/\/soxs.co\/app\/uploads\/sites\/2\/2025\/07\/SOX3851_1000x1000px-810x810.png","type":"image\/png"}],"twitter_card":"summary_large_image","twitter_site":"@soxs_co","twitter_misc":{"Gesch\u00e4tzte Lesezeit":"1\u00a0Minute"},"schema":{"@context":"https:\/\/schema.org","@graph":[{"@type":"WebPage","@id":"https:\/\/soxs.co\/de\/originals-armwaermer-graue-wolle-label-glacier-grey-one-size\/","url":"https:\/\/soxs.co\/de\/originals-armwaermer-graue-wolle-label-glacier-grey-one-size\/","name":"Originals Armw\u00e4rmer - Graue Wolle - Label Glacier Grey - One Size - SOXS.co DE","isPartOf":{"@id":"https:\/\/soxs.co\/de\/#website"},"primaryImageOfPage":{"@id":"https:\/\/soxs.co\/de\/originals-armwaermer-graue-wolle-label-glacier-grey-one-size\/#primaryimage"},"image":{"@id":"https:\/\/soxs.co\/de\/originals-armwaermer-graue-wolle-label-glacier-grey-one-size\/#primaryimage"},"thumbnailUrl":"https:\/\/soxs.co\/app\/uploads\/sites\/2\/2025\/07\/SOX3851_1000x1000px.png","datePublished":"2025-08-22T12:32:18+00:00","dateModified":"2026-04-09T04:34:02+00:00","breadcrumb":{"@id":"https:\/\/soxs.co\/de\/originals-armwaermer-graue-wolle-label-glacier-grey-one-size\/#breadcrumb"},"inLanguage":"de","potentialAction":[{"@type":"ReadAction","target":["https:\/\/soxs.co\/de\/originals-armwaermer-graue-wolle-label-glacier-grey-one-size\/"]}]},{"@type":"ImageObject","inLanguage":"de","@id":"https:\/\/soxs.co\/de\/originals-armwaermer-graue-wolle-label-glacier-grey-one-size\/#primaryimage","url":"https:\/\/soxs.co\/app\/uploads\/sites\/2\/2025\/07\/SOX3851_1000x1000px.png","contentUrl":"https:\/\/soxs.co\/app\/uploads\/sites\/2\/2025\/07\/SOX3851_1000x1000px.png","width":2362,"height":2362},{"@type":"BreadcrumbList","@id":"https:\/\/soxs.co\/de\/originals-armwaermer-graue-wolle-label-glacier-grey-one-size\/#breadcrumb","itemListElement":[{"@type":"ListItem","position":1,"name":"Home","item":"https:\/\/soxs.co\/de\/"},{"@type":"ListItem","position":2,"name":"Shop","item":"https:\/\/soxs.co\/de\/shop\/"},{"@type":"ListItem","position":3,"name":"Originals Armw\u00e4rmer &#8211; Graue Wolle &#8211; Label Glacier Grey &#8211; One Size"}]},{"@type":"WebSite","@id":"https:\/\/soxs.co\/de\/#website","url":"https:\/\/soxs.co\/de\/","name":"SOXS.co DE","description":"Trendige und wunderbar warme Socken f\u00fcr alle","potentialAction":[{"@type":"SearchAction","target":{"@type":"EntryPoint","urlTemplate":"https:\/\/soxs.co\/de\/?s={search_term_string}"},"query-input":{"@type":"PropertyValueSpecification","valueRequired":true,"valueName":"search_term_string"}}],"inLanguage":"de"}]}},"_links":{"self":[{"href":"https:\/\/soxs.co\/de\/wp-json\/wp\/v2\/product\/700131198","targetHints":{"allow":["GET"]}}],"collection":[{"href":"https:\/\/soxs.co\/de\/wp-json\/wp\/v2\/product"}],"about":[{"href":"https:\/\/soxs.co\/de\/wp-json\/wp\/v2\/types\/product"}],"replies":[{"embeddable":true,"href":"https:\/\/soxs.co\/de\/wp-json\/wp\/v2\/comments?post=700131198"}],"wp:featuredmedia":[{"embeddable":true,"href":"https:\/\/soxs.co\/de\/wp-json\/wp\/v2\/media\/700131864"}],"wp:attachment":[{"href":"https:\/\/soxs.co\/de\/wp-json\/wp\/v2\/media?parent=700131198"}],"wp:term":[{"taxonomy":"product_brand","embeddable":true,"href":"https:\/\/soxs.co\/de\/wp-json\/wp\/v2\/product_brand?post=700131198"},{"taxonomy":"product_cat","embeddable":true,"href":"https:\/\/soxs.co\/de\/wp-json\/wp\/v2\/product_cat?post=700131198"},{"taxonomy":"product_tag","embeddable":true,"href":"https:\/\/soxs.co\/de\/wp-json\/wp\/v2\/product_tag?post=700131198"}],"curies":[{"name":"wp","href":"https:\/\/api.w.org\/{rel}","templated":true}]}}