{"id":700131174,"date":"2025-08-22T14:32:16","date_gmt":"2025-08-22T12:32:16","guid":{"rendered":"https:\/\/soxs.co\/de\/?post_type=product&#038;p=700131174"},"modified":"2026-04-08T07:00:30","modified_gmt":"2025-11-30T17:35:48","slug":"soxs-graue-wolle-socken-imperial-purple-label-wadensocke-anti-rutsch","status":"publish","type":"product","link":"https:\/\/soxs.co\/de\/soxs-graue-wolle-socken-imperial-purple-label-wadensocke-anti-rutsch\/","title":{"rendered":"Originals  &#8211; Rutschfest &#8211; Graue Wolle &#8211; Label Imperial Purple &#8211; 37-41"},"content":{"rendered":"","protected":false},"excerpt":{"rendered":"<p>Die SOXS Originals Yoga mit Imperial Purple Label (Gr\u00f6\u00dfen 37-41) bieten Ihnen Stabilit\u00e4t und Komfort beim Yoga und Pilates. Dank der rutschfesten Sohle haben Sie immer optimalen Halt und k\u00f6nnen jede Pose sicher ausf\u00fchren. Diese Yogasocken bestehen aus weicher Merinowolle in Kombination mit Polyamid. Das sorgt f\u00fcr nat\u00fcrliche W\u00e4rme im Winter und k\u00fchle F\u00fc\u00dfe im Sommer. Die Socken atmen mit Ihren Bewegungen und f\u00fchlen sich wie eine zweite Haut an \u2013 ohne zu kratzen oder Druckstellen zu verursachen.<\/p>\n","protected":false},"featured_media":700131877,"comment_status":"closed","ping_status":"closed","template":"","meta":{"_acf_changed":false,"_improvement_type_select":"improve_an_existing","_thumb_yes_seoaic":false,"_frame_yes_seoaic":false,"seoaic_generate_description":"","seoaic_improve_instructions_prompt":"","seoaic_rollback_content_improvement":"","seoaic_idea_thumbnail_generator":"","thumbnail_generated":false,"thumbnail_generate_prompt":"","seoaic_article_description":""},"product_brand":[1593],"product_cat":[1643,1384,932,58,60,1609,1627,56,1382],"product_tag":[1587,1588,1589,1594],"class_list":{"0":"post-700131174","1":"product","2":"type-product","3":"status-publish","4":"has-post-thumbnail","6":"product_brand-soxs-co","7":"product_cat-antirutsch","8":"product_cat-antislip","9":"product_cat-antislip-sokken","10":"product_cat-wollsocken-damen","11":"product_cat-wollsocken-herren","12":"product_cat-nieuwe-collectie-2025","13":"product_cat-originals","14":"product_cat-wollen-socken","15":"product_cat-yoga","16":"product_tag-merinowollsocken","17":"product_tag-warme-socken","18":"product_tag-warme-wollsocken","19":"product_tag-yoga-socken","21":"first","22":"instock","23":"taxable","24":"shipping-taxable","25":"purchasable","26":"product-type-simple"},"acf":[],"yoast_head":"<!-- This site is optimized with the Yoast SEO plugin v27.3 - https:\/\/yoast.com\/product\/yoast-seo-wordpress\/ -->\n<title>Originals - Rutschfest - Graue Wolle - Label Imperial Purple - 37-41 - SOXS.co DE<\/title>\n<meta name=\"description\" content=\"Kniehohe Yogasocken aus Merinowolle: SOXS Yoga rose shadow bieten W\u00e4rme, Komfort &amp; rutschfesten Halt, perfekt f\u00fcr Yoga &amp; Achtsamkeit.\" \/>\n<meta name=\"robots\" content=\"index, follow, max-snippet:-1, max-image-preview:large, max-video-preview:-1\" \/>\n<link rel=\"canonical\" href=\"https:\/\/soxs.co\/de\/soxs-graue-wolle-socken-imperial-purple-label-wadensocke-anti-rutsch\/\" \/>\n<meta property=\"og:locale\" content=\"de_DE\" \/>\n<meta property=\"og:type\" content=\"article\" \/>\n<meta property=\"og:title\" content=\"Originals - Rutschfest - Graue Wolle - Label Imperial Purple - 37-41 - SOXS.co DE\" \/>\n<meta property=\"og:description\" content=\"Kniehohe Yogasocken aus Merinowolle: SOXS Yoga rose shadow bieten W\u00e4rme, Komfort &amp; rutschfesten Halt, perfekt f\u00fcr Yoga &amp; Achtsamkeit.\" \/>\n<meta property=\"og:url\" content=\"https:\/\/soxs.co\/de\/soxs-graue-wolle-socken-imperial-purple-label-wadensocke-anti-rutsch\/\" \/>\n<meta property=\"og:site_name\" content=\"SOXS.co DE\" \/>\n<meta property=\"article:publisher\" content=\"https:\/\/www.facebook.com\/soxs.co\/\" \/>\n<meta property=\"article:modified_time\" content=\"2025-11-30T17:35:48+00:00\" \/>\n<meta property=\"og:image\" content=\"https:\/\/soxs.co\/app\/uploads\/sites\/2\/2025\/07\/SOX3831_1000x1000px-810x810.png\" \/>\n\t<meta property=\"og:image:width\" content=\"810\" \/>\n\t<meta property=\"og:image:height\" content=\"810\" \/>\n\t<meta property=\"og:image:type\" content=\"image\/png\" \/>\n<meta name=\"twitter:card\" content=\"summary_large_image\" \/>\n<meta name=\"twitter:site\" content=\"@soxs_co\" \/>\n<meta name=\"twitter:label1\" content=\"Gesch\u00e4tzte Lesezeit\" \/>\n\t<meta name=\"twitter:data1\" content=\"1\u00a0Minute\" \/>\n<script type=\"application\/ld+json\" class=\"yoast-schema-graph\">{\"@context\":\"https:\\\/\\\/schema.org\",\"@graph\":[{\"@type\":\"WebPage\",\"@id\":\"https:\\\/\\\/soxs.co\\\/de\\\/soxs-graue-wolle-socken-imperial-purple-label-wadensocke-anti-rutsch\\\/\",\"url\":\"https:\\\/\\\/soxs.co\\\/de\\\/soxs-graue-wolle-socken-imperial-purple-label-wadensocke-anti-rutsch\\\/\",\"name\":\"Originals - Rutschfest - Graue Wolle - Label Imperial Purple - 37-41 - SOXS.co DE\",\"isPartOf\":{\"@id\":\"https:\\\/\\\/soxs.co\\\/de\\\/#website\"},\"primaryImageOfPage\":{\"@id\":\"https:\\\/\\\/soxs.co\\\/de\\\/soxs-graue-wolle-socken-imperial-purple-label-wadensocke-anti-rutsch\\\/#primaryimage\"},\"image\":{\"@id\":\"https:\\\/\\\/soxs.co\\\/de\\\/soxs-graue-wolle-socken-imperial-purple-label-wadensocke-anti-rutsch\\\/#primaryimage\"},\"thumbnailUrl\":\"https:\\\/\\\/soxs.co\\\/app\\\/uploads\\\/sites\\\/2\\\/2025\\\/07\\\/SOX3831_1000x1000px.png\",\"datePublished\":\"2025-08-22T12:32:16+00:00\",\"dateModified\":\"2025-11-30T17:35:48+00:00\",\"description\":\"Kniehohe Yogasocken aus Merinowolle: SOXS Yoga rose shadow bieten W\u00e4rme, Komfort & rutschfesten Halt, perfekt f\u00fcr Yoga & Achtsamkeit.\",\"breadcrumb\":{\"@id\":\"https:\\\/\\\/soxs.co\\\/de\\\/soxs-graue-wolle-socken-imperial-purple-label-wadensocke-anti-rutsch\\\/#breadcrumb\"},\"inLanguage\":\"de\",\"potentialAction\":[{\"@type\":\"ReadAction\",\"target\":[\"https:\\\/\\\/soxs.co\\\/de\\\/soxs-graue-wolle-socken-imperial-purple-label-wadensocke-anti-rutsch\\\/\"]}]},{\"@type\":\"ImageObject\",\"inLanguage\":\"de\",\"@id\":\"https:\\\/\\\/soxs.co\\\/de\\\/soxs-graue-wolle-socken-imperial-purple-label-wadensocke-anti-rutsch\\\/#primaryimage\",\"url\":\"https:\\\/\\\/soxs.co\\\/app\\\/uploads\\\/sites\\\/2\\\/2025\\\/07\\\/SOX3831_1000x1000px.png\",\"contentUrl\":\"https:\\\/\\\/soxs.co\\\/app\\\/uploads\\\/sites\\\/2\\\/2025\\\/07\\\/SOX3831_1000x1000px.png\",\"width\":2362,\"height\":2362},{\"@type\":\"BreadcrumbList\",\"@id\":\"https:\\\/\\\/soxs.co\\\/de\\\/soxs-graue-wolle-socken-imperial-purple-label-wadensocke-anti-rutsch\\\/#breadcrumb\",\"itemListElement\":[{\"@type\":\"ListItem\",\"position\":1,\"name\":\"Home\",\"item\":\"https:\\\/\\\/soxs.co\\\/de\\\/\"},{\"@type\":\"ListItem\",\"position\":2,\"name\":\"Shop\",\"item\":\"https:\\\/\\\/soxs.co\\\/de\\\/shop\\\/\"},{\"@type\":\"ListItem\",\"position\":3,\"name\":\"Originals &#8211; Rutschfest &#8211; Graue Wolle &#8211; Label Imperial Purple &#8211; 37-41\"}]},{\"@type\":\"WebSite\",\"@id\":\"https:\\\/\\\/soxs.co\\\/de\\\/#website\",\"url\":\"https:\\\/\\\/soxs.co\\\/de\\\/\",\"name\":\"SOXS.co DE\",\"description\":\"Trendige und wunderbar warme Socken f\u00fcr alle\",\"potentialAction\":[{\"@type\":\"SearchAction\",\"target\":{\"@type\":\"EntryPoint\",\"urlTemplate\":\"https:\\\/\\\/soxs.co\\\/de\\\/?s={search_term_string}\"},\"query-input\":{\"@type\":\"PropertyValueSpecification\",\"valueRequired\":true,\"valueName\":\"search_term_string\"}}],\"inLanguage\":\"de\"}]}<\/script>\n<!-- \/ Yoast SEO plugin. -->","yoast_head_json":{"title":"Originals - Rutschfest - Graue Wolle - Label Imperial Purple - 37-41 - SOXS.co DE","description":"Kniehohe Yogasocken aus Merinowolle: SOXS Yoga rose shadow bieten W\u00e4rme, Komfort & rutschfesten Halt, perfekt f\u00fcr Yoga & Achtsamkeit.","robots":{"index":"index","follow":"follow","max-snippet":"max-snippet:-1","max-image-preview":"max-image-preview:large","max-video-preview":"max-video-preview:-1"},"canonical":"https:\/\/soxs.co\/de\/soxs-graue-wolle-socken-imperial-purple-label-wadensocke-anti-rutsch\/","og_locale":"de_DE","og_type":"article","og_title":"Originals - Rutschfest - Graue Wolle - Label Imperial Purple - 37-41 - SOXS.co DE","og_description":"Kniehohe Yogasocken aus Merinowolle: SOXS Yoga rose shadow bieten W\u00e4rme, Komfort & rutschfesten Halt, perfekt f\u00fcr Yoga & Achtsamkeit.","og_url":"https:\/\/soxs.co\/de\/soxs-graue-wolle-socken-imperial-purple-label-wadensocke-anti-rutsch\/","og_site_name":"SOXS.co DE","article_publisher":"https:\/\/www.facebook.com\/soxs.co\/","article_modified_time":"2025-11-30T17:35:48+00:00","og_image":[{"width":810,"height":810,"url":"https:\/\/soxs.co\/app\/uploads\/sites\/2\/2025\/07\/SOX3831_1000x1000px-810x810.png","type":"image\/png"}],"twitter_card":"summary_large_image","twitter_site":"@soxs_co","twitter_misc":{"Gesch\u00e4tzte Lesezeit":"1\u00a0Minute"},"schema":{"@context":"https:\/\/schema.org","@graph":[{"@type":"WebPage","@id":"https:\/\/soxs.co\/de\/soxs-graue-wolle-socken-imperial-purple-label-wadensocke-anti-rutsch\/","url":"https:\/\/soxs.co\/de\/soxs-graue-wolle-socken-imperial-purple-label-wadensocke-anti-rutsch\/","name":"Originals - Rutschfest - Graue Wolle - Label Imperial Purple - 37-41 - SOXS.co DE","isPartOf":{"@id":"https:\/\/soxs.co\/de\/#website"},"primaryImageOfPage":{"@id":"https:\/\/soxs.co\/de\/soxs-graue-wolle-socken-imperial-purple-label-wadensocke-anti-rutsch\/#primaryimage"},"image":{"@id":"https:\/\/soxs.co\/de\/soxs-graue-wolle-socken-imperial-purple-label-wadensocke-anti-rutsch\/#primaryimage"},"thumbnailUrl":"https:\/\/soxs.co\/app\/uploads\/sites\/2\/2025\/07\/SOX3831_1000x1000px.png","datePublished":"2025-08-22T12:32:16+00:00","dateModified":"2025-11-30T17:35:48+00:00","description":"Kniehohe Yogasocken aus Merinowolle: SOXS Yoga rose shadow bieten W\u00e4rme, Komfort & rutschfesten Halt, perfekt f\u00fcr Yoga & Achtsamkeit.","breadcrumb":{"@id":"https:\/\/soxs.co\/de\/soxs-graue-wolle-socken-imperial-purple-label-wadensocke-anti-rutsch\/#breadcrumb"},"inLanguage":"de","potentialAction":[{"@type":"ReadAction","target":["https:\/\/soxs.co\/de\/soxs-graue-wolle-socken-imperial-purple-label-wadensocke-anti-rutsch\/"]}]},{"@type":"ImageObject","inLanguage":"de","@id":"https:\/\/soxs.co\/de\/soxs-graue-wolle-socken-imperial-purple-label-wadensocke-anti-rutsch\/#primaryimage","url":"https:\/\/soxs.co\/app\/uploads\/sites\/2\/2025\/07\/SOX3831_1000x1000px.png","contentUrl":"https:\/\/soxs.co\/app\/uploads\/sites\/2\/2025\/07\/SOX3831_1000x1000px.png","width":2362,"height":2362},{"@type":"BreadcrumbList","@id":"https:\/\/soxs.co\/de\/soxs-graue-wolle-socken-imperial-purple-label-wadensocke-anti-rutsch\/#breadcrumb","itemListElement":[{"@type":"ListItem","position":1,"name":"Home","item":"https:\/\/soxs.co\/de\/"},{"@type":"ListItem","position":2,"name":"Shop","item":"https:\/\/soxs.co\/de\/shop\/"},{"@type":"ListItem","position":3,"name":"Originals &#8211; Rutschfest &#8211; Graue Wolle &#8211; Label Imperial Purple &#8211; 37-41"}]},{"@type":"WebSite","@id":"https:\/\/soxs.co\/de\/#website","url":"https:\/\/soxs.co\/de\/","name":"SOXS.co DE","description":"Trendige und wunderbar warme Socken f\u00fcr alle","potentialAction":[{"@type":"SearchAction","target":{"@type":"EntryPoint","urlTemplate":"https:\/\/soxs.co\/de\/?s={search_term_string}"},"query-input":{"@type":"PropertyValueSpecification","valueRequired":true,"valueName":"search_term_string"}}],"inLanguage":"de"}]}},"_links":{"self":[{"href":"https:\/\/soxs.co\/de\/wp-json\/wp\/v2\/product\/700131174","targetHints":{"allow":["GET"]}}],"collection":[{"href":"https:\/\/soxs.co\/de\/wp-json\/wp\/v2\/product"}],"about":[{"href":"https:\/\/soxs.co\/de\/wp-json\/wp\/v2\/types\/product"}],"replies":[{"embeddable":true,"href":"https:\/\/soxs.co\/de\/wp-json\/wp\/v2\/comments?post=700131174"}],"wp:featuredmedia":[{"embeddable":true,"href":"https:\/\/soxs.co\/de\/wp-json\/wp\/v2\/media\/700131877"}],"wp:attachment":[{"href":"https:\/\/soxs.co\/de\/wp-json\/wp\/v2\/media?parent=700131174"}],"wp:term":[{"taxonomy":"product_brand","embeddable":true,"href":"https:\/\/soxs.co\/de\/wp-json\/wp\/v2\/product_brand?post=700131174"},{"taxonomy":"product_cat","embeddable":true,"href":"https:\/\/soxs.co\/de\/wp-json\/wp\/v2\/product_cat?post=700131174"},{"taxonomy":"product_tag","embeddable":true,"href":"https:\/\/soxs.co\/de\/wp-json\/wp\/v2\/product_tag?post=700131174"}],"curies":[{"name":"wp","href":"https:\/\/api.w.org\/{rel}","templated":true}]}}