{"id":700130891,"date":"2025-03-25T09:39:23","date_gmt":"2025-03-25T08:39:23","guid":{"rendered":"https:\/\/soxs.co\/de\/?post_type=product&#038;p=700130891"},"modified":"2026-04-08T14:54:14","modified_gmt":"2026-04-08T12:54:14","slug":"soxs-baumwolle-sport-socken-blazing-orange","status":"publish","type":"product","link":"https:\/\/soxs.co\/de\/soxs-baumwolle-sport-socken-blazing-orange\/","title":{"rendered":"Sport Socken &#8211; Blazing Orange"},"content":{"rendered":"<p>Setzen Sie Ihre F\u00fc\u00dfe ins rechte Licht mit den neuen Baumwoll-Sportsocken von Soxs! Angenehm zu tragen, atmungsaktiv und immer in Topform f\u00fcr jede Sportart. Bleiben Sie sch\u00f6n trocken und bewegen Sie sich frei &#8211; die perfekte Erg\u00e4nzung f\u00fcr Ihren aktiven Lebensstil!<\/p>\n","protected":false},"excerpt":{"rendered":"<p>Heben Sie sich ab mit den SOXS Sportsocken in Blazing Orange. Diese leuchtend orangefarbenen Sportsocken verleihen Ihrem Sportoutfit zus\u00e4tzliche Energie. Sie sind aus Bio-Baumwolle gefertigt, atmungsaktiv und bequem, sodass Ihre F\u00fc\u00dfe auch bei h\u00e4rtestem Training trocken und frisch bleiben.<\/p>\n","protected":false},"featured_media":700130913,"comment_status":"open","ping_status":"closed","template":"","meta":{"_acf_changed":false,"_improvement_type_select":"improve_an_existing","_thumb_yes_seoaic":false,"_frame_yes_seoaic":false,"seoaic_generate_description":"","seoaic_improve_instructions_prompt":"","seoaic_rollback_content_improvement":"","seoaic_idea_thumbnail_generator":"","thumbnail_generated":false,"thumbnail_generate_prompt":"","seoaic_article_description":""},"product_brand":[1593],"product_cat":[1488,58,60,1611,1616,56],"product_tag":[1612,1613,1588],"class_list":{"0":"post-700130891","1":"product","2":"type-product","3":"status-publish","4":"has-post-thumbnail","6":"product_brand-soxs-co","7":"product_cat-baumwollsocken","8":"product_cat-wollsocken-damen","9":"product_cat-wollsocken-herren","10":"product_cat-sport","11":"product_cat-trend","12":"product_cat-wollen-socken","13":"product_tag-baumwolle-socken","14":"product_tag-sport-socken","15":"product_tag-warme-socken","17":"first","18":"instock","19":"taxable","20":"shipping-taxable","21":"purchasable","22":"product-type-variable","23":"has-default-attributes"},"acf":[],"yoast_head":"<!-- This site is optimized with the Yoast SEO plugin v27.3 - https:\/\/yoast.com\/product\/yoast-seo-wordpress\/ -->\n<title>Sport Socken - Blazing Orange - SOXS.co DE<\/title>\n<meta name=\"robots\" content=\"index, follow, max-snippet:-1, max-image-preview:large, max-video-preview:-1\" \/>\n<link rel=\"canonical\" href=\"https:\/\/soxs.co\/de\/soxs-baumwolle-sport-socken-blazing-orange\/\" \/>\n<meta property=\"og:locale\" content=\"de_DE\" \/>\n<meta property=\"og:type\" content=\"article\" \/>\n<meta property=\"og:title\" content=\"Sport Socken - Blazing Orange - SOXS.co DE\" \/>\n<meta property=\"og:description\" content=\"Heben Sie sich ab mit den SOXS Sportsocken in Blazing Orange. Diese leuchtend orangefarbenen Sportsocken verleihen Ihrem Sportoutfit zus\u00e4tzliche Energie. Sie sind aus Bio-Baumwolle gefertigt, atmungsaktiv und bequem, sodass Ihre F\u00fc\u00dfe auch bei h\u00e4rtestem Training trocken und frisch bleiben.\" \/>\n<meta property=\"og:url\" content=\"https:\/\/soxs.co\/de\/soxs-baumwolle-sport-socken-blazing-orange\/\" \/>\n<meta property=\"og:site_name\" content=\"SOXS.co DE\" \/>\n<meta property=\"article:publisher\" content=\"https:\/\/www.facebook.com\/soxs.co\/\" \/>\n<meta property=\"article:modified_time\" content=\"2026-04-08T12:54:14+00:00\" \/>\n<meta property=\"og:image\" content=\"https:\/\/soxs.co\/app\/uploads\/sites\/2\/2025\/04\/Soxs3869-3870_3.jpg\" \/>\n\t<meta property=\"og:image:width\" content=\"1000\" \/>\n\t<meta property=\"og:image:height\" content=\"1000\" \/>\n\t<meta property=\"og:image:type\" content=\"image\/jpeg\" \/>\n<meta name=\"twitter:card\" content=\"summary_large_image\" \/>\n<meta name=\"twitter:site\" content=\"@soxs_co\" \/>\n<meta name=\"twitter:label1\" content=\"Gesch\u00e4tzte Lesezeit\" \/>\n\t<meta name=\"twitter:data1\" content=\"1\u00a0Minute\" \/>\n<script type=\"application\/ld+json\" class=\"yoast-schema-graph\">{\"@context\":\"https:\\\/\\\/schema.org\",\"@graph\":[{\"@type\":\"WebPage\",\"@id\":\"https:\\\/\\\/soxs.co\\\/de\\\/soxs-baumwolle-sport-socken-blazing-orange\\\/\",\"url\":\"https:\\\/\\\/soxs.co\\\/de\\\/soxs-baumwolle-sport-socken-blazing-orange\\\/\",\"name\":\"Sport Socken - Blazing Orange - SOXS.co DE\",\"isPartOf\":{\"@id\":\"https:\\\/\\\/soxs.co\\\/de\\\/#website\"},\"primaryImageOfPage\":{\"@id\":\"https:\\\/\\\/soxs.co\\\/de\\\/soxs-baumwolle-sport-socken-blazing-orange\\\/#primaryimage\"},\"image\":{\"@id\":\"https:\\\/\\\/soxs.co\\\/de\\\/soxs-baumwolle-sport-socken-blazing-orange\\\/#primaryimage\"},\"thumbnailUrl\":\"https:\\\/\\\/soxs.co\\\/app\\\/uploads\\\/sites\\\/2\\\/2025\\\/04\\\/Soxs3869-3870_3.jpg\",\"datePublished\":\"2025-03-25T08:39:23+00:00\",\"dateModified\":\"2026-04-08T12:54:14+00:00\",\"breadcrumb\":{\"@id\":\"https:\\\/\\\/soxs.co\\\/de\\\/soxs-baumwolle-sport-socken-blazing-orange\\\/#breadcrumb\"},\"inLanguage\":\"de\",\"potentialAction\":[{\"@type\":\"ReadAction\",\"target\":[\"https:\\\/\\\/soxs.co\\\/de\\\/soxs-baumwolle-sport-socken-blazing-orange\\\/\"]}]},{\"@type\":\"ImageObject\",\"inLanguage\":\"de\",\"@id\":\"https:\\\/\\\/soxs.co\\\/de\\\/soxs-baumwolle-sport-socken-blazing-orange\\\/#primaryimage\",\"url\":\"https:\\\/\\\/soxs.co\\\/app\\\/uploads\\\/sites\\\/2\\\/2025\\\/04\\\/Soxs3869-3870_3.jpg\",\"contentUrl\":\"https:\\\/\\\/soxs.co\\\/app\\\/uploads\\\/sites\\\/2\\\/2025\\\/04\\\/Soxs3869-3870_3.jpg\",\"width\":1000,\"height\":1000,\"caption\":\"Blazing Orange SOX3869-3870\"},{\"@type\":\"BreadcrumbList\",\"@id\":\"https:\\\/\\\/soxs.co\\\/de\\\/soxs-baumwolle-sport-socken-blazing-orange\\\/#breadcrumb\",\"itemListElement\":[{\"@type\":\"ListItem\",\"position\":1,\"name\":\"Home\",\"item\":\"https:\\\/\\\/soxs.co\\\/de\\\/\"},{\"@type\":\"ListItem\",\"position\":2,\"name\":\"Shop\",\"item\":\"https:\\\/\\\/soxs.co\\\/de\\\/shop\\\/\"},{\"@type\":\"ListItem\",\"position\":3,\"name\":\"Sport Socken &#8211; Blazing Orange\"}]},{\"@type\":\"WebSite\",\"@id\":\"https:\\\/\\\/soxs.co\\\/de\\\/#website\",\"url\":\"https:\\\/\\\/soxs.co\\\/de\\\/\",\"name\":\"SOXS.co DE\",\"description\":\"Trendige und wunderbar warme Socken f\u00fcr alle\",\"potentialAction\":[{\"@type\":\"SearchAction\",\"target\":{\"@type\":\"EntryPoint\",\"urlTemplate\":\"https:\\\/\\\/soxs.co\\\/de\\\/?s={search_term_string}\"},\"query-input\":{\"@type\":\"PropertyValueSpecification\",\"valueRequired\":true,\"valueName\":\"search_term_string\"}}],\"inLanguage\":\"de\"}]}<\/script>\n<!-- \/ Yoast SEO plugin. -->","yoast_head_json":{"title":"Sport Socken - Blazing Orange - SOXS.co DE","robots":{"index":"index","follow":"follow","max-snippet":"max-snippet:-1","max-image-preview":"max-image-preview:large","max-video-preview":"max-video-preview:-1"},"canonical":"https:\/\/soxs.co\/de\/soxs-baumwolle-sport-socken-blazing-orange\/","og_locale":"de_DE","og_type":"article","og_title":"Sport Socken - Blazing Orange - SOXS.co DE","og_description":"Heben Sie sich ab mit den SOXS Sportsocken in Blazing Orange. Diese leuchtend orangefarbenen Sportsocken verleihen Ihrem Sportoutfit zus\u00e4tzliche Energie. Sie sind aus Bio-Baumwolle gefertigt, atmungsaktiv und bequem, sodass Ihre F\u00fc\u00dfe auch bei h\u00e4rtestem Training trocken und frisch bleiben.","og_url":"https:\/\/soxs.co\/de\/soxs-baumwolle-sport-socken-blazing-orange\/","og_site_name":"SOXS.co DE","article_publisher":"https:\/\/www.facebook.com\/soxs.co\/","article_modified_time":"2026-04-08T12:54:14+00:00","og_image":[{"width":1000,"height":1000,"url":"https:\/\/soxs.co\/app\/uploads\/sites\/2\/2025\/04\/Soxs3869-3870_3.jpg","type":"image\/jpeg"}],"twitter_card":"summary_large_image","twitter_site":"@soxs_co","twitter_misc":{"Gesch\u00e4tzte Lesezeit":"1\u00a0Minute"},"schema":{"@context":"https:\/\/schema.org","@graph":[{"@type":"WebPage","@id":"https:\/\/soxs.co\/de\/soxs-baumwolle-sport-socken-blazing-orange\/","url":"https:\/\/soxs.co\/de\/soxs-baumwolle-sport-socken-blazing-orange\/","name":"Sport Socken - Blazing Orange - SOXS.co DE","isPartOf":{"@id":"https:\/\/soxs.co\/de\/#website"},"primaryImageOfPage":{"@id":"https:\/\/soxs.co\/de\/soxs-baumwolle-sport-socken-blazing-orange\/#primaryimage"},"image":{"@id":"https:\/\/soxs.co\/de\/soxs-baumwolle-sport-socken-blazing-orange\/#primaryimage"},"thumbnailUrl":"https:\/\/soxs.co\/app\/uploads\/sites\/2\/2025\/04\/Soxs3869-3870_3.jpg","datePublished":"2025-03-25T08:39:23+00:00","dateModified":"2026-04-08T12:54:14+00:00","breadcrumb":{"@id":"https:\/\/soxs.co\/de\/soxs-baumwolle-sport-socken-blazing-orange\/#breadcrumb"},"inLanguage":"de","potentialAction":[{"@type":"ReadAction","target":["https:\/\/soxs.co\/de\/soxs-baumwolle-sport-socken-blazing-orange\/"]}]},{"@type":"ImageObject","inLanguage":"de","@id":"https:\/\/soxs.co\/de\/soxs-baumwolle-sport-socken-blazing-orange\/#primaryimage","url":"https:\/\/soxs.co\/app\/uploads\/sites\/2\/2025\/04\/Soxs3869-3870_3.jpg","contentUrl":"https:\/\/soxs.co\/app\/uploads\/sites\/2\/2025\/04\/Soxs3869-3870_3.jpg","width":1000,"height":1000,"caption":"Blazing Orange SOX3869-3870"},{"@type":"BreadcrumbList","@id":"https:\/\/soxs.co\/de\/soxs-baumwolle-sport-socken-blazing-orange\/#breadcrumb","itemListElement":[{"@type":"ListItem","position":1,"name":"Home","item":"https:\/\/soxs.co\/de\/"},{"@type":"ListItem","position":2,"name":"Shop","item":"https:\/\/soxs.co\/de\/shop\/"},{"@type":"ListItem","position":3,"name":"Sport Socken &#8211; Blazing Orange"}]},{"@type":"WebSite","@id":"https:\/\/soxs.co\/de\/#website","url":"https:\/\/soxs.co\/de\/","name":"SOXS.co DE","description":"Trendige und wunderbar warme Socken f\u00fcr alle","potentialAction":[{"@type":"SearchAction","target":{"@type":"EntryPoint","urlTemplate":"https:\/\/soxs.co\/de\/?s={search_term_string}"},"query-input":{"@type":"PropertyValueSpecification","valueRequired":true,"valueName":"search_term_string"}}],"inLanguage":"de"}]}},"_links":{"self":[{"href":"https:\/\/soxs.co\/de\/wp-json\/wp\/v2\/product\/700130891","targetHints":{"allow":["GET"]}}],"collection":[{"href":"https:\/\/soxs.co\/de\/wp-json\/wp\/v2\/product"}],"about":[{"href":"https:\/\/soxs.co\/de\/wp-json\/wp\/v2\/types\/product"}],"replies":[{"embeddable":true,"href":"https:\/\/soxs.co\/de\/wp-json\/wp\/v2\/comments?post=700130891"}],"wp:featuredmedia":[{"embeddable":true,"href":"https:\/\/soxs.co\/de\/wp-json\/wp\/v2\/media\/700130913"}],"wp:attachment":[{"href":"https:\/\/soxs.co\/de\/wp-json\/wp\/v2\/media?parent=700130891"}],"wp:term":[{"taxonomy":"product_brand","embeddable":true,"href":"https:\/\/soxs.co\/de\/wp-json\/wp\/v2\/product_brand?post=700130891"},{"taxonomy":"product_cat","embeddable":true,"href":"https:\/\/soxs.co\/de\/wp-json\/wp\/v2\/product_cat?post=700130891"},{"taxonomy":"product_tag","embeddable":true,"href":"https:\/\/soxs.co\/de\/wp-json\/wp\/v2\/product_tag?post=700130891"}],"curies":[{"name":"wp","href":"https:\/\/api.w.org\/{rel}","templated":true}]}}