{"id":700130813,"date":"2025-02-24T11:39:23","date_gmt":"2025-02-24T10:39:23","guid":{"rendered":"https:\/\/soxs.co\/de\/?post_type=product&#038;p=700130813"},"modified":"2026-04-08T16:16:49","modified_gmt":"2025-12-19T14:13:16","slug":"soxs-dunkel-graue-wolle-socken-bier-label-medium-42-46","status":"publish","type":"product","link":"https:\/\/soxs.co\/de\/soxs-dunkel-graue-wolle-socken-bier-label-medium-42-46\/","title":{"rendered":"Originals  &#8211; Dunkelgraue Wolle &#8211; Label Bier &#8211; 42-46"},"content":{"rendered":"<p>Unsere dunkelgrauen Wollsocken mit einem fantastischen Bier-Label versetzen Ihre F\u00fc\u00dfe in Partystimmung! Diese Socken halten dich warm, w\u00e4hrend du dein Lieblings-IPA, Lagerbier oder Stout genie\u00dft und zaubern dir ein L\u00e4cheln ins Gesicht. Egal, ob du in der Bar abh\u00e4ngst oder es dir zu Hause mit leckere Erdn\u00fcsse und einem kalten Bier gem\u00fctlich machst, diese Socken sind dein idealer Freund. Prost auf warme F\u00fc\u00dfe und ein gutes Glas Bier! \ud83c\udf7b<\/p>\n<p>Unsere dunkelgrauen Wollsocken mit einem fantastischen Bier-Label versetzen Ihre F\u00fc\u00dfe in Partystimmung! Diese Socken halten dich warm, w\u00e4hrend du dein Lieblings-IPA, Lagerbier oder Stout genie\u00dft und zaubern dir ein L\u00e4cheln ins Gesicht. Egal, ob du in der Bar abh\u00e4ngst oder es dir zu Hause mit leckere Erdn\u00fcsse und einem kalten Bier gem\u00fctlich machst, diese Socken sind dein idealer Freund. Prost auf warme F\u00fc\u00dfe und ein gutes Glas Bier! \ud83c\udf7b<\/p>\n","protected":false},"excerpt":{"rendered":"<p>Unsere dunkelgrauen Wollsocken mit einem fantastischen Bier-Label versetzen Ihre F\u00fc\u00dfe in Partystimmung! Diese Socken halten dich warm, w\u00e4hrend du dein Lieblings-IPA, Lagerbier oder Stout genie\u00dft und zaubern dir ein L\u00e4cheln ins Gesicht. Egal, ob du in der Bar abh\u00e4ngst oder es dir zu Hause mit leckere Erdn\u00fcsse und einem kalten Bier gem\u00fctlich machst, diese Socken sind dein idealer Freund. Prost auf warme F\u00fc\u00dfe und ein gutes Glas Bier! \ud83c\udf7b<\/p>\n","protected":false},"featured_media":700130818,"comment_status":"closed","ping_status":"closed","template":"","meta":{"_acf_changed":false,"_improvement_type_select":"improve_an_existing","_thumb_yes_seoaic":false,"_frame_yes_seoaic":false,"seoaic_generate_description":"","seoaic_improve_instructions_prompt":"","seoaic_rollback_content_improvement":"","seoaic_idea_thumbnail_generator":"","thumbnail_generated":false,"thumbnail_generate_prompt":"","seoaic_article_description":""},"product_brand":[1593],"product_cat":[60,56],"product_tag":[1587,1588,1589],"class_list":{"0":"post-700130813","1":"product","2":"type-product","3":"status-publish","4":"has-post-thumbnail","6":"product_brand-soxs-co","7":"product_cat-wollsocken-herren","8":"product_cat-wollen-socken","9":"product_tag-merinowollsocken","10":"product_tag-warme-socken","11":"product_tag-warme-wollsocken","13":"first","14":"instock","15":"taxable","16":"shipping-taxable","17":"purchasable","18":"product-type-simple"},"acf":[],"yoast_head":"<!-- This site is optimized with the Yoast SEO plugin v27.3 - https:\/\/yoast.com\/product\/yoast-seo-wordpress\/ -->\n<title>Originals - Dunkelgraue Wolle - Label Bier - 42-46 - SOXS.co DE<\/title>\n<meta name=\"description\" content=\"Unsere dunkelgrauen Wollsocken mit einem Bieretikett versetzen Ihre F\u00fc\u00dfe in Partystimmung! Egal, ob du in der Bar abh\u00e4ngst oder dich zu Hause entspannst.\" \/>\n<meta name=\"robots\" content=\"index, follow, max-snippet:-1, max-image-preview:large, max-video-preview:-1\" \/>\n<link rel=\"canonical\" href=\"https:\/\/soxs.co\/de\/soxs-dunkel-graue-wolle-socken-bier-label-medium-42-46\/\" \/>\n<meta property=\"og:locale\" content=\"de_DE\" \/>\n<meta property=\"og:type\" content=\"article\" \/>\n<meta property=\"og:title\" content=\"Originals - Dunkelgraue Wolle - Label Bier - 42-46 - SOXS.co DE\" \/>\n<meta property=\"og:description\" content=\"Unsere dunkelgrauen Wollsocken mit einem Bieretikett versetzen Ihre F\u00fc\u00dfe in Partystimmung! Egal, ob du in der Bar abh\u00e4ngst oder dich zu Hause entspannst.\" \/>\n<meta property=\"og:url\" content=\"https:\/\/soxs.co\/de\/soxs-dunkel-graue-wolle-socken-bier-label-medium-42-46\/\" \/>\n<meta property=\"og:site_name\" content=\"SOXS.co DE\" \/>\n<meta property=\"article:publisher\" content=\"https:\/\/www.facebook.com\/soxs.co\/\" \/>\n<meta property=\"article:modified_time\" content=\"2025-12-19T14:13:16+00:00\" \/>\n<meta property=\"og:image\" content=\"https:\/\/soxs.co\/app\/uploads\/sites\/2\/2025\/02\/SOX3812_1000x1000px-810x810.png\" \/>\n\t<meta property=\"og:image:width\" content=\"810\" \/>\n\t<meta property=\"og:image:height\" content=\"810\" \/>\n\t<meta property=\"og:image:type\" content=\"image\/png\" \/>\n<meta name=\"twitter:card\" content=\"summary_large_image\" \/>\n<meta name=\"twitter:site\" content=\"@soxs_co\" \/>\n<meta name=\"twitter:label1\" content=\"Gesch\u00e4tzte Lesezeit\" \/>\n\t<meta name=\"twitter:data1\" content=\"1\u00a0Minute\" \/>\n<script type=\"application\/ld+json\" class=\"yoast-schema-graph\">{\"@context\":\"https:\\\/\\\/schema.org\",\"@graph\":[{\"@type\":\"WebPage\",\"@id\":\"https:\\\/\\\/soxs.co\\\/de\\\/soxs-dunkel-graue-wolle-socken-bier-label-medium-42-46\\\/\",\"url\":\"https:\\\/\\\/soxs.co\\\/de\\\/soxs-dunkel-graue-wolle-socken-bier-label-medium-42-46\\\/\",\"name\":\"Originals - Dunkelgraue Wolle - Label Bier - 42-46 - SOXS.co DE\",\"isPartOf\":{\"@id\":\"https:\\\/\\\/soxs.co\\\/de\\\/#website\"},\"primaryImageOfPage\":{\"@id\":\"https:\\\/\\\/soxs.co\\\/de\\\/soxs-dunkel-graue-wolle-socken-bier-label-medium-42-46\\\/#primaryimage\"},\"image\":{\"@id\":\"https:\\\/\\\/soxs.co\\\/de\\\/soxs-dunkel-graue-wolle-socken-bier-label-medium-42-46\\\/#primaryimage\"},\"thumbnailUrl\":\"https:\\\/\\\/soxs.co\\\/app\\\/uploads\\\/sites\\\/2\\\/2025\\\/02\\\/SOX3812_1000x1000px.png\",\"datePublished\":\"2025-02-24T10:39:23+00:00\",\"dateModified\":\"2025-12-19T14:13:16+00:00\",\"description\":\"Unsere dunkelgrauen Wollsocken mit einem Bieretikett versetzen Ihre F\u00fc\u00dfe in Partystimmung! Egal, ob du in der Bar abh\u00e4ngst oder dich zu Hause entspannst.\",\"breadcrumb\":{\"@id\":\"https:\\\/\\\/soxs.co\\\/de\\\/soxs-dunkel-graue-wolle-socken-bier-label-medium-42-46\\\/#breadcrumb\"},\"inLanguage\":\"de\",\"potentialAction\":[{\"@type\":\"ReadAction\",\"target\":[\"https:\\\/\\\/soxs.co\\\/de\\\/soxs-dunkel-graue-wolle-socken-bier-label-medium-42-46\\\/\"]}]},{\"@type\":\"ImageObject\",\"inLanguage\":\"de\",\"@id\":\"https:\\\/\\\/soxs.co\\\/de\\\/soxs-dunkel-graue-wolle-socken-bier-label-medium-42-46\\\/#primaryimage\",\"url\":\"https:\\\/\\\/soxs.co\\\/app\\\/uploads\\\/sites\\\/2\\\/2025\\\/02\\\/SOX3812_1000x1000px.png\",\"contentUrl\":\"https:\\\/\\\/soxs.co\\\/app\\\/uploads\\\/sites\\\/2\\\/2025\\\/02\\\/SOX3812_1000x1000px.png\",\"width\":2362,\"height\":2362,\"caption\":\"SOX3812_1000x1000px\"},{\"@type\":\"BreadcrumbList\",\"@id\":\"https:\\\/\\\/soxs.co\\\/de\\\/soxs-dunkel-graue-wolle-socken-bier-label-medium-42-46\\\/#breadcrumb\",\"itemListElement\":[{\"@type\":\"ListItem\",\"position\":1,\"name\":\"Home\",\"item\":\"https:\\\/\\\/soxs.co\\\/de\\\/\"},{\"@type\":\"ListItem\",\"position\":2,\"name\":\"Shop\",\"item\":\"https:\\\/\\\/soxs.co\\\/de\\\/shop\\\/\"},{\"@type\":\"ListItem\",\"position\":3,\"name\":\"Originals &#8211; Dunkelgraue Wolle &#8211; Label Bier &#8211; 42-46\"}]},{\"@type\":\"WebSite\",\"@id\":\"https:\\\/\\\/soxs.co\\\/de\\\/#website\",\"url\":\"https:\\\/\\\/soxs.co\\\/de\\\/\",\"name\":\"SOXS.co DE\",\"description\":\"Trendige und wunderbar warme Socken f\u00fcr alle\",\"potentialAction\":[{\"@type\":\"SearchAction\",\"target\":{\"@type\":\"EntryPoint\",\"urlTemplate\":\"https:\\\/\\\/soxs.co\\\/de\\\/?s={search_term_string}\"},\"query-input\":{\"@type\":\"PropertyValueSpecification\",\"valueRequired\":true,\"valueName\":\"search_term_string\"}}],\"inLanguage\":\"de\"}]}<\/script>\n<!-- \/ Yoast SEO plugin. -->","yoast_head_json":{"title":"Originals - Dunkelgraue Wolle - Label Bier - 42-46 - SOXS.co DE","description":"Unsere dunkelgrauen Wollsocken mit einem Bieretikett versetzen Ihre F\u00fc\u00dfe in Partystimmung! Egal, ob du in der Bar abh\u00e4ngst oder dich zu Hause entspannst.","robots":{"index":"index","follow":"follow","max-snippet":"max-snippet:-1","max-image-preview":"max-image-preview:large","max-video-preview":"max-video-preview:-1"},"canonical":"https:\/\/soxs.co\/de\/soxs-dunkel-graue-wolle-socken-bier-label-medium-42-46\/","og_locale":"de_DE","og_type":"article","og_title":"Originals - Dunkelgraue Wolle - Label Bier - 42-46 - SOXS.co DE","og_description":"Unsere dunkelgrauen Wollsocken mit einem Bieretikett versetzen Ihre F\u00fc\u00dfe in Partystimmung! Egal, ob du in der Bar abh\u00e4ngst oder dich zu Hause entspannst.","og_url":"https:\/\/soxs.co\/de\/soxs-dunkel-graue-wolle-socken-bier-label-medium-42-46\/","og_site_name":"SOXS.co DE","article_publisher":"https:\/\/www.facebook.com\/soxs.co\/","article_modified_time":"2025-12-19T14:13:16+00:00","og_image":[{"width":810,"height":810,"url":"https:\/\/soxs.co\/app\/uploads\/sites\/2\/2025\/02\/SOX3812_1000x1000px-810x810.png","type":"image\/png"}],"twitter_card":"summary_large_image","twitter_site":"@soxs_co","twitter_misc":{"Gesch\u00e4tzte Lesezeit":"1\u00a0Minute"},"schema":{"@context":"https:\/\/schema.org","@graph":[{"@type":"WebPage","@id":"https:\/\/soxs.co\/de\/soxs-dunkel-graue-wolle-socken-bier-label-medium-42-46\/","url":"https:\/\/soxs.co\/de\/soxs-dunkel-graue-wolle-socken-bier-label-medium-42-46\/","name":"Originals - Dunkelgraue Wolle - Label Bier - 42-46 - SOXS.co DE","isPartOf":{"@id":"https:\/\/soxs.co\/de\/#website"},"primaryImageOfPage":{"@id":"https:\/\/soxs.co\/de\/soxs-dunkel-graue-wolle-socken-bier-label-medium-42-46\/#primaryimage"},"image":{"@id":"https:\/\/soxs.co\/de\/soxs-dunkel-graue-wolle-socken-bier-label-medium-42-46\/#primaryimage"},"thumbnailUrl":"https:\/\/soxs.co\/app\/uploads\/sites\/2\/2025\/02\/SOX3812_1000x1000px.png","datePublished":"2025-02-24T10:39:23+00:00","dateModified":"2025-12-19T14:13:16+00:00","description":"Unsere dunkelgrauen Wollsocken mit einem Bieretikett versetzen Ihre F\u00fc\u00dfe in Partystimmung! Egal, ob du in der Bar abh\u00e4ngst oder dich zu Hause entspannst.","breadcrumb":{"@id":"https:\/\/soxs.co\/de\/soxs-dunkel-graue-wolle-socken-bier-label-medium-42-46\/#breadcrumb"},"inLanguage":"de","potentialAction":[{"@type":"ReadAction","target":["https:\/\/soxs.co\/de\/soxs-dunkel-graue-wolle-socken-bier-label-medium-42-46\/"]}]},{"@type":"ImageObject","inLanguage":"de","@id":"https:\/\/soxs.co\/de\/soxs-dunkel-graue-wolle-socken-bier-label-medium-42-46\/#primaryimage","url":"https:\/\/soxs.co\/app\/uploads\/sites\/2\/2025\/02\/SOX3812_1000x1000px.png","contentUrl":"https:\/\/soxs.co\/app\/uploads\/sites\/2\/2025\/02\/SOX3812_1000x1000px.png","width":2362,"height":2362,"caption":"SOX3812_1000x1000px"},{"@type":"BreadcrumbList","@id":"https:\/\/soxs.co\/de\/soxs-dunkel-graue-wolle-socken-bier-label-medium-42-46\/#breadcrumb","itemListElement":[{"@type":"ListItem","position":1,"name":"Home","item":"https:\/\/soxs.co\/de\/"},{"@type":"ListItem","position":2,"name":"Shop","item":"https:\/\/soxs.co\/de\/shop\/"},{"@type":"ListItem","position":3,"name":"Originals &#8211; Dunkelgraue Wolle &#8211; Label Bier &#8211; 42-46"}]},{"@type":"WebSite","@id":"https:\/\/soxs.co\/de\/#website","url":"https:\/\/soxs.co\/de\/","name":"SOXS.co DE","description":"Trendige und wunderbar warme Socken f\u00fcr alle","potentialAction":[{"@type":"SearchAction","target":{"@type":"EntryPoint","urlTemplate":"https:\/\/soxs.co\/de\/?s={search_term_string}"},"query-input":{"@type":"PropertyValueSpecification","valueRequired":true,"valueName":"search_term_string"}}],"inLanguage":"de"}]}},"_links":{"self":[{"href":"https:\/\/soxs.co\/de\/wp-json\/wp\/v2\/product\/700130813","targetHints":{"allow":["GET"]}}],"collection":[{"href":"https:\/\/soxs.co\/de\/wp-json\/wp\/v2\/product"}],"about":[{"href":"https:\/\/soxs.co\/de\/wp-json\/wp\/v2\/types\/product"}],"replies":[{"embeddable":true,"href":"https:\/\/soxs.co\/de\/wp-json\/wp\/v2\/comments?post=700130813"}],"wp:featuredmedia":[{"embeddable":true,"href":"https:\/\/soxs.co\/de\/wp-json\/wp\/v2\/media\/700130818"}],"wp:attachment":[{"href":"https:\/\/soxs.co\/de\/wp-json\/wp\/v2\/media?parent=700130813"}],"wp:term":[{"taxonomy":"product_brand","embeddable":true,"href":"https:\/\/soxs.co\/de\/wp-json\/wp\/v2\/product_brand?post=700130813"},{"taxonomy":"product_cat","embeddable":true,"href":"https:\/\/soxs.co\/de\/wp-json\/wp\/v2\/product_cat?post=700130813"},{"taxonomy":"product_tag","embeddable":true,"href":"https:\/\/soxs.co\/de\/wp-json\/wp\/v2\/product_tag?post=700130813"}],"curies":[{"name":"wp","href":"https:\/\/api.w.org\/{rel}","templated":true}]}}