{"id":1004,"date":"2020-08-07T12:19:07","date_gmt":"2020-08-07T10:19:07","guid":{"rendered":"https:\/\/soxs.co\/vrouwen-bubblegum-label-low\/"},"modified":"2026-04-15T00:03:03","modified_gmt":"2026-04-14T22:03:03","slug":"soxs-graue-woll-damensocken-bubblegum-label-kurz","status":"publish","type":"product","link":"https:\/\/soxs.co\/de\/soxs-graue-woll-damensocken-bubblegum-label-kurz\/","title":{"rendered":"Originals  &#8211; Graue Wolle &#8211; Label Bubblegum"},"content":{"rendered":"","protected":false},"excerpt":{"rendered":"<p>Die SOXS Originals Icons mit Bubble Gum Label sind die idealen Socken f\u00fcr alle, die immer warme F\u00fc\u00dfe haben m\u00f6chten. Dank der nat\u00fcrlichen Merinowolle bleiben Ihre F\u00fc\u00dfe im Winter kuschelig warm und im Sommer angenehm k\u00fchl. Das hinzugef\u00fcgte Polyamid sorgt daf\u00fcr, dass die Socken ihre Form behalten, nicht kratzen und besonders bequem sind.<\/p>\n","protected":false},"featured_media":700128920,"comment_status":"closed","ping_status":"closed","template":"","meta":{"_acf_changed":false,"_improvement_type_select":"improve_an_existing","_thumb_yes_seoaic":false,"_frame_yes_seoaic":false,"seoaic_generate_description":"","seoaic_improve_instructions_prompt":"","seoaic_rollback_content_improvement":"","seoaic_idea_thumbnail_generator":"","thumbnail_generated":false,"thumbnail_generate_prompt":"","seoaic_article_description":""},"product_brand":[1593],"product_cat":[58,1634,1638,1633,1667,60,1666,1627,1628,56,1646,1645],"product_tag":[1587,1588,1589],"class_list":{"0":"post-1004","1":"product","2":"type-product","3":"status-publish","4":"has-post-thumbnail","6":"product_brand-soxs-co","7":"product_cat-wollsocken-damen","8":"product_cat-diabetes","9":"product_cat-geschenk-fuer-sie","10":"product_cat-geschwolleneknochel","11":"product_cat-grosse","12":"product_cat-wollsocken-herren","13":"product_cat-kleine","14":"product_cat-originals","15":"product_cat-icons","16":"product_cat-wollen-socken","17":"product_cat-wollhaussocken-fuer-damen","18":"product_cat-wollsocken-fuer-zu-hause","19":"product_tag-merinowollsocken","20":"product_tag-warme-socken","21":"product_tag-warme-wollsocken","23":"first","24":"instock","25":"taxable","26":"shipping-taxable","27":"purchasable","28":"product-type-variable","29":"has-default-attributes"},"acf":[],"yoast_head":"<!-- This site is optimized with the Yoast SEO plugin v27.3 - https:\/\/yoast.com\/product\/yoast-seo-wordpress\/ -->\n<title>Graue wollene Kurzsocken Damen Bubblegum Label - SOXS.co<\/title>\n<meta name=\"description\" content=\"Entdecke die SOXS Originals Icon in Bubblegum. Weiche Merinowolle, modisches Label und nat\u00fcrlicher Komfort, warme F\u00fc\u00dfe mit Stil.\" \/>\n<meta name=\"robots\" content=\"index, follow, max-snippet:-1, max-image-preview:large, max-video-preview:-1\" \/>\n<link rel=\"canonical\" href=\"https:\/\/soxs.co\/de\/soxs-graue-woll-damensocken-bubblegum-label-kurz\/\" \/>\n<meta property=\"og:locale\" content=\"de_DE\" \/>\n<meta property=\"og:type\" content=\"article\" \/>\n<meta property=\"og:title\" content=\"Graue wollene Kurzsocken Damen Bubblegum Label - SOXS.co\" \/>\n<meta property=\"og:description\" content=\"Entdecke die SOXS Originals Icon in Bubblegum. Weiche Merinowolle, modisches Label und nat\u00fcrlicher Komfort, warme F\u00fc\u00dfe mit Stil.\" \/>\n<meta property=\"og:url\" content=\"https:\/\/soxs.co\/de\/soxs-graue-woll-damensocken-bubblegum-label-kurz\/\" \/>\n<meta property=\"og:site_name\" content=\"SOXS.co DE\" \/>\n<meta property=\"article:publisher\" content=\"https:\/\/www.facebook.com\/soxs.co\/\" \/>\n<meta property=\"article:modified_time\" content=\"2026-04-14T22:03:03+00:00\" \/>\n<meta property=\"og:image\" content=\"https:\/\/soxs.co\/app\/uploads\/sites\/2\/2020\/08\/SOX3103_1000x1000px.png\" \/>\n\t<meta property=\"og:image:width\" content=\"1000\" \/>\n\t<meta property=\"og:image:height\" content=\"1000\" \/>\n\t<meta property=\"og:image:type\" content=\"image\/png\" \/>\n<meta name=\"twitter:card\" content=\"summary_large_image\" \/>\n<meta name=\"twitter:site\" content=\"@soxs_co\" \/>\n<meta name=\"twitter:label1\" content=\"Gesch\u00e4tzte Lesezeit\" \/>\n\t<meta name=\"twitter:data1\" content=\"1\u00a0Minute\" \/>\n<script type=\"application\/ld+json\" class=\"yoast-schema-graph\">{\"@context\":\"https:\\\/\\\/schema.org\",\"@graph\":[{\"@type\":\"WebPage\",\"@id\":\"https:\\\/\\\/soxs.co\\\/de\\\/soxs-graue-woll-damensocken-bubblegum-label-kurz\\\/\",\"url\":\"https:\\\/\\\/soxs.co\\\/de\\\/soxs-graue-woll-damensocken-bubblegum-label-kurz\\\/\",\"name\":\"Graue wollene Kurzsocken Damen Bubblegum Label - SOXS.co\",\"isPartOf\":{\"@id\":\"https:\\\/\\\/soxs.co\\\/de\\\/#website\"},\"primaryImageOfPage\":{\"@id\":\"https:\\\/\\\/soxs.co\\\/de\\\/soxs-graue-woll-damensocken-bubblegum-label-kurz\\\/#primaryimage\"},\"image\":{\"@id\":\"https:\\\/\\\/soxs.co\\\/de\\\/soxs-graue-woll-damensocken-bubblegum-label-kurz\\\/#primaryimage\"},\"thumbnailUrl\":\"https:\\\/\\\/soxs.co\\\/app\\\/uploads\\\/sites\\\/2\\\/2020\\\/08\\\/SOX3103_1000x1000px.png\",\"datePublished\":\"2020-08-07T10:19:07+00:00\",\"dateModified\":\"2026-04-14T22:03:03+00:00\",\"description\":\"Entdecke die SOXS Originals Icon in Bubblegum. Weiche Merinowolle, modisches Label und nat\u00fcrlicher Komfort, warme F\u00fc\u00dfe mit Stil.\",\"breadcrumb\":{\"@id\":\"https:\\\/\\\/soxs.co\\\/de\\\/soxs-graue-woll-damensocken-bubblegum-label-kurz\\\/#breadcrumb\"},\"inLanguage\":\"de\",\"potentialAction\":[{\"@type\":\"ReadAction\",\"target\":[\"https:\\\/\\\/soxs.co\\\/de\\\/soxs-graue-woll-damensocken-bubblegum-label-kurz\\\/\"]}]},{\"@type\":\"ImageObject\",\"inLanguage\":\"de\",\"@id\":\"https:\\\/\\\/soxs.co\\\/de\\\/soxs-graue-woll-damensocken-bubblegum-label-kurz\\\/#primaryimage\",\"url\":\"https:\\\/\\\/soxs.co\\\/app\\\/uploads\\\/sites\\\/2\\\/2020\\\/08\\\/SOX3103_1000x1000px.png\",\"contentUrl\":\"https:\\\/\\\/soxs.co\\\/app\\\/uploads\\\/sites\\\/2\\\/2020\\\/08\\\/SOX3103_1000x1000px.png\",\"width\":1000,\"height\":1000,\"caption\":\"SOX3103_1000x1000px\"},{\"@type\":\"BreadcrumbList\",\"@id\":\"https:\\\/\\\/soxs.co\\\/de\\\/soxs-graue-woll-damensocken-bubblegum-label-kurz\\\/#breadcrumb\",\"itemListElement\":[{\"@type\":\"ListItem\",\"position\":1,\"name\":\"Home\",\"item\":\"https:\\\/\\\/soxs.co\\\/de\\\/\"},{\"@type\":\"ListItem\",\"position\":2,\"name\":\"Shop\",\"item\":\"https:\\\/\\\/soxs.co\\\/de\\\/shop\\\/\"},{\"@type\":\"ListItem\",\"position\":3,\"name\":\"Originals &#8211; Graue Wolle &#8211; Label Bubblegum\"}]},{\"@type\":\"WebSite\",\"@id\":\"https:\\\/\\\/soxs.co\\\/de\\\/#website\",\"url\":\"https:\\\/\\\/soxs.co\\\/de\\\/\",\"name\":\"SOXS.co DE\",\"description\":\"Trendige und wunderbar warme Socken f\u00fcr alle\",\"potentialAction\":[{\"@type\":\"SearchAction\",\"target\":{\"@type\":\"EntryPoint\",\"urlTemplate\":\"https:\\\/\\\/soxs.co\\\/de\\\/?s={search_term_string}\"},\"query-input\":{\"@type\":\"PropertyValueSpecification\",\"valueRequired\":true,\"valueName\":\"search_term_string\"}}],\"inLanguage\":\"de\"}]}<\/script>\n<!-- \/ Yoast SEO plugin. -->","yoast_head_json":{"title":"Graue wollene Kurzsocken Damen Bubblegum Label - SOXS.co","description":"Entdecke die SOXS Originals Icon in Bubblegum. Weiche Merinowolle, modisches Label und nat\u00fcrlicher Komfort, warme F\u00fc\u00dfe mit Stil.","robots":{"index":"index","follow":"follow","max-snippet":"max-snippet:-1","max-image-preview":"max-image-preview:large","max-video-preview":"max-video-preview:-1"},"canonical":"https:\/\/soxs.co\/de\/soxs-graue-woll-damensocken-bubblegum-label-kurz\/","og_locale":"de_DE","og_type":"article","og_title":"Graue wollene Kurzsocken Damen Bubblegum Label - SOXS.co","og_description":"Entdecke die SOXS Originals Icon in Bubblegum. Weiche Merinowolle, modisches Label und nat\u00fcrlicher Komfort, warme F\u00fc\u00dfe mit Stil.","og_url":"https:\/\/soxs.co\/de\/soxs-graue-woll-damensocken-bubblegum-label-kurz\/","og_site_name":"SOXS.co DE","article_publisher":"https:\/\/www.facebook.com\/soxs.co\/","article_modified_time":"2026-04-14T22:03:03+00:00","og_image":[{"width":1000,"height":1000,"url":"https:\/\/soxs.co\/app\/uploads\/sites\/2\/2020\/08\/SOX3103_1000x1000px.png","type":"image\/png"}],"twitter_card":"summary_large_image","twitter_site":"@soxs_co","twitter_misc":{"Gesch\u00e4tzte Lesezeit":"1\u00a0Minute"},"schema":{"@context":"https:\/\/schema.org","@graph":[{"@type":"WebPage","@id":"https:\/\/soxs.co\/de\/soxs-graue-woll-damensocken-bubblegum-label-kurz\/","url":"https:\/\/soxs.co\/de\/soxs-graue-woll-damensocken-bubblegum-label-kurz\/","name":"Graue wollene Kurzsocken Damen Bubblegum Label - SOXS.co","isPartOf":{"@id":"https:\/\/soxs.co\/de\/#website"},"primaryImageOfPage":{"@id":"https:\/\/soxs.co\/de\/soxs-graue-woll-damensocken-bubblegum-label-kurz\/#primaryimage"},"image":{"@id":"https:\/\/soxs.co\/de\/soxs-graue-woll-damensocken-bubblegum-label-kurz\/#primaryimage"},"thumbnailUrl":"https:\/\/soxs.co\/app\/uploads\/sites\/2\/2020\/08\/SOX3103_1000x1000px.png","datePublished":"2020-08-07T10:19:07+00:00","dateModified":"2026-04-14T22:03:03+00:00","description":"Entdecke die SOXS Originals Icon in Bubblegum. Weiche Merinowolle, modisches Label und nat\u00fcrlicher Komfort, warme F\u00fc\u00dfe mit Stil.","breadcrumb":{"@id":"https:\/\/soxs.co\/de\/soxs-graue-woll-damensocken-bubblegum-label-kurz\/#breadcrumb"},"inLanguage":"de","potentialAction":[{"@type":"ReadAction","target":["https:\/\/soxs.co\/de\/soxs-graue-woll-damensocken-bubblegum-label-kurz\/"]}]},{"@type":"ImageObject","inLanguage":"de","@id":"https:\/\/soxs.co\/de\/soxs-graue-woll-damensocken-bubblegum-label-kurz\/#primaryimage","url":"https:\/\/soxs.co\/app\/uploads\/sites\/2\/2020\/08\/SOX3103_1000x1000px.png","contentUrl":"https:\/\/soxs.co\/app\/uploads\/sites\/2\/2020\/08\/SOX3103_1000x1000px.png","width":1000,"height":1000,"caption":"SOX3103_1000x1000px"},{"@type":"BreadcrumbList","@id":"https:\/\/soxs.co\/de\/soxs-graue-woll-damensocken-bubblegum-label-kurz\/#breadcrumb","itemListElement":[{"@type":"ListItem","position":1,"name":"Home","item":"https:\/\/soxs.co\/de\/"},{"@type":"ListItem","position":2,"name":"Shop","item":"https:\/\/soxs.co\/de\/shop\/"},{"@type":"ListItem","position":3,"name":"Originals &#8211; Graue Wolle &#8211; Label Bubblegum"}]},{"@type":"WebSite","@id":"https:\/\/soxs.co\/de\/#website","url":"https:\/\/soxs.co\/de\/","name":"SOXS.co DE","description":"Trendige und wunderbar warme Socken f\u00fcr alle","potentialAction":[{"@type":"SearchAction","target":{"@type":"EntryPoint","urlTemplate":"https:\/\/soxs.co\/de\/?s={search_term_string}"},"query-input":{"@type":"PropertyValueSpecification","valueRequired":true,"valueName":"search_term_string"}}],"inLanguage":"de"}]}},"_links":{"self":[{"href":"https:\/\/soxs.co\/de\/wp-json\/wp\/v2\/product\/1004","targetHints":{"allow":["GET"]}}],"collection":[{"href":"https:\/\/soxs.co\/de\/wp-json\/wp\/v2\/product"}],"about":[{"href":"https:\/\/soxs.co\/de\/wp-json\/wp\/v2\/types\/product"}],"replies":[{"embeddable":true,"href":"https:\/\/soxs.co\/de\/wp-json\/wp\/v2\/comments?post=1004"}],"wp:featuredmedia":[{"embeddable":true,"href":"https:\/\/soxs.co\/de\/wp-json\/wp\/v2\/media\/700128920"}],"wp:attachment":[{"href":"https:\/\/soxs.co\/de\/wp-json\/wp\/v2\/media?parent=1004"}],"wp:term":[{"taxonomy":"product_brand","embeddable":true,"href":"https:\/\/soxs.co\/de\/wp-json\/wp\/v2\/product_brand?post=1004"},{"taxonomy":"product_cat","embeddable":true,"href":"https:\/\/soxs.co\/de\/wp-json\/wp\/v2\/product_cat?post=1004"},{"taxonomy":"product_tag","embeddable":true,"href":"https:\/\/soxs.co\/de\/wp-json\/wp\/v2\/product_tag?post=1004"}],"curies":[{"name":"wp","href":"https:\/\/api.w.org\/{rel}","templated":true}]}}