{"id":700131034,"date":"2025-04-24T15:26:33","date_gmt":"2025-04-24T13:26:33","guid":{"rendered":"https:\/\/soxs.co\/de\/?page_id=700131034"},"modified":"2026-01-26T16:57:34","modified_gmt":"2026-01-26T15:57:34","slug":"ourstory","status":"publish","type":"page","link":"https:\/\/soxs.co\/de\/ourstory\/","title":{"rendered":"Founder Story &#8211; Soxs.co"},"content":{"rendered":"","protected":false},"excerpt":{"rendered":"","protected":false},"author":10673,"featured_media":0,"parent":0,"menu_order":0,"comment_status":"closed","ping_status":"closed","template":"","meta":{"_acf_changed":false,"_improvement_type_select":"improve_an_existing","_thumb_yes_seoaic":false,"_frame_yes_seoaic":false,"seoaic_generate_description":"","seoaic_improve_instructions_prompt":"","seoaic_rollback_content_improvement":"","seoaic_idea_thumbnail_generator":"","thumbnail_generated":false,"thumbnail_generate_prompt":"","seoaic_article_description":"","footnotes":""},"class_list":["post-700131034","page","type-page","status-publish","hentry"],"acf":[],"yoast_head":"<!-- This site is optimized with the Yoast SEO plugin v27.3 - https:\/\/yoast.com\/product\/yoast-seo-wordpress\/ -->\n<title>Gr\u00fcndergeschichte SOXS.co<\/title>\n<meta name=\"description\" content=\"Gr\u00fcndergeschichte - So begann die Geschichte der Socken von SOXS.co. Entstanden aus W\u00e4rme und Liebe.\" \/>\n<meta name=\"robots\" content=\"index, follow, max-snippet:-1, max-image-preview:large, max-video-preview:-1\" \/>\n<link rel=\"canonical\" href=\"https:\/\/soxs.co\/de\/ourstory\/\" \/>\n<meta property=\"og:locale\" content=\"de_DE\" \/>\n<meta property=\"og:type\" content=\"article\" \/>\n<meta property=\"og:title\" content=\"Gr\u00fcndergeschichte SOXS.co\" \/>\n<meta property=\"og:description\" content=\"Gr\u00fcndergeschichte - So begann die Geschichte der Socken von SOXS.co. Entstanden aus W\u00e4rme und Liebe.\" \/>\n<meta property=\"og:url\" content=\"https:\/\/soxs.co\/de\/ourstory\/\" \/>\n<meta property=\"og:site_name\" content=\"SOXS.co DE\" \/>\n<meta property=\"article:publisher\" content=\"https:\/\/www.facebook.com\/soxs.co\/\" \/>\n<meta property=\"article:modified_time\" content=\"2026-01-26T15:57:34+00:00\" \/>\n<meta name=\"twitter:card\" content=\"summary_large_image\" \/>\n<meta name=\"twitter:site\" content=\"@soxs_co\" \/>\n<script type=\"application\/ld+json\" class=\"yoast-schema-graph\">{\"@context\":\"https:\\\/\\\/schema.org\",\"@graph\":[{\"@type\":\"WebPage\",\"@id\":\"https:\\\/\\\/soxs.co\\\/de\\\/ourstory\\\/\",\"url\":\"https:\\\/\\\/soxs.co\\\/de\\\/ourstory\\\/\",\"name\":\"Gr\u00fcndergeschichte SOXS.co\",\"isPartOf\":{\"@id\":\"https:\\\/\\\/soxs.co\\\/de\\\/#website\"},\"datePublished\":\"2025-04-24T13:26:33+00:00\",\"dateModified\":\"2026-01-26T15:57:34+00:00\",\"description\":\"Gr\u00fcndergeschichte - So begann die Geschichte der Socken von SOXS.co. Entstanden aus W\u00e4rme und Liebe.\",\"breadcrumb\":{\"@id\":\"https:\\\/\\\/soxs.co\\\/de\\\/ourstory\\\/#breadcrumb\"},\"inLanguage\":\"de\",\"potentialAction\":[{\"@type\":\"ReadAction\",\"target\":[\"https:\\\/\\\/soxs.co\\\/de\\\/ourstory\\\/\"]}]},{\"@type\":\"BreadcrumbList\",\"@id\":\"https:\\\/\\\/soxs.co\\\/de\\\/ourstory\\\/#breadcrumb\",\"itemListElement\":[{\"@type\":\"ListItem\",\"position\":1,\"name\":\"Home\",\"item\":\"https:\\\/\\\/soxs.co\\\/de\\\/\"},{\"@type\":\"ListItem\",\"position\":2,\"name\":\"Founder Story &#8211; Soxs.co\"}]},{\"@type\":\"WebSite\",\"@id\":\"https:\\\/\\\/soxs.co\\\/de\\\/#website\",\"url\":\"https:\\\/\\\/soxs.co\\\/de\\\/\",\"name\":\"SOXS.co DE\",\"description\":\"Trendige und wunderbar warme Socken f\u00fcr alle\",\"potentialAction\":[{\"@type\":\"SearchAction\",\"target\":{\"@type\":\"EntryPoint\",\"urlTemplate\":\"https:\\\/\\\/soxs.co\\\/de\\\/?s={search_term_string}\"},\"query-input\":{\"@type\":\"PropertyValueSpecification\",\"valueRequired\":true,\"valueName\":\"search_term_string\"}}],\"inLanguage\":\"de\"}]}<\/script>\n<!-- \/ Yoast SEO plugin. -->","yoast_head_json":{"title":"Gr\u00fcndergeschichte SOXS.co","description":"Gr\u00fcndergeschichte - So begann die Geschichte der Socken von SOXS.co. Entstanden aus W\u00e4rme und Liebe.","robots":{"index":"index","follow":"follow","max-snippet":"max-snippet:-1","max-image-preview":"max-image-preview:large","max-video-preview":"max-video-preview:-1"},"canonical":"https:\/\/soxs.co\/de\/ourstory\/","og_locale":"de_DE","og_type":"article","og_title":"Gr\u00fcndergeschichte SOXS.co","og_description":"Gr\u00fcndergeschichte - So begann die Geschichte der Socken von SOXS.co. Entstanden aus W\u00e4rme und Liebe.","og_url":"https:\/\/soxs.co\/de\/ourstory\/","og_site_name":"SOXS.co DE","article_publisher":"https:\/\/www.facebook.com\/soxs.co\/","article_modified_time":"2026-01-26T15:57:34+00:00","twitter_card":"summary_large_image","twitter_site":"@soxs_co","schema":{"@context":"https:\/\/schema.org","@graph":[{"@type":"WebPage","@id":"https:\/\/soxs.co\/de\/ourstory\/","url":"https:\/\/soxs.co\/de\/ourstory\/","name":"Gr\u00fcndergeschichte SOXS.co","isPartOf":{"@id":"https:\/\/soxs.co\/de\/#website"},"datePublished":"2025-04-24T13:26:33+00:00","dateModified":"2026-01-26T15:57:34+00:00","description":"Gr\u00fcndergeschichte - So begann die Geschichte der Socken von SOXS.co. Entstanden aus W\u00e4rme und Liebe.","breadcrumb":{"@id":"https:\/\/soxs.co\/de\/ourstory\/#breadcrumb"},"inLanguage":"de","potentialAction":[{"@type":"ReadAction","target":["https:\/\/soxs.co\/de\/ourstory\/"]}]},{"@type":"BreadcrumbList","@id":"https:\/\/soxs.co\/de\/ourstory\/#breadcrumb","itemListElement":[{"@type":"ListItem","position":1,"name":"Home","item":"https:\/\/soxs.co\/de\/"},{"@type":"ListItem","position":2,"name":"Founder Story &#8211; Soxs.co"}]},{"@type":"WebSite","@id":"https:\/\/soxs.co\/de\/#website","url":"https:\/\/soxs.co\/de\/","name":"SOXS.co DE","description":"Trendige und wunderbar warme Socken f\u00fcr alle","potentialAction":[{"@type":"SearchAction","target":{"@type":"EntryPoint","urlTemplate":"https:\/\/soxs.co\/de\/?s={search_term_string}"},"query-input":{"@type":"PropertyValueSpecification","valueRequired":true,"valueName":"search_term_string"}}],"inLanguage":"de"}]}},"_links":{"self":[{"href":"https:\/\/soxs.co\/de\/wp-json\/wp\/v2\/pages\/700131034","targetHints":{"allow":["GET"]}}],"collection":[{"href":"https:\/\/soxs.co\/de\/wp-json\/wp\/v2\/pages"}],"about":[{"href":"https:\/\/soxs.co\/de\/wp-json\/wp\/v2\/types\/page"}],"author":[{"embeddable":true,"href":"https:\/\/soxs.co\/de\/wp-json\/wp\/v2\/users\/10673"}],"replies":[{"embeddable":true,"href":"https:\/\/soxs.co\/de\/wp-json\/wp\/v2\/comments?post=700131034"}],"version-history":[{"count":1,"href":"https:\/\/soxs.co\/de\/wp-json\/wp\/v2\/pages\/700131034\/revisions"}],"predecessor-version":[{"id":700136149,"href":"https:\/\/soxs.co\/de\/wp-json\/wp\/v2\/pages\/700131034\/revisions\/700136149"}],"wp:attachment":[{"href":"https:\/\/soxs.co\/de\/wp-json\/wp\/v2\/media?parent=700131034"}],"curies":[{"name":"wp","href":"https:\/\/api.w.org\/{rel}","templated":true}]}}