{"id":407,"date":"2020-06-18T14:35:53","date_gmt":"2020-06-18T12:35:53","guid":{"rendered":"https:\/\/soxs.co\/?page_id=407"},"modified":"2026-03-06T15:57:51","modified_gmt":"2026-03-06T14:57:51","slug":"wollsocken","status":"publish","type":"page","link":"https:\/\/soxs.co\/de\/","title":{"rendered":"Home"},"content":{"rendered":"","protected":false},"excerpt":{"rendered":"","protected":false},"author":1,"featured_media":0,"parent":0,"menu_order":0,"comment_status":"closed","ping_status":"closed","template":"","meta":{"_acf_changed":false,"_improvement_type_select":"improve_an_existing","_thumb_yes_seoaic":false,"_frame_yes_seoaic":false,"seoaic_generate_description":"","seoaic_improve_instructions_prompt":"","seoaic_rollback_content_improvement":"","seoaic_idea_thumbnail_generator":"","thumbnail_generated":false,"thumbnail_generate_prompt":"","seoaic_article_description":"","footnotes":""},"class_list":["post-407","page","type-page","status-publish","hentry"],"acf":[],"yoast_head":"<!-- This site is optimized with the Yoast SEO plugin v27.3 - https:\/\/yoast.com\/product\/yoast-seo-wordpress\/ -->\n<title>Merino Wollsocken kaufen? - Die w\u00e4rmsten Wollsocken | SOXS.co<\/title>\n<meta name=\"description\" content=\"Merino Wollsocken kaufen von SOXS. Nie wieder kalte F\u00fc\u00dfe mit den angenehm warmen Wollsocken von SOXS f\u00fcr Damen, Herren, Kinder und Babys!\" \/>\n<meta name=\"robots\" content=\"index, follow, max-snippet:-1, max-image-preview:large, max-video-preview:-1\" \/>\n<link rel=\"canonical\" href=\"https:\/\/soxs.co\/de\/\" \/>\n<meta property=\"og:locale\" content=\"de_DE\" \/>\n<meta property=\"og:type\" content=\"article\" \/>\n<meta property=\"og:title\" content=\"Merino Wollsocken kaufen? - Die w\u00e4rmsten Wollsocken | SOXS.co\" \/>\n<meta property=\"og:description\" content=\"Merino Wollsocken kaufen von SOXS. Nie wieder kalte F\u00fc\u00dfe mit den angenehm warmen Wollsocken von SOXS f\u00fcr Damen, Herren, Kinder und Babys!\" \/>\n<meta property=\"og:url\" content=\"https:\/\/soxs.co\/de\/\" \/>\n<meta property=\"og:site_name\" content=\"SOXS.co DE\" \/>\n<meta property=\"article:publisher\" content=\"https:\/\/www.facebook.com\/soxs.co\/\" \/>\n<meta property=\"article:modified_time\" content=\"2026-03-06T14:57:51+00:00\" \/>\n<meta name=\"twitter:card\" content=\"summary_large_image\" \/>\n<meta name=\"twitter:site\" content=\"@soxs_co\" \/>\n<script type=\"application\/ld+json\" class=\"yoast-schema-graph\">{\"@context\":\"https:\\\/\\\/schema.org\",\"@graph\":[{\"@type\":\"WebPage\",\"@id\":\"https:\\\/\\\/soxs.co\\\/de\\\/\",\"url\":\"https:\\\/\\\/soxs.co\\\/de\\\/\",\"name\":\"Merino Wollsocken kaufen? - Die w\u00e4rmsten Wollsocken | SOXS.co\",\"isPartOf\":{\"@id\":\"https:\\\/\\\/soxs.co\\\/de\\\/#website\"},\"datePublished\":\"2020-06-18T12:35:53+00:00\",\"dateModified\":\"2026-03-06T14:57:51+00:00\",\"description\":\"Merino Wollsocken kaufen von SOXS. Nie wieder kalte F\u00fc\u00dfe mit den angenehm warmen Wollsocken von SOXS f\u00fcr Damen, Herren, Kinder und Babys!\",\"breadcrumb\":{\"@id\":\"https:\\\/\\\/soxs.co\\\/de\\\/#breadcrumb\"},\"inLanguage\":\"de\",\"potentialAction\":[{\"@type\":\"ReadAction\",\"target\":[\"https:\\\/\\\/soxs.co\\\/de\\\/\"]}]},{\"@type\":\"BreadcrumbList\",\"@id\":\"https:\\\/\\\/soxs.co\\\/de\\\/#breadcrumb\",\"itemListElement\":[{\"@type\":\"ListItem\",\"position\":1,\"name\":\"Home\",\"item\":\"https:\\\/\\\/soxs.co\\\/de\\\/\"},{\"@type\":\"ListItem\",\"position\":2,\"name\":\"Home\"}]},{\"@type\":\"WebSite\",\"@id\":\"https:\\\/\\\/soxs.co\\\/de\\\/#website\",\"url\":\"https:\\\/\\\/soxs.co\\\/de\\\/\",\"name\":\"SOXS.co DE\",\"description\":\"Trendige und wunderbar warme Socken f\u00fcr alle\",\"potentialAction\":[{\"@type\":\"SearchAction\",\"target\":{\"@type\":\"EntryPoint\",\"urlTemplate\":\"https:\\\/\\\/soxs.co\\\/de\\\/?s={search_term_string}\"},\"query-input\":{\"@type\":\"PropertyValueSpecification\",\"valueRequired\":true,\"valueName\":\"search_term_string\"}}],\"inLanguage\":\"de\"}]}<\/script>\n<!-- \/ Yoast SEO plugin. -->","yoast_head_json":{"title":"Merino Wollsocken kaufen? - Die w\u00e4rmsten Wollsocken | SOXS.co","description":"Merino Wollsocken kaufen von SOXS. Nie wieder kalte F\u00fc\u00dfe mit den angenehm warmen Wollsocken von SOXS f\u00fcr Damen, Herren, Kinder und Babys!","robots":{"index":"index","follow":"follow","max-snippet":"max-snippet:-1","max-image-preview":"max-image-preview:large","max-video-preview":"max-video-preview:-1"},"canonical":"https:\/\/soxs.co\/de\/","og_locale":"de_DE","og_type":"article","og_title":"Merino Wollsocken kaufen? - Die w\u00e4rmsten Wollsocken | SOXS.co","og_description":"Merino Wollsocken kaufen von SOXS. Nie wieder kalte F\u00fc\u00dfe mit den angenehm warmen Wollsocken von SOXS f\u00fcr Damen, Herren, Kinder und Babys!","og_url":"https:\/\/soxs.co\/de\/","og_site_name":"SOXS.co DE","article_publisher":"https:\/\/www.facebook.com\/soxs.co\/","article_modified_time":"2026-03-06T14:57:51+00:00","twitter_card":"summary_large_image","twitter_site":"@soxs_co","schema":{"@context":"https:\/\/schema.org","@graph":[{"@type":"WebPage","@id":"https:\/\/soxs.co\/de\/","url":"https:\/\/soxs.co\/de\/","name":"Merino Wollsocken kaufen? - Die w\u00e4rmsten Wollsocken | SOXS.co","isPartOf":{"@id":"https:\/\/soxs.co\/de\/#website"},"datePublished":"2020-06-18T12:35:53+00:00","dateModified":"2026-03-06T14:57:51+00:00","description":"Merino Wollsocken kaufen von SOXS. Nie wieder kalte F\u00fc\u00dfe mit den angenehm warmen Wollsocken von SOXS f\u00fcr Damen, Herren, Kinder und Babys!","breadcrumb":{"@id":"https:\/\/soxs.co\/de\/#breadcrumb"},"inLanguage":"de","potentialAction":[{"@type":"ReadAction","target":["https:\/\/soxs.co\/de\/"]}]},{"@type":"BreadcrumbList","@id":"https:\/\/soxs.co\/de\/#breadcrumb","itemListElement":[{"@type":"ListItem","position":1,"name":"Home","item":"https:\/\/soxs.co\/de\/"},{"@type":"ListItem","position":2,"name":"Home"}]},{"@type":"WebSite","@id":"https:\/\/soxs.co\/de\/#website","url":"https:\/\/soxs.co\/de\/","name":"SOXS.co DE","description":"Trendige und wunderbar warme Socken f\u00fcr alle","potentialAction":[{"@type":"SearchAction","target":{"@type":"EntryPoint","urlTemplate":"https:\/\/soxs.co\/de\/?s={search_term_string}"},"query-input":{"@type":"PropertyValueSpecification","valueRequired":true,"valueName":"search_term_string"}}],"inLanguage":"de"}]}},"_links":{"self":[{"href":"https:\/\/soxs.co\/de\/wp-json\/wp\/v2\/pages\/407","targetHints":{"allow":["GET"]}}],"collection":[{"href":"https:\/\/soxs.co\/de\/wp-json\/wp\/v2\/pages"}],"about":[{"href":"https:\/\/soxs.co\/de\/wp-json\/wp\/v2\/types\/page"}],"author":[{"embeddable":true,"href":"https:\/\/soxs.co\/de\/wp-json\/wp\/v2\/users\/1"}],"replies":[{"embeddable":true,"href":"https:\/\/soxs.co\/de\/wp-json\/wp\/v2\/comments?post=407"}],"version-history":[{"count":6,"href":"https:\/\/soxs.co\/de\/wp-json\/wp\/v2\/pages\/407\/revisions"}],"predecessor-version":[{"id":700137044,"href":"https:\/\/soxs.co\/de\/wp-json\/wp\/v2\/pages\/407\/revisions\/700137044"}],"wp:attachment":[{"href":"https:\/\/soxs.co\/de\/wp-json\/wp\/v2\/media?parent=407"}],"curies":[{"name":"wp","href":"https:\/\/api.w.org\/{rel}","templated":true}]}}