{"id":1357,"date":"2020-08-18T07:57:32","date_gmt":"2020-08-18T05:57:32","guid":{"rendered":"https:\/\/soxs.co\/?page_id=1357"},"modified":"2021-12-06T11:40:59","modified_gmt":"2021-12-06T10:40:59","slug":"schafwollsocken-von-oma","status":"publish","type":"page","link":"https:\/\/soxs.co\/de\/schafwollsocken-von-oma\/","title":{"rendered":"Die Geschichte von SOXS.co."},"content":{"rendered":"\n<p>Als Soscha und ihre Mutter die Socken entdeckten, hielten sie inne. Soscha sah ihre Mutter an. \u201eDie Schafwollsocken von Oma \u2026 Davides Socken \u2026\u201c<\/p>\n\n\n\n<figure class=\"wp-block-image size-large\"><img loading=\"lazy\" decoding=\"async\" width=\"1440\" height=\"720\" src=\"https:\/\/soxs.co\/app\/uploads\/sites\/2\/2020\/08\/woman_offwhite_1600_800_achtergrond-1440x720.jpg\" alt=\"\" class=\"wp-image-1532\" srcset=\"https:\/\/soxs.co\/app\/uploads\/sites\/2\/2020\/08\/woman_offwhite_1600_800_achtergrond-1440x720.jpg 1440w, https:\/\/soxs.co\/app\/uploads\/sites\/2\/2020\/08\/woman_offwhite_1600_800_achtergrond-720x360.jpg 720w, https:\/\/soxs.co\/app\/uploads\/sites\/2\/2020\/08\/woman_offwhite_1600_800_achtergrond-768x384.jpg 768w, https:\/\/soxs.co\/app\/uploads\/sites\/2\/2020\/08\/woman_offwhite_1600_800_achtergrond.jpg 1600w\" sizes=\"auto, (max-width: 1440px) 100vw, 1440px\" \/><\/figure>\n\n\n\n<h2 class=\"wp-block-heading\" id=\"h-die-schafwollsocken-von-oma\">Die Schafwollsocken von Oma <\/h2>\n\n\n\n<p>Das ist die Geschichte von <strong>SOXS<\/strong> Es begann vor Jahren mit der Gro\u00dfmutter, die wie alle Gro\u00dfm\u00fctter Socken strickte. Socken aus Schafwolle. Stark, warm und praktisch. F\u00fcr zuhause auf der Couch. Oma strickte Socken und die Enkel trugen sie. Oma starb, die Socken blieben. Davide und ihre Schwester Soscha trugen die Schafwollsocken von Oma, bis sie komplett verschlissen waren.<\/p>\n\n\n\n<p>Jahre sp\u00e4ter entdecken Soscha und ihre Mutter die Socken. Die Schafwollsocken der Gro\u00dfmutter und die Socken von Davide, die kurz zuvor verstorben war. In ihren 24 Jahren hat sie ein ganzes Leben gelebt. Sie lebte f\u00fcr drei Leben, voller W\u00e4rme und Liebe.<\/p>\n\n\n\n<p>Das ist der Beginn von <strong>SOXS<\/strong>. Eine Firmengeschichte, entstanden aus der unerwarteten Begegnung mit den Socken von Oma und den Socken von Davide. Die Erinnerung, die W\u00e4rme und die Liebe, die Soscha und ihre Mutter sp\u00fcrten, als sie zum ersten Mal die Socken in den H\u00e4nden hielten. Kurz darauf erteilten sie einen ersten Herstellungsauftrag und versahen die Socken mit einem Label: <strong>SOXS<\/strong>.<\/p>\n\n\n\n<p>Es dauert nicht lange, bis die unerwartete und emotionale Begegnung mit den Socken von Oma und Davide eine Schl\u00fcsselrolle spielte. Wollsocken mit einer Begebenheit, einer Geschichte von W\u00e4rme und Liebe. Und Du kannst f\u00fchlen, wenn Du die Wollsocken von <strong>SOXS<\/strong> aus der Verpackung nimmst und sanft \u00fcber Deine F\u00fc\u00dfe gleiten l\u00e4sst. Das macht <strong>SOXS<\/strong> zu einer Geste der Liebe. Zu dem w\u00e4rmendsten\u00a0<a href=\"https:\/\/soxs.co\/de\/shop\/\">Geschenk<\/a>, das Du geben kannst.<\/p>\n\n\n\n<div class=\"wp-block-columns is-layout-flex wp-container-core-columns-is-layout-9d6595d7 wp-block-columns-is-layout-flex\">\n<div class=\"wp-block-column is-layout-flow wp-block-column-is-layout-flow\">\n<figure class=\"wp-block-image size-full\"><img loading=\"lazy\" decoding=\"async\" width=\"540\" height=\"810\" src=\"https:\/\/soxs.co\/app\/uploads\/sites\/2\/2021\/12\/sox-kids-540x810-1.jpg\" alt=\"\" class=\"wp-image-120815\" srcset=\"https:\/\/soxs.co\/app\/uploads\/sites\/2\/2021\/12\/sox-kids-540x810-1.jpg 540w, https:\/\/soxs.co\/app\/uploads\/sites\/2\/2021\/12\/sox-kids-540x810-1-480x720.jpg 480w\" sizes=\"auto, (max-width: 540px) 100vw, 540px\" \/><\/figure>\n<\/div>\n\n\n\n<div class=\"wp-block-column is-layout-flow wp-block-column-is-layout-flow\">\n<figure class=\"wp-block-image size-full\"><img loading=\"lazy\" decoding=\"async\" width=\"540\" height=\"810\" src=\"https:\/\/soxs.co\/app\/uploads\/sites\/2\/2021\/12\/SOXS_fotografie_dag1-37-540x810-1.jpg\" alt=\"\" class=\"wp-image-120816\" srcset=\"https:\/\/soxs.co\/app\/uploads\/sites\/2\/2021\/12\/SOXS_fotografie_dag1-37-540x810-1.jpg 540w, https:\/\/soxs.co\/app\/uploads\/sites\/2\/2021\/12\/SOXS_fotografie_dag1-37-540x810-1-480x720.jpg 480w\" sizes=\"auto, (max-width: 540px) 100vw, 540px\" \/><\/figure>\n<\/div>\n\n\n\n<div class=\"wp-block-column is-layout-flow wp-block-column-is-layout-flow\">\n<figure class=\"wp-block-image size-full\"><img loading=\"lazy\" decoding=\"async\" width=\"540\" height=\"810\" src=\"https:\/\/soxs.co\/app\/uploads\/sites\/2\/2021\/12\/SOXS_fotografie_dag1-36-540x810-1.jpg\" alt=\"\" class=\"wp-image-120817\" srcset=\"https:\/\/soxs.co\/app\/uploads\/sites\/2\/2021\/12\/SOXS_fotografie_dag1-36-540x810-1.jpg 540w, https:\/\/soxs.co\/app\/uploads\/sites\/2\/2021\/12\/SOXS_fotografie_dag1-36-540x810-1-480x720.jpg 480w\" sizes=\"auto, (max-width: 540px) 100vw, 540px\" \/><\/figure>\n<\/div>\n<\/div>\n","protected":false},"excerpt":{"rendered":"<p>Als Soscha und ihre Mutter die Socken entdeckten, hielten sie inne. Soscha sah ihre Mutter [&hellip;]<\/p>\n","protected":false},"author":5,"featured_media":0,"parent":0,"menu_order":0,"comment_status":"closed","ping_status":"closed","template":"","meta":{"_acf_changed":false,"_improvement_type_select":"improve_an_existing","_thumb_yes_seoaic":false,"_frame_yes_seoaic":false,"seoaic_generate_description":"","seoaic_improve_instructions_prompt":"","seoaic_rollback_content_improvement":"","seoaic_idea_thumbnail_generator":"","thumbnail_generated":false,"thumbnail_generate_prompt":"","seoaic_article_description":"","footnotes":""},"class_list":["post-1357","page","type-page","status-publish","hentry"],"acf":[],"yoast_head":"<!-- This site is optimized with the Yoast SEO plugin v27.2 - https:\/\/yoast.com\/product\/yoast-seo-wordpress\/ -->\n<title>Schafwollsocken wie von Oma? Geschichte von SOXS.co\/de<\/title>\n<meta name=\"description\" content=\"Kaufe hier im Online-Shop von SOXS.co trendige Schafwollsocken wie von Oma, nur modischer gestaltet. Ideal aus weicher Wolle f\u00fcr den Winter!\" \/>\n<meta name=\"robots\" content=\"index, follow, max-snippet:-1, max-image-preview:large, max-video-preview:-1\" \/>\n<link rel=\"canonical\" href=\"https:\/\/soxs.co\/de\/schafwollsocken-von-oma\/\" \/>\n<meta property=\"og:locale\" content=\"de_DE\" \/>\n<meta property=\"og:type\" content=\"article\" \/>\n<meta property=\"og:title\" content=\"Schafwollsocken wie von Oma? Geschichte von SOXS.co\/de\" \/>\n<meta property=\"og:description\" content=\"Kaufe hier im Online-Shop von SOXS.co trendige Schafwollsocken wie von Oma, nur modischer gestaltet. Ideal aus weicher Wolle f\u00fcr den Winter!\" \/>\n<meta property=\"og:url\" content=\"https:\/\/soxs.co\/de\/schafwollsocken-von-oma\/\" \/>\n<meta property=\"og:site_name\" content=\"SOXS.co DE\" \/>\n<meta property=\"article:publisher\" content=\"https:\/\/www.facebook.com\/soxs.co\/\" \/>\n<meta property=\"article:modified_time\" content=\"2021-12-06T10:40:59+00:00\" \/>\n<meta property=\"og:image\" content=\"https:\/\/soxs.co\/app\/uploads\/sites\/2\/2020\/08\/woman_offwhite_1600_800_achtergrond-1440x720.jpg\" \/>\n<meta name=\"twitter:card\" content=\"summary_large_image\" \/>\n<meta name=\"twitter:site\" content=\"@soxs_co\" \/>\n<meta name=\"twitter:label1\" content=\"Gesch\u00e4tzte Lesezeit\" \/>\n\t<meta name=\"twitter:data1\" content=\"2\u00a0Minuten\" \/>\n<script type=\"application\/ld+json\" class=\"yoast-schema-graph\">{\"@context\":\"https:\/\/schema.org\",\"@graph\":[{\"@type\":\"WebPage\",\"@id\":\"https:\/\/soxs.co\/de\/schafwollsocken-von-oma\/\",\"url\":\"https:\/\/soxs.co\/de\/schafwollsocken-von-oma\/\",\"name\":\"Schafwollsocken wie von Oma? Geschichte von SOXS.co\/de\",\"isPartOf\":{\"@id\":\"https:\/\/soxs.co\/de\/#website\"},\"primaryImageOfPage\":{\"@id\":\"https:\/\/soxs.co\/de\/schafwollsocken-von-oma\/#primaryimage\"},\"image\":{\"@id\":\"https:\/\/soxs.co\/de\/schafwollsocken-von-oma\/#primaryimage\"},\"thumbnailUrl\":\"https:\/\/soxs.co\/app\/uploads\/sites\/2\/2020\/08\/woman_offwhite_1600_800_achtergrond-1440x720.jpg\",\"datePublished\":\"2020-08-18T05:57:32+00:00\",\"dateModified\":\"2021-12-06T10:40:59+00:00\",\"description\":\"Kaufe hier im Online-Shop von SOXS.co trendige Schafwollsocken wie von Oma, nur modischer gestaltet. Ideal aus weicher Wolle f\u00fcr den Winter!\",\"breadcrumb\":{\"@id\":\"https:\/\/soxs.co\/de\/schafwollsocken-von-oma\/#breadcrumb\"},\"inLanguage\":\"de\",\"potentialAction\":[{\"@type\":\"ReadAction\",\"target\":[\"https:\/\/soxs.co\/de\/schafwollsocken-von-oma\/\"]}]},{\"@type\":\"ImageObject\",\"inLanguage\":\"de\",\"@id\":\"https:\/\/soxs.co\/de\/schafwollsocken-von-oma\/#primaryimage\",\"url\":\"https:\/\/soxs.co\/app\/uploads\/sites\/2\/2020\/08\/woman_offwhite_1600_800_achtergrond-1440x720.jpg\",\"contentUrl\":\"https:\/\/soxs.co\/app\/uploads\/sites\/2\/2020\/08\/woman_offwhite_1600_800_achtergrond-1440x720.jpg\"},{\"@type\":\"BreadcrumbList\",\"@id\":\"https:\/\/soxs.co\/de\/schafwollsocken-von-oma\/#breadcrumb\",\"itemListElement\":[{\"@type\":\"ListItem\",\"position\":1,\"name\":\"Home\",\"item\":\"https:\/\/soxs.co\/de\/\"},{\"@type\":\"ListItem\",\"position\":2,\"name\":\"Die Geschichte von SOXS.co.\"}]},{\"@type\":\"WebSite\",\"@id\":\"https:\/\/soxs.co\/de\/#website\",\"url\":\"https:\/\/soxs.co\/de\/\",\"name\":\"SOXS.co DE\",\"description\":\"Trendige und wunderbar warme Socken f\u00fcr alle\",\"potentialAction\":[{\"@type\":\"SearchAction\",\"target\":{\"@type\":\"EntryPoint\",\"urlTemplate\":\"https:\/\/soxs.co\/de\/?s={search_term_string}\"},\"query-input\":{\"@type\":\"PropertyValueSpecification\",\"valueRequired\":true,\"valueName\":\"search_term_string\"}}],\"inLanguage\":\"de\"}]}<\/script>\n<!-- \/ Yoast SEO plugin. -->","yoast_head_json":{"title":"Schafwollsocken wie von Oma? Geschichte von SOXS.co\/de","description":"Kaufe hier im Online-Shop von SOXS.co trendige Schafwollsocken wie von Oma, nur modischer gestaltet. Ideal aus weicher Wolle f\u00fcr den Winter!","robots":{"index":"index","follow":"follow","max-snippet":"max-snippet:-1","max-image-preview":"max-image-preview:large","max-video-preview":"max-video-preview:-1"},"canonical":"https:\/\/soxs.co\/de\/schafwollsocken-von-oma\/","og_locale":"de_DE","og_type":"article","og_title":"Schafwollsocken wie von Oma? Geschichte von SOXS.co\/de","og_description":"Kaufe hier im Online-Shop von SOXS.co trendige Schafwollsocken wie von Oma, nur modischer gestaltet. Ideal aus weicher Wolle f\u00fcr den Winter!","og_url":"https:\/\/soxs.co\/de\/schafwollsocken-von-oma\/","og_site_name":"SOXS.co DE","article_publisher":"https:\/\/www.facebook.com\/soxs.co\/","article_modified_time":"2021-12-06T10:40:59+00:00","og_image":[{"url":"https:\/\/soxs.co\/app\/uploads\/sites\/2\/2020\/08\/woman_offwhite_1600_800_achtergrond-1440x720.jpg","type":"","width":"","height":""}],"twitter_card":"summary_large_image","twitter_site":"@soxs_co","twitter_misc":{"Gesch\u00e4tzte Lesezeit":"2\u00a0Minuten"},"schema":{"@context":"https:\/\/schema.org","@graph":[{"@type":"WebPage","@id":"https:\/\/soxs.co\/de\/schafwollsocken-von-oma\/","url":"https:\/\/soxs.co\/de\/schafwollsocken-von-oma\/","name":"Schafwollsocken wie von Oma? Geschichte von SOXS.co\/de","isPartOf":{"@id":"https:\/\/soxs.co\/de\/#website"},"primaryImageOfPage":{"@id":"https:\/\/soxs.co\/de\/schafwollsocken-von-oma\/#primaryimage"},"image":{"@id":"https:\/\/soxs.co\/de\/schafwollsocken-von-oma\/#primaryimage"},"thumbnailUrl":"https:\/\/soxs.co\/app\/uploads\/sites\/2\/2020\/08\/woman_offwhite_1600_800_achtergrond-1440x720.jpg","datePublished":"2020-08-18T05:57:32+00:00","dateModified":"2021-12-06T10:40:59+00:00","description":"Kaufe hier im Online-Shop von SOXS.co trendige Schafwollsocken wie von Oma, nur modischer gestaltet. Ideal aus weicher Wolle f\u00fcr den Winter!","breadcrumb":{"@id":"https:\/\/soxs.co\/de\/schafwollsocken-von-oma\/#breadcrumb"},"inLanguage":"de","potentialAction":[{"@type":"ReadAction","target":["https:\/\/soxs.co\/de\/schafwollsocken-von-oma\/"]}]},{"@type":"ImageObject","inLanguage":"de","@id":"https:\/\/soxs.co\/de\/schafwollsocken-von-oma\/#primaryimage","url":"https:\/\/soxs.co\/app\/uploads\/sites\/2\/2020\/08\/woman_offwhite_1600_800_achtergrond-1440x720.jpg","contentUrl":"https:\/\/soxs.co\/app\/uploads\/sites\/2\/2020\/08\/woman_offwhite_1600_800_achtergrond-1440x720.jpg"},{"@type":"BreadcrumbList","@id":"https:\/\/soxs.co\/de\/schafwollsocken-von-oma\/#breadcrumb","itemListElement":[{"@type":"ListItem","position":1,"name":"Home","item":"https:\/\/soxs.co\/de\/"},{"@type":"ListItem","position":2,"name":"Die Geschichte von SOXS.co."}]},{"@type":"WebSite","@id":"https:\/\/soxs.co\/de\/#website","url":"https:\/\/soxs.co\/de\/","name":"SOXS.co DE","description":"Trendige und wunderbar warme Socken f\u00fcr alle","potentialAction":[{"@type":"SearchAction","target":{"@type":"EntryPoint","urlTemplate":"https:\/\/soxs.co\/de\/?s={search_term_string}"},"query-input":{"@type":"PropertyValueSpecification","valueRequired":true,"valueName":"search_term_string"}}],"inLanguage":"de"}]}},"_links":{"self":[{"href":"https:\/\/soxs.co\/de\/wp-json\/wp\/v2\/pages\/1357","targetHints":{"allow":["GET"]}}],"collection":[{"href":"https:\/\/soxs.co\/de\/wp-json\/wp\/v2\/pages"}],"about":[{"href":"https:\/\/soxs.co\/de\/wp-json\/wp\/v2\/types\/page"}],"author":[{"embeddable":true,"href":"https:\/\/soxs.co\/de\/wp-json\/wp\/v2\/users\/5"}],"replies":[{"embeddable":true,"href":"https:\/\/soxs.co\/de\/wp-json\/wp\/v2\/comments?post=1357"}],"version-history":[{"count":0,"href":"https:\/\/soxs.co\/de\/wp-json\/wp\/v2\/pages\/1357\/revisions"}],"wp:attachment":[{"href":"https:\/\/soxs.co\/de\/wp-json\/wp\/v2\/media?parent=1357"}],"curies":[{"name":"wp","href":"https:\/\/api.w.org\/{rel}","templated":true}]}}