{"id":976,"date":"2020-08-07T12:03:24","date_gmt":"2020-08-07T10:03:24","guid":{"rendered":"https:\/\/soxs.co\/vrouw-beenwarmer-grijze-wol-bubble-gum-label-one-size\/"},"modified":"2025-09-13T15:58:32","modified_gmt":"2025-09-13T13:58:32","slug":"soxs-graue-woll-beinwarmer-damen-bubblegum-label","status":"publish","type":"product","link":"https:\/\/soxs.co\/ch\/soxs-graue-woll-beinwarmer-damen-bubblegum-label\/","title":{"rendered":"Originals Stulpen &#8211; Graue Wolle &#8211; Label Bubblegum &#8211; One Size"},"content":{"rendered":"","protected":false},"excerpt":{"rendered":"<p>Diese Beinw\u00e4rmer mit Bubble Gum Label verbinden W\u00e4rme und Komfort mit einem verspielten Look. Die Mischung aus tierfreundlicher Merinowolle und Polyamid sorgt f\u00fcr Weichheit und W\u00e4rme. Die frische rosa Farbe macht sie zu einem echten Hingucker. Luxuri\u00f6s verpackt, sind sie bereit zum Verschenken, ein warmes und fr\u00f6hliches Geschenk f\u00fcr sich selbst oder jemand anderen.<\/p>\n","protected":false},"featured_media":700129496,"comment_status":"closed","ping_status":"closed","template":"","meta":{"_acf_changed":false,"_improvement_type_select":"improve_an_existing","_thumb_yes_seoaic":false,"_frame_yes_seoaic":false,"seoaic_generate_description":"","seoaic_improve_instructions_prompt":"","seoaic_rollback_content_improvement":"","seoaic_idea_thumbnail_generator":"","thumbnail_generated":false,"thumbnail_generate_prompt":"","seoaic_article_description":""},"product_brand":[1507],"product_cat":[866,1394,1387,872],"product_tag":[1511,1512,1513],"class_list":{"0":"post-976","1":"product","2":"type-product","3":"status-publish","4":"has-post-thumbnail","6":"product_brand-soxs-co","7":"product_cat-woll-beinstulpen","8":"product_cat-beinwaermer","9":"product_cat-outdoor","10":"product_cat-woll-stulpen","11":"product_tag-beinstulpen-wolle","12":"product_tag-warme-beinstulpen","13":"product_tag-winter-beinstulpen","15":"first","16":"instock","17":"taxable","18":"shipping-taxable","19":"purchasable","20":"product-type-simple"},"acf":[],"yoast_head":"<!-- This site is optimized with the Yoast SEO plugin v27.2 - https:\/\/yoast.com\/product\/yoast-seo-wordpress\/ -->\n<title>SOXS Graue Woll-Beinw\u00e4rmer f\u00fcr Damen Bubblegum Label<\/title>\n<meta name=\"description\" content=\"SOXS graue Woll-Stulpen Damen mit Bubblegum Label wadenlang. Hier online Beinw\u00e4rmer mit bestem Tragekomfort bestellen!\" \/>\n<meta name=\"robots\" content=\"noindex, follow, max-snippet:-1, max-image-preview:large, max-video-preview:-1\" \/>\n<meta property=\"og:locale\" content=\"de_DE\" \/>\n<meta property=\"og:type\" content=\"article\" \/>\n<meta property=\"og:title\" content=\"SOXS Graue Woll-Beinw\u00e4rmer f\u00fcr Damen Bubblegum Label\" \/>\n<meta property=\"og:description\" content=\"SOXS graue Woll-Stulpen Damen mit Bubblegum Label wadenlang. Hier online Beinw\u00e4rmer mit bestem Tragekomfort bestellen!\" \/>\n<meta property=\"og:url\" content=\"https:\/\/soxs.co\/ch\/soxs-graue-woll-beinwarmer-damen-bubblegum-label\/\" \/>\n<meta property=\"og:site_name\" content=\"SOXS.co CH\" \/>\n<meta property=\"article:publisher\" content=\"https:\/\/www.facebook.com\/soxs.co\/\" \/>\n<meta property=\"article:modified_time\" content=\"2025-09-13T13:58:32+00:00\" \/>\n<meta property=\"og:image\" content=\"https:\/\/soxs.co\/app\/uploads\/sites\/6\/2025\/08\/Soxs-3271-optie-1.jpg\" \/>\n\t<meta property=\"og:image:width\" content=\"1\" \/>\n\t<meta property=\"og:image:height\" content=\"1\" \/>\n\t<meta property=\"og:image:type\" content=\"image\/jpeg\" \/>\n<meta name=\"twitter:card\" content=\"summary_large_image\" \/>\n<meta name=\"twitter:site\" content=\"@soxs_co\" \/>\n<meta name=\"twitter:label1\" content=\"Gesch\u00e4tzte Lesezeit\" \/>\n\t<meta name=\"twitter:data1\" content=\"1\u00a0Minute\" \/>\n<script type=\"application\/ld+json\" class=\"yoast-schema-graph\">{\"@context\":\"https:\/\/schema.org\",\"@graph\":[{\"@type\":\"WebPage\",\"@id\":\"https:\/\/soxs.co\/ch\/soxs-graue-woll-beinwarmer-damen-bubblegum-label\/\",\"url\":\"https:\/\/soxs.co\/ch\/soxs-graue-woll-beinwarmer-damen-bubblegum-label\/\",\"name\":\"SOXS Graue Woll-Beinw\u00e4rmer f\u00fcr Damen Bubblegum Label\",\"isPartOf\":{\"@id\":\"https:\/\/soxs.co\/ch\/#website\"},\"primaryImageOfPage\":{\"@id\":\"https:\/\/soxs.co\/ch\/soxs-graue-woll-beinwarmer-damen-bubblegum-label\/#primaryimage\"},\"image\":{\"@id\":\"https:\/\/soxs.co\/ch\/soxs-graue-woll-beinwarmer-damen-bubblegum-label\/#primaryimage\"},\"thumbnailUrl\":\"https:\/\/soxs.co\/app\/uploads\/sites\/6\/2025\/08\/Soxs-3271-optie-1.jpg\",\"datePublished\":\"2020-08-07T10:03:24+00:00\",\"dateModified\":\"2025-09-13T13:58:32+00:00\",\"description\":\"SOXS graue Woll-Stulpen Damen mit Bubblegum Label wadenlang. Hier online Beinw\u00e4rmer mit bestem Tragekomfort bestellen!\",\"breadcrumb\":{\"@id\":\"https:\/\/soxs.co\/ch\/soxs-graue-woll-beinwarmer-damen-bubblegum-label\/#breadcrumb\"},\"inLanguage\":\"de-CH\",\"potentialAction\":[{\"@type\":\"ReadAction\",\"target\":[\"https:\/\/soxs.co\/ch\/soxs-graue-woll-beinwarmer-damen-bubblegum-label\/\"]}]},{\"@type\":\"ImageObject\",\"inLanguage\":\"de-CH\",\"@id\":\"https:\/\/soxs.co\/ch\/soxs-graue-woll-beinwarmer-damen-bubblegum-label\/#primaryimage\",\"url\":\"https:\/\/soxs.co\/app\/uploads\/sites\/6\/2025\/08\/Soxs-3271-optie-1.jpg\",\"contentUrl\":\"https:\/\/soxs.co\/app\/uploads\/sites\/6\/2025\/08\/Soxs-3271-optie-1.jpg\",\"caption\":\"SOXS Graue Wolle damen Beinw\u00e4rmer Bubblegum Label\"},{\"@type\":\"BreadcrumbList\",\"@id\":\"https:\/\/soxs.co\/ch\/soxs-graue-woll-beinwarmer-damen-bubblegum-label\/#breadcrumb\",\"itemListElement\":[{\"@type\":\"ListItem\",\"position\":1,\"name\":\"Home\",\"item\":\"https:\/\/soxs.co\/ch\/\"},{\"@type\":\"ListItem\",\"position\":2,\"name\":\"Shop\",\"item\":\"https:\/\/soxs.co\/ch\/shop\/\"},{\"@type\":\"ListItem\",\"position\":3,\"name\":\"Originals Stulpen &#8211; Graue Wolle &#8211; Label Bubblegum &#8211; One Size\"}]},{\"@type\":\"WebSite\",\"@id\":\"https:\/\/soxs.co\/ch\/#website\",\"url\":\"https:\/\/soxs.co\/ch\/\",\"name\":\"SOXS.co CH\",\"description\":\"Trendige und wunderbar warme Socken f\u00fcr alle\",\"potentialAction\":[{\"@type\":\"SearchAction\",\"target\":{\"@type\":\"EntryPoint\",\"urlTemplate\":\"https:\/\/soxs.co\/ch\/?s={search_term_string}\"},\"query-input\":{\"@type\":\"PropertyValueSpecification\",\"valueRequired\":true,\"valueName\":\"search_term_string\"}}],\"inLanguage\":\"de-CH\"}]}<\/script>\n<!-- \/ Yoast SEO plugin. -->","yoast_head_json":{"title":"SOXS Graue Woll-Beinw\u00e4rmer f\u00fcr Damen Bubblegum Label","description":"SOXS graue Woll-Stulpen Damen mit Bubblegum Label wadenlang. Hier online Beinw\u00e4rmer mit bestem Tragekomfort bestellen!","robots":{"index":"noindex","follow":"follow","max-snippet":"max-snippet:-1","max-image-preview":"max-image-preview:large","max-video-preview":"max-video-preview:-1"},"og_locale":"de_DE","og_type":"article","og_title":"SOXS Graue Woll-Beinw\u00e4rmer f\u00fcr Damen Bubblegum Label","og_description":"SOXS graue Woll-Stulpen Damen mit Bubblegum Label wadenlang. Hier online Beinw\u00e4rmer mit bestem Tragekomfort bestellen!","og_url":"https:\/\/soxs.co\/ch\/soxs-graue-woll-beinwarmer-damen-bubblegum-label\/","og_site_name":"SOXS.co CH","article_publisher":"https:\/\/www.facebook.com\/soxs.co\/","article_modified_time":"2025-09-13T13:58:32+00:00","og_image":[{"url":"https:\/\/soxs.co\/app\/uploads\/sites\/6\/2025\/08\/Soxs-3271-optie-1.jpg","width":1,"height":1,"type":"image\/jpeg"}],"twitter_card":"summary_large_image","twitter_site":"@soxs_co","twitter_misc":{"Gesch\u00e4tzte Lesezeit":"1\u00a0Minute"},"schema":{"@context":"https:\/\/schema.org","@graph":[{"@type":"WebPage","@id":"https:\/\/soxs.co\/ch\/soxs-graue-woll-beinwarmer-damen-bubblegum-label\/","url":"https:\/\/soxs.co\/ch\/soxs-graue-woll-beinwarmer-damen-bubblegum-label\/","name":"SOXS Graue Woll-Beinw\u00e4rmer f\u00fcr Damen Bubblegum Label","isPartOf":{"@id":"https:\/\/soxs.co\/ch\/#website"},"primaryImageOfPage":{"@id":"https:\/\/soxs.co\/ch\/soxs-graue-woll-beinwarmer-damen-bubblegum-label\/#primaryimage"},"image":{"@id":"https:\/\/soxs.co\/ch\/soxs-graue-woll-beinwarmer-damen-bubblegum-label\/#primaryimage"},"thumbnailUrl":"https:\/\/soxs.co\/app\/uploads\/sites\/6\/2025\/08\/Soxs-3271-optie-1.jpg","datePublished":"2020-08-07T10:03:24+00:00","dateModified":"2025-09-13T13:58:32+00:00","description":"SOXS graue Woll-Stulpen Damen mit Bubblegum Label wadenlang. Hier online Beinw\u00e4rmer mit bestem Tragekomfort bestellen!","breadcrumb":{"@id":"https:\/\/soxs.co\/ch\/soxs-graue-woll-beinwarmer-damen-bubblegum-label\/#breadcrumb"},"inLanguage":"de-CH","potentialAction":[{"@type":"ReadAction","target":["https:\/\/soxs.co\/ch\/soxs-graue-woll-beinwarmer-damen-bubblegum-label\/"]}]},{"@type":"ImageObject","inLanguage":"de-CH","@id":"https:\/\/soxs.co\/ch\/soxs-graue-woll-beinwarmer-damen-bubblegum-label\/#primaryimage","url":"https:\/\/soxs.co\/app\/uploads\/sites\/6\/2025\/08\/Soxs-3271-optie-1.jpg","contentUrl":"https:\/\/soxs.co\/app\/uploads\/sites\/6\/2025\/08\/Soxs-3271-optie-1.jpg","caption":"SOXS Graue Wolle damen Beinw\u00e4rmer Bubblegum Label"},{"@type":"BreadcrumbList","@id":"https:\/\/soxs.co\/ch\/soxs-graue-woll-beinwarmer-damen-bubblegum-label\/#breadcrumb","itemListElement":[{"@type":"ListItem","position":1,"name":"Home","item":"https:\/\/soxs.co\/ch\/"},{"@type":"ListItem","position":2,"name":"Shop","item":"https:\/\/soxs.co\/ch\/shop\/"},{"@type":"ListItem","position":3,"name":"Originals Stulpen &#8211; Graue Wolle &#8211; Label Bubblegum &#8211; One Size"}]},{"@type":"WebSite","@id":"https:\/\/soxs.co\/ch\/#website","url":"https:\/\/soxs.co\/ch\/","name":"SOXS.co CH","description":"Trendige und wunderbar warme Socken f\u00fcr alle","potentialAction":[{"@type":"SearchAction","target":{"@type":"EntryPoint","urlTemplate":"https:\/\/soxs.co\/ch\/?s={search_term_string}"},"query-input":{"@type":"PropertyValueSpecification","valueRequired":true,"valueName":"search_term_string"}}],"inLanguage":"de-CH"}]}},"_links":{"self":[{"href":"https:\/\/soxs.co\/ch\/wp-json\/wp\/v2\/product\/976","targetHints":{"allow":["GET"]}}],"collection":[{"href":"https:\/\/soxs.co\/ch\/wp-json\/wp\/v2\/product"}],"about":[{"href":"https:\/\/soxs.co\/ch\/wp-json\/wp\/v2\/types\/product"}],"replies":[{"embeddable":true,"href":"https:\/\/soxs.co\/ch\/wp-json\/wp\/v2\/comments?post=976"}],"wp:featuredmedia":[{"embeddable":true,"href":"https:\/\/soxs.co\/ch\/wp-json\/wp\/v2\/media\/700129496"}],"wp:attachment":[{"href":"https:\/\/soxs.co\/ch\/wp-json\/wp\/v2\/media?parent=976"}],"wp:term":[{"taxonomy":"product_brand","embeddable":true,"href":"https:\/\/soxs.co\/ch\/wp-json\/wp\/v2\/product_brand?post=976"},{"taxonomy":"product_cat","embeddable":true,"href":"https:\/\/soxs.co\/ch\/wp-json\/wp\/v2\/product_cat?post=976"},{"taxonomy":"product_tag","embeddable":true,"href":"https:\/\/soxs.co\/ch\/wp-json\/wp\/v2\/product_tag?post=976"}],"curies":[{"name":"wp","href":"https:\/\/api.w.org\/{rel}","templated":true}]}}