{"id":700130255,"date":"2024-12-09T11:28:36","date_gmt":"2024-12-09T10:28:36","guid":{"rendered":"https:\/\/soxs.co\/ch\/?post_type=product&#038;p=700130255"},"modified":"2025-08-30T10:10:36","modified_gmt":"2025-08-30T08:10:36","slug":"soxs-geschenkbox-vinoos-beige-medium-37-41","status":"publish","type":"product","link":"https:\/\/soxs.co\/ch\/soxs-geschenkbox-vinoos-beige-medium-37-41\/","title":{"rendered":"SOXS Geschenkbox Vinoos beige medium 37-41"},"content":{"rendered":"<p>Verw\u00f6hnen Sie sich selbst oder einen lieben Menschen mit der ultimativen Kombination aus Komfort und Raffinesse. Diese Geschenkbox enth\u00e4lt ein Paar luxuri\u00f6se mittelhohe beigee Socken und eine Auswahl an k\u00f6stlichen Geschmacksrichtungen von Vinoos-Echtweingummis: Chardonnay, prickelnder Ros\u00e9 und prickelnder Shiraz. Genie\u00dfen Sie die raffinierten Geschmacksrichtungen von Vinoos, die Ihrem Alltag einen Hauch von Luxus verleihen. Perfekt zum Teilen oder um sich selbst damit zu verw\u00f6hnen.<\/p>\n<p>Die Soxs-Geschenkboxen k\u00f6nnen nicht mit dem Weihnachtsangebot kombiniert werden!<\/p>\n","protected":false},"excerpt":{"rendered":"<p>Verw\u00f6hnen Sie sich selbst oder einen lieben Menschen mit der ultimativen Kombination aus Komfort und Raffinesse. Diese Geschenkbox enth\u00e4lt ein Paar luxuri\u00f6se mittelhohe beige Socken und eine Auswahl an k\u00f6stlichen Geschmacksrichtungen von Vinoos-Echtweingummis: Chardonnay, prickelnder Ros\u00e9 und prickelnder Shiraz. Genie\u00dfen Sie die raffinierten Geschmacksrichtungen von Vinoos, die Ihrem Alltag einen Hauch von Luxus verleihen. Perfekt zum Teilen oder um sich selbst damit zu verw\u00f6hnen.<\/p>\n<p>Die Soxs-Geschenkboxen k\u00f6nnen nicht mit dem Weihnachtsangebot kombiniert werden!<\/p>\n","protected":false},"featured_media":700133188,"comment_status":"closed","ping_status":"closed","template":"","meta":{"_acf_changed":false,"_improvement_type_select":"improve_an_existing","_thumb_yes_seoaic":false,"_frame_yes_seoaic":false,"seoaic_generate_description":"","seoaic_improve_instructions_prompt":"","seoaic_rollback_content_improvement":"","seoaic_idea_thumbnail_generator":"","thumbnail_generated":false,"thumbnail_generate_prompt":"","seoaic_article_description":""},"product_brand":[],"product_cat":[1518,56],"product_tag":[],"class_list":{"0":"post-700130255","1":"product","2":"type-product","3":"status-publish","4":"has-post-thumbnail","6":"product_cat-geschenkbox","7":"product_cat-socken-von-soxs","9":"first","10":"instock","11":"sale","12":"taxable","13":"shipping-taxable","14":"purchasable","15":"product-type-simple"},"acf":[],"yoast_head":"<!-- This site is optimized with the Yoast SEO plugin v27.3 - https:\/\/yoast.com\/product\/yoast-seo-wordpress\/ -->\n<title>SOXS Geschenkbox Vinoos beige medium 37-41 - SOXS.co CH<\/title>\n<meta name=\"description\" content=\"Entdecken Sie die ultimative Geschenkbox von SOXS.co, gef\u00fcllt mit Vinoos Weingummis und SOXS-Socken. Perfekt f\u00fcr die kommenden Weihnachten!\" \/>\n<meta name=\"robots\" content=\"noindex, follow, max-snippet:-1, max-image-preview:large, max-video-preview:-1\" \/>\n<meta property=\"og:locale\" content=\"de_DE\" \/>\n<meta property=\"og:type\" content=\"article\" \/>\n<meta property=\"og:title\" content=\"SOXS Geschenkbox Vinoos beige medium 37-41 - SOXS.co CH\" \/>\n<meta property=\"og:description\" content=\"Entdecken Sie die ultimative Geschenkbox von SOXS.co, gef\u00fcllt mit Vinoos Weingummis und SOXS-Socken. Perfekt f\u00fcr die kommenden Weihnachten!\" \/>\n<meta property=\"og:url\" content=\"https:\/\/soxs.co\/ch\/soxs-geschenkbox-vinoos-beige-medium-37-41\/\" \/>\n<meta property=\"og:site_name\" content=\"SOXS.co CH\" \/>\n<meta property=\"article:publisher\" content=\"https:\/\/www.facebook.com\/soxs.co\/\" \/>\n<meta property=\"article:modified_time\" content=\"2025-08-30T08:10:36+00:00\" \/>\n<meta property=\"og:image\" content=\"https:\/\/soxs.co\/app\/uploads\/sites\/6\/2025\/08\/Soxs-cadeau-wine-design-high.jpg\" \/>\n\t<meta property=\"og:image:width\" content=\"1\" \/>\n\t<meta property=\"og:image:height\" content=\"1\" \/>\n\t<meta property=\"og:image:type\" content=\"image\/jpeg\" \/>\n<meta name=\"twitter:card\" content=\"summary_large_image\" \/>\n<meta name=\"twitter:site\" content=\"@soxs_co\" \/>\n<meta name=\"twitter:label1\" content=\"Gesch\u00e4tzte Lesezeit\" \/>\n\t<meta name=\"twitter:data1\" content=\"3\u00a0Minuten\" \/>\n<script type=\"application\/ld+json\" class=\"yoast-schema-graph\">{\"@context\":\"https:\\\/\\\/schema.org\",\"@graph\":[{\"@type\":\"WebPage\",\"@id\":\"https:\\\/\\\/soxs.co\\\/ch\\\/soxs-geschenkbox-vinoos-beige-medium-37-41\\\/\",\"url\":\"https:\\\/\\\/soxs.co\\\/ch\\\/soxs-geschenkbox-vinoos-beige-medium-37-41\\\/\",\"name\":\"SOXS Geschenkbox Vinoos beige medium 37-41 - SOXS.co CH\",\"isPartOf\":{\"@id\":\"https:\\\/\\\/soxs.co\\\/ch\\\/#website\"},\"primaryImageOfPage\":{\"@id\":\"https:\\\/\\\/soxs.co\\\/ch\\\/soxs-geschenkbox-vinoos-beige-medium-37-41\\\/#primaryimage\"},\"image\":{\"@id\":\"https:\\\/\\\/soxs.co\\\/ch\\\/soxs-geschenkbox-vinoos-beige-medium-37-41\\\/#primaryimage\"},\"thumbnailUrl\":\"https:\\\/\\\/soxs.co\\\/app\\\/uploads\\\/sites\\\/6\\\/2025\\\/08\\\/Soxs-cadeau-wine-design-high.jpg\",\"datePublished\":\"2024-12-09T10:28:36+00:00\",\"dateModified\":\"2025-08-30T08:10:36+00:00\",\"description\":\"Entdecken Sie die ultimative Geschenkbox von SOXS.co, gef\u00fcllt mit Vinoos Weingummis und SOXS-Socken. Perfekt f\u00fcr die kommenden Weihnachten!\",\"breadcrumb\":{\"@id\":\"https:\\\/\\\/soxs.co\\\/ch\\\/soxs-geschenkbox-vinoos-beige-medium-37-41\\\/#breadcrumb\"},\"inLanguage\":\"de-CH\",\"potentialAction\":[{\"@type\":\"ReadAction\",\"target\":[\"https:\\\/\\\/soxs.co\\\/ch\\\/soxs-geschenkbox-vinoos-beige-medium-37-41\\\/\"]}]},{\"@type\":\"ImageObject\",\"inLanguage\":\"de-CH\",\"@id\":\"https:\\\/\\\/soxs.co\\\/ch\\\/soxs-geschenkbox-vinoos-beige-medium-37-41\\\/#primaryimage\",\"url\":\"https:\\\/\\\/soxs.co\\\/app\\\/uploads\\\/sites\\\/6\\\/2025\\\/08\\\/Soxs-cadeau-wine-design-high.jpg\",\"contentUrl\":\"https:\\\/\\\/soxs.co\\\/app\\\/uploads\\\/sites\\\/6\\\/2025\\\/08\\\/Soxs-cadeau-wine-design-high.jpg\",\"caption\":\"Soxs-cadeau-wine-design-high\"},{\"@type\":\"BreadcrumbList\",\"@id\":\"https:\\\/\\\/soxs.co\\\/ch\\\/soxs-geschenkbox-vinoos-beige-medium-37-41\\\/#breadcrumb\",\"itemListElement\":[{\"@type\":\"ListItem\",\"position\":1,\"name\":\"Home\",\"item\":\"https:\\\/\\\/soxs.co\\\/ch\\\/\"},{\"@type\":\"ListItem\",\"position\":2,\"name\":\"Shop\",\"item\":\"https:\\\/\\\/soxs.co\\\/ch\\\/shop\\\/\"},{\"@type\":\"ListItem\",\"position\":3,\"name\":\"SOXS Geschenkbox Vinoos beige medium 37-41\"}]},{\"@type\":\"WebSite\",\"@id\":\"https:\\\/\\\/soxs.co\\\/ch\\\/#website\",\"url\":\"https:\\\/\\\/soxs.co\\\/ch\\\/\",\"name\":\"SOXS.co CH\",\"description\":\"Trendige und wunderbar warme Socken f\u00fcr alle\",\"potentialAction\":[{\"@type\":\"SearchAction\",\"target\":{\"@type\":\"EntryPoint\",\"urlTemplate\":\"https:\\\/\\\/soxs.co\\\/ch\\\/?s={search_term_string}\"},\"query-input\":{\"@type\":\"PropertyValueSpecification\",\"valueRequired\":true,\"valueName\":\"search_term_string\"}}],\"inLanguage\":\"de-CH\"}]}<\/script>\n<!-- \/ Yoast SEO plugin. -->","yoast_head_json":{"title":"SOXS Geschenkbox Vinoos beige medium 37-41 - SOXS.co CH","description":"Entdecken Sie die ultimative Geschenkbox von SOXS.co, gef\u00fcllt mit Vinoos Weingummis und SOXS-Socken. Perfekt f\u00fcr die kommenden Weihnachten!","robots":{"index":"noindex","follow":"follow","max-snippet":"max-snippet:-1","max-image-preview":"max-image-preview:large","max-video-preview":"max-video-preview:-1"},"og_locale":"de_DE","og_type":"article","og_title":"SOXS Geschenkbox Vinoos beige medium 37-41 - SOXS.co CH","og_description":"Entdecken Sie die ultimative Geschenkbox von SOXS.co, gef\u00fcllt mit Vinoos Weingummis und SOXS-Socken. Perfekt f\u00fcr die kommenden Weihnachten!","og_url":"https:\/\/soxs.co\/ch\/soxs-geschenkbox-vinoos-beige-medium-37-41\/","og_site_name":"SOXS.co CH","article_publisher":"https:\/\/www.facebook.com\/soxs.co\/","article_modified_time":"2025-08-30T08:10:36+00:00","og_image":[{"url":"https:\/\/soxs.co\/app\/uploads\/sites\/6\/2025\/08\/Soxs-cadeau-wine-design-high.jpg","width":1,"height":1,"type":"image\/jpeg"}],"twitter_card":"summary_large_image","twitter_site":"@soxs_co","twitter_misc":{"Gesch\u00e4tzte Lesezeit":"3\u00a0Minuten"},"schema":{"@context":"https:\/\/schema.org","@graph":[{"@type":"WebPage","@id":"https:\/\/soxs.co\/ch\/soxs-geschenkbox-vinoos-beige-medium-37-41\/","url":"https:\/\/soxs.co\/ch\/soxs-geschenkbox-vinoos-beige-medium-37-41\/","name":"SOXS Geschenkbox Vinoos beige medium 37-41 - SOXS.co CH","isPartOf":{"@id":"https:\/\/soxs.co\/ch\/#website"},"primaryImageOfPage":{"@id":"https:\/\/soxs.co\/ch\/soxs-geschenkbox-vinoos-beige-medium-37-41\/#primaryimage"},"image":{"@id":"https:\/\/soxs.co\/ch\/soxs-geschenkbox-vinoos-beige-medium-37-41\/#primaryimage"},"thumbnailUrl":"https:\/\/soxs.co\/app\/uploads\/sites\/6\/2025\/08\/Soxs-cadeau-wine-design-high.jpg","datePublished":"2024-12-09T10:28:36+00:00","dateModified":"2025-08-30T08:10:36+00:00","description":"Entdecken Sie die ultimative Geschenkbox von SOXS.co, gef\u00fcllt mit Vinoos Weingummis und SOXS-Socken. Perfekt f\u00fcr die kommenden Weihnachten!","breadcrumb":{"@id":"https:\/\/soxs.co\/ch\/soxs-geschenkbox-vinoos-beige-medium-37-41\/#breadcrumb"},"inLanguage":"de-CH","potentialAction":[{"@type":"ReadAction","target":["https:\/\/soxs.co\/ch\/soxs-geschenkbox-vinoos-beige-medium-37-41\/"]}]},{"@type":"ImageObject","inLanguage":"de-CH","@id":"https:\/\/soxs.co\/ch\/soxs-geschenkbox-vinoos-beige-medium-37-41\/#primaryimage","url":"https:\/\/soxs.co\/app\/uploads\/sites\/6\/2025\/08\/Soxs-cadeau-wine-design-high.jpg","contentUrl":"https:\/\/soxs.co\/app\/uploads\/sites\/6\/2025\/08\/Soxs-cadeau-wine-design-high.jpg","caption":"Soxs-cadeau-wine-design-high"},{"@type":"BreadcrumbList","@id":"https:\/\/soxs.co\/ch\/soxs-geschenkbox-vinoos-beige-medium-37-41\/#breadcrumb","itemListElement":[{"@type":"ListItem","position":1,"name":"Home","item":"https:\/\/soxs.co\/ch\/"},{"@type":"ListItem","position":2,"name":"Shop","item":"https:\/\/soxs.co\/ch\/shop\/"},{"@type":"ListItem","position":3,"name":"SOXS Geschenkbox Vinoos beige medium 37-41"}]},{"@type":"WebSite","@id":"https:\/\/soxs.co\/ch\/#website","url":"https:\/\/soxs.co\/ch\/","name":"SOXS.co CH","description":"Trendige und wunderbar warme Socken f\u00fcr alle","potentialAction":[{"@type":"SearchAction","target":{"@type":"EntryPoint","urlTemplate":"https:\/\/soxs.co\/ch\/?s={search_term_string}"},"query-input":{"@type":"PropertyValueSpecification","valueRequired":true,"valueName":"search_term_string"}}],"inLanguage":"de-CH"}]}},"_links":{"self":[{"href":"https:\/\/soxs.co\/ch\/wp-json\/wp\/v2\/product\/700130255","targetHints":{"allow":["GET"]}}],"collection":[{"href":"https:\/\/soxs.co\/ch\/wp-json\/wp\/v2\/product"}],"about":[{"href":"https:\/\/soxs.co\/ch\/wp-json\/wp\/v2\/types\/product"}],"replies":[{"embeddable":true,"href":"https:\/\/soxs.co\/ch\/wp-json\/wp\/v2\/comments?post=700130255"}],"wp:featuredmedia":[{"embeddable":true,"href":"https:\/\/soxs.co\/ch\/wp-json\/wp\/v2\/media\/700133188"}],"wp:attachment":[{"href":"https:\/\/soxs.co\/ch\/wp-json\/wp\/v2\/media?parent=700130255"}],"wp:term":[{"taxonomy":"product_brand","embeddable":true,"href":"https:\/\/soxs.co\/ch\/wp-json\/wp\/v2\/product_brand?post=700130255"},{"taxonomy":"product_cat","embeddable":true,"href":"https:\/\/soxs.co\/ch\/wp-json\/wp\/v2\/product_cat?post=700130255"},{"taxonomy":"product_tag","embeddable":true,"href":"https:\/\/soxs.co\/ch\/wp-json\/wp\/v2\/product_tag?post=700130255"}],"curies":[{"name":"wp","href":"https:\/\/api.w.org\/{rel}","templated":true}]}}