{"id":700129343,"date":"2024-07-22T16:59:40","date_gmt":"2024-07-22T14:59:40","guid":{"rendered":"https:\/\/soxs.co\/ch\/?post_type=product&#038;p=700129343"},"modified":"2025-09-13T15:58:48","modified_gmt":"2025-09-13T13:58:48","slug":"soxs-graue-wolle-sustainable-socken-black-onyx-label-medium","status":"publish","type":"product","link":"https:\/\/soxs.co\/ch\/soxs-graue-wolle-sustainable-socken-black-onyx-label-medium\/","title":{"rendered":"Originals Sustainable &#8211; Graue Wolle &#8211; Label Black Onyx"},"content":{"rendered":"<p>H\u00fcllen Sie Ihre F\u00fc\u00dfe in eine Wolke aus Komfort mit den grauen Wollsocken von Soxs, die das stilvolle Black Onyx-Label tragen und aus recycelten Materialien hergestellt sind. Diese nachhaltigen Socken sind nicht nur eine Wohltat f\u00fcr Ihre F\u00fc\u00dfe, sondern auch f\u00fcr unseren Planeten. Dank eines neuen biologisch abbaubaren Polyamids bauen sich die Socken 10-20 Mal schneller ab als herk\u00f6mmliches Polyamid und hinterlassen keinen \u00f6kologischen Fu\u00dfabdruck. Mit ihrem vertrauten grauen Farbe und extra haltbaren Materialien sind sie die perfekte Erg\u00e4nzung f\u00fcr jedes Outfit. Bringen Sie mit Soxs einen Hauch von Nachhaltigkeit in Ihre Garderobe!<br \/>\nGraue wolle sustainable socken. Graue wolle sustainable socken<\/p>\n","protected":false},"excerpt":{"rendered":"<p>H\u00fcllen Sie Ihre F\u00fc\u00dfe in eine Wolke aus Komfort mit den grauen Wollsocken von Soxs, die das stilvolle Black Onyx-Label tragen und aus recycelten Materialien hergestellt sind. Diese nachhaltigen Socken sind nicht nur eine Wohltat f\u00fcr Ihre F\u00fc\u00dfe, sondern auch f\u00fcr unseren Planeten. Dank eines neuen biologisch abbaubaren Polyamids bauen sich die Socken 10-20 Mal schneller ab als herk\u00f6mmliches Polyamid und hinterlassen keinen \u00f6kologischen Fu\u00dfabdruck. Mit ihrem vertrauten grauen Farbe und extra haltbaren Materialien sind sie die perfekte Erg\u00e4nzung f\u00fcr jedes Outfit. Bringen Sie mit Soxs einen Hauch von Nachhaltigkeit in Ihre Garderobe! \ud83c\udf31\u2728<\/p>\n","protected":false},"featured_media":700133171,"comment_status":"closed","ping_status":"closed","template":"","meta":{"_acf_changed":false,"_improvement_type_select":"improve_an_existing","_thumb_yes_seoaic":false,"_frame_yes_seoaic":false,"seoaic_generate_description":"","seoaic_improve_instructions_prompt":"","seoaic_rollback_content_improvement":"","seoaic_idea_thumbnail_generator":"","thumbnail_generated":false,"thumbnail_generate_prompt":"","seoaic_article_description":""},"product_brand":[1507],"product_cat":[58,60,56],"product_tag":[1508,1509,1510],"class_list":{"0":"post-700129343","1":"product","2":"type-product","3":"status-publish","4":"has-post-thumbnail","6":"product_brand-soxs-co","7":"product_cat-wollsocken-damen","8":"product_cat-wollsocken-herren","9":"product_cat-socken-von-soxs","10":"product_tag-merinowollsocken","11":"product_tag-warme-socken","12":"product_tag-warme-wollsocken","14":"first","15":"instock","16":"taxable","17":"shipping-taxable","18":"purchasable","19":"product-type-variable"},"acf":[],"yoast_head":"<!-- This site is optimized with the Yoast SEO plugin v27.2 - https:\/\/yoast.com\/product\/yoast-seo-wordpress\/ -->\n<title>Graue sustainable socken Black Onyx label | SOXS.co CH<\/title>\n<meta name=\"description\" content=\"Graue wolle sustainable socken. Diese nachhaltigen Socken sind nicht nur eine Wohltat f\u00fcr Ihre F\u00fc\u00dfe, sondern auch f\u00fcr unseren Planeten.\" \/>\n<meta name=\"robots\" content=\"noindex, follow, max-snippet:-1, max-image-preview:large, max-video-preview:-1\" \/>\n<meta property=\"og:locale\" content=\"de_DE\" \/>\n<meta property=\"og:type\" content=\"article\" \/>\n<meta property=\"og:title\" content=\"Graue sustainable socken Black Onyx label | SOXS.co CH\" \/>\n<meta property=\"og:description\" content=\"Graue wolle sustainable socken. Diese nachhaltigen Socken sind nicht nur eine Wohltat f\u00fcr Ihre F\u00fc\u00dfe, sondern auch f\u00fcr unseren Planeten.\" \/>\n<meta property=\"og:url\" content=\"https:\/\/soxs.co\/ch\/soxs-graue-wolle-sustainable-socken-black-onyx-label-medium\/\" \/>\n<meta property=\"og:site_name\" content=\"SOXS.co CH\" \/>\n<meta property=\"article:publisher\" content=\"https:\/\/www.facebook.com\/soxs.co\/\" \/>\n<meta property=\"article:modified_time\" content=\"2025-09-13T13:58:48+00:00\" \/>\n<meta property=\"og:image\" content=\"https:\/\/soxs.co\/app\/uploads\/sites\/6\/2025\/08\/SOX3749_1000x1000px.png\" \/>\n\t<meta property=\"og:image:width\" content=\"1\" \/>\n\t<meta property=\"og:image:height\" content=\"1\" \/>\n\t<meta property=\"og:image:type\" content=\"image\/png\" \/>\n<meta name=\"twitter:card\" content=\"summary_large_image\" \/>\n<meta name=\"twitter:site\" content=\"@soxs_co\" \/>\n<meta name=\"twitter:label1\" content=\"Gesch\u00e4tzte Lesezeit\" \/>\n\t<meta name=\"twitter:data1\" content=\"1\u00a0Minute\" \/>\n<script type=\"application\/ld+json\" class=\"yoast-schema-graph\">{\"@context\":\"https:\/\/schema.org\",\"@graph\":[{\"@type\":\"WebPage\",\"@id\":\"https:\/\/soxs.co\/ch\/soxs-graue-wolle-sustainable-socken-black-onyx-label-medium\/\",\"url\":\"https:\/\/soxs.co\/ch\/soxs-graue-wolle-sustainable-socken-black-onyx-label-medium\/\",\"name\":\"Graue sustainable socken Black Onyx label | SOXS.co CH\",\"isPartOf\":{\"@id\":\"https:\/\/soxs.co\/ch\/#website\"},\"primaryImageOfPage\":{\"@id\":\"https:\/\/soxs.co\/ch\/soxs-graue-wolle-sustainable-socken-black-onyx-label-medium\/#primaryimage\"},\"image\":{\"@id\":\"https:\/\/soxs.co\/ch\/soxs-graue-wolle-sustainable-socken-black-onyx-label-medium\/#primaryimage\"},\"thumbnailUrl\":\"https:\/\/soxs.co\/app\/uploads\/sites\/6\/2025\/08\/SOX3749_1000x1000px.png\",\"datePublished\":\"2024-07-22T14:59:40+00:00\",\"dateModified\":\"2025-09-13T13:58:48+00:00\",\"description\":\"Graue wolle sustainable socken. Diese nachhaltigen Socken sind nicht nur eine Wohltat f\u00fcr Ihre F\u00fc\u00dfe, sondern auch f\u00fcr unseren Planeten.\",\"breadcrumb\":{\"@id\":\"https:\/\/soxs.co\/ch\/soxs-graue-wolle-sustainable-socken-black-onyx-label-medium\/#breadcrumb\"},\"inLanguage\":\"de-CH\",\"potentialAction\":[{\"@type\":\"ReadAction\",\"target\":[\"https:\/\/soxs.co\/ch\/soxs-graue-wolle-sustainable-socken-black-onyx-label-medium\/\"]}]},{\"@type\":\"ImageObject\",\"inLanguage\":\"de-CH\",\"@id\":\"https:\/\/soxs.co\/ch\/soxs-graue-wolle-sustainable-socken-black-onyx-label-medium\/#primaryimage\",\"url\":\"https:\/\/soxs.co\/app\/uploads\/sites\/6\/2025\/08\/SOX3749_1000x1000px.png\",\"contentUrl\":\"https:\/\/soxs.co\/app\/uploads\/sites\/6\/2025\/08\/SOX3749_1000x1000px.png\",\"caption\":\"SOX3749\"},{\"@type\":\"BreadcrumbList\",\"@id\":\"https:\/\/soxs.co\/ch\/soxs-graue-wolle-sustainable-socken-black-onyx-label-medium\/#breadcrumb\",\"itemListElement\":[{\"@type\":\"ListItem\",\"position\":1,\"name\":\"Home\",\"item\":\"https:\/\/soxs.co\/ch\/\"},{\"@type\":\"ListItem\",\"position\":2,\"name\":\"Shop\",\"item\":\"https:\/\/soxs.co\/ch\/shop\/\"},{\"@type\":\"ListItem\",\"position\":3,\"name\":\"Originals Sustainable &#8211; Graue Wolle &#8211; Label Black Onyx\"}]},{\"@type\":\"WebSite\",\"@id\":\"https:\/\/soxs.co\/ch\/#website\",\"url\":\"https:\/\/soxs.co\/ch\/\",\"name\":\"SOXS.co CH\",\"description\":\"Trendige und wunderbar warme Socken f\u00fcr alle\",\"potentialAction\":[{\"@type\":\"SearchAction\",\"target\":{\"@type\":\"EntryPoint\",\"urlTemplate\":\"https:\/\/soxs.co\/ch\/?s={search_term_string}\"},\"query-input\":{\"@type\":\"PropertyValueSpecification\",\"valueRequired\":true,\"valueName\":\"search_term_string\"}}],\"inLanguage\":\"de-CH\"}]}<\/script>\n<!-- \/ Yoast SEO plugin. -->","yoast_head_json":{"title":"Graue sustainable socken Black Onyx label | SOXS.co CH","description":"Graue wolle sustainable socken. Diese nachhaltigen Socken sind nicht nur eine Wohltat f\u00fcr Ihre F\u00fc\u00dfe, sondern auch f\u00fcr unseren Planeten.","robots":{"index":"noindex","follow":"follow","max-snippet":"max-snippet:-1","max-image-preview":"max-image-preview:large","max-video-preview":"max-video-preview:-1"},"og_locale":"de_DE","og_type":"article","og_title":"Graue sustainable socken Black Onyx label | SOXS.co CH","og_description":"Graue wolle sustainable socken. Diese nachhaltigen Socken sind nicht nur eine Wohltat f\u00fcr Ihre F\u00fc\u00dfe, sondern auch f\u00fcr unseren Planeten.","og_url":"https:\/\/soxs.co\/ch\/soxs-graue-wolle-sustainable-socken-black-onyx-label-medium\/","og_site_name":"SOXS.co CH","article_publisher":"https:\/\/www.facebook.com\/soxs.co\/","article_modified_time":"2025-09-13T13:58:48+00:00","og_image":[{"url":"https:\/\/soxs.co\/app\/uploads\/sites\/6\/2025\/08\/SOX3749_1000x1000px.png","width":1,"height":1,"type":"image\/png"}],"twitter_card":"summary_large_image","twitter_site":"@soxs_co","twitter_misc":{"Gesch\u00e4tzte Lesezeit":"1\u00a0Minute"},"schema":{"@context":"https:\/\/schema.org","@graph":[{"@type":"WebPage","@id":"https:\/\/soxs.co\/ch\/soxs-graue-wolle-sustainable-socken-black-onyx-label-medium\/","url":"https:\/\/soxs.co\/ch\/soxs-graue-wolle-sustainable-socken-black-onyx-label-medium\/","name":"Graue sustainable socken Black Onyx label | SOXS.co CH","isPartOf":{"@id":"https:\/\/soxs.co\/ch\/#website"},"primaryImageOfPage":{"@id":"https:\/\/soxs.co\/ch\/soxs-graue-wolle-sustainable-socken-black-onyx-label-medium\/#primaryimage"},"image":{"@id":"https:\/\/soxs.co\/ch\/soxs-graue-wolle-sustainable-socken-black-onyx-label-medium\/#primaryimage"},"thumbnailUrl":"https:\/\/soxs.co\/app\/uploads\/sites\/6\/2025\/08\/SOX3749_1000x1000px.png","datePublished":"2024-07-22T14:59:40+00:00","dateModified":"2025-09-13T13:58:48+00:00","description":"Graue wolle sustainable socken. Diese nachhaltigen Socken sind nicht nur eine Wohltat f\u00fcr Ihre F\u00fc\u00dfe, sondern auch f\u00fcr unseren Planeten.","breadcrumb":{"@id":"https:\/\/soxs.co\/ch\/soxs-graue-wolle-sustainable-socken-black-onyx-label-medium\/#breadcrumb"},"inLanguage":"de-CH","potentialAction":[{"@type":"ReadAction","target":["https:\/\/soxs.co\/ch\/soxs-graue-wolle-sustainable-socken-black-onyx-label-medium\/"]}]},{"@type":"ImageObject","inLanguage":"de-CH","@id":"https:\/\/soxs.co\/ch\/soxs-graue-wolle-sustainable-socken-black-onyx-label-medium\/#primaryimage","url":"https:\/\/soxs.co\/app\/uploads\/sites\/6\/2025\/08\/SOX3749_1000x1000px.png","contentUrl":"https:\/\/soxs.co\/app\/uploads\/sites\/6\/2025\/08\/SOX3749_1000x1000px.png","caption":"SOX3749"},{"@type":"BreadcrumbList","@id":"https:\/\/soxs.co\/ch\/soxs-graue-wolle-sustainable-socken-black-onyx-label-medium\/#breadcrumb","itemListElement":[{"@type":"ListItem","position":1,"name":"Home","item":"https:\/\/soxs.co\/ch\/"},{"@type":"ListItem","position":2,"name":"Shop","item":"https:\/\/soxs.co\/ch\/shop\/"},{"@type":"ListItem","position":3,"name":"Originals Sustainable &#8211; Graue Wolle &#8211; Label Black Onyx"}]},{"@type":"WebSite","@id":"https:\/\/soxs.co\/ch\/#website","url":"https:\/\/soxs.co\/ch\/","name":"SOXS.co CH","description":"Trendige und wunderbar warme Socken f\u00fcr alle","potentialAction":[{"@type":"SearchAction","target":{"@type":"EntryPoint","urlTemplate":"https:\/\/soxs.co\/ch\/?s={search_term_string}"},"query-input":{"@type":"PropertyValueSpecification","valueRequired":true,"valueName":"search_term_string"}}],"inLanguage":"de-CH"}]}},"_links":{"self":[{"href":"https:\/\/soxs.co\/ch\/wp-json\/wp\/v2\/product\/700129343","targetHints":{"allow":["GET"]}}],"collection":[{"href":"https:\/\/soxs.co\/ch\/wp-json\/wp\/v2\/product"}],"about":[{"href":"https:\/\/soxs.co\/ch\/wp-json\/wp\/v2\/types\/product"}],"replies":[{"embeddable":true,"href":"https:\/\/soxs.co\/ch\/wp-json\/wp\/v2\/comments?post=700129343"}],"wp:featuredmedia":[{"embeddable":true,"href":"https:\/\/soxs.co\/ch\/wp-json\/wp\/v2\/media\/700133171"}],"wp:attachment":[{"href":"https:\/\/soxs.co\/ch\/wp-json\/wp\/v2\/media?parent=700129343"}],"wp:term":[{"taxonomy":"product_brand","embeddable":true,"href":"https:\/\/soxs.co\/ch\/wp-json\/wp\/v2\/product_brand?post=700129343"},{"taxonomy":"product_cat","embeddable":true,"href":"https:\/\/soxs.co\/ch\/wp-json\/wp\/v2\/product_cat?post=700129343"},{"taxonomy":"product_tag","embeddable":true,"href":"https:\/\/soxs.co\/ch\/wp-json\/wp\/v2\/product_tag?post=700129343"}],"curies":[{"name":"wp","href":"https:\/\/api.w.org\/{rel}","templated":true}]}}