{"id":700129278,"date":"2024-07-22T16:58:41","date_gmt":"2024-07-22T14:58:41","guid":{"rendered":"https:\/\/soxs.co\/ch\/?post_type=product&#038;p=700129278"},"modified":"2025-09-13T15:58:47","modified_gmt":"2025-09-13T13:58:47","slug":"soxs-pink-wolle-muetze-candy-frost-label-one-size","status":"publish","type":"product","link":"https:\/\/soxs.co\/ch\/soxs-pink-wolle-muetze-candy-frost-label-one-size\/","title":{"rendered":"SOXS Pink wolle M\u00fctze Candy Frost label (one size)"},"content":{"rendered":"<p>Verleihen Sie Ihrem Winterlook einen s\u00fc\u00dfen Touch mit der rosa M\u00fctze von Soxs, die mit dem verspielten Candy Frost Label versehen ist! Diese M\u00fctze ist nicht nur eine warme Umarmung f\u00fcr Ihren Kopf, sondern auch eine s\u00fc\u00dfe Art, der K\u00e4lte zu trotzen. Perfekt f\u00fcr kalte Tage, denn mit Soxs bleibst du immer s\u00fc\u00df und warm, auch wenn der Frost kommt! \ud83c\udf6c\u2744\ufe0f\ud83e\udde2<br \/>\nPink wolle M\u00fctze, Pink wolle M\u00fctze<\/p>\n","protected":false},"excerpt":{"rendered":"<p>Verleihen Sie Ihrem Winterlook einen s\u00fc\u00dfen Touch mit der rosa M\u00fctze von Soxs, die mit dem verspielten Candy Frost Label versehen ist! Diese M\u00fctze ist nicht nur eine warme Umarmung f\u00fcr Ihren Kopf, sondern auch eine s\u00fc\u00dfe Art, der K\u00e4lte zu trotzen. Perfekt f\u00fcr kalte Tage, denn mit Soxs bleibst du immer s\u00fc\u00df und warm, auch wenn der Frost kommt! \ud83c\udf6c\u2744\ufe0f\ud83e\udde2<\/p>\n","protected":false},"featured_media":700133160,"comment_status":"closed","ping_status":"closed","template":"","meta":{"_acf_changed":false,"_improvement_type_select":"improve_an_existing","_thumb_yes_seoaic":false,"_frame_yes_seoaic":false,"seoaic_generate_description":"","seoaic_improve_instructions_prompt":"","seoaic_rollback_content_improvement":"","seoaic_idea_thumbnail_generator":"","thumbnail_generated":false,"thumbnail_generate_prompt":"","seoaic_article_description":""},"product_brand":[],"product_cat":[867,96],"product_tag":[],"class_list":{"0":"post-700129278","1":"product","2":"type-product","3":"status-publish","4":"has-post-thumbnail","6":"product_cat-wollen-muetzen","7":"product_cat-specials","9":"first","10":"instock","11":"sale","12":"taxable","13":"shipping-taxable","14":"purchasable","15":"product-type-simple"},"acf":[],"yoast_head":"<!-- This site is optimized with the Yoast SEO plugin v27.2 - https:\/\/yoast.com\/product\/yoast-seo-wordpress\/ -->\n<title>SOXS Pink wolle M\u00fctze Candy Frost label (one size) - SOXS.co CH<\/title>\n<meta name=\"description\" content=\"Pink wolle M\u00fctze. Verleihen Sie Ihrem Winterlook einen s\u00fc\u00dfen Touch mit der rosa M\u00fctze von Soxs, die mit dem verspielten Candy Frost Label versehen ist!\" \/>\n<meta name=\"robots\" content=\"noindex, follow, max-snippet:-1, max-image-preview:large, max-video-preview:-1\" \/>\n<meta property=\"og:locale\" content=\"de_DE\" \/>\n<meta property=\"og:type\" content=\"article\" \/>\n<meta property=\"og:title\" content=\"SOXS Pink wolle M\u00fctze Candy Frost label (one size) - SOXS.co CH\" \/>\n<meta property=\"og:description\" content=\"Pink wolle M\u00fctze. Verleihen Sie Ihrem Winterlook einen s\u00fc\u00dfen Touch mit der rosa M\u00fctze von Soxs, die mit dem verspielten Candy Frost Label versehen ist!\" \/>\n<meta property=\"og:url\" content=\"https:\/\/soxs.co\/ch\/soxs-pink-wolle-muetze-candy-frost-label-one-size\/\" \/>\n<meta property=\"og:site_name\" content=\"SOXS.co CH\" \/>\n<meta property=\"article:publisher\" content=\"https:\/\/www.facebook.com\/soxs.co\/\" \/>\n<meta property=\"article:modified_time\" content=\"2025-09-13T13:58:47+00:00\" \/>\n<meta property=\"og:image\" content=\"https:\/\/soxs.co\/app\/uploads\/sites\/6\/2025\/08\/Soxs-muts-roze-recht.jpg\" \/>\n\t<meta property=\"og:image:width\" content=\"1\" \/>\n\t<meta property=\"og:image:height\" content=\"1\" \/>\n\t<meta property=\"og:image:type\" content=\"image\/jpeg\" \/>\n<meta name=\"twitter:card\" content=\"summary_large_image\" \/>\n<meta name=\"twitter:site\" content=\"@soxs_co\" \/>\n<meta name=\"twitter:label1\" content=\"Gesch\u00e4tzte Lesezeit\" \/>\n\t<meta name=\"twitter:data1\" content=\"2\u00a0Minuten\" \/>\n<script type=\"application\/ld+json\" class=\"yoast-schema-graph\">{\"@context\":\"https:\/\/schema.org\",\"@graph\":[{\"@type\":\"WebPage\",\"@id\":\"https:\/\/soxs.co\/ch\/soxs-pink-wolle-muetze-candy-frost-label-one-size\/\",\"url\":\"https:\/\/soxs.co\/ch\/soxs-pink-wolle-muetze-candy-frost-label-one-size\/\",\"name\":\"SOXS Pink wolle M\u00fctze Candy Frost label (one size) - SOXS.co CH\",\"isPartOf\":{\"@id\":\"https:\/\/soxs.co\/ch\/#website\"},\"primaryImageOfPage\":{\"@id\":\"https:\/\/soxs.co\/ch\/soxs-pink-wolle-muetze-candy-frost-label-one-size\/#primaryimage\"},\"image\":{\"@id\":\"https:\/\/soxs.co\/ch\/soxs-pink-wolle-muetze-candy-frost-label-one-size\/#primaryimage\"},\"thumbnailUrl\":\"https:\/\/soxs.co\/app\/uploads\/sites\/6\/2025\/08\/Soxs-muts-roze-recht.jpg\",\"datePublished\":\"2024-07-22T14:58:41+00:00\",\"dateModified\":\"2025-09-13T13:58:47+00:00\",\"description\":\"Pink wolle M\u00fctze. Verleihen Sie Ihrem Winterlook einen s\u00fc\u00dfen Touch mit der rosa M\u00fctze von Soxs, die mit dem verspielten Candy Frost Label versehen ist!\",\"breadcrumb\":{\"@id\":\"https:\/\/soxs.co\/ch\/soxs-pink-wolle-muetze-candy-frost-label-one-size\/#breadcrumb\"},\"inLanguage\":\"de-CH\",\"potentialAction\":[{\"@type\":\"ReadAction\",\"target\":[\"https:\/\/soxs.co\/ch\/soxs-pink-wolle-muetze-candy-frost-label-one-size\/\"]}]},{\"@type\":\"ImageObject\",\"inLanguage\":\"de-CH\",\"@id\":\"https:\/\/soxs.co\/ch\/soxs-pink-wolle-muetze-candy-frost-label-one-size\/#primaryimage\",\"url\":\"https:\/\/soxs.co\/app\/uploads\/sites\/6\/2025\/08\/Soxs-muts-roze-recht.jpg\",\"contentUrl\":\"https:\/\/soxs.co\/app\/uploads\/sites\/6\/2025\/08\/Soxs-muts-roze-recht.jpg\",\"caption\":\"Soxs-muts-roze-recht\"},{\"@type\":\"BreadcrumbList\",\"@id\":\"https:\/\/soxs.co\/ch\/soxs-pink-wolle-muetze-candy-frost-label-one-size\/#breadcrumb\",\"itemListElement\":[{\"@type\":\"ListItem\",\"position\":1,\"name\":\"Home\",\"item\":\"https:\/\/soxs.co\/ch\/\"},{\"@type\":\"ListItem\",\"position\":2,\"name\":\"Shop\",\"item\":\"https:\/\/soxs.co\/ch\/shop\/\"},{\"@type\":\"ListItem\",\"position\":3,\"name\":\"SOXS Pink wolle M\u00fctze Candy Frost label (one size)\"}]},{\"@type\":\"WebSite\",\"@id\":\"https:\/\/soxs.co\/ch\/#website\",\"url\":\"https:\/\/soxs.co\/ch\/\",\"name\":\"SOXS.co CH\",\"description\":\"Trendige und wunderbar warme Socken f\u00fcr alle\",\"potentialAction\":[{\"@type\":\"SearchAction\",\"target\":{\"@type\":\"EntryPoint\",\"urlTemplate\":\"https:\/\/soxs.co\/ch\/?s={search_term_string}\"},\"query-input\":{\"@type\":\"PropertyValueSpecification\",\"valueRequired\":true,\"valueName\":\"search_term_string\"}}],\"inLanguage\":\"de-CH\"}]}<\/script>\n<!-- \/ Yoast SEO plugin. -->","yoast_head_json":{"title":"SOXS Pink wolle M\u00fctze Candy Frost label (one size) - SOXS.co CH","description":"Pink wolle M\u00fctze. Verleihen Sie Ihrem Winterlook einen s\u00fc\u00dfen Touch mit der rosa M\u00fctze von Soxs, die mit dem verspielten Candy Frost Label versehen ist!","robots":{"index":"noindex","follow":"follow","max-snippet":"max-snippet:-1","max-image-preview":"max-image-preview:large","max-video-preview":"max-video-preview:-1"},"og_locale":"de_DE","og_type":"article","og_title":"SOXS Pink wolle M\u00fctze Candy Frost label (one size) - SOXS.co CH","og_description":"Pink wolle M\u00fctze. Verleihen Sie Ihrem Winterlook einen s\u00fc\u00dfen Touch mit der rosa M\u00fctze von Soxs, die mit dem verspielten Candy Frost Label versehen ist!","og_url":"https:\/\/soxs.co\/ch\/soxs-pink-wolle-muetze-candy-frost-label-one-size\/","og_site_name":"SOXS.co CH","article_publisher":"https:\/\/www.facebook.com\/soxs.co\/","article_modified_time":"2025-09-13T13:58:47+00:00","og_image":[{"url":"https:\/\/soxs.co\/app\/uploads\/sites\/6\/2025\/08\/Soxs-muts-roze-recht.jpg","width":1,"height":1,"type":"image\/jpeg"}],"twitter_card":"summary_large_image","twitter_site":"@soxs_co","twitter_misc":{"Gesch\u00e4tzte Lesezeit":"2\u00a0Minuten"},"schema":{"@context":"https:\/\/schema.org","@graph":[{"@type":"WebPage","@id":"https:\/\/soxs.co\/ch\/soxs-pink-wolle-muetze-candy-frost-label-one-size\/","url":"https:\/\/soxs.co\/ch\/soxs-pink-wolle-muetze-candy-frost-label-one-size\/","name":"SOXS Pink wolle M\u00fctze Candy Frost label (one size) - SOXS.co CH","isPartOf":{"@id":"https:\/\/soxs.co\/ch\/#website"},"primaryImageOfPage":{"@id":"https:\/\/soxs.co\/ch\/soxs-pink-wolle-muetze-candy-frost-label-one-size\/#primaryimage"},"image":{"@id":"https:\/\/soxs.co\/ch\/soxs-pink-wolle-muetze-candy-frost-label-one-size\/#primaryimage"},"thumbnailUrl":"https:\/\/soxs.co\/app\/uploads\/sites\/6\/2025\/08\/Soxs-muts-roze-recht.jpg","datePublished":"2024-07-22T14:58:41+00:00","dateModified":"2025-09-13T13:58:47+00:00","description":"Pink wolle M\u00fctze. Verleihen Sie Ihrem Winterlook einen s\u00fc\u00dfen Touch mit der rosa M\u00fctze von Soxs, die mit dem verspielten Candy Frost Label versehen ist!","breadcrumb":{"@id":"https:\/\/soxs.co\/ch\/soxs-pink-wolle-muetze-candy-frost-label-one-size\/#breadcrumb"},"inLanguage":"de-CH","potentialAction":[{"@type":"ReadAction","target":["https:\/\/soxs.co\/ch\/soxs-pink-wolle-muetze-candy-frost-label-one-size\/"]}]},{"@type":"ImageObject","inLanguage":"de-CH","@id":"https:\/\/soxs.co\/ch\/soxs-pink-wolle-muetze-candy-frost-label-one-size\/#primaryimage","url":"https:\/\/soxs.co\/app\/uploads\/sites\/6\/2025\/08\/Soxs-muts-roze-recht.jpg","contentUrl":"https:\/\/soxs.co\/app\/uploads\/sites\/6\/2025\/08\/Soxs-muts-roze-recht.jpg","caption":"Soxs-muts-roze-recht"},{"@type":"BreadcrumbList","@id":"https:\/\/soxs.co\/ch\/soxs-pink-wolle-muetze-candy-frost-label-one-size\/#breadcrumb","itemListElement":[{"@type":"ListItem","position":1,"name":"Home","item":"https:\/\/soxs.co\/ch\/"},{"@type":"ListItem","position":2,"name":"Shop","item":"https:\/\/soxs.co\/ch\/shop\/"},{"@type":"ListItem","position":3,"name":"SOXS Pink wolle M\u00fctze Candy Frost label (one size)"}]},{"@type":"WebSite","@id":"https:\/\/soxs.co\/ch\/#website","url":"https:\/\/soxs.co\/ch\/","name":"SOXS.co CH","description":"Trendige und wunderbar warme Socken f\u00fcr alle","potentialAction":[{"@type":"SearchAction","target":{"@type":"EntryPoint","urlTemplate":"https:\/\/soxs.co\/ch\/?s={search_term_string}"},"query-input":{"@type":"PropertyValueSpecification","valueRequired":true,"valueName":"search_term_string"}}],"inLanguage":"de-CH"}]}},"_links":{"self":[{"href":"https:\/\/soxs.co\/ch\/wp-json\/wp\/v2\/product\/700129278","targetHints":{"allow":["GET"]}}],"collection":[{"href":"https:\/\/soxs.co\/ch\/wp-json\/wp\/v2\/product"}],"about":[{"href":"https:\/\/soxs.co\/ch\/wp-json\/wp\/v2\/types\/product"}],"replies":[{"embeddable":true,"href":"https:\/\/soxs.co\/ch\/wp-json\/wp\/v2\/comments?post=700129278"}],"wp:featuredmedia":[{"embeddable":true,"href":"https:\/\/soxs.co\/ch\/wp-json\/wp\/v2\/media\/700133160"}],"wp:attachment":[{"href":"https:\/\/soxs.co\/ch\/wp-json\/wp\/v2\/media?parent=700129278"}],"wp:term":[{"taxonomy":"product_brand","embeddable":true,"href":"https:\/\/soxs.co\/ch\/wp-json\/wp\/v2\/product_brand?post=700129278"},{"taxonomy":"product_cat","embeddable":true,"href":"https:\/\/soxs.co\/ch\/wp-json\/wp\/v2\/product_cat?post=700129278"},{"taxonomy":"product_tag","embeddable":true,"href":"https:\/\/soxs.co\/ch\/wp-json\/wp\/v2\/product_tag?post=700129278"}],"curies":[{"name":"wp","href":"https:\/\/api.w.org\/{rel}","templated":true}]}}