{"id":700129197,"date":"2024-07-22T16:58:44","date_gmt":"2024-07-22T14:58:44","guid":{"rendered":"https:\/\/soxs.co\/ch\/?post_type=product&#038;p=700129197"},"modified":"2024-08-19T13:12:51","modified_gmt":"2024-08-19T11:12:51","slug":"soxs-dunkelgraue-wristwarmer-black-ink-label-one-size","status":"publish","type":"product","link":"https:\/\/soxs.co\/ch\/soxs-dunkelgraue-wristwarmer-black-ink-label-one-size\/","title":{"rendered":"SOXS Dunkelgraue wristwarmer Black Ink label one size"},"content":{"rendered":"<p>Verw\u00f6hnen Sie Ihre Handgelenke mit dem dunkelgrauen Wristwarmers aus Wolle von Soxs, der mit dem stilvollen Black Ink-Label versehen ist! Dieser Handgelenkw\u00e4rmer ist nicht nur eine warme Umarmung f\u00fcr Ihre H\u00e4nde, sondern auch eine stilvolle Erg\u00e4nzung Ihrer Wintergarderobe. Perfekt f\u00fcr die kalten Tage, denn mit Soxs muss man nicht frieren! \ud83d\udda4\ud83e\udde4<br \/>\nDunkelgraue wristwarmer, Dunkelgraue wristwarmer<\/p>\n","protected":false},"excerpt":{"rendered":"<p>Verw\u00f6hnen Sie Ihre Handgelenke mit dem dunkelgrauen Wristwarmers aus Wolle von Soxs, der mit dem stilvollen Black Ink-Label versehen ist! Dieser Handgelenkw\u00e4rmer ist nicht nur eine warme Umarmung f\u00fcr Ihre H\u00e4nde, sondern auch eine stilvolle Erg\u00e4nzung Ihrer Wintergarderobe. Perfekt f\u00fcr die kalten Tage, denn mit Soxs muss man nicht frieren! \ud83d\udda4\ud83e\udde4<\/p>\n","protected":false},"featured_media":700129253,"comment_status":"closed","ping_status":"closed","template":"","meta":{"_acf_changed":false,"_improvement_type_select":"improve_an_existing","_thumb_yes_seoaic":false,"_frame_yes_seoaic":false,"seoaic_generate_description":"","seoaic_improve_instructions_prompt":"","seoaic_rollback_content_improvement":"","seoaic_idea_thumbnail_generator":"","thumbnail_generated":false,"thumbnail_generate_prompt":"","seoaic_article_description":""},"product_brand":[],"product_cat":[873,1395,96,872],"product_tag":[],"class_list":{"0":"post-700129197","1":"product","2":"type-product","3":"status-publish","4":"has-post-thumbnail","6":"product_cat-woll-armstulpen","7":"product_cat-handwaermer","8":"product_cat-specials","9":"product_cat-woll-stulpen","11":"first","12":"instock","13":"taxable","14":"shipping-taxable","15":"purchasable","16":"product-type-simple"},"acf":[],"yoast_head":"<!-- This site is optimized with the Yoast SEO plugin v27.3 - https:\/\/yoast.com\/product\/yoast-seo-wordpress\/ -->\n<title>SOXS Dunkelgraue wristwarmer Black Ink | SOXS.co CH<\/title>\n<meta name=\"description\" content=\"Dunkelgraue wristwarmer. Verw\u00f6hnen Sie Ihre Handgelenke mit dem dunkelgrauen Wristwarmers aus Wolle von Soxs, der mit dem Black Ink-Label versehen ist!\" \/>\n<meta name=\"robots\" content=\"noindex, follow, max-snippet:-1, max-image-preview:large, max-video-preview:-1\" \/>\n<meta property=\"og:locale\" content=\"de_DE\" \/>\n<meta property=\"og:type\" content=\"article\" \/>\n<meta property=\"og:title\" content=\"SOXS Dunkelgraue wristwarmer Black Ink | SOXS.co CH\" \/>\n<meta property=\"og:description\" content=\"Dunkelgraue wristwarmer. Verw\u00f6hnen Sie Ihre Handgelenke mit dem dunkelgrauen Wristwarmers aus Wolle von Soxs, der mit dem Black Ink-Label versehen ist!\" \/>\n<meta property=\"og:url\" content=\"https:\/\/soxs.co\/ch\/soxs-dunkelgraue-wristwarmer-black-ink-label-one-size\/\" \/>\n<meta property=\"og:site_name\" content=\"SOXS.co CH\" \/>\n<meta property=\"article:publisher\" content=\"https:\/\/www.facebook.com\/soxs.co\/\" \/>\n<meta property=\"article:modified_time\" content=\"2024-08-19T11:12:51+00:00\" \/>\n<meta property=\"og:image\" content=\"https:\/\/soxs.co\/app\/uploads\/sites\/6\/2024\/06\/Soxs-handschoen-zwart.jpg\" \/>\n\t<meta property=\"og:image:width\" content=\"1000\" \/>\n\t<meta property=\"og:image:height\" content=\"1000\" \/>\n\t<meta property=\"og:image:type\" content=\"image\/jpeg\" \/>\n<meta name=\"twitter:card\" content=\"summary_large_image\" \/>\n<meta name=\"twitter:site\" content=\"@soxs_co\" \/>\n<meta name=\"twitter:label1\" content=\"Gesch\u00e4tzte Lesezeit\" \/>\n\t<meta name=\"twitter:data1\" content=\"2\u00a0Minuten\" \/>\n<script type=\"application\/ld+json\" class=\"yoast-schema-graph\">{\"@context\":\"https:\\\/\\\/schema.org\",\"@graph\":[{\"@type\":\"WebPage\",\"@id\":\"https:\\\/\\\/soxs.co\\\/ch\\\/soxs-dunkelgraue-wristwarmer-black-ink-label-one-size\\\/\",\"url\":\"https:\\\/\\\/soxs.co\\\/ch\\\/soxs-dunkelgraue-wristwarmer-black-ink-label-one-size\\\/\",\"name\":\"SOXS Dunkelgraue wristwarmer Black Ink | SOXS.co CH\",\"isPartOf\":{\"@id\":\"https:\\\/\\\/soxs.co\\\/ch\\\/#website\"},\"primaryImageOfPage\":{\"@id\":\"https:\\\/\\\/soxs.co\\\/ch\\\/soxs-dunkelgraue-wristwarmer-black-ink-label-one-size\\\/#primaryimage\"},\"image\":{\"@id\":\"https:\\\/\\\/soxs.co\\\/ch\\\/soxs-dunkelgraue-wristwarmer-black-ink-label-one-size\\\/#primaryimage\"},\"thumbnailUrl\":\"https:\\\/\\\/soxs.co\\\/app\\\/uploads\\\/sites\\\/6\\\/2024\\\/06\\\/Soxs-handschoen-zwart.jpg\",\"datePublished\":\"2024-07-22T14:58:44+00:00\",\"dateModified\":\"2024-08-19T11:12:51+00:00\",\"description\":\"Dunkelgraue wristwarmer. Verw\u00f6hnen Sie Ihre Handgelenke mit dem dunkelgrauen Wristwarmers aus Wolle von Soxs, der mit dem Black Ink-Label versehen ist!\",\"breadcrumb\":{\"@id\":\"https:\\\/\\\/soxs.co\\\/ch\\\/soxs-dunkelgraue-wristwarmer-black-ink-label-one-size\\\/#breadcrumb\"},\"inLanguage\":\"de-CH\",\"potentialAction\":[{\"@type\":\"ReadAction\",\"target\":[\"https:\\\/\\\/soxs.co\\\/ch\\\/soxs-dunkelgraue-wristwarmer-black-ink-label-one-size\\\/\"]}]},{\"@type\":\"ImageObject\",\"inLanguage\":\"de-CH\",\"@id\":\"https:\\\/\\\/soxs.co\\\/ch\\\/soxs-dunkelgraue-wristwarmer-black-ink-label-one-size\\\/#primaryimage\",\"url\":\"https:\\\/\\\/soxs.co\\\/app\\\/uploads\\\/sites\\\/6\\\/2024\\\/06\\\/Soxs-handschoen-zwart.jpg\",\"contentUrl\":\"https:\\\/\\\/soxs.co\\\/app\\\/uploads\\\/sites\\\/6\\\/2024\\\/06\\\/Soxs-handschoen-zwart.jpg\",\"width\":1000,\"height\":1000,\"caption\":\"Soxs-handschoen-zwart\"},{\"@type\":\"BreadcrumbList\",\"@id\":\"https:\\\/\\\/soxs.co\\\/ch\\\/soxs-dunkelgraue-wristwarmer-black-ink-label-one-size\\\/#breadcrumb\",\"itemListElement\":[{\"@type\":\"ListItem\",\"position\":1,\"name\":\"Home\",\"item\":\"https:\\\/\\\/soxs.co\\\/ch\\\/\"},{\"@type\":\"ListItem\",\"position\":2,\"name\":\"Shop\",\"item\":\"https:\\\/\\\/soxs.co\\\/ch\\\/shop\\\/\"},{\"@type\":\"ListItem\",\"position\":3,\"name\":\"SOXS Dunkelgraue wristwarmer Black Ink label one size\"}]},{\"@type\":\"WebSite\",\"@id\":\"https:\\\/\\\/soxs.co\\\/ch\\\/#website\",\"url\":\"https:\\\/\\\/soxs.co\\\/ch\\\/\",\"name\":\"SOXS.co CH\",\"description\":\"Trendige und wunderbar warme Socken f\u00fcr alle\",\"potentialAction\":[{\"@type\":\"SearchAction\",\"target\":{\"@type\":\"EntryPoint\",\"urlTemplate\":\"https:\\\/\\\/soxs.co\\\/ch\\\/?s={search_term_string}\"},\"query-input\":{\"@type\":\"PropertyValueSpecification\",\"valueRequired\":true,\"valueName\":\"search_term_string\"}}],\"inLanguage\":\"de-CH\"}]}<\/script>\n<!-- \/ Yoast SEO plugin. -->","yoast_head_json":{"title":"SOXS Dunkelgraue wristwarmer Black Ink | SOXS.co CH","description":"Dunkelgraue wristwarmer. Verw\u00f6hnen Sie Ihre Handgelenke mit dem dunkelgrauen Wristwarmers aus Wolle von Soxs, der mit dem Black Ink-Label versehen ist!","robots":{"index":"noindex","follow":"follow","max-snippet":"max-snippet:-1","max-image-preview":"max-image-preview:large","max-video-preview":"max-video-preview:-1"},"og_locale":"de_DE","og_type":"article","og_title":"SOXS Dunkelgraue wristwarmer Black Ink | SOXS.co CH","og_description":"Dunkelgraue wristwarmer. Verw\u00f6hnen Sie Ihre Handgelenke mit dem dunkelgrauen Wristwarmers aus Wolle von Soxs, der mit dem Black Ink-Label versehen ist!","og_url":"https:\/\/soxs.co\/ch\/soxs-dunkelgraue-wristwarmer-black-ink-label-one-size\/","og_site_name":"SOXS.co CH","article_publisher":"https:\/\/www.facebook.com\/soxs.co\/","article_modified_time":"2024-08-19T11:12:51+00:00","og_image":[{"width":1000,"height":1000,"url":"https:\/\/soxs.co\/app\/uploads\/sites\/6\/2024\/06\/Soxs-handschoen-zwart.jpg","type":"image\/jpeg"}],"twitter_card":"summary_large_image","twitter_site":"@soxs_co","twitter_misc":{"Gesch\u00e4tzte Lesezeit":"2\u00a0Minuten"},"schema":{"@context":"https:\/\/schema.org","@graph":[{"@type":"WebPage","@id":"https:\/\/soxs.co\/ch\/soxs-dunkelgraue-wristwarmer-black-ink-label-one-size\/","url":"https:\/\/soxs.co\/ch\/soxs-dunkelgraue-wristwarmer-black-ink-label-one-size\/","name":"SOXS Dunkelgraue wristwarmer Black Ink | SOXS.co CH","isPartOf":{"@id":"https:\/\/soxs.co\/ch\/#website"},"primaryImageOfPage":{"@id":"https:\/\/soxs.co\/ch\/soxs-dunkelgraue-wristwarmer-black-ink-label-one-size\/#primaryimage"},"image":{"@id":"https:\/\/soxs.co\/ch\/soxs-dunkelgraue-wristwarmer-black-ink-label-one-size\/#primaryimage"},"thumbnailUrl":"https:\/\/soxs.co\/app\/uploads\/sites\/6\/2024\/06\/Soxs-handschoen-zwart.jpg","datePublished":"2024-07-22T14:58:44+00:00","dateModified":"2024-08-19T11:12:51+00:00","description":"Dunkelgraue wristwarmer. Verw\u00f6hnen Sie Ihre Handgelenke mit dem dunkelgrauen Wristwarmers aus Wolle von Soxs, der mit dem Black Ink-Label versehen ist!","breadcrumb":{"@id":"https:\/\/soxs.co\/ch\/soxs-dunkelgraue-wristwarmer-black-ink-label-one-size\/#breadcrumb"},"inLanguage":"de-CH","potentialAction":[{"@type":"ReadAction","target":["https:\/\/soxs.co\/ch\/soxs-dunkelgraue-wristwarmer-black-ink-label-one-size\/"]}]},{"@type":"ImageObject","inLanguage":"de-CH","@id":"https:\/\/soxs.co\/ch\/soxs-dunkelgraue-wristwarmer-black-ink-label-one-size\/#primaryimage","url":"https:\/\/soxs.co\/app\/uploads\/sites\/6\/2024\/06\/Soxs-handschoen-zwart.jpg","contentUrl":"https:\/\/soxs.co\/app\/uploads\/sites\/6\/2024\/06\/Soxs-handschoen-zwart.jpg","width":1000,"height":1000,"caption":"Soxs-handschoen-zwart"},{"@type":"BreadcrumbList","@id":"https:\/\/soxs.co\/ch\/soxs-dunkelgraue-wristwarmer-black-ink-label-one-size\/#breadcrumb","itemListElement":[{"@type":"ListItem","position":1,"name":"Home","item":"https:\/\/soxs.co\/ch\/"},{"@type":"ListItem","position":2,"name":"Shop","item":"https:\/\/soxs.co\/ch\/shop\/"},{"@type":"ListItem","position":3,"name":"SOXS Dunkelgraue wristwarmer Black Ink label one size"}]},{"@type":"WebSite","@id":"https:\/\/soxs.co\/ch\/#website","url":"https:\/\/soxs.co\/ch\/","name":"SOXS.co CH","description":"Trendige und wunderbar warme Socken f\u00fcr alle","potentialAction":[{"@type":"SearchAction","target":{"@type":"EntryPoint","urlTemplate":"https:\/\/soxs.co\/ch\/?s={search_term_string}"},"query-input":{"@type":"PropertyValueSpecification","valueRequired":true,"valueName":"search_term_string"}}],"inLanguage":"de-CH"}]}},"_links":{"self":[{"href":"https:\/\/soxs.co\/ch\/wp-json\/wp\/v2\/product\/700129197","targetHints":{"allow":["GET"]}}],"collection":[{"href":"https:\/\/soxs.co\/ch\/wp-json\/wp\/v2\/product"}],"about":[{"href":"https:\/\/soxs.co\/ch\/wp-json\/wp\/v2\/types\/product"}],"replies":[{"embeddable":true,"href":"https:\/\/soxs.co\/ch\/wp-json\/wp\/v2\/comments?post=700129197"}],"wp:featuredmedia":[{"embeddable":true,"href":"https:\/\/soxs.co\/ch\/wp-json\/wp\/v2\/media\/700129253"}],"wp:attachment":[{"href":"https:\/\/soxs.co\/ch\/wp-json\/wp\/v2\/media?parent=700129197"}],"wp:term":[{"taxonomy":"product_brand","embeddable":true,"href":"https:\/\/soxs.co\/ch\/wp-json\/wp\/v2\/product_brand?post=700129197"},{"taxonomy":"product_cat","embeddable":true,"href":"https:\/\/soxs.co\/ch\/wp-json\/wp\/v2\/product_cat?post=700129197"},{"taxonomy":"product_tag","embeddable":true,"href":"https:\/\/soxs.co\/ch\/wp-json\/wp\/v2\/product_tag?post=700129197"}],"curies":[{"name":"wp","href":"https:\/\/api.w.org\/{rel}","templated":true}]}}