{"id":700129033,"date":"2024-05-15T11:59:28","date_gmt":"2024-05-15T09:59:28","guid":{"rendered":"https:\/\/soxs.co\/ch\/?post_type=product&#038;p=700129033"},"modified":"2025-09-13T15:58:50","modified_gmt":"2025-09-13T13:58:50","slug":"soxs-pullover-crystal-seas-rundhalsausschnitt-unisex","status":"publish","type":"product","link":"https:\/\/soxs.co\/ch\/soxs-pullover-crystal-seas-rundhalsausschnitt-unisex\/","title":{"rendered":"SOXS Pullover Crystal seas Rundhalsausschnitt Unisex"},"content":{"rendered":"<p>Die Farbe des Crystal Seas Pullovers von SOXS verleiht Ihnen ein Gef\u00fchl von Komfort. Dieser Pullover, der die leuchtenden Farben des Meeres widerspiegelt, bereichert Ihre Garderobe um einen frischen Look und bietet wunderbaren Komfort. Ideal f\u00fcr Tage, an denen Sie etwas mehr W\u00e4rme gebrauchen k\u00f6nnen. Entscheiden Sie sich f\u00fcr die Qualit\u00e4t und Raffinesse unseres Crystal Seas Pullovers und genie\u00dfen Sie den beruhigenden Einfluss des Meeres, jeden Tag.<br \/>\nBaumwolle Pullover Hellblau. Baumwolle Pullover Hellblau<\/p>\n","protected":false},"excerpt":{"rendered":"<p>Die Farbe des Crystal Seas Pullovers von SOXS verleiht Ihnen ein Gef\u00fchl von Komfort. Dieser Pullover, der die leuchtenden Farben des Meeres widerspiegelt, bereichert Ihre Garderobe um einen frischen Look und bietet wunderbaren Komfort. Ideal f\u00fcr Tage, an denen Sie etwas mehr W\u00e4rme gebrauchen k\u00f6nnen. Entscheiden Sie sich f\u00fcr die Qualit\u00e4t und Raffinesse unseres Crystal Seas Pullovers und genie\u00dfen Sie den beruhigenden Einfluss des Meeres, jeden Tag.<\/p>\n","protected":false},"featured_media":700133134,"comment_status":"closed","ping_status":"closed","template":"","meta":{"_acf_changed":false,"_improvement_type_select":"improve_an_existing","_thumb_yes_seoaic":false,"_frame_yes_seoaic":false,"seoaic_generate_description":"","seoaic_improve_instructions_prompt":"","seoaic_rollback_content_improvement":"","seoaic_idea_thumbnail_generator":"","thumbnail_generated":false,"thumbnail_generate_prompt":"","seoaic_article_description":""},"product_brand":[],"product_cat":[1491,96],"product_tag":[],"class_list":{"0":"post-700129033","1":"product","2":"type-product","3":"status-publish","4":"has-post-thumbnail","6":"product_cat-loungewear","7":"product_cat-specials","9":"first","10":"instock","11":"sale","12":"taxable","13":"shipping-taxable","14":"purchasable","15":"product-type-variable","16":"has-default-attributes"},"acf":[],"yoast_head":"<!-- This site is optimized with the Yoast SEO plugin v27.3 - https:\/\/yoast.com\/product\/yoast-seo-wordpress\/ -->\n<title>SOXS Pullover Crystal seas Rundhalsausschnitt Unisex - SOXS.co CH<\/title>\n<meta name=\"description\" content=\"Baumwolle Pullover Hellblau. Dieser Pullover, der die leuchtenden Farben des Meeres widerspiegelt, bereichert Ihre Garderobe um einen frischen Look.\" \/>\n<meta name=\"robots\" content=\"noindex, follow, max-snippet:-1, max-image-preview:large, max-video-preview:-1\" \/>\n<meta property=\"og:locale\" content=\"de_DE\" \/>\n<meta property=\"og:type\" content=\"article\" \/>\n<meta property=\"og:title\" content=\"SOXS Pullover Crystal seas Rundhalsausschnitt Unisex - SOXS.co CH\" \/>\n<meta property=\"og:description\" content=\"Baumwolle Pullover Hellblau. Dieser Pullover, der die leuchtenden Farben des Meeres widerspiegelt, bereichert Ihre Garderobe um einen frischen Look.\" \/>\n<meta property=\"og:url\" content=\"https:\/\/soxs.co\/ch\/soxs-pullover-crystal-seas-rundhalsausschnitt-unisex\/\" \/>\n<meta property=\"og:site_name\" content=\"SOXS.co CH\" \/>\n<meta property=\"article:publisher\" content=\"https:\/\/www.facebook.com\/soxs.co\/\" \/>\n<meta property=\"article:modified_time\" content=\"2025-09-13T13:58:50+00:00\" \/>\n<meta property=\"og:image\" content=\"https:\/\/soxs.co\/app\/uploads\/sites\/6\/2025\/08\/Sweater-Crystal-seas.jpg\" \/>\n\t<meta property=\"og:image:width\" content=\"1\" \/>\n\t<meta property=\"og:image:height\" content=\"1\" \/>\n\t<meta property=\"og:image:type\" content=\"image\/jpeg\" \/>\n<meta name=\"twitter:card\" content=\"summary_large_image\" \/>\n<meta name=\"twitter:site\" content=\"@soxs_co\" \/>\n<meta name=\"twitter:label1\" content=\"Gesch\u00e4tzte Lesezeit\" \/>\n\t<meta name=\"twitter:data1\" content=\"2\u00a0Minuten\" \/>\n<script type=\"application\/ld+json\" class=\"yoast-schema-graph\">{\"@context\":\"https:\\\/\\\/schema.org\",\"@graph\":[{\"@type\":\"WebPage\",\"@id\":\"https:\\\/\\\/soxs.co\\\/ch\\\/soxs-pullover-crystal-seas-rundhalsausschnitt-unisex\\\/\",\"url\":\"https:\\\/\\\/soxs.co\\\/ch\\\/soxs-pullover-crystal-seas-rundhalsausschnitt-unisex\\\/\",\"name\":\"SOXS Pullover Crystal seas Rundhalsausschnitt Unisex - SOXS.co CH\",\"isPartOf\":{\"@id\":\"https:\\\/\\\/soxs.co\\\/ch\\\/#website\"},\"primaryImageOfPage\":{\"@id\":\"https:\\\/\\\/soxs.co\\\/ch\\\/soxs-pullover-crystal-seas-rundhalsausschnitt-unisex\\\/#primaryimage\"},\"image\":{\"@id\":\"https:\\\/\\\/soxs.co\\\/ch\\\/soxs-pullover-crystal-seas-rundhalsausschnitt-unisex\\\/#primaryimage\"},\"thumbnailUrl\":\"https:\\\/\\\/soxs.co\\\/app\\\/uploads\\\/sites\\\/6\\\/2025\\\/08\\\/Sweater-Crystal-seas.jpg\",\"datePublished\":\"2024-05-15T09:59:28+00:00\",\"dateModified\":\"2025-09-13T13:58:50+00:00\",\"description\":\"Baumwolle Pullover Hellblau. Dieser Pullover, der die leuchtenden Farben des Meeres widerspiegelt, bereichert Ihre Garderobe um einen frischen Look.\",\"breadcrumb\":{\"@id\":\"https:\\\/\\\/soxs.co\\\/ch\\\/soxs-pullover-crystal-seas-rundhalsausschnitt-unisex\\\/#breadcrumb\"},\"inLanguage\":\"de-CH\",\"potentialAction\":[{\"@type\":\"ReadAction\",\"target\":[\"https:\\\/\\\/soxs.co\\\/ch\\\/soxs-pullover-crystal-seas-rundhalsausschnitt-unisex\\\/\"]}]},{\"@type\":\"ImageObject\",\"inLanguage\":\"de-CH\",\"@id\":\"https:\\\/\\\/soxs.co\\\/ch\\\/soxs-pullover-crystal-seas-rundhalsausschnitt-unisex\\\/#primaryimage\",\"url\":\"https:\\\/\\\/soxs.co\\\/app\\\/uploads\\\/sites\\\/6\\\/2025\\\/08\\\/Sweater-Crystal-seas.jpg\",\"contentUrl\":\"https:\\\/\\\/soxs.co\\\/app\\\/uploads\\\/sites\\\/6\\\/2025\\\/08\\\/Sweater-Crystal-seas.jpg\",\"caption\":\"Sweater Crystal seas\"},{\"@type\":\"BreadcrumbList\",\"@id\":\"https:\\\/\\\/soxs.co\\\/ch\\\/soxs-pullover-crystal-seas-rundhalsausschnitt-unisex\\\/#breadcrumb\",\"itemListElement\":[{\"@type\":\"ListItem\",\"position\":1,\"name\":\"Home\",\"item\":\"https:\\\/\\\/soxs.co\\\/ch\\\/\"},{\"@type\":\"ListItem\",\"position\":2,\"name\":\"Shop\",\"item\":\"https:\\\/\\\/soxs.co\\\/ch\\\/shop\\\/\"},{\"@type\":\"ListItem\",\"position\":3,\"name\":\"SOXS Pullover Crystal seas Rundhalsausschnitt Unisex\"}]},{\"@type\":\"WebSite\",\"@id\":\"https:\\\/\\\/soxs.co\\\/ch\\\/#website\",\"url\":\"https:\\\/\\\/soxs.co\\\/ch\\\/\",\"name\":\"SOXS.co CH\",\"description\":\"Trendige und wunderbar warme Socken f\u00fcr alle\",\"potentialAction\":[{\"@type\":\"SearchAction\",\"target\":{\"@type\":\"EntryPoint\",\"urlTemplate\":\"https:\\\/\\\/soxs.co\\\/ch\\\/?s={search_term_string}\"},\"query-input\":{\"@type\":\"PropertyValueSpecification\",\"valueRequired\":true,\"valueName\":\"search_term_string\"}}],\"inLanguage\":\"de-CH\"}]}<\/script>\n<!-- \/ Yoast SEO plugin. -->","yoast_head_json":{"title":"SOXS Pullover Crystal seas Rundhalsausschnitt Unisex - SOXS.co CH","description":"Baumwolle Pullover Hellblau. Dieser Pullover, der die leuchtenden Farben des Meeres widerspiegelt, bereichert Ihre Garderobe um einen frischen Look.","robots":{"index":"noindex","follow":"follow","max-snippet":"max-snippet:-1","max-image-preview":"max-image-preview:large","max-video-preview":"max-video-preview:-1"},"og_locale":"de_DE","og_type":"article","og_title":"SOXS Pullover Crystal seas Rundhalsausschnitt Unisex - SOXS.co CH","og_description":"Baumwolle Pullover Hellblau. Dieser Pullover, der die leuchtenden Farben des Meeres widerspiegelt, bereichert Ihre Garderobe um einen frischen Look.","og_url":"https:\/\/soxs.co\/ch\/soxs-pullover-crystal-seas-rundhalsausschnitt-unisex\/","og_site_name":"SOXS.co CH","article_publisher":"https:\/\/www.facebook.com\/soxs.co\/","article_modified_time":"2025-09-13T13:58:50+00:00","og_image":[{"url":"https:\/\/soxs.co\/app\/uploads\/sites\/6\/2025\/08\/Sweater-Crystal-seas.jpg","width":1,"height":1,"type":"image\/jpeg"}],"twitter_card":"summary_large_image","twitter_site":"@soxs_co","twitter_misc":{"Gesch\u00e4tzte Lesezeit":"2\u00a0Minuten"},"schema":{"@context":"https:\/\/schema.org","@graph":[{"@type":"WebPage","@id":"https:\/\/soxs.co\/ch\/soxs-pullover-crystal-seas-rundhalsausschnitt-unisex\/","url":"https:\/\/soxs.co\/ch\/soxs-pullover-crystal-seas-rundhalsausschnitt-unisex\/","name":"SOXS Pullover Crystal seas Rundhalsausschnitt Unisex - SOXS.co CH","isPartOf":{"@id":"https:\/\/soxs.co\/ch\/#website"},"primaryImageOfPage":{"@id":"https:\/\/soxs.co\/ch\/soxs-pullover-crystal-seas-rundhalsausschnitt-unisex\/#primaryimage"},"image":{"@id":"https:\/\/soxs.co\/ch\/soxs-pullover-crystal-seas-rundhalsausschnitt-unisex\/#primaryimage"},"thumbnailUrl":"https:\/\/soxs.co\/app\/uploads\/sites\/6\/2025\/08\/Sweater-Crystal-seas.jpg","datePublished":"2024-05-15T09:59:28+00:00","dateModified":"2025-09-13T13:58:50+00:00","description":"Baumwolle Pullover Hellblau. Dieser Pullover, der die leuchtenden Farben des Meeres widerspiegelt, bereichert Ihre Garderobe um einen frischen Look.","breadcrumb":{"@id":"https:\/\/soxs.co\/ch\/soxs-pullover-crystal-seas-rundhalsausschnitt-unisex\/#breadcrumb"},"inLanguage":"de-CH","potentialAction":[{"@type":"ReadAction","target":["https:\/\/soxs.co\/ch\/soxs-pullover-crystal-seas-rundhalsausschnitt-unisex\/"]}]},{"@type":"ImageObject","inLanguage":"de-CH","@id":"https:\/\/soxs.co\/ch\/soxs-pullover-crystal-seas-rundhalsausschnitt-unisex\/#primaryimage","url":"https:\/\/soxs.co\/app\/uploads\/sites\/6\/2025\/08\/Sweater-Crystal-seas.jpg","contentUrl":"https:\/\/soxs.co\/app\/uploads\/sites\/6\/2025\/08\/Sweater-Crystal-seas.jpg","caption":"Sweater Crystal seas"},{"@type":"BreadcrumbList","@id":"https:\/\/soxs.co\/ch\/soxs-pullover-crystal-seas-rundhalsausschnitt-unisex\/#breadcrumb","itemListElement":[{"@type":"ListItem","position":1,"name":"Home","item":"https:\/\/soxs.co\/ch\/"},{"@type":"ListItem","position":2,"name":"Shop","item":"https:\/\/soxs.co\/ch\/shop\/"},{"@type":"ListItem","position":3,"name":"SOXS Pullover Crystal seas Rundhalsausschnitt Unisex"}]},{"@type":"WebSite","@id":"https:\/\/soxs.co\/ch\/#website","url":"https:\/\/soxs.co\/ch\/","name":"SOXS.co CH","description":"Trendige und wunderbar warme Socken f\u00fcr alle","potentialAction":[{"@type":"SearchAction","target":{"@type":"EntryPoint","urlTemplate":"https:\/\/soxs.co\/ch\/?s={search_term_string}"},"query-input":{"@type":"PropertyValueSpecification","valueRequired":true,"valueName":"search_term_string"}}],"inLanguage":"de-CH"}]}},"_links":{"self":[{"href":"https:\/\/soxs.co\/ch\/wp-json\/wp\/v2\/product\/700129033","targetHints":{"allow":["GET"]}}],"collection":[{"href":"https:\/\/soxs.co\/ch\/wp-json\/wp\/v2\/product"}],"about":[{"href":"https:\/\/soxs.co\/ch\/wp-json\/wp\/v2\/types\/product"}],"replies":[{"embeddable":true,"href":"https:\/\/soxs.co\/ch\/wp-json\/wp\/v2\/comments?post=700129033"}],"wp:featuredmedia":[{"embeddable":true,"href":"https:\/\/soxs.co\/ch\/wp-json\/wp\/v2\/media\/700133134"}],"wp:attachment":[{"href":"https:\/\/soxs.co\/ch\/wp-json\/wp\/v2\/media?parent=700129033"}],"wp:term":[{"taxonomy":"product_brand","embeddable":true,"href":"https:\/\/soxs.co\/ch\/wp-json\/wp\/v2\/product_brand?post=700129033"},{"taxonomy":"product_cat","embeddable":true,"href":"https:\/\/soxs.co\/ch\/wp-json\/wp\/v2\/product_cat?post=700129033"},{"taxonomy":"product_tag","embeddable":true,"href":"https:\/\/soxs.co\/ch\/wp-json\/wp\/v2\/product_tag?post=700129033"}],"curies":[{"name":"wp","href":"https:\/\/api.w.org\/{rel}","templated":true}]}}