{"id":128812,"date":"2024-07-22T16:58:49","date_gmt":"2024-07-22T14:58:49","guid":{"rendered":"https:\/\/soxs.co\/ch\/?post_type=product&#038;p=128812"},"modified":"2024-08-19T12:28:44","modified_gmt":"2024-08-19T10:28:44","slug":"soxs-dunkelgraue-wolle-socken-cashmere-mist-label-antirutsch-low-37-41","status":"publish","type":"product","link":"https:\/\/soxs.co\/ch\/soxs-dunkelgraue-wolle-socken-cashmere-mist-label-antirutsch-low-37-41\/","title":{"rendered":"SOXS Dunkelgraue wolle socken Cashmere Mist label Antirutsch low (37-41)"},"content":{"rendered":"<p>Genie\u00dfen Sie eine noch nie dagewesene Weichheit? Mit den dunkelgrauen Schafwollsocken von Soxs genie\u00dfen Sie den Komfort, den Schafwollsocken bieten. Die Socken sind mit dem Label &#8220;Cashmere Mist&#8221; verziert und haben eine Anti-Rutsch-Funktion. Die Socken sind eine Verk\u00f6rperung von Luxus und Sicherheit, hergestellt aus der weichsten Schafwolle, die Ihre F\u00fc\u00dfe mit Komfort und W\u00e4rme verw\u00f6hnt. Das &#8220;Cashmere Mist&#8221;-Label steht f\u00fcr einen Hauch von Exklusivit\u00e4t, w\u00e4hrend die Rutschfestigkeit einen zuverl\u00e4ssigen Halt auf jedem Untergrund gew\u00e4hrleistet. Die Socken &#8220;Cashmere Mist&#8221; von Soxs sind ideal f\u00fcr kalte Tage oder als stilvolle Erg\u00e4nzung zu Ihrer Loungewear. Sie sind die perfekte Kombination aus Funktionalit\u00e4t und Raffinesse.<br \/>\nDunkelgraue wolle socken Antirutsch, Dunkelgraue wolle socken Antirutsch<\/p>\n","protected":false},"excerpt":{"rendered":"<p>Genie\u00dfen Sie eine noch nie dagewesene Weichheit? Mit den dunkelgrauen Schafwollsocken von Soxs genie\u00dfen Sie den Komfort, den Schafwollsocken bieten. Die Socken sind mit dem Label &#8220;Cashmere Mist&#8221; verziert und haben eine Anti-Rutsch-Funktion. Die Socken sind eine Verk\u00f6rperung von Luxus und Sicherheit, hergestellt aus der weichsten Schafwolle, die Ihre F\u00fc\u00dfe mit Komfort und W\u00e4rme verw\u00f6hnt. Das &#8220;Cashmere Mist&#8221;-Label steht f\u00fcr einen Hauch von Exklusivit\u00e4t, w\u00e4hrend die Rutschfestigkeit einen zuverl\u00e4ssigen Halt auf jedem Untergrund gew\u00e4hrleistet. Die Socken &#8220;Cashmere Mist&#8221; von Soxs sind ideal f\u00fcr kalte Tage oder als stilvolle Erg\u00e4nzung zu Ihrer Loungewear. Sie sind die perfekte Kombination aus Funktionalit\u00e4t und Raffinesse.<\/p>\n","protected":false},"featured_media":700129316,"comment_status":"closed","ping_status":"closed","template":"","meta":{"_acf_changed":false,"_improvement_type_select":"improve_an_existing","_thumb_yes_seoaic":false,"_frame_yes_seoaic":false,"seoaic_generate_description":"","seoaic_improve_instructions_prompt":"","seoaic_rollback_content_improvement":"","seoaic_idea_thumbnail_generator":"","thumbnail_generated":false,"thumbnail_generate_prompt":"","seoaic_article_description":""},"product_brand":[],"product_cat":[56],"product_tag":[],"class_list":{"0":"post-128812","1":"product","2":"type-product","3":"status-publish","4":"has-post-thumbnail","6":"product_cat-socken-von-soxs","8":"first","9":"instock","10":"taxable","11":"shipping-taxable","12":"purchasable","13":"product-type-simple"},"acf":[],"yoast_head":"<!-- This site is optimized with the Yoast SEO plugin v27.2 - https:\/\/yoast.com\/product\/yoast-seo-wordpress\/ -->\n<title>SOXS Dunkelgraue wolle socken Cashmere Mist | SOXS.co CH<\/title>\n<meta name=\"description\" content=\"Dunkelgraue wolle socken Antirutsch. Die Socken sind eine Verk\u00f6rperung von Luxus, hergestellt aus der Schafwolle, die Ihre F\u00fc\u00dfe mit Komfort verw\u00f6hnt.\" \/>\n<meta name=\"robots\" content=\"noindex, follow, max-snippet:-1, max-image-preview:large, max-video-preview:-1\" \/>\n<meta property=\"og:locale\" content=\"de_DE\" \/>\n<meta property=\"og:type\" content=\"article\" \/>\n<meta property=\"og:title\" content=\"SOXS Dunkelgraue wolle socken Cashmere Mist | SOXS.co CH\" \/>\n<meta property=\"og:description\" content=\"Dunkelgraue wolle socken Antirutsch. Die Socken sind eine Verk\u00f6rperung von Luxus, hergestellt aus der Schafwolle, die Ihre F\u00fc\u00dfe mit Komfort verw\u00f6hnt.\" \/>\n<meta property=\"og:url\" content=\"https:\/\/soxs.co\/ch\/soxs-dunkelgraue-wolle-socken-cashmere-mist-label-antirutsch-low-37-41\/\" \/>\n<meta property=\"og:site_name\" content=\"SOXS.co CH\" \/>\n<meta property=\"article:publisher\" content=\"https:\/\/www.facebook.com\/soxs.co\/\" \/>\n<meta property=\"article:modified_time\" content=\"2024-08-19T10:28:44+00:00\" \/>\n<meta property=\"og:image\" content=\"https:\/\/soxs.co\/app\/uploads\/sites\/6\/2024\/06\/SOX3726_1000x1000px.png\" \/>\n\t<meta property=\"og:image:width\" content=\"2362\" \/>\n\t<meta property=\"og:image:height\" content=\"2362\" \/>\n\t<meta property=\"og:image:type\" content=\"image\/png\" \/>\n<meta name=\"twitter:card\" content=\"summary_large_image\" \/>\n<meta name=\"twitter:site\" content=\"@soxs_co\" \/>\n<meta name=\"twitter:label1\" content=\"Gesch\u00e4tzte Lesezeit\" \/>\n\t<meta name=\"twitter:data1\" content=\"2\u00a0Minuten\" \/>\n<script type=\"application\/ld+json\" class=\"yoast-schema-graph\">{\"@context\":\"https:\/\/schema.org\",\"@graph\":[{\"@type\":\"WebPage\",\"@id\":\"https:\/\/soxs.co\/ch\/soxs-dunkelgraue-wolle-socken-cashmere-mist-label-antirutsch-low-37-41\/\",\"url\":\"https:\/\/soxs.co\/ch\/soxs-dunkelgraue-wolle-socken-cashmere-mist-label-antirutsch-low-37-41\/\",\"name\":\"SOXS Dunkelgraue wolle socken Cashmere Mist | SOXS.co CH\",\"isPartOf\":{\"@id\":\"https:\/\/soxs.co\/ch\/#website\"},\"primaryImageOfPage\":{\"@id\":\"https:\/\/soxs.co\/ch\/soxs-dunkelgraue-wolle-socken-cashmere-mist-label-antirutsch-low-37-41\/#primaryimage\"},\"image\":{\"@id\":\"https:\/\/soxs.co\/ch\/soxs-dunkelgraue-wolle-socken-cashmere-mist-label-antirutsch-low-37-41\/#primaryimage\"},\"thumbnailUrl\":\"https:\/\/soxs.co\/app\/uploads\/sites\/6\/2024\/06\/SOX3726_1000x1000px.png\",\"datePublished\":\"2024-07-22T14:58:49+00:00\",\"dateModified\":\"2024-08-19T10:28:44+00:00\",\"description\":\"Dunkelgraue wolle socken Antirutsch. Die Socken sind eine Verk\u00f6rperung von Luxus, hergestellt aus der Schafwolle, die Ihre F\u00fc\u00dfe mit Komfort verw\u00f6hnt.\",\"breadcrumb\":{\"@id\":\"https:\/\/soxs.co\/ch\/soxs-dunkelgraue-wolle-socken-cashmere-mist-label-antirutsch-low-37-41\/#breadcrumb\"},\"inLanguage\":\"de-CH\",\"potentialAction\":[{\"@type\":\"ReadAction\",\"target\":[\"https:\/\/soxs.co\/ch\/soxs-dunkelgraue-wolle-socken-cashmere-mist-label-antirutsch-low-37-41\/\"]}]},{\"@type\":\"ImageObject\",\"inLanguage\":\"de-CH\",\"@id\":\"https:\/\/soxs.co\/ch\/soxs-dunkelgraue-wolle-socken-cashmere-mist-label-antirutsch-low-37-41\/#primaryimage\",\"url\":\"https:\/\/soxs.co\/app\/uploads\/sites\/6\/2024\/06\/SOX3726_1000x1000px.png\",\"contentUrl\":\"https:\/\/soxs.co\/app\/uploads\/sites\/6\/2024\/06\/SOX3726_1000x1000px.png\",\"width\":2362,\"height\":2362,\"caption\":\"SOX3726_1000x1000px\"},{\"@type\":\"BreadcrumbList\",\"@id\":\"https:\/\/soxs.co\/ch\/soxs-dunkelgraue-wolle-socken-cashmere-mist-label-antirutsch-low-37-41\/#breadcrumb\",\"itemListElement\":[{\"@type\":\"ListItem\",\"position\":1,\"name\":\"Home\",\"item\":\"https:\/\/soxs.co\/ch\/\"},{\"@type\":\"ListItem\",\"position\":2,\"name\":\"Shop\",\"item\":\"https:\/\/soxs.co\/ch\/shop\/\"},{\"@type\":\"ListItem\",\"position\":3,\"name\":\"SOXS Dunkelgraue wolle socken Cashmere Mist label Antirutsch low (37-41)\"}]},{\"@type\":\"WebSite\",\"@id\":\"https:\/\/soxs.co\/ch\/#website\",\"url\":\"https:\/\/soxs.co\/ch\/\",\"name\":\"SOXS.co CH\",\"description\":\"Trendige und wunderbar warme Socken f\u00fcr alle\",\"potentialAction\":[{\"@type\":\"SearchAction\",\"target\":{\"@type\":\"EntryPoint\",\"urlTemplate\":\"https:\/\/soxs.co\/ch\/?s={search_term_string}\"},\"query-input\":{\"@type\":\"PropertyValueSpecification\",\"valueRequired\":true,\"valueName\":\"search_term_string\"}}],\"inLanguage\":\"de-CH\"}]}<\/script>\n<!-- \/ Yoast SEO plugin. -->","yoast_head_json":{"title":"SOXS Dunkelgraue wolle socken Cashmere Mist | SOXS.co CH","description":"Dunkelgraue wolle socken Antirutsch. Die Socken sind eine Verk\u00f6rperung von Luxus, hergestellt aus der Schafwolle, die Ihre F\u00fc\u00dfe mit Komfort verw\u00f6hnt.","robots":{"index":"noindex","follow":"follow","max-snippet":"max-snippet:-1","max-image-preview":"max-image-preview:large","max-video-preview":"max-video-preview:-1"},"og_locale":"de_DE","og_type":"article","og_title":"SOXS Dunkelgraue wolle socken Cashmere Mist | SOXS.co CH","og_description":"Dunkelgraue wolle socken Antirutsch. Die Socken sind eine Verk\u00f6rperung von Luxus, hergestellt aus der Schafwolle, die Ihre F\u00fc\u00dfe mit Komfort verw\u00f6hnt.","og_url":"https:\/\/soxs.co\/ch\/soxs-dunkelgraue-wolle-socken-cashmere-mist-label-antirutsch-low-37-41\/","og_site_name":"SOXS.co CH","article_publisher":"https:\/\/www.facebook.com\/soxs.co\/","article_modified_time":"2024-08-19T10:28:44+00:00","og_image":[{"width":2362,"height":2362,"url":"https:\/\/soxs.co\/app\/uploads\/sites\/6\/2024\/06\/SOX3726_1000x1000px.png","type":"image\/png"}],"twitter_card":"summary_large_image","twitter_site":"@soxs_co","twitter_misc":{"Gesch\u00e4tzte Lesezeit":"2\u00a0Minuten"},"schema":{"@context":"https:\/\/schema.org","@graph":[{"@type":"WebPage","@id":"https:\/\/soxs.co\/ch\/soxs-dunkelgraue-wolle-socken-cashmere-mist-label-antirutsch-low-37-41\/","url":"https:\/\/soxs.co\/ch\/soxs-dunkelgraue-wolle-socken-cashmere-mist-label-antirutsch-low-37-41\/","name":"SOXS Dunkelgraue wolle socken Cashmere Mist | SOXS.co CH","isPartOf":{"@id":"https:\/\/soxs.co\/ch\/#website"},"primaryImageOfPage":{"@id":"https:\/\/soxs.co\/ch\/soxs-dunkelgraue-wolle-socken-cashmere-mist-label-antirutsch-low-37-41\/#primaryimage"},"image":{"@id":"https:\/\/soxs.co\/ch\/soxs-dunkelgraue-wolle-socken-cashmere-mist-label-antirutsch-low-37-41\/#primaryimage"},"thumbnailUrl":"https:\/\/soxs.co\/app\/uploads\/sites\/6\/2024\/06\/SOX3726_1000x1000px.png","datePublished":"2024-07-22T14:58:49+00:00","dateModified":"2024-08-19T10:28:44+00:00","description":"Dunkelgraue wolle socken Antirutsch. Die Socken sind eine Verk\u00f6rperung von Luxus, hergestellt aus der Schafwolle, die Ihre F\u00fc\u00dfe mit Komfort verw\u00f6hnt.","breadcrumb":{"@id":"https:\/\/soxs.co\/ch\/soxs-dunkelgraue-wolle-socken-cashmere-mist-label-antirutsch-low-37-41\/#breadcrumb"},"inLanguage":"de-CH","potentialAction":[{"@type":"ReadAction","target":["https:\/\/soxs.co\/ch\/soxs-dunkelgraue-wolle-socken-cashmere-mist-label-antirutsch-low-37-41\/"]}]},{"@type":"ImageObject","inLanguage":"de-CH","@id":"https:\/\/soxs.co\/ch\/soxs-dunkelgraue-wolle-socken-cashmere-mist-label-antirutsch-low-37-41\/#primaryimage","url":"https:\/\/soxs.co\/app\/uploads\/sites\/6\/2024\/06\/SOX3726_1000x1000px.png","contentUrl":"https:\/\/soxs.co\/app\/uploads\/sites\/6\/2024\/06\/SOX3726_1000x1000px.png","width":2362,"height":2362,"caption":"SOX3726_1000x1000px"},{"@type":"BreadcrumbList","@id":"https:\/\/soxs.co\/ch\/soxs-dunkelgraue-wolle-socken-cashmere-mist-label-antirutsch-low-37-41\/#breadcrumb","itemListElement":[{"@type":"ListItem","position":1,"name":"Home","item":"https:\/\/soxs.co\/ch\/"},{"@type":"ListItem","position":2,"name":"Shop","item":"https:\/\/soxs.co\/ch\/shop\/"},{"@type":"ListItem","position":3,"name":"SOXS Dunkelgraue wolle socken Cashmere Mist label Antirutsch low (37-41)"}]},{"@type":"WebSite","@id":"https:\/\/soxs.co\/ch\/#website","url":"https:\/\/soxs.co\/ch\/","name":"SOXS.co CH","description":"Trendige und wunderbar warme Socken f\u00fcr alle","potentialAction":[{"@type":"SearchAction","target":{"@type":"EntryPoint","urlTemplate":"https:\/\/soxs.co\/ch\/?s={search_term_string}"},"query-input":{"@type":"PropertyValueSpecification","valueRequired":true,"valueName":"search_term_string"}}],"inLanguage":"de-CH"}]}},"_links":{"self":[{"href":"https:\/\/soxs.co\/ch\/wp-json\/wp\/v2\/product\/128812","targetHints":{"allow":["GET"]}}],"collection":[{"href":"https:\/\/soxs.co\/ch\/wp-json\/wp\/v2\/product"}],"about":[{"href":"https:\/\/soxs.co\/ch\/wp-json\/wp\/v2\/types\/product"}],"replies":[{"embeddable":true,"href":"https:\/\/soxs.co\/ch\/wp-json\/wp\/v2\/comments?post=128812"}],"wp:featuredmedia":[{"embeddable":true,"href":"https:\/\/soxs.co\/ch\/wp-json\/wp\/v2\/media\/700129316"}],"wp:attachment":[{"href":"https:\/\/soxs.co\/ch\/wp-json\/wp\/v2\/media?parent=128812"}],"wp:term":[{"taxonomy":"product_brand","embeddable":true,"href":"https:\/\/soxs.co\/ch\/wp-json\/wp\/v2\/product_brand?post=128812"},{"taxonomy":"product_cat","embeddable":true,"href":"https:\/\/soxs.co\/ch\/wp-json\/wp\/v2\/product_cat?post=128812"},{"taxonomy":"product_tag","embeddable":true,"href":"https:\/\/soxs.co\/ch\/wp-json\/wp\/v2\/product_tag?post=128812"}],"curies":[{"name":"wp","href":"https:\/\/api.w.org\/{rel}","templated":true}]}}