{"id":128811,"date":"2024-07-22T16:58:49","date_gmt":"2024-07-22T14:58:49","guid":{"rendered":"https:\/\/soxs.co\/ch\/?post_type=product&#038;p=128811"},"modified":"2025-09-13T15:58:45","modified_gmt":"2025-09-13T13:58:45","slug":"soxs-beige-wolle-socken-serene-lotus-label-antirutsch-medium-37-41","status":"publish","type":"product","link":"https:\/\/soxs.co\/ch\/soxs-beige-wolle-socken-serene-lotus-label-antirutsch-medium-37-41\/","title":{"rendered":"Originals &#8211; Rutschfest &#8211; Beige Wolle &#8211; Label Serene Lotus &#8211; 37-41"},"content":{"rendered":"<p>Erleben Sie die Beruhigung, wenn Sie die beigen Schafwollsocken von Soxs anziehen. Die Socken tragen das zarte Label &#8220;Serene Lotus&#8221; und sind mit Anti-Rutsch ausgestattet. Die Socken sind eine Oase des Komforts, mit der weichsten Schafwolle, die Ihre F\u00fc\u00dfe mit W\u00e4rme und einem sicheren Halt umarmt. Das Label &#8220;Serene Lotus&#8221; symbolisiert einen Zustand der Ruhe und Gelassenheit, w\u00e4hrend die Rutschfestigkeit bei jedem Schritt f\u00fcr einen sicheren Stand sorgt. Die Socken &#8220;Serene Lotus&#8221; von Soxs eignen sich perfekt f\u00fcr die Entspannung zu Hause oder f\u00fcr achtsame Bewegung und sind eine harmonische Erg\u00e4nzung f\u00fcr Ihren Alltag, in dem Stil und Funktionalit\u00e4t in reiner Weichheit verschmelzen. Tipp: Verwenden Sie die Soxs vor, w\u00e4hrend und nach dem Yoga oder der Meditation. Sie sind die idealen Yogasocken.<br \/>\nBeige wolle socken Antirutsch, Beige wolle socken Antirutsch<\/p>\n","protected":false},"excerpt":{"rendered":"<p>Erleben Sie die Beruhigung, wenn Sie die beigen Schafwollsocken von Soxs anziehen. Die Socken tragen das zarte Label &#8220;Serene Lotus&#8221; und sind mit Anti-Rutsch ausgestattet. Die Socken sind eine Oase des Komforts, mit der weichsten Schafwolle, die Ihre F\u00fc\u00dfe mit W\u00e4rme und einem sicheren Halt umarmt. Das Label &#8220;Serene Lotus&#8221; symbolisiert einen Zustand der Ruhe und Gelassenheit, w\u00e4hrend die Rutschfestigkeit bei jedem Schritt f\u00fcr einen sicheren Stand sorgt. Die Socken &#8220;Serene Lotus&#8221; von Soxs eignen sich perfekt f\u00fcr die Entspannung zu Hause oder f\u00fcr achtsame Bewegung und sind eine harmonische Erg\u00e4nzung f\u00fcr Ihren Alltag, in dem Stil und Funktionalit\u00e4t in reiner Weichheit verschmelzen. Tipp: Verwenden Sie die Soxs vor, w\u00e4hrend und nach dem Yoga oder der Meditation. Sie sind die idealen Yogasocken.<\/p>\n","protected":false},"featured_media":700133124,"comment_status":"closed","ping_status":"closed","template":"","meta":{"_acf_changed":false,"_improvement_type_select":"improve_an_existing","_thumb_yes_seoaic":false,"_frame_yes_seoaic":false,"seoaic_generate_description":"","seoaic_improve_instructions_prompt":"","seoaic_rollback_content_improvement":"","seoaic_idea_thumbnail_generator":"","thumbnail_generated":false,"thumbnail_generate_prompt":"","seoaic_article_description":""},"product_brand":[],"product_cat":[932,58,56,1382],"product_tag":[],"class_list":{"0":"post-128811","1":"product","2":"type-product","3":"status-publish","4":"has-post-thumbnail","6":"product_cat-antislip-sokken","7":"product_cat-wollsocken-damen","8":"product_cat-socken-von-soxs","9":"product_cat-yoga","11":"first","12":"outofstock","13":"sale","14":"taxable","15":"shipping-taxable","16":"purchasable","17":"product-type-simple"},"acf":[],"yoast_head":"<!-- This site is optimized with the Yoast SEO plugin v27.2 - https:\/\/yoast.com\/product\/yoast-seo-wordpress\/ -->\n<title>SOXS Beige wolle socken Serene Lotus | SOXS.co CH<\/title>\n<meta name=\"description\" content=\"Beige wolle socken Antirutsch. Die Socken sind eine Oase des Komforts, mit der weichsten Schafwolle, die Ihre F\u00fc\u00dfe mit W\u00e4rme und einem sicheren Halt umarmt.\" \/>\n<meta name=\"robots\" content=\"noindex, follow, max-snippet:-1, max-image-preview:large, max-video-preview:-1\" \/>\n<meta property=\"og:locale\" content=\"de_DE\" \/>\n<meta property=\"og:type\" content=\"article\" \/>\n<meta property=\"og:title\" content=\"SOXS Beige wolle socken Serene Lotus | SOXS.co CH\" \/>\n<meta property=\"og:description\" content=\"Beige wolle socken Antirutsch. Die Socken sind eine Oase des Komforts, mit der weichsten Schafwolle, die Ihre F\u00fc\u00dfe mit W\u00e4rme und einem sicheren Halt umarmt.\" \/>\n<meta property=\"og:url\" content=\"https:\/\/soxs.co\/ch\/soxs-beige-wolle-socken-serene-lotus-label-antirutsch-medium-37-41\/\" \/>\n<meta property=\"og:site_name\" content=\"SOXS.co CH\" \/>\n<meta property=\"article:publisher\" content=\"https:\/\/www.facebook.com\/soxs.co\/\" \/>\n<meta property=\"article:modified_time\" content=\"2025-09-13T13:58:45+00:00\" \/>\n<meta property=\"og:image\" content=\"https:\/\/soxs.co\/app\/uploads\/sites\/6\/2025\/08\/SOX3725_1000x1000px.png\" \/>\n\t<meta property=\"og:image:width\" content=\"1\" \/>\n\t<meta property=\"og:image:height\" content=\"1\" \/>\n\t<meta property=\"og:image:type\" content=\"image\/png\" \/>\n<meta name=\"twitter:card\" content=\"summary_large_image\" \/>\n<meta name=\"twitter:site\" content=\"@soxs_co\" \/>\n<meta name=\"twitter:label1\" content=\"Gesch\u00e4tzte Lesezeit\" \/>\n\t<meta name=\"twitter:data1\" content=\"3\u00a0Minuten\" \/>\n<script type=\"application\/ld+json\" class=\"yoast-schema-graph\">{\"@context\":\"https:\/\/schema.org\",\"@graph\":[{\"@type\":\"WebPage\",\"@id\":\"https:\/\/soxs.co\/ch\/soxs-beige-wolle-socken-serene-lotus-label-antirutsch-medium-37-41\/\",\"url\":\"https:\/\/soxs.co\/ch\/soxs-beige-wolle-socken-serene-lotus-label-antirutsch-medium-37-41\/\",\"name\":\"SOXS Beige wolle socken Serene Lotus | SOXS.co CH\",\"isPartOf\":{\"@id\":\"https:\/\/soxs.co\/ch\/#website\"},\"primaryImageOfPage\":{\"@id\":\"https:\/\/soxs.co\/ch\/soxs-beige-wolle-socken-serene-lotus-label-antirutsch-medium-37-41\/#primaryimage\"},\"image\":{\"@id\":\"https:\/\/soxs.co\/ch\/soxs-beige-wolle-socken-serene-lotus-label-antirutsch-medium-37-41\/#primaryimage\"},\"thumbnailUrl\":\"https:\/\/soxs.co\/app\/uploads\/sites\/6\/2025\/08\/SOX3725_1000x1000px.png\",\"datePublished\":\"2024-07-22T14:58:49+00:00\",\"dateModified\":\"2025-09-13T13:58:45+00:00\",\"description\":\"Beige wolle socken Antirutsch. Die Socken sind eine Oase des Komforts, mit der weichsten Schafwolle, die Ihre F\u00fc\u00dfe mit W\u00e4rme und einem sicheren Halt umarmt.\",\"breadcrumb\":{\"@id\":\"https:\/\/soxs.co\/ch\/soxs-beige-wolle-socken-serene-lotus-label-antirutsch-medium-37-41\/#breadcrumb\"},\"inLanguage\":\"de-CH\",\"potentialAction\":[{\"@type\":\"ReadAction\",\"target\":[\"https:\/\/soxs.co\/ch\/soxs-beige-wolle-socken-serene-lotus-label-antirutsch-medium-37-41\/\"]}]},{\"@type\":\"ImageObject\",\"inLanguage\":\"de-CH\",\"@id\":\"https:\/\/soxs.co\/ch\/soxs-beige-wolle-socken-serene-lotus-label-antirutsch-medium-37-41\/#primaryimage\",\"url\":\"https:\/\/soxs.co\/app\/uploads\/sites\/6\/2025\/08\/SOX3725_1000x1000px.png\",\"contentUrl\":\"https:\/\/soxs.co\/app\/uploads\/sites\/6\/2025\/08\/SOX3725_1000x1000px.png\",\"caption\":\"SOX3725_1000x1000px\"},{\"@type\":\"BreadcrumbList\",\"@id\":\"https:\/\/soxs.co\/ch\/soxs-beige-wolle-socken-serene-lotus-label-antirutsch-medium-37-41\/#breadcrumb\",\"itemListElement\":[{\"@type\":\"ListItem\",\"position\":1,\"name\":\"Home\",\"item\":\"https:\/\/soxs.co\/ch\/\"},{\"@type\":\"ListItem\",\"position\":2,\"name\":\"Shop\",\"item\":\"https:\/\/soxs.co\/ch\/shop\/\"},{\"@type\":\"ListItem\",\"position\":3,\"name\":\"Originals &#8211; Rutschfest &#8211; Beige Wolle &#8211; Label Serene Lotus &#8211; 37-41\"}]},{\"@type\":\"WebSite\",\"@id\":\"https:\/\/soxs.co\/ch\/#website\",\"url\":\"https:\/\/soxs.co\/ch\/\",\"name\":\"SOXS.co CH\",\"description\":\"Trendige und wunderbar warme Socken f\u00fcr alle\",\"potentialAction\":[{\"@type\":\"SearchAction\",\"target\":{\"@type\":\"EntryPoint\",\"urlTemplate\":\"https:\/\/soxs.co\/ch\/?s={search_term_string}\"},\"query-input\":{\"@type\":\"PropertyValueSpecification\",\"valueRequired\":true,\"valueName\":\"search_term_string\"}}],\"inLanguage\":\"de-CH\"}]}<\/script>\n<!-- \/ Yoast SEO plugin. -->","yoast_head_json":{"title":"SOXS Beige wolle socken Serene Lotus | SOXS.co CH","description":"Beige wolle socken Antirutsch. Die Socken sind eine Oase des Komforts, mit der weichsten Schafwolle, die Ihre F\u00fc\u00dfe mit W\u00e4rme und einem sicheren Halt umarmt.","robots":{"index":"noindex","follow":"follow","max-snippet":"max-snippet:-1","max-image-preview":"max-image-preview:large","max-video-preview":"max-video-preview:-1"},"og_locale":"de_DE","og_type":"article","og_title":"SOXS Beige wolle socken Serene Lotus | SOXS.co CH","og_description":"Beige wolle socken Antirutsch. Die Socken sind eine Oase des Komforts, mit der weichsten Schafwolle, die Ihre F\u00fc\u00dfe mit W\u00e4rme und einem sicheren Halt umarmt.","og_url":"https:\/\/soxs.co\/ch\/soxs-beige-wolle-socken-serene-lotus-label-antirutsch-medium-37-41\/","og_site_name":"SOXS.co CH","article_publisher":"https:\/\/www.facebook.com\/soxs.co\/","article_modified_time":"2025-09-13T13:58:45+00:00","og_image":[{"url":"https:\/\/soxs.co\/app\/uploads\/sites\/6\/2025\/08\/SOX3725_1000x1000px.png","width":1,"height":1,"type":"image\/png"}],"twitter_card":"summary_large_image","twitter_site":"@soxs_co","twitter_misc":{"Gesch\u00e4tzte Lesezeit":"3\u00a0Minuten"},"schema":{"@context":"https:\/\/schema.org","@graph":[{"@type":"WebPage","@id":"https:\/\/soxs.co\/ch\/soxs-beige-wolle-socken-serene-lotus-label-antirutsch-medium-37-41\/","url":"https:\/\/soxs.co\/ch\/soxs-beige-wolle-socken-serene-lotus-label-antirutsch-medium-37-41\/","name":"SOXS Beige wolle socken Serene Lotus | SOXS.co CH","isPartOf":{"@id":"https:\/\/soxs.co\/ch\/#website"},"primaryImageOfPage":{"@id":"https:\/\/soxs.co\/ch\/soxs-beige-wolle-socken-serene-lotus-label-antirutsch-medium-37-41\/#primaryimage"},"image":{"@id":"https:\/\/soxs.co\/ch\/soxs-beige-wolle-socken-serene-lotus-label-antirutsch-medium-37-41\/#primaryimage"},"thumbnailUrl":"https:\/\/soxs.co\/app\/uploads\/sites\/6\/2025\/08\/SOX3725_1000x1000px.png","datePublished":"2024-07-22T14:58:49+00:00","dateModified":"2025-09-13T13:58:45+00:00","description":"Beige wolle socken Antirutsch. Die Socken sind eine Oase des Komforts, mit der weichsten Schafwolle, die Ihre F\u00fc\u00dfe mit W\u00e4rme und einem sicheren Halt umarmt.","breadcrumb":{"@id":"https:\/\/soxs.co\/ch\/soxs-beige-wolle-socken-serene-lotus-label-antirutsch-medium-37-41\/#breadcrumb"},"inLanguage":"de-CH","potentialAction":[{"@type":"ReadAction","target":["https:\/\/soxs.co\/ch\/soxs-beige-wolle-socken-serene-lotus-label-antirutsch-medium-37-41\/"]}]},{"@type":"ImageObject","inLanguage":"de-CH","@id":"https:\/\/soxs.co\/ch\/soxs-beige-wolle-socken-serene-lotus-label-antirutsch-medium-37-41\/#primaryimage","url":"https:\/\/soxs.co\/app\/uploads\/sites\/6\/2025\/08\/SOX3725_1000x1000px.png","contentUrl":"https:\/\/soxs.co\/app\/uploads\/sites\/6\/2025\/08\/SOX3725_1000x1000px.png","caption":"SOX3725_1000x1000px"},{"@type":"BreadcrumbList","@id":"https:\/\/soxs.co\/ch\/soxs-beige-wolle-socken-serene-lotus-label-antirutsch-medium-37-41\/#breadcrumb","itemListElement":[{"@type":"ListItem","position":1,"name":"Home","item":"https:\/\/soxs.co\/ch\/"},{"@type":"ListItem","position":2,"name":"Shop","item":"https:\/\/soxs.co\/ch\/shop\/"},{"@type":"ListItem","position":3,"name":"Originals &#8211; Rutschfest &#8211; Beige Wolle &#8211; Label Serene Lotus &#8211; 37-41"}]},{"@type":"WebSite","@id":"https:\/\/soxs.co\/ch\/#website","url":"https:\/\/soxs.co\/ch\/","name":"SOXS.co CH","description":"Trendige und wunderbar warme Socken f\u00fcr alle","potentialAction":[{"@type":"SearchAction","target":{"@type":"EntryPoint","urlTemplate":"https:\/\/soxs.co\/ch\/?s={search_term_string}"},"query-input":{"@type":"PropertyValueSpecification","valueRequired":true,"valueName":"search_term_string"}}],"inLanguage":"de-CH"}]}},"_links":{"self":[{"href":"https:\/\/soxs.co\/ch\/wp-json\/wp\/v2\/product\/128811","targetHints":{"allow":["GET"]}}],"collection":[{"href":"https:\/\/soxs.co\/ch\/wp-json\/wp\/v2\/product"}],"about":[{"href":"https:\/\/soxs.co\/ch\/wp-json\/wp\/v2\/types\/product"}],"replies":[{"embeddable":true,"href":"https:\/\/soxs.co\/ch\/wp-json\/wp\/v2\/comments?post=128811"}],"wp:featuredmedia":[{"embeddable":true,"href":"https:\/\/soxs.co\/ch\/wp-json\/wp\/v2\/media\/700133124"}],"wp:attachment":[{"href":"https:\/\/soxs.co\/ch\/wp-json\/wp\/v2\/media?parent=128811"}],"wp:term":[{"taxonomy":"product_brand","embeddable":true,"href":"https:\/\/soxs.co\/ch\/wp-json\/wp\/v2\/product_brand?post=128811"},{"taxonomy":"product_cat","embeddable":true,"href":"https:\/\/soxs.co\/ch\/wp-json\/wp\/v2\/product_cat?post=128811"},{"taxonomy":"product_tag","embeddable":true,"href":"https:\/\/soxs.co\/ch\/wp-json\/wp\/v2\/product_tag?post=128811"}],"curies":[{"name":"wp","href":"https:\/\/api.w.org\/{rel}","templated":true}]}}