{"id":128807,"date":"2024-07-22T16:58:50","date_gmt":"2024-07-22T14:58:50","guid":{"rendered":"https:\/\/soxs.co\/ch\/?post_type=product&#038;p=128807"},"modified":"2025-09-13T15:58:45","modified_gmt":"2025-09-13T13:58:45","slug":"soxs-pink-wolle-babysocken-sweety-pink-label-antirutsch-high-19-28","status":"publish","type":"product","link":"https:\/\/soxs.co\/ch\/soxs-pink-wolle-babysocken-sweety-pink-label-antirutsch-high-19-28\/","title":{"rendered":"Originals &#8211; Rutschfest &#8211; Rosa Wolle &#8211; Label Sweety Pink &#8211; 19-28"},"content":{"rendered":"<p>Verw\u00f6hnen Sie Ihre Kleinen mit den rosafarbenen Babysocken aus Schafwolle mit dem s\u00fc\u00dfen Label &#8220;Sweety Pink&#8221; und der Anti-Rutsch-Ausstattung. Diese Socken sind ein Musterbeispiel f\u00fcr liebevolle Pflege, die die F\u00fc\u00dfe Ihres Babys sanft in W\u00e4rme und Komfort h\u00fcllen. Die hochwertige Schafwolle sorgt f\u00fcr einen kuscheligen Sitz und die Rutschfestigkeit f\u00fcr sichere erste Schritte. Das Label &#8220;Sweety Pink&#8221; sorgt f\u00fcr einen Hauch von Liebe und macht diese Socken nicht nur praktisch, sondern auch unwiderstehlich niedlich. Tipp: Auch als Geschenk f\u00fcr die Geburt geeignet!<\/p>\n","protected":false},"excerpt":{"rendered":"<p>Verw\u00f6hnen Sie Ihre Kleinen mit den rosafarbenen Babysocken aus Schafwolle mit dem s\u00fc\u00dfen Label &#8220;Sweety Pink&#8221; und der Anti-Rutsch-Ausstattung. Diese Socken sind ein Musterbeispiel f\u00fcr liebevolle Pflege, die die F\u00fc\u00dfe Ihres Babys sanft in W\u00e4rme und Komfort h\u00fcllen. Die hochwertige Schafwolle sorgt f\u00fcr einen kuscheligen Sitz und die Rutschfestigkeit f\u00fcr sichere erste Schritte. Das Label &#8220;Sweety Pink&#8221; sorgt f\u00fcr einen Hauch von Liebe und macht diese Socken nicht nur praktisch, sondern auch unwiderstehlich niedlich. Tipp: Auch als Geschenk f\u00fcr die Geburt geeignet!<\/p>\n","protected":false},"featured_media":700133120,"comment_status":"closed","ping_status":"closed","template":"","meta":{"_acf_changed":false,"_improvement_type_select":"improve_an_existing","_thumb_yes_seoaic":false,"_frame_yes_seoaic":false,"seoaic_generate_description":"","seoaic_improve_instructions_prompt":"","seoaic_rollback_content_improvement":"","seoaic_idea_thumbnail_generator":"","thumbnail_generated":false,"thumbnail_generate_prompt":"","seoaic_article_description":""},"product_brand":[1507],"product_cat":[932,57,56],"product_tag":[1508,1509,1510],"class_list":{"0":"post-128807","1":"product","2":"type-product","3":"status-publish","4":"has-post-thumbnail","6":"product_brand-soxs-co","7":"product_cat-antislip-sokken","8":"product_cat-wollsocken-baby","9":"product_cat-socken-von-soxs","10":"product_tag-merinowollsocken","11":"product_tag-warme-socken","12":"product_tag-warme-wollsocken","14":"first","15":"instock","16":"taxable","17":"shipping-taxable","18":"purchasable","19":"product-type-simple"},"acf":[],"yoast_head":"<!-- This site is optimized with the Yoast SEO plugin v27.2 - https:\/\/yoast.com\/product\/yoast-seo-wordpress\/ -->\n<title>SOXS Pink wolle Babysocken Sweety Pink | SOXS.co CH<\/title>\n<meta name=\"description\" content=\"Pink wolle Babysocken. Diese Socken sind ein Musterbeispiel f\u00fcr liebevolle Pflege, die die F\u00fc\u00dfe Ihres Babys sanft in W\u00e4rme und Komfort h\u00fcllen.\" \/>\n<meta name=\"robots\" content=\"noindex, follow, max-snippet:-1, max-image-preview:large, max-video-preview:-1\" \/>\n<meta property=\"og:locale\" content=\"de_DE\" \/>\n<meta property=\"og:type\" content=\"article\" \/>\n<meta property=\"og:title\" content=\"SOXS Pink wolle Babysocken Sweety Pink | SOXS.co CH\" \/>\n<meta property=\"og:description\" content=\"Pink wolle Babysocken. Diese Socken sind ein Musterbeispiel f\u00fcr liebevolle Pflege, die die F\u00fc\u00dfe Ihres Babys sanft in W\u00e4rme und Komfort h\u00fcllen.\" \/>\n<meta property=\"og:url\" content=\"https:\/\/soxs.co\/ch\/soxs-pink-wolle-babysocken-sweety-pink-label-antirutsch-high-19-28\/\" \/>\n<meta property=\"og:site_name\" content=\"SOXS.co CH\" \/>\n<meta property=\"article:publisher\" content=\"https:\/\/www.facebook.com\/soxs.co\/\" \/>\n<meta property=\"article:modified_time\" content=\"2025-09-13T13:58:45+00:00\" \/>\n<meta property=\"og:image\" content=\"https:\/\/soxs.co\/app\/uploads\/sites\/6\/2025\/08\/SOX3724_1000x1000px.png\" \/>\n\t<meta property=\"og:image:width\" content=\"1\" \/>\n\t<meta property=\"og:image:height\" content=\"1\" \/>\n\t<meta property=\"og:image:type\" content=\"image\/png\" \/>\n<meta name=\"twitter:card\" content=\"summary_large_image\" \/>\n<meta name=\"twitter:site\" content=\"@soxs_co\" \/>\n<meta name=\"twitter:label1\" content=\"Gesch\u00e4tzte Lesezeit\" \/>\n\t<meta name=\"twitter:data1\" content=\"1\u00a0Minute\" \/>\n<script type=\"application\/ld+json\" class=\"yoast-schema-graph\">{\"@context\":\"https:\/\/schema.org\",\"@graph\":[{\"@type\":\"WebPage\",\"@id\":\"https:\/\/soxs.co\/ch\/soxs-pink-wolle-babysocken-sweety-pink-label-antirutsch-high-19-28\/\",\"url\":\"https:\/\/soxs.co\/ch\/soxs-pink-wolle-babysocken-sweety-pink-label-antirutsch-high-19-28\/\",\"name\":\"SOXS Pink wolle Babysocken Sweety Pink | SOXS.co CH\",\"isPartOf\":{\"@id\":\"https:\/\/soxs.co\/ch\/#website\"},\"primaryImageOfPage\":{\"@id\":\"https:\/\/soxs.co\/ch\/soxs-pink-wolle-babysocken-sweety-pink-label-antirutsch-high-19-28\/#primaryimage\"},\"image\":{\"@id\":\"https:\/\/soxs.co\/ch\/soxs-pink-wolle-babysocken-sweety-pink-label-antirutsch-high-19-28\/#primaryimage\"},\"thumbnailUrl\":\"https:\/\/soxs.co\/app\/uploads\/sites\/6\/2025\/08\/SOX3724_1000x1000px.png\",\"datePublished\":\"2024-07-22T14:58:50+00:00\",\"dateModified\":\"2025-09-13T13:58:45+00:00\",\"description\":\"Pink wolle Babysocken. Diese Socken sind ein Musterbeispiel f\u00fcr liebevolle Pflege, die die F\u00fc\u00dfe Ihres Babys sanft in W\u00e4rme und Komfort h\u00fcllen.\",\"breadcrumb\":{\"@id\":\"https:\/\/soxs.co\/ch\/soxs-pink-wolle-babysocken-sweety-pink-label-antirutsch-high-19-28\/#breadcrumb\"},\"inLanguage\":\"de-CH\",\"potentialAction\":[{\"@type\":\"ReadAction\",\"target\":[\"https:\/\/soxs.co\/ch\/soxs-pink-wolle-babysocken-sweety-pink-label-antirutsch-high-19-28\/\"]}]},{\"@type\":\"ImageObject\",\"inLanguage\":\"de-CH\",\"@id\":\"https:\/\/soxs.co\/ch\/soxs-pink-wolle-babysocken-sweety-pink-label-antirutsch-high-19-28\/#primaryimage\",\"url\":\"https:\/\/soxs.co\/app\/uploads\/sites\/6\/2025\/08\/SOX3724_1000x1000px.png\",\"contentUrl\":\"https:\/\/soxs.co\/app\/uploads\/sites\/6\/2025\/08\/SOX3724_1000x1000px.png\",\"caption\":\"SOX3724_1000x1000px\"},{\"@type\":\"BreadcrumbList\",\"@id\":\"https:\/\/soxs.co\/ch\/soxs-pink-wolle-babysocken-sweety-pink-label-antirutsch-high-19-28\/#breadcrumb\",\"itemListElement\":[{\"@type\":\"ListItem\",\"position\":1,\"name\":\"Home\",\"item\":\"https:\/\/soxs.co\/ch\/\"},{\"@type\":\"ListItem\",\"position\":2,\"name\":\"Shop\",\"item\":\"https:\/\/soxs.co\/ch\/shop\/\"},{\"@type\":\"ListItem\",\"position\":3,\"name\":\"Originals &#8211; Rutschfest &#8211; Rosa Wolle &#8211; Label Sweety Pink &#8211; 19-28\"}]},{\"@type\":\"WebSite\",\"@id\":\"https:\/\/soxs.co\/ch\/#website\",\"url\":\"https:\/\/soxs.co\/ch\/\",\"name\":\"SOXS.co CH\",\"description\":\"Trendige und wunderbar warme Socken f\u00fcr alle\",\"potentialAction\":[{\"@type\":\"SearchAction\",\"target\":{\"@type\":\"EntryPoint\",\"urlTemplate\":\"https:\/\/soxs.co\/ch\/?s={search_term_string}\"},\"query-input\":{\"@type\":\"PropertyValueSpecification\",\"valueRequired\":true,\"valueName\":\"search_term_string\"}}],\"inLanguage\":\"de-CH\"}]}<\/script>\n<!-- \/ Yoast SEO plugin. -->","yoast_head_json":{"title":"SOXS Pink wolle Babysocken Sweety Pink | SOXS.co CH","description":"Pink wolle Babysocken. Diese Socken sind ein Musterbeispiel f\u00fcr liebevolle Pflege, die die F\u00fc\u00dfe Ihres Babys sanft in W\u00e4rme und Komfort h\u00fcllen.","robots":{"index":"noindex","follow":"follow","max-snippet":"max-snippet:-1","max-image-preview":"max-image-preview:large","max-video-preview":"max-video-preview:-1"},"og_locale":"de_DE","og_type":"article","og_title":"SOXS Pink wolle Babysocken Sweety Pink | SOXS.co CH","og_description":"Pink wolle Babysocken. Diese Socken sind ein Musterbeispiel f\u00fcr liebevolle Pflege, die die F\u00fc\u00dfe Ihres Babys sanft in W\u00e4rme und Komfort h\u00fcllen.","og_url":"https:\/\/soxs.co\/ch\/soxs-pink-wolle-babysocken-sweety-pink-label-antirutsch-high-19-28\/","og_site_name":"SOXS.co CH","article_publisher":"https:\/\/www.facebook.com\/soxs.co\/","article_modified_time":"2025-09-13T13:58:45+00:00","og_image":[{"url":"https:\/\/soxs.co\/app\/uploads\/sites\/6\/2025\/08\/SOX3724_1000x1000px.png","width":1,"height":1,"type":"image\/png"}],"twitter_card":"summary_large_image","twitter_site":"@soxs_co","twitter_misc":{"Gesch\u00e4tzte Lesezeit":"1\u00a0Minute"},"schema":{"@context":"https:\/\/schema.org","@graph":[{"@type":"WebPage","@id":"https:\/\/soxs.co\/ch\/soxs-pink-wolle-babysocken-sweety-pink-label-antirutsch-high-19-28\/","url":"https:\/\/soxs.co\/ch\/soxs-pink-wolle-babysocken-sweety-pink-label-antirutsch-high-19-28\/","name":"SOXS Pink wolle Babysocken Sweety Pink | SOXS.co CH","isPartOf":{"@id":"https:\/\/soxs.co\/ch\/#website"},"primaryImageOfPage":{"@id":"https:\/\/soxs.co\/ch\/soxs-pink-wolle-babysocken-sweety-pink-label-antirutsch-high-19-28\/#primaryimage"},"image":{"@id":"https:\/\/soxs.co\/ch\/soxs-pink-wolle-babysocken-sweety-pink-label-antirutsch-high-19-28\/#primaryimage"},"thumbnailUrl":"https:\/\/soxs.co\/app\/uploads\/sites\/6\/2025\/08\/SOX3724_1000x1000px.png","datePublished":"2024-07-22T14:58:50+00:00","dateModified":"2025-09-13T13:58:45+00:00","description":"Pink wolle Babysocken. Diese Socken sind ein Musterbeispiel f\u00fcr liebevolle Pflege, die die F\u00fc\u00dfe Ihres Babys sanft in W\u00e4rme und Komfort h\u00fcllen.","breadcrumb":{"@id":"https:\/\/soxs.co\/ch\/soxs-pink-wolle-babysocken-sweety-pink-label-antirutsch-high-19-28\/#breadcrumb"},"inLanguage":"de-CH","potentialAction":[{"@type":"ReadAction","target":["https:\/\/soxs.co\/ch\/soxs-pink-wolle-babysocken-sweety-pink-label-antirutsch-high-19-28\/"]}]},{"@type":"ImageObject","inLanguage":"de-CH","@id":"https:\/\/soxs.co\/ch\/soxs-pink-wolle-babysocken-sweety-pink-label-antirutsch-high-19-28\/#primaryimage","url":"https:\/\/soxs.co\/app\/uploads\/sites\/6\/2025\/08\/SOX3724_1000x1000px.png","contentUrl":"https:\/\/soxs.co\/app\/uploads\/sites\/6\/2025\/08\/SOX3724_1000x1000px.png","caption":"SOX3724_1000x1000px"},{"@type":"BreadcrumbList","@id":"https:\/\/soxs.co\/ch\/soxs-pink-wolle-babysocken-sweety-pink-label-antirutsch-high-19-28\/#breadcrumb","itemListElement":[{"@type":"ListItem","position":1,"name":"Home","item":"https:\/\/soxs.co\/ch\/"},{"@type":"ListItem","position":2,"name":"Shop","item":"https:\/\/soxs.co\/ch\/shop\/"},{"@type":"ListItem","position":3,"name":"Originals &#8211; Rutschfest &#8211; Rosa Wolle &#8211; Label Sweety Pink &#8211; 19-28"}]},{"@type":"WebSite","@id":"https:\/\/soxs.co\/ch\/#website","url":"https:\/\/soxs.co\/ch\/","name":"SOXS.co CH","description":"Trendige und wunderbar warme Socken f\u00fcr alle","potentialAction":[{"@type":"SearchAction","target":{"@type":"EntryPoint","urlTemplate":"https:\/\/soxs.co\/ch\/?s={search_term_string}"},"query-input":{"@type":"PropertyValueSpecification","valueRequired":true,"valueName":"search_term_string"}}],"inLanguage":"de-CH"}]}},"_links":{"self":[{"href":"https:\/\/soxs.co\/ch\/wp-json\/wp\/v2\/product\/128807","targetHints":{"allow":["GET"]}}],"collection":[{"href":"https:\/\/soxs.co\/ch\/wp-json\/wp\/v2\/product"}],"about":[{"href":"https:\/\/soxs.co\/ch\/wp-json\/wp\/v2\/types\/product"}],"replies":[{"embeddable":true,"href":"https:\/\/soxs.co\/ch\/wp-json\/wp\/v2\/comments?post=128807"}],"wp:featuredmedia":[{"embeddable":true,"href":"https:\/\/soxs.co\/ch\/wp-json\/wp\/v2\/media\/700133120"}],"wp:attachment":[{"href":"https:\/\/soxs.co\/ch\/wp-json\/wp\/v2\/media?parent=128807"}],"wp:term":[{"taxonomy":"product_brand","embeddable":true,"href":"https:\/\/soxs.co\/ch\/wp-json\/wp\/v2\/product_brand?post=128807"},{"taxonomy":"product_cat","embeddable":true,"href":"https:\/\/soxs.co\/ch\/wp-json\/wp\/v2\/product_cat?post=128807"},{"taxonomy":"product_tag","embeddable":true,"href":"https:\/\/soxs.co\/ch\/wp-json\/wp\/v2\/product_tag?post=128807"}],"curies":[{"name":"wp","href":"https:\/\/api.w.org\/{rel}","templated":true}]}}