{"id":128787,"date":"2024-07-22T16:58:55","date_gmt":"2024-07-22T14:58:55","guid":{"rendered":"https:\/\/soxs.co\/ch\/?post_type=product&#038;p=128787"},"modified":"2025-09-13T15:58:44","modified_gmt":"2025-09-13T13:58:44","slug":"soxs-dunkelgraue-wolle-socken-sparkling-copper-label-medium-37-41","status":"publish","type":"product","link":"https:\/\/soxs.co\/ch\/soxs-dunkelgraue-wolle-socken-sparkling-copper-label-medium-37-41\/","title":{"rendered":"Originals &#8211; Dunkelgraue Wolle &#8211; Label Sparkling Copper &#8211; 37-41"},"content":{"rendered":"<p>Lassen Sie sich von dem eleganten Charme der dunkelgrauen Schafwollsocken von Soxs verf\u00fchren, die mit dem raffinierten Label &#8220;Sparkling Copper&#8221; verziert sind. Die Socken geben Ihnen das Gef\u00fchl von Luxus, gewebt aus feinster Schafswolle f\u00fcr Komfort und W\u00e4rme. Der stilvolle dunkelgraue Farbton in Kombination mit dem auff\u00e4lligen &#8220;Sparkling Copper&#8221;-Label verleiht Ihrem Alltagsoutfit einen subtilen Glanz. Perfekt f\u00fcr den Winter in einem coolen Stiefel. Die Soxs Socken bieten nicht nur eine flexible Passform und eine lange Lebensdauer&#8230;. Sie verleihen Ihrem Look einen Touch von Glitzer.<br \/>\nDunkelgraue Wollsocken, Dunkelgraue Wollsocken<\/p>\n","protected":false},"excerpt":{"rendered":"<p>Lassen Sie sich von dem eleganten Charme der dunkelgrauen Schafwollsocken von Soxs verf\u00fchren, die mit dem raffinierten Label &#8220;Sparkling Copper&#8221; verziert sind. Die Socken geben Ihnen das Gef\u00fchl von Luxus, gewebt aus feinster Schafswolle f\u00fcr Komfort und W\u00e4rme. Der stilvolle dunkelgraue Farbton in Kombination mit dem auff\u00e4lligen &#8220;Sparkling Copper&#8221;-Label verleiht Ihrem Alltagsoutfit einen subtilen Glanz. Perfekt f\u00fcr den Winter in einem coolen Stiefel. Die Soxs Socken bieten nicht nur eine flexible Passform und eine lange Lebensdauer&#8230;. Sie verleihen Ihrem Look einen Touch von Glitzer.<\/p>\n","protected":false},"featured_media":700133098,"comment_status":"closed","ping_status":"closed","template":"","meta":{"_acf_changed":false,"_improvement_type_select":"improve_an_existing","_thumb_yes_seoaic":false,"_frame_yes_seoaic":false,"seoaic_generate_description":"","seoaic_improve_instructions_prompt":"","seoaic_rollback_content_improvement":"","seoaic_idea_thumbnail_generator":"","thumbnail_generated":false,"thumbnail_generate_prompt":"","seoaic_article_description":""},"product_brand":[],"product_cat":[58,56],"product_tag":[],"class_list":{"0":"post-128787","1":"product","2":"type-product","3":"status-publish","4":"has-post-thumbnail","6":"product_cat-wollsocken-damen","7":"product_cat-socken-von-soxs","9":"first","10":"instock","11":"taxable","12":"shipping-taxable","13":"purchasable","14":"product-type-simple"},"acf":[],"yoast_head":"<!-- This site is optimized with the Yoast SEO plugin v27.2 - https:\/\/yoast.com\/product\/yoast-seo-wordpress\/ -->\n<title>SOXS Dunkelgraue wolle socken Sparkling Copper label | SOXS.co CH<\/title>\n<meta name=\"description\" content=\"Dunkelgraue Wollsocken. Lassen Sie sich von dem Charme der dunkelgrauen socken von Soxs verf\u00fchren, die mit dem &quot;Sparkling Copper&quot; Label verziert sind.\" \/>\n<meta name=\"robots\" content=\"noindex, follow, max-snippet:-1, max-image-preview:large, max-video-preview:-1\" \/>\n<meta property=\"og:locale\" content=\"de_DE\" \/>\n<meta property=\"og:type\" content=\"article\" \/>\n<meta property=\"og:title\" content=\"SOXS Dunkelgraue wolle socken Sparkling Copper label | SOXS.co CH\" \/>\n<meta property=\"og:description\" content=\"Dunkelgraue Wollsocken. Lassen Sie sich von dem Charme der dunkelgrauen socken von Soxs verf\u00fchren, die mit dem &quot;Sparkling Copper&quot; Label verziert sind.\" \/>\n<meta property=\"og:url\" content=\"https:\/\/soxs.co\/ch\/soxs-dunkelgraue-wolle-socken-sparkling-copper-label-medium-37-41\/\" \/>\n<meta property=\"og:site_name\" content=\"SOXS.co CH\" \/>\n<meta property=\"article:publisher\" content=\"https:\/\/www.facebook.com\/soxs.co\/\" \/>\n<meta property=\"article:modified_time\" content=\"2025-09-13T13:58:44+00:00\" \/>\n<meta property=\"og:image\" content=\"https:\/\/soxs.co\/app\/uploads\/sites\/6\/2025\/08\/SOX3713_1000x1000px.png\" \/>\n\t<meta property=\"og:image:width\" content=\"1\" \/>\n\t<meta property=\"og:image:height\" content=\"1\" \/>\n\t<meta property=\"og:image:type\" content=\"image\/png\" \/>\n<meta name=\"twitter:card\" content=\"summary_large_image\" \/>\n<meta name=\"twitter:site\" content=\"@soxs_co\" \/>\n<meta name=\"twitter:label1\" content=\"Gesch\u00e4tzte Lesezeit\" \/>\n\t<meta name=\"twitter:data1\" content=\"2\u00a0Minuten\" \/>\n<script type=\"application\/ld+json\" class=\"yoast-schema-graph\">{\"@context\":\"https:\/\/schema.org\",\"@graph\":[{\"@type\":\"WebPage\",\"@id\":\"https:\/\/soxs.co\/ch\/soxs-dunkelgraue-wolle-socken-sparkling-copper-label-medium-37-41\/\",\"url\":\"https:\/\/soxs.co\/ch\/soxs-dunkelgraue-wolle-socken-sparkling-copper-label-medium-37-41\/\",\"name\":\"SOXS Dunkelgraue wolle socken Sparkling Copper label | SOXS.co CH\",\"isPartOf\":{\"@id\":\"https:\/\/soxs.co\/ch\/#website\"},\"primaryImageOfPage\":{\"@id\":\"https:\/\/soxs.co\/ch\/soxs-dunkelgraue-wolle-socken-sparkling-copper-label-medium-37-41\/#primaryimage\"},\"image\":{\"@id\":\"https:\/\/soxs.co\/ch\/soxs-dunkelgraue-wolle-socken-sparkling-copper-label-medium-37-41\/#primaryimage\"},\"thumbnailUrl\":\"https:\/\/soxs.co\/app\/uploads\/sites\/6\/2025\/08\/SOX3713_1000x1000px.png\",\"datePublished\":\"2024-07-22T14:58:55+00:00\",\"dateModified\":\"2025-09-13T13:58:44+00:00\",\"description\":\"Dunkelgraue Wollsocken. Lassen Sie sich von dem Charme der dunkelgrauen socken von Soxs verf\u00fchren, die mit dem \\\"Sparkling Copper\\\" Label verziert sind.\",\"breadcrumb\":{\"@id\":\"https:\/\/soxs.co\/ch\/soxs-dunkelgraue-wolle-socken-sparkling-copper-label-medium-37-41\/#breadcrumb\"},\"inLanguage\":\"de-CH\",\"potentialAction\":[{\"@type\":\"ReadAction\",\"target\":[\"https:\/\/soxs.co\/ch\/soxs-dunkelgraue-wolle-socken-sparkling-copper-label-medium-37-41\/\"]}]},{\"@type\":\"ImageObject\",\"inLanguage\":\"de-CH\",\"@id\":\"https:\/\/soxs.co\/ch\/soxs-dunkelgraue-wolle-socken-sparkling-copper-label-medium-37-41\/#primaryimage\",\"url\":\"https:\/\/soxs.co\/app\/uploads\/sites\/6\/2025\/08\/SOX3713_1000x1000px.png\",\"contentUrl\":\"https:\/\/soxs.co\/app\/uploads\/sites\/6\/2025\/08\/SOX3713_1000x1000px.png\",\"caption\":\"SOX3713_1000x1000px\"},{\"@type\":\"BreadcrumbList\",\"@id\":\"https:\/\/soxs.co\/ch\/soxs-dunkelgraue-wolle-socken-sparkling-copper-label-medium-37-41\/#breadcrumb\",\"itemListElement\":[{\"@type\":\"ListItem\",\"position\":1,\"name\":\"Home\",\"item\":\"https:\/\/soxs.co\/ch\/\"},{\"@type\":\"ListItem\",\"position\":2,\"name\":\"Shop\",\"item\":\"https:\/\/soxs.co\/ch\/shop\/\"},{\"@type\":\"ListItem\",\"position\":3,\"name\":\"Originals &#8211; Dunkelgraue Wolle &#8211; Label Sparkling Copper &#8211; 37-41\"}]},{\"@type\":\"WebSite\",\"@id\":\"https:\/\/soxs.co\/ch\/#website\",\"url\":\"https:\/\/soxs.co\/ch\/\",\"name\":\"SOXS.co CH\",\"description\":\"Trendige und wunderbar warme Socken f\u00fcr alle\",\"potentialAction\":[{\"@type\":\"SearchAction\",\"target\":{\"@type\":\"EntryPoint\",\"urlTemplate\":\"https:\/\/soxs.co\/ch\/?s={search_term_string}\"},\"query-input\":{\"@type\":\"PropertyValueSpecification\",\"valueRequired\":true,\"valueName\":\"search_term_string\"}}],\"inLanguage\":\"de-CH\"}]}<\/script>\n<!-- \/ Yoast SEO plugin. -->","yoast_head_json":{"title":"SOXS Dunkelgraue wolle socken Sparkling Copper label | SOXS.co CH","description":"Dunkelgraue Wollsocken. Lassen Sie sich von dem Charme der dunkelgrauen socken von Soxs verf\u00fchren, die mit dem \"Sparkling Copper\" Label verziert sind.","robots":{"index":"noindex","follow":"follow","max-snippet":"max-snippet:-1","max-image-preview":"max-image-preview:large","max-video-preview":"max-video-preview:-1"},"og_locale":"de_DE","og_type":"article","og_title":"SOXS Dunkelgraue wolle socken Sparkling Copper label | SOXS.co CH","og_description":"Dunkelgraue Wollsocken. Lassen Sie sich von dem Charme der dunkelgrauen socken von Soxs verf\u00fchren, die mit dem \"Sparkling Copper\" Label verziert sind.","og_url":"https:\/\/soxs.co\/ch\/soxs-dunkelgraue-wolle-socken-sparkling-copper-label-medium-37-41\/","og_site_name":"SOXS.co CH","article_publisher":"https:\/\/www.facebook.com\/soxs.co\/","article_modified_time":"2025-09-13T13:58:44+00:00","og_image":[{"url":"https:\/\/soxs.co\/app\/uploads\/sites\/6\/2025\/08\/SOX3713_1000x1000px.png","width":1,"height":1,"type":"image\/png"}],"twitter_card":"summary_large_image","twitter_site":"@soxs_co","twitter_misc":{"Gesch\u00e4tzte Lesezeit":"2\u00a0Minuten"},"schema":{"@context":"https:\/\/schema.org","@graph":[{"@type":"WebPage","@id":"https:\/\/soxs.co\/ch\/soxs-dunkelgraue-wolle-socken-sparkling-copper-label-medium-37-41\/","url":"https:\/\/soxs.co\/ch\/soxs-dunkelgraue-wolle-socken-sparkling-copper-label-medium-37-41\/","name":"SOXS Dunkelgraue wolle socken Sparkling Copper label | SOXS.co CH","isPartOf":{"@id":"https:\/\/soxs.co\/ch\/#website"},"primaryImageOfPage":{"@id":"https:\/\/soxs.co\/ch\/soxs-dunkelgraue-wolle-socken-sparkling-copper-label-medium-37-41\/#primaryimage"},"image":{"@id":"https:\/\/soxs.co\/ch\/soxs-dunkelgraue-wolle-socken-sparkling-copper-label-medium-37-41\/#primaryimage"},"thumbnailUrl":"https:\/\/soxs.co\/app\/uploads\/sites\/6\/2025\/08\/SOX3713_1000x1000px.png","datePublished":"2024-07-22T14:58:55+00:00","dateModified":"2025-09-13T13:58:44+00:00","description":"Dunkelgraue Wollsocken. Lassen Sie sich von dem Charme der dunkelgrauen socken von Soxs verf\u00fchren, die mit dem \"Sparkling Copper\" Label verziert sind.","breadcrumb":{"@id":"https:\/\/soxs.co\/ch\/soxs-dunkelgraue-wolle-socken-sparkling-copper-label-medium-37-41\/#breadcrumb"},"inLanguage":"de-CH","potentialAction":[{"@type":"ReadAction","target":["https:\/\/soxs.co\/ch\/soxs-dunkelgraue-wolle-socken-sparkling-copper-label-medium-37-41\/"]}]},{"@type":"ImageObject","inLanguage":"de-CH","@id":"https:\/\/soxs.co\/ch\/soxs-dunkelgraue-wolle-socken-sparkling-copper-label-medium-37-41\/#primaryimage","url":"https:\/\/soxs.co\/app\/uploads\/sites\/6\/2025\/08\/SOX3713_1000x1000px.png","contentUrl":"https:\/\/soxs.co\/app\/uploads\/sites\/6\/2025\/08\/SOX3713_1000x1000px.png","caption":"SOX3713_1000x1000px"},{"@type":"BreadcrumbList","@id":"https:\/\/soxs.co\/ch\/soxs-dunkelgraue-wolle-socken-sparkling-copper-label-medium-37-41\/#breadcrumb","itemListElement":[{"@type":"ListItem","position":1,"name":"Home","item":"https:\/\/soxs.co\/ch\/"},{"@type":"ListItem","position":2,"name":"Shop","item":"https:\/\/soxs.co\/ch\/shop\/"},{"@type":"ListItem","position":3,"name":"Originals &#8211; Dunkelgraue Wolle &#8211; Label Sparkling Copper &#8211; 37-41"}]},{"@type":"WebSite","@id":"https:\/\/soxs.co\/ch\/#website","url":"https:\/\/soxs.co\/ch\/","name":"SOXS.co CH","description":"Trendige und wunderbar warme Socken f\u00fcr alle","potentialAction":[{"@type":"SearchAction","target":{"@type":"EntryPoint","urlTemplate":"https:\/\/soxs.co\/ch\/?s={search_term_string}"},"query-input":{"@type":"PropertyValueSpecification","valueRequired":true,"valueName":"search_term_string"}}],"inLanguage":"de-CH"}]}},"_links":{"self":[{"href":"https:\/\/soxs.co\/ch\/wp-json\/wp\/v2\/product\/128787","targetHints":{"allow":["GET"]}}],"collection":[{"href":"https:\/\/soxs.co\/ch\/wp-json\/wp\/v2\/product"}],"about":[{"href":"https:\/\/soxs.co\/ch\/wp-json\/wp\/v2\/types\/product"}],"replies":[{"embeddable":true,"href":"https:\/\/soxs.co\/ch\/wp-json\/wp\/v2\/comments?post=128787"}],"wp:featuredmedia":[{"embeddable":true,"href":"https:\/\/soxs.co\/ch\/wp-json\/wp\/v2\/media\/700133098"}],"wp:attachment":[{"href":"https:\/\/soxs.co\/ch\/wp-json\/wp\/v2\/media?parent=128787"}],"wp:term":[{"taxonomy":"product_brand","embeddable":true,"href":"https:\/\/soxs.co\/ch\/wp-json\/wp\/v2\/product_brand?post=128787"},{"taxonomy":"product_cat","embeddable":true,"href":"https:\/\/soxs.co\/ch\/wp-json\/wp\/v2\/product_cat?post=128787"},{"taxonomy":"product_tag","embeddable":true,"href":"https:\/\/soxs.co\/ch\/wp-json\/wp\/v2\/product_tag?post=128787"}],"curies":[{"name":"wp","href":"https:\/\/api.w.org\/{rel}","templated":true}]}}