{"id":125651,"date":"2023-06-14T11:23:25","date_gmt":"2023-06-14T09:23:25","guid":{"rendered":"https:\/\/soxs.co\/ch\/?post_type=product&#038;p=125651"},"modified":"2025-09-13T15:58:37","modified_gmt":"2025-09-13T13:58:37","slug":"soxs-beige-wolle-damensocken-und-herrensocken-warmsand-label-antislip-low","status":"publish","type":"product","link":"https:\/\/soxs.co\/ch\/soxs-beige-wolle-damensocken-und-herrensocken-warmsand-label-antislip-low\/","title":{"rendered":"Coldproof &#8211; Rutschfest &#8211; Beige Wolle &#8211; Label Warm Sand"},"content":{"rendered":"<p>Leiden Sie immer unter kalten F\u00fc\u00dfen? Mit den beigen Socken mit Safari-Label geh\u00f6rt das der Vergangenheit an! Diese Wollsocken bieten Ihren F\u00fc\u00dfen W\u00e4rme bei Temperaturen von bis zu &#8211; 20\u00b0C. Wenn das keine warmen Socken sind, wissen wir nicht, was das ist! Die niedrigen Yogasocken haben eine rutschfeste Schicht an der Sohle, um Ihnen mehr Halt und Stabilit\u00e4t zu geben. So m\u00fcssen Sie sich keine Sorgen mehr machen, auf dem Boden oder beim Yoga auszurutschen. Ziehen Sie diese Unisex-Socken an und genie\u00dfen Sie den Moment des Vergn\u00fcgens an Ihren F\u00fc\u00dfen.<br \/>\nBeige wolle Socken extra warm, Beige wolle Socken extra warm<\/p>\n","protected":false},"excerpt":{"rendered":"<p>Leiden Sie immer unter kalten F\u00fc\u00dfen? Mit den beigen Socken mit Safari-Label geh\u00f6rt das der Vergangenheit an! Diese Wollsocken bieten Ihren F\u00fc\u00dfen W\u00e4rme bei Temperaturen von bis zu &#8211; 20\u00b0C. Wenn das keine warmen Socken sind, wissen wir nicht, was das ist! Die niedrigen Yogasocken haben eine rutschfeste Schicht an der Sohle, um Ihnen mehr Halt und Stabilit\u00e4t zu geben. So m\u00fcssen Sie sich keine Sorgen mehr machen, auf dem Boden oder beim Yoga auszurutschen. Ziehen Sie diese Unisex-Socken an und genie\u00dfen Sie den Moment des Vergn\u00fcgens an Ihren F\u00fc\u00dfen.<\/p>\n","protected":false},"featured_media":700133084,"comment_status":"closed","ping_status":"closed","template":"","meta":{"_acf_changed":false,"_improvement_type_select":"improve_an_existing","_thumb_yes_seoaic":false,"_frame_yes_seoaic":false,"seoaic_generate_description":"","seoaic_improve_instructions_prompt":"","seoaic_rollback_content_improvement":"","seoaic_idea_thumbnail_generator":"","thumbnail_generated":false,"thumbnail_generate_prompt":"","seoaic_article_description":""},"product_brand":[1507],"product_cat":[1384,58,1383,60,56],"product_tag":[1508,1509,1510],"class_list":{"0":"post-125651","1":"product","2":"type-product","3":"status-publish","4":"has-post-thumbnail","6":"product_brand-soxs-co","7":"product_cat-stoppersocken-und-anti-rutsch-socken","8":"product_cat-wollsocken-damen","9":"product_cat-extra-warm","10":"product_cat-wollsocken-herren","11":"product_cat-socken-von-soxs","12":"product_tag-merinowollsocken","13":"product_tag-warme-socken","14":"product_tag-warme-wollsocken","16":"first","17":"instock","18":"taxable","19":"shipping-taxable","20":"purchasable","21":"product-type-variable","22":"has-default-attributes"},"acf":[],"yoast_head":"<!-- This site is optimized with the Yoast SEO plugin v27.2 - https:\/\/yoast.com\/product\/yoast-seo-wordpress\/ -->\n<title>SOXS Beige Wolle Socken warm sand label extra warm SOXS.co CH<\/title>\n<meta name=\"description\" content=\"Beige wolle Socken extra warm. Leiden Sie immer unter kalten F\u00fc\u00dfen? Mit den beigen Socken mit Safari-Label geh\u00f6rt das der Vergangenheit an!\" \/>\n<meta name=\"robots\" content=\"noindex, follow, max-snippet:-1, max-image-preview:large, max-video-preview:-1\" \/>\n<meta property=\"og:locale\" content=\"de_DE\" \/>\n<meta property=\"og:type\" content=\"article\" \/>\n<meta property=\"og:title\" content=\"SOXS Beige Wolle Socken warm sand label extra warm SOXS.co CH\" \/>\n<meta property=\"og:description\" content=\"Beige wolle Socken extra warm. Leiden Sie immer unter kalten F\u00fc\u00dfen? Mit den beigen Socken mit Safari-Label geh\u00f6rt das der Vergangenheit an!\" \/>\n<meta property=\"og:url\" content=\"https:\/\/soxs.co\/ch\/soxs-beige-wolle-damensocken-und-herrensocken-warmsand-label-antislip-low\/\" \/>\n<meta property=\"og:site_name\" content=\"SOXS.co CH\" \/>\n<meta property=\"article:publisher\" content=\"https:\/\/www.facebook.com\/soxs.co\/\" \/>\n<meta property=\"article:modified_time\" content=\"2025-09-13T13:58:37+00:00\" \/>\n<meta property=\"og:image\" content=\"https:\/\/soxs.co\/app\/uploads\/sites\/6\/2025\/08\/SOX3524_1000x1000px.png\" \/>\n\t<meta property=\"og:image:width\" content=\"1\" \/>\n\t<meta property=\"og:image:height\" content=\"1\" \/>\n\t<meta property=\"og:image:type\" content=\"image\/png\" \/>\n<meta name=\"twitter:card\" content=\"summary_large_image\" \/>\n<meta name=\"twitter:site\" content=\"@soxs_co\" \/>\n<meta name=\"twitter:label1\" content=\"Gesch\u00e4tzte Lesezeit\" \/>\n\t<meta name=\"twitter:data1\" content=\"1\u00a0Minute\" \/>\n<script type=\"application\/ld+json\" class=\"yoast-schema-graph\">{\"@context\":\"https:\/\/schema.org\",\"@graph\":[{\"@type\":\"WebPage\",\"@id\":\"https:\/\/soxs.co\/ch\/soxs-beige-wolle-damensocken-und-herrensocken-warmsand-label-antislip-low\/\",\"url\":\"https:\/\/soxs.co\/ch\/soxs-beige-wolle-damensocken-und-herrensocken-warmsand-label-antislip-low\/\",\"name\":\"SOXS Beige Wolle Socken warm sand label extra warm SOXS.co CH\",\"isPartOf\":{\"@id\":\"https:\/\/soxs.co\/ch\/#website\"},\"primaryImageOfPage\":{\"@id\":\"https:\/\/soxs.co\/ch\/soxs-beige-wolle-damensocken-und-herrensocken-warmsand-label-antislip-low\/#primaryimage\"},\"image\":{\"@id\":\"https:\/\/soxs.co\/ch\/soxs-beige-wolle-damensocken-und-herrensocken-warmsand-label-antislip-low\/#primaryimage\"},\"thumbnailUrl\":\"https:\/\/soxs.co\/app\/uploads\/sites\/6\/2025\/08\/SOX3524_1000x1000px.png\",\"datePublished\":\"2023-06-14T09:23:25+00:00\",\"dateModified\":\"2025-09-13T13:58:37+00:00\",\"description\":\"Beige wolle Socken extra warm. Leiden Sie immer unter kalten F\u00fc\u00dfen? Mit den beigen Socken mit Safari-Label geh\u00f6rt das der Vergangenheit an!\",\"breadcrumb\":{\"@id\":\"https:\/\/soxs.co\/ch\/soxs-beige-wolle-damensocken-und-herrensocken-warmsand-label-antislip-low\/#breadcrumb\"},\"inLanguage\":\"de-CH\",\"potentialAction\":[{\"@type\":\"ReadAction\",\"target\":[\"https:\/\/soxs.co\/ch\/soxs-beige-wolle-damensocken-und-herrensocken-warmsand-label-antislip-low\/\"]}]},{\"@type\":\"ImageObject\",\"inLanguage\":\"de-CH\",\"@id\":\"https:\/\/soxs.co\/ch\/soxs-beige-wolle-damensocken-und-herrensocken-warmsand-label-antislip-low\/#primaryimage\",\"url\":\"https:\/\/soxs.co\/app\/uploads\/sites\/6\/2025\/08\/SOX3524_1000x1000px.png\",\"contentUrl\":\"https:\/\/soxs.co\/app\/uploads\/sites\/6\/2025\/08\/SOX3524_1000x1000px.png\",\"caption\":\"SOX3524_1000x1000px\"},{\"@type\":\"BreadcrumbList\",\"@id\":\"https:\/\/soxs.co\/ch\/soxs-beige-wolle-damensocken-und-herrensocken-warmsand-label-antislip-low\/#breadcrumb\",\"itemListElement\":[{\"@type\":\"ListItem\",\"position\":1,\"name\":\"Home\",\"item\":\"https:\/\/soxs.co\/ch\/\"},{\"@type\":\"ListItem\",\"position\":2,\"name\":\"Shop\",\"item\":\"https:\/\/soxs.co\/ch\/shop\/\"},{\"@type\":\"ListItem\",\"position\":3,\"name\":\"Coldproof &#8211; Rutschfest &#8211; Beige Wolle &#8211; Label Warm Sand\"}]},{\"@type\":\"WebSite\",\"@id\":\"https:\/\/soxs.co\/ch\/#website\",\"url\":\"https:\/\/soxs.co\/ch\/\",\"name\":\"SOXS.co CH\",\"description\":\"Trendige und wunderbar warme Socken f\u00fcr alle\",\"potentialAction\":[{\"@type\":\"SearchAction\",\"target\":{\"@type\":\"EntryPoint\",\"urlTemplate\":\"https:\/\/soxs.co\/ch\/?s={search_term_string}\"},\"query-input\":{\"@type\":\"PropertyValueSpecification\",\"valueRequired\":true,\"valueName\":\"search_term_string\"}}],\"inLanguage\":\"de-CH\"}]}<\/script>\n<!-- \/ Yoast SEO plugin. -->","yoast_head_json":{"title":"SOXS Beige Wolle Socken warm sand label extra warm SOXS.co CH","description":"Beige wolle Socken extra warm. Leiden Sie immer unter kalten F\u00fc\u00dfen? Mit den beigen Socken mit Safari-Label geh\u00f6rt das der Vergangenheit an!","robots":{"index":"noindex","follow":"follow","max-snippet":"max-snippet:-1","max-image-preview":"max-image-preview:large","max-video-preview":"max-video-preview:-1"},"og_locale":"de_DE","og_type":"article","og_title":"SOXS Beige Wolle Socken warm sand label extra warm SOXS.co CH","og_description":"Beige wolle Socken extra warm. Leiden Sie immer unter kalten F\u00fc\u00dfen? Mit den beigen Socken mit Safari-Label geh\u00f6rt das der Vergangenheit an!","og_url":"https:\/\/soxs.co\/ch\/soxs-beige-wolle-damensocken-und-herrensocken-warmsand-label-antislip-low\/","og_site_name":"SOXS.co CH","article_publisher":"https:\/\/www.facebook.com\/soxs.co\/","article_modified_time":"2025-09-13T13:58:37+00:00","og_image":[{"url":"https:\/\/soxs.co\/app\/uploads\/sites\/6\/2025\/08\/SOX3524_1000x1000px.png","width":1,"height":1,"type":"image\/png"}],"twitter_card":"summary_large_image","twitter_site":"@soxs_co","twitter_misc":{"Gesch\u00e4tzte Lesezeit":"1\u00a0Minute"},"schema":{"@context":"https:\/\/schema.org","@graph":[{"@type":"WebPage","@id":"https:\/\/soxs.co\/ch\/soxs-beige-wolle-damensocken-und-herrensocken-warmsand-label-antislip-low\/","url":"https:\/\/soxs.co\/ch\/soxs-beige-wolle-damensocken-und-herrensocken-warmsand-label-antislip-low\/","name":"SOXS Beige Wolle Socken warm sand label extra warm SOXS.co CH","isPartOf":{"@id":"https:\/\/soxs.co\/ch\/#website"},"primaryImageOfPage":{"@id":"https:\/\/soxs.co\/ch\/soxs-beige-wolle-damensocken-und-herrensocken-warmsand-label-antislip-low\/#primaryimage"},"image":{"@id":"https:\/\/soxs.co\/ch\/soxs-beige-wolle-damensocken-und-herrensocken-warmsand-label-antislip-low\/#primaryimage"},"thumbnailUrl":"https:\/\/soxs.co\/app\/uploads\/sites\/6\/2025\/08\/SOX3524_1000x1000px.png","datePublished":"2023-06-14T09:23:25+00:00","dateModified":"2025-09-13T13:58:37+00:00","description":"Beige wolle Socken extra warm. Leiden Sie immer unter kalten F\u00fc\u00dfen? Mit den beigen Socken mit Safari-Label geh\u00f6rt das der Vergangenheit an!","breadcrumb":{"@id":"https:\/\/soxs.co\/ch\/soxs-beige-wolle-damensocken-und-herrensocken-warmsand-label-antislip-low\/#breadcrumb"},"inLanguage":"de-CH","potentialAction":[{"@type":"ReadAction","target":["https:\/\/soxs.co\/ch\/soxs-beige-wolle-damensocken-und-herrensocken-warmsand-label-antislip-low\/"]}]},{"@type":"ImageObject","inLanguage":"de-CH","@id":"https:\/\/soxs.co\/ch\/soxs-beige-wolle-damensocken-und-herrensocken-warmsand-label-antislip-low\/#primaryimage","url":"https:\/\/soxs.co\/app\/uploads\/sites\/6\/2025\/08\/SOX3524_1000x1000px.png","contentUrl":"https:\/\/soxs.co\/app\/uploads\/sites\/6\/2025\/08\/SOX3524_1000x1000px.png","caption":"SOX3524_1000x1000px"},{"@type":"BreadcrumbList","@id":"https:\/\/soxs.co\/ch\/soxs-beige-wolle-damensocken-und-herrensocken-warmsand-label-antislip-low\/#breadcrumb","itemListElement":[{"@type":"ListItem","position":1,"name":"Home","item":"https:\/\/soxs.co\/ch\/"},{"@type":"ListItem","position":2,"name":"Shop","item":"https:\/\/soxs.co\/ch\/shop\/"},{"@type":"ListItem","position":3,"name":"Coldproof &#8211; Rutschfest &#8211; Beige Wolle &#8211; Label Warm Sand"}]},{"@type":"WebSite","@id":"https:\/\/soxs.co\/ch\/#website","url":"https:\/\/soxs.co\/ch\/","name":"SOXS.co CH","description":"Trendige und wunderbar warme Socken f\u00fcr alle","potentialAction":[{"@type":"SearchAction","target":{"@type":"EntryPoint","urlTemplate":"https:\/\/soxs.co\/ch\/?s={search_term_string}"},"query-input":{"@type":"PropertyValueSpecification","valueRequired":true,"valueName":"search_term_string"}}],"inLanguage":"de-CH"}]}},"_links":{"self":[{"href":"https:\/\/soxs.co\/ch\/wp-json\/wp\/v2\/product\/125651","targetHints":{"allow":["GET"]}}],"collection":[{"href":"https:\/\/soxs.co\/ch\/wp-json\/wp\/v2\/product"}],"about":[{"href":"https:\/\/soxs.co\/ch\/wp-json\/wp\/v2\/types\/product"}],"replies":[{"embeddable":true,"href":"https:\/\/soxs.co\/ch\/wp-json\/wp\/v2\/comments?post=125651"}],"wp:featuredmedia":[{"embeddable":true,"href":"https:\/\/soxs.co\/ch\/wp-json\/wp\/v2\/media\/700133084"}],"wp:attachment":[{"href":"https:\/\/soxs.co\/ch\/wp-json\/wp\/v2\/media?parent=125651"}],"wp:term":[{"taxonomy":"product_brand","embeddable":true,"href":"https:\/\/soxs.co\/ch\/wp-json\/wp\/v2\/product_brand?post=125651"},{"taxonomy":"product_cat","embeddable":true,"href":"https:\/\/soxs.co\/ch\/wp-json\/wp\/v2\/product_cat?post=125651"},{"taxonomy":"product_tag","embeddable":true,"href":"https:\/\/soxs.co\/ch\/wp-json\/wp\/v2\/product_tag?post=125651"}],"curies":[{"name":"wp","href":"https:\/\/api.w.org\/{rel}","templated":true}]}}