{"id":125330,"date":"2023-04-11T20:41:13","date_gmt":"2023-04-11T18:41:13","guid":{"rendered":"https:\/\/soxs.co\/ch\/?post_type=product&#038;p=125330"},"modified":"2025-09-13T15:58:43","modified_gmt":"2025-09-13T13:58:43","slug":"soxs-beige-extra-warm-socken-safari-label-medium","status":"publish","type":"product","link":"https:\/\/soxs.co\/ch\/soxs-beige-extra-warm-socken-safari-label-medium\/","title":{"rendered":"Originals &#8211; Beige Wolle &#8211; Label Safari"},"content":{"rendered":"<p>Die beigefarbenen Wollsocken mit Safari-Label sind speziell f\u00fcr diejenigen gedacht, denen es wirklich kalt ist. Sie halten Temperaturen von bis zu -20\u00b0C stand! Diese halblangen Socken aus Schafwolle halten die kalten Wintertemperaturen ab und halten Ihre F\u00fc\u00dfe wunderbar warm. Diese Unisex-Wollsocken eignen sich daher hervorragend f\u00fcr Wanderungen und Bergtouren an Orten, an denen es viel k\u00e4lter ist. Dank der Feuchtigkeit absorbierenden Funktion der Wolle bleiben die Socken trocken und die Wahrscheinlichkeit, dass Sie Blasen bekommen, ist geringer. Au\u00dferdem k\u00f6nnen sich so keine Bakterien und damit auch keine unangenehmen Ger\u00fcche entwickeln. Also keine Fu\u00dfprobleme mit diesen Wollsocken!<br \/>\nBeige wolle socken, Beige wolle socken<\/p>\n","protected":false},"excerpt":{"rendered":"<p>Die beigefarbenen Wollsocken mit Safari-Label sind speziell f\u00fcr diejenigen gedacht, denen es wirklich kalt ist. Sie halten Temperaturen von bis zu -20\u00b0C stand! Diese halblangen Socken aus Schafwolle halten die kalten Wintertemperaturen ab und halten Ihre F\u00fc\u00dfe wunderbar warm. Diese Unisex-Wollsocken eignen sich daher hervorragend f\u00fcr Wanderungen und Bergtouren an Orten, an denen es viel k\u00e4lter ist. Dank der Feuchtigkeit absorbierenden Funktion der Wolle bleiben die Socken trocken und die Wahrscheinlichkeit, dass Sie Blasen bekommen, ist geringer. Au\u00dferdem k\u00f6nnen sich so keine Bakterien und damit auch keine unangenehmen Ger\u00fcche entwickeln. Also keine Fu\u00dfprobleme mit diesen Wollsocken!<\/p>\n","protected":false},"featured_media":700133076,"comment_status":"closed","ping_status":"closed","template":"","meta":{"_acf_changed":false,"_improvement_type_select":"improve_an_existing","_thumb_yes_seoaic":false,"_frame_yes_seoaic":false,"seoaic_generate_description":"","seoaic_improve_instructions_prompt":"","seoaic_rollback_content_improvement":"","seoaic_idea_thumbnail_generator":"","thumbnail_generated":false,"thumbnail_generate_prompt":"","seoaic_article_description":""},"product_brand":[1507],"product_cat":[58,1383,60,56],"product_tag":[1508,1509,1510],"class_list":{"0":"post-125330","1":"product","2":"type-product","3":"status-publish","4":"has-post-thumbnail","6":"product_brand-soxs-co","7":"product_cat-wollsocken-damen","8":"product_cat-extra-warm","9":"product_cat-wollsocken-herren","10":"product_cat-socken-von-soxs","11":"product_tag-merinowollsocken","12":"product_tag-warme-socken","13":"product_tag-warme-wollsocken","15":"first","16":"instock","17":"taxable","18":"shipping-taxable","19":"purchasable","20":"product-type-variable","21":"has-default-attributes"},"acf":[],"yoast_head":"<!-- This site is optimized with the Yoast SEO plugin v27.2 - https:\/\/yoast.com\/product\/yoast-seo-wordpress\/ -->\n<title>SOXS Beige wolle Socken etrem warm safari label | SOXS.co CH<\/title>\n<meta name=\"description\" content=\"Leiden Sie immer unter kalten F\u00fc\u00dfen? Diese beige wolle Socken f\u00fcr Damen und Herren sind vielleicht die besten warmen Socken gegen kalte F\u00fc\u00dfe im Winter!\" \/>\n<meta name=\"robots\" content=\"noindex, follow, max-snippet:-1, max-image-preview:large, max-video-preview:-1\" \/>\n<meta property=\"og:locale\" content=\"de_DE\" \/>\n<meta property=\"og:type\" content=\"article\" \/>\n<meta property=\"og:title\" content=\"SOXS Beige wolle Socken etrem warm safari label | SOXS.co CH\" \/>\n<meta property=\"og:description\" content=\"Leiden Sie immer unter kalten F\u00fc\u00dfen? Diese beige wolle Socken f\u00fcr Damen und Herren sind vielleicht die besten warmen Socken gegen kalte F\u00fc\u00dfe im Winter!\" \/>\n<meta property=\"og:url\" content=\"https:\/\/soxs.co\/ch\/soxs-beige-extra-warm-socken-safari-label-medium\/\" \/>\n<meta property=\"og:site_name\" content=\"SOXS.co CH\" \/>\n<meta property=\"article:publisher\" content=\"https:\/\/www.facebook.com\/soxs.co\/\" \/>\n<meta property=\"article:modified_time\" content=\"2025-09-13T13:58:43+00:00\" \/>\n<meta property=\"og:image\" content=\"https:\/\/soxs.co\/app\/uploads\/sites\/6\/2025\/08\/SOX3538_1000x1000px.png\" \/>\n\t<meta property=\"og:image:width\" content=\"1\" \/>\n\t<meta property=\"og:image:height\" content=\"1\" \/>\n\t<meta property=\"og:image:type\" content=\"image\/png\" \/>\n<meta name=\"twitter:card\" content=\"summary_large_image\" \/>\n<meta name=\"twitter:site\" content=\"@soxs_co\" \/>\n<meta name=\"twitter:label1\" content=\"Gesch\u00e4tzte Lesezeit\" \/>\n\t<meta name=\"twitter:data1\" content=\"1\u00a0Minute\" \/>\n<script type=\"application\/ld+json\" class=\"yoast-schema-graph\">{\"@context\":\"https:\/\/schema.org\",\"@graph\":[{\"@type\":\"WebPage\",\"@id\":\"https:\/\/soxs.co\/ch\/soxs-beige-extra-warm-socken-safari-label-medium\/\",\"url\":\"https:\/\/soxs.co\/ch\/soxs-beige-extra-warm-socken-safari-label-medium\/\",\"name\":\"SOXS Beige wolle Socken etrem warm safari label | SOXS.co CH\",\"isPartOf\":{\"@id\":\"https:\/\/soxs.co\/ch\/#website\"},\"primaryImageOfPage\":{\"@id\":\"https:\/\/soxs.co\/ch\/soxs-beige-extra-warm-socken-safari-label-medium\/#primaryimage\"},\"image\":{\"@id\":\"https:\/\/soxs.co\/ch\/soxs-beige-extra-warm-socken-safari-label-medium\/#primaryimage\"},\"thumbnailUrl\":\"https:\/\/soxs.co\/app\/uploads\/sites\/6\/2025\/08\/SOX3538_1000x1000px.png\",\"datePublished\":\"2023-04-11T18:41:13+00:00\",\"dateModified\":\"2025-09-13T13:58:43+00:00\",\"description\":\"Leiden Sie immer unter kalten F\u00fc\u00dfen? Diese beige wolle Socken f\u00fcr Damen und Herren sind vielleicht die besten warmen Socken gegen kalte F\u00fc\u00dfe im Winter!\",\"breadcrumb\":{\"@id\":\"https:\/\/soxs.co\/ch\/soxs-beige-extra-warm-socken-safari-label-medium\/#breadcrumb\"},\"inLanguage\":\"de-CH\",\"potentialAction\":[{\"@type\":\"ReadAction\",\"target\":[\"https:\/\/soxs.co\/ch\/soxs-beige-extra-warm-socken-safari-label-medium\/\"]}]},{\"@type\":\"ImageObject\",\"inLanguage\":\"de-CH\",\"@id\":\"https:\/\/soxs.co\/ch\/soxs-beige-extra-warm-socken-safari-label-medium\/#primaryimage\",\"url\":\"https:\/\/soxs.co\/app\/uploads\/sites\/6\/2025\/08\/SOX3538_1000x1000px.png\",\"contentUrl\":\"https:\/\/soxs.co\/app\/uploads\/sites\/6\/2025\/08\/SOX3538_1000x1000px.png\",\"caption\":\"SOX3538_1000x1000px\"},{\"@type\":\"BreadcrumbList\",\"@id\":\"https:\/\/soxs.co\/ch\/soxs-beige-extra-warm-socken-safari-label-medium\/#breadcrumb\",\"itemListElement\":[{\"@type\":\"ListItem\",\"position\":1,\"name\":\"Home\",\"item\":\"https:\/\/soxs.co\/ch\/\"},{\"@type\":\"ListItem\",\"position\":2,\"name\":\"Shop\",\"item\":\"https:\/\/soxs.co\/ch\/shop\/\"},{\"@type\":\"ListItem\",\"position\":3,\"name\":\"Originals &#8211; Beige Wolle &#8211; Label Safari\"}]},{\"@type\":\"WebSite\",\"@id\":\"https:\/\/soxs.co\/ch\/#website\",\"url\":\"https:\/\/soxs.co\/ch\/\",\"name\":\"SOXS.co CH\",\"description\":\"Trendige und wunderbar warme Socken f\u00fcr alle\",\"potentialAction\":[{\"@type\":\"SearchAction\",\"target\":{\"@type\":\"EntryPoint\",\"urlTemplate\":\"https:\/\/soxs.co\/ch\/?s={search_term_string}\"},\"query-input\":{\"@type\":\"PropertyValueSpecification\",\"valueRequired\":true,\"valueName\":\"search_term_string\"}}],\"inLanguage\":\"de-CH\"}]}<\/script>\n<!-- \/ Yoast SEO plugin. -->","yoast_head_json":{"title":"SOXS Beige wolle Socken etrem warm safari label | SOXS.co CH","description":"Leiden Sie immer unter kalten F\u00fc\u00dfen? Diese beige wolle Socken f\u00fcr Damen und Herren sind vielleicht die besten warmen Socken gegen kalte F\u00fc\u00dfe im Winter!","robots":{"index":"noindex","follow":"follow","max-snippet":"max-snippet:-1","max-image-preview":"max-image-preview:large","max-video-preview":"max-video-preview:-1"},"og_locale":"de_DE","og_type":"article","og_title":"SOXS Beige wolle Socken etrem warm safari label | SOXS.co CH","og_description":"Leiden Sie immer unter kalten F\u00fc\u00dfen? Diese beige wolle Socken f\u00fcr Damen und Herren sind vielleicht die besten warmen Socken gegen kalte F\u00fc\u00dfe im Winter!","og_url":"https:\/\/soxs.co\/ch\/soxs-beige-extra-warm-socken-safari-label-medium\/","og_site_name":"SOXS.co CH","article_publisher":"https:\/\/www.facebook.com\/soxs.co\/","article_modified_time":"2025-09-13T13:58:43+00:00","og_image":[{"url":"https:\/\/soxs.co\/app\/uploads\/sites\/6\/2025\/08\/SOX3538_1000x1000px.png","width":1,"height":1,"type":"image\/png"}],"twitter_card":"summary_large_image","twitter_site":"@soxs_co","twitter_misc":{"Gesch\u00e4tzte Lesezeit":"1\u00a0Minute"},"schema":{"@context":"https:\/\/schema.org","@graph":[{"@type":"WebPage","@id":"https:\/\/soxs.co\/ch\/soxs-beige-extra-warm-socken-safari-label-medium\/","url":"https:\/\/soxs.co\/ch\/soxs-beige-extra-warm-socken-safari-label-medium\/","name":"SOXS Beige wolle Socken etrem warm safari label | SOXS.co CH","isPartOf":{"@id":"https:\/\/soxs.co\/ch\/#website"},"primaryImageOfPage":{"@id":"https:\/\/soxs.co\/ch\/soxs-beige-extra-warm-socken-safari-label-medium\/#primaryimage"},"image":{"@id":"https:\/\/soxs.co\/ch\/soxs-beige-extra-warm-socken-safari-label-medium\/#primaryimage"},"thumbnailUrl":"https:\/\/soxs.co\/app\/uploads\/sites\/6\/2025\/08\/SOX3538_1000x1000px.png","datePublished":"2023-04-11T18:41:13+00:00","dateModified":"2025-09-13T13:58:43+00:00","description":"Leiden Sie immer unter kalten F\u00fc\u00dfen? Diese beige wolle Socken f\u00fcr Damen und Herren sind vielleicht die besten warmen Socken gegen kalte F\u00fc\u00dfe im Winter!","breadcrumb":{"@id":"https:\/\/soxs.co\/ch\/soxs-beige-extra-warm-socken-safari-label-medium\/#breadcrumb"},"inLanguage":"de-CH","potentialAction":[{"@type":"ReadAction","target":["https:\/\/soxs.co\/ch\/soxs-beige-extra-warm-socken-safari-label-medium\/"]}]},{"@type":"ImageObject","inLanguage":"de-CH","@id":"https:\/\/soxs.co\/ch\/soxs-beige-extra-warm-socken-safari-label-medium\/#primaryimage","url":"https:\/\/soxs.co\/app\/uploads\/sites\/6\/2025\/08\/SOX3538_1000x1000px.png","contentUrl":"https:\/\/soxs.co\/app\/uploads\/sites\/6\/2025\/08\/SOX3538_1000x1000px.png","caption":"SOX3538_1000x1000px"},{"@type":"BreadcrumbList","@id":"https:\/\/soxs.co\/ch\/soxs-beige-extra-warm-socken-safari-label-medium\/#breadcrumb","itemListElement":[{"@type":"ListItem","position":1,"name":"Home","item":"https:\/\/soxs.co\/ch\/"},{"@type":"ListItem","position":2,"name":"Shop","item":"https:\/\/soxs.co\/ch\/shop\/"},{"@type":"ListItem","position":3,"name":"Originals &#8211; Beige Wolle &#8211; Label Safari"}]},{"@type":"WebSite","@id":"https:\/\/soxs.co\/ch\/#website","url":"https:\/\/soxs.co\/ch\/","name":"SOXS.co CH","description":"Trendige und wunderbar warme Socken f\u00fcr alle","potentialAction":[{"@type":"SearchAction","target":{"@type":"EntryPoint","urlTemplate":"https:\/\/soxs.co\/ch\/?s={search_term_string}"},"query-input":{"@type":"PropertyValueSpecification","valueRequired":true,"valueName":"search_term_string"}}],"inLanguage":"de-CH"}]}},"_links":{"self":[{"href":"https:\/\/soxs.co\/ch\/wp-json\/wp\/v2\/product\/125330","targetHints":{"allow":["GET"]}}],"collection":[{"href":"https:\/\/soxs.co\/ch\/wp-json\/wp\/v2\/product"}],"about":[{"href":"https:\/\/soxs.co\/ch\/wp-json\/wp\/v2\/types\/product"}],"replies":[{"embeddable":true,"href":"https:\/\/soxs.co\/ch\/wp-json\/wp\/v2\/comments?post=125330"}],"wp:featuredmedia":[{"embeddable":true,"href":"https:\/\/soxs.co\/ch\/wp-json\/wp\/v2\/media\/700133076"}],"wp:attachment":[{"href":"https:\/\/soxs.co\/ch\/wp-json\/wp\/v2\/media?parent=125330"}],"wp:term":[{"taxonomy":"product_brand","embeddable":true,"href":"https:\/\/soxs.co\/ch\/wp-json\/wp\/v2\/product_brand?post=125330"},{"taxonomy":"product_cat","embeddable":true,"href":"https:\/\/soxs.co\/ch\/wp-json\/wp\/v2\/product_cat?post=125330"},{"taxonomy":"product_tag","embeddable":true,"href":"https:\/\/soxs.co\/ch\/wp-json\/wp\/v2\/product_tag?post=125330"}],"curies":[{"name":"wp","href":"https:\/\/api.w.org\/{rel}","templated":true}]}}