{"id":125323,"date":"2023-04-11T20:41:11","date_gmt":"2023-04-11T18:41:11","guid":{"rendered":"https:\/\/soxs.co\/ch\/?post_type=product&#038;p=125323"},"modified":"2025-09-13T15:58:41","modified_gmt":"2025-09-13T13:58:41","slug":"soxs-kids-wolle-socken-sweet-lolliepop-label-medium","status":"publish","type":"product","link":"https:\/\/soxs.co\/ch\/soxs-kids-wolle-socken-sweet-lolliepop-label-medium\/","title":{"rendered":"SOXS Graue Wolle kindersocken sweet lolliepop label wadensocke"},"content":{"rendered":"<p>Sind Sie auf der Suche nach warmen und komfortablen Socken f\u00fcr Ihr Kind? Dann sind diese s\u00fc\u00dfen Sweet Lolliepop Schafwollsocken genau das Richtige f\u00fcr Sie! Das graue, mittelgro\u00dfe Modell ist f\u00fcr Gr\u00f6\u00dfe 30-34 geeignet und bietet die perfekte Isolierung gegen die K\u00e4lte. Die antibakterielle Wirkung der Schafwolle sorgt daf\u00fcr, dass die F\u00fc\u00dfe Ihres Kindes frisch bleiben, auch nach einem ganzen Tag (drau\u00dfen) spielen. So sehen die Kinder auch danach noch s\u00fc\u00df und frech aus. W\u00e4hlen Sie Sweet Lolliepop Schafwollsocken und geben Sie Ihrem Kind den Komfort, den es verdient!<br \/>\nKindersocken graue woll. Kindersocken graue woll<\/p>\n","protected":false},"excerpt":{"rendered":"<p>Sind Sie auf der Suche nach warmen und komfortablen Socken f\u00fcr Ihr Kind? Dann sind diese s\u00fc\u00dfen Sweet Lolliepop Schafwollsocken genau das Richtige f\u00fcr Sie! Das graue, mittelgro\u00dfe Modell ist f\u00fcr Gr\u00f6\u00dfe 30-34 geeignet und bietet die perfekte Isolierung gegen die K\u00e4lte. Die antibakterielle Wirkung der Schafwolle sorgt daf\u00fcr, dass die F\u00fc\u00dfe Ihres Kindes frisch bleiben, auch nach einem ganzen Tag (drau\u00dfen) spielen. So sehen die Kinder auch danach noch s\u00fc\u00df und frech aus. W\u00e4hlen Sie Sweet Lolliepop Schafwollsocken und geben Sie Ihrem Kind den Komfort, den es verdient!<\/p>\n","protected":false},"featured_media":700133071,"comment_status":"closed","ping_status":"closed","template":"","meta":{"_acf_changed":false,"_improvement_type_select":"improve_an_existing","_thumb_yes_seoaic":false,"_frame_yes_seoaic":false,"seoaic_generate_description":"","seoaic_improve_instructions_prompt":"","seoaic_rollback_content_improvement":"","seoaic_idea_thumbnail_generator":"","thumbnail_generated":false,"thumbnail_generate_prompt":"","seoaic_article_description":""},"product_brand":[],"product_cat":[61,56],"product_tag":[],"class_list":{"0":"post-125323","1":"product","2":"type-product","3":"status-publish","4":"has-post-thumbnail","6":"product_cat-wollsocken-kinder","7":"product_cat-socken-von-soxs","9":"first","10":"instock","11":"taxable","12":"shipping-taxable","13":"purchasable","14":"product-type-simple"},"acf":[],"yoast_head":"<!-- This site is optimized with the Yoast SEO plugin v27.2 - https:\/\/yoast.com\/product\/yoast-seo-wordpress\/ -->\n<title>SOXS Kids Wolle socken sweet lolliepop label medium | SOXS.co CH<\/title>\n<meta name=\"description\" content=\"Haben Sie Probleme mit kalten F\u00fc\u00dfen? Diese Kindersocken graue woll, sind zweifellos die Antwort, um Ihre F\u00fc\u00dfe im Winter warm zu halten.\" \/>\n<meta name=\"robots\" content=\"noindex, follow, max-snippet:-1, max-image-preview:large, max-video-preview:-1\" \/>\n<meta property=\"og:locale\" content=\"de_DE\" \/>\n<meta property=\"og:type\" content=\"article\" \/>\n<meta property=\"og:title\" content=\"SOXS Kids Wolle socken sweet lolliepop label medium | SOXS.co CH\" \/>\n<meta property=\"og:description\" content=\"Haben Sie Probleme mit kalten F\u00fc\u00dfen? Diese Kindersocken graue woll, sind zweifellos die Antwort, um Ihre F\u00fc\u00dfe im Winter warm zu halten.\" \/>\n<meta property=\"og:url\" content=\"https:\/\/soxs.co\/ch\/soxs-kids-wolle-socken-sweet-lolliepop-label-medium\/\" \/>\n<meta property=\"og:site_name\" content=\"SOXS.co CH\" \/>\n<meta property=\"article:publisher\" content=\"https:\/\/www.facebook.com\/soxs.co\/\" \/>\n<meta property=\"article:modified_time\" content=\"2025-09-13T13:58:41+00:00\" \/>\n<meta property=\"og:image\" content=\"https:\/\/soxs.co\/app\/uploads\/sites\/6\/2025\/08\/Soxs-3623-min-2.jpg\" \/>\n\t<meta property=\"og:image:width\" content=\"1\" \/>\n\t<meta property=\"og:image:height\" content=\"1\" \/>\n\t<meta property=\"og:image:type\" content=\"image\/jpeg\" \/>\n<meta name=\"twitter:card\" content=\"summary_large_image\" \/>\n<meta name=\"twitter:site\" content=\"@soxs_co\" \/>\n<meta name=\"twitter:label1\" content=\"Gesch\u00e4tzte Lesezeit\" \/>\n\t<meta name=\"twitter:data1\" content=\"3\u00a0Minuten\" \/>\n<script type=\"application\/ld+json\" class=\"yoast-schema-graph\">{\"@context\":\"https:\/\/schema.org\",\"@graph\":[{\"@type\":\"WebPage\",\"@id\":\"https:\/\/soxs.co\/ch\/soxs-kids-wolle-socken-sweet-lolliepop-label-medium\/\",\"url\":\"https:\/\/soxs.co\/ch\/soxs-kids-wolle-socken-sweet-lolliepop-label-medium\/\",\"name\":\"SOXS Kids Wolle socken sweet lolliepop label medium | SOXS.co CH\",\"isPartOf\":{\"@id\":\"https:\/\/soxs.co\/ch\/#website\"},\"primaryImageOfPage\":{\"@id\":\"https:\/\/soxs.co\/ch\/soxs-kids-wolle-socken-sweet-lolliepop-label-medium\/#primaryimage\"},\"image\":{\"@id\":\"https:\/\/soxs.co\/ch\/soxs-kids-wolle-socken-sweet-lolliepop-label-medium\/#primaryimage\"},\"thumbnailUrl\":\"https:\/\/soxs.co\/app\/uploads\/sites\/6\/2025\/08\/Soxs-3623-min-2.jpg\",\"datePublished\":\"2023-04-11T18:41:11+00:00\",\"dateModified\":\"2025-09-13T13:58:41+00:00\",\"description\":\"Haben Sie Probleme mit kalten F\u00fc\u00dfen? Diese Kindersocken graue woll, sind zweifellos die Antwort, um Ihre F\u00fc\u00dfe im Winter warm zu halten.\",\"breadcrumb\":{\"@id\":\"https:\/\/soxs.co\/ch\/soxs-kids-wolle-socken-sweet-lolliepop-label-medium\/#breadcrumb\"},\"inLanguage\":\"de-CH\",\"potentialAction\":[{\"@type\":\"ReadAction\",\"target\":[\"https:\/\/soxs.co\/ch\/soxs-kids-wolle-socken-sweet-lolliepop-label-medium\/\"]}]},{\"@type\":\"ImageObject\",\"inLanguage\":\"de-CH\",\"@id\":\"https:\/\/soxs.co\/ch\/soxs-kids-wolle-socken-sweet-lolliepop-label-medium\/#primaryimage\",\"url\":\"https:\/\/soxs.co\/app\/uploads\/sites\/6\/2025\/08\/Soxs-3623-min-2.jpg\",\"contentUrl\":\"https:\/\/soxs.co\/app\/uploads\/sites\/6\/2025\/08\/Soxs-3623-min-2.jpg\",\"caption\":\"Soxs-3623-min\"},{\"@type\":\"BreadcrumbList\",\"@id\":\"https:\/\/soxs.co\/ch\/soxs-kids-wolle-socken-sweet-lolliepop-label-medium\/#breadcrumb\",\"itemListElement\":[{\"@type\":\"ListItem\",\"position\":1,\"name\":\"Home\",\"item\":\"https:\/\/soxs.co\/ch\/\"},{\"@type\":\"ListItem\",\"position\":2,\"name\":\"Shop\",\"item\":\"https:\/\/soxs.co\/ch\/shop\/\"},{\"@type\":\"ListItem\",\"position\":3,\"name\":\"SOXS Graue Wolle kindersocken sweet lolliepop label wadensocke\"}]},{\"@type\":\"WebSite\",\"@id\":\"https:\/\/soxs.co\/ch\/#website\",\"url\":\"https:\/\/soxs.co\/ch\/\",\"name\":\"SOXS.co CH\",\"description\":\"Trendige und wunderbar warme Socken f\u00fcr alle\",\"potentialAction\":[{\"@type\":\"SearchAction\",\"target\":{\"@type\":\"EntryPoint\",\"urlTemplate\":\"https:\/\/soxs.co\/ch\/?s={search_term_string}\"},\"query-input\":{\"@type\":\"PropertyValueSpecification\",\"valueRequired\":true,\"valueName\":\"search_term_string\"}}],\"inLanguage\":\"de-CH\"}]}<\/script>\n<!-- \/ Yoast SEO plugin. -->","yoast_head_json":{"title":"SOXS Kids Wolle socken sweet lolliepop label medium | SOXS.co CH","description":"Haben Sie Probleme mit kalten F\u00fc\u00dfen? Diese Kindersocken graue woll, sind zweifellos die Antwort, um Ihre F\u00fc\u00dfe im Winter warm zu halten.","robots":{"index":"noindex","follow":"follow","max-snippet":"max-snippet:-1","max-image-preview":"max-image-preview:large","max-video-preview":"max-video-preview:-1"},"og_locale":"de_DE","og_type":"article","og_title":"SOXS Kids Wolle socken sweet lolliepop label medium | SOXS.co CH","og_description":"Haben Sie Probleme mit kalten F\u00fc\u00dfen? Diese Kindersocken graue woll, sind zweifellos die Antwort, um Ihre F\u00fc\u00dfe im Winter warm zu halten.","og_url":"https:\/\/soxs.co\/ch\/soxs-kids-wolle-socken-sweet-lolliepop-label-medium\/","og_site_name":"SOXS.co CH","article_publisher":"https:\/\/www.facebook.com\/soxs.co\/","article_modified_time":"2025-09-13T13:58:41+00:00","og_image":[{"url":"https:\/\/soxs.co\/app\/uploads\/sites\/6\/2025\/08\/Soxs-3623-min-2.jpg","width":1,"height":1,"type":"image\/jpeg"}],"twitter_card":"summary_large_image","twitter_site":"@soxs_co","twitter_misc":{"Gesch\u00e4tzte Lesezeit":"3\u00a0Minuten"},"schema":{"@context":"https:\/\/schema.org","@graph":[{"@type":"WebPage","@id":"https:\/\/soxs.co\/ch\/soxs-kids-wolle-socken-sweet-lolliepop-label-medium\/","url":"https:\/\/soxs.co\/ch\/soxs-kids-wolle-socken-sweet-lolliepop-label-medium\/","name":"SOXS Kids Wolle socken sweet lolliepop label medium | SOXS.co CH","isPartOf":{"@id":"https:\/\/soxs.co\/ch\/#website"},"primaryImageOfPage":{"@id":"https:\/\/soxs.co\/ch\/soxs-kids-wolle-socken-sweet-lolliepop-label-medium\/#primaryimage"},"image":{"@id":"https:\/\/soxs.co\/ch\/soxs-kids-wolle-socken-sweet-lolliepop-label-medium\/#primaryimage"},"thumbnailUrl":"https:\/\/soxs.co\/app\/uploads\/sites\/6\/2025\/08\/Soxs-3623-min-2.jpg","datePublished":"2023-04-11T18:41:11+00:00","dateModified":"2025-09-13T13:58:41+00:00","description":"Haben Sie Probleme mit kalten F\u00fc\u00dfen? Diese Kindersocken graue woll, sind zweifellos die Antwort, um Ihre F\u00fc\u00dfe im Winter warm zu halten.","breadcrumb":{"@id":"https:\/\/soxs.co\/ch\/soxs-kids-wolle-socken-sweet-lolliepop-label-medium\/#breadcrumb"},"inLanguage":"de-CH","potentialAction":[{"@type":"ReadAction","target":["https:\/\/soxs.co\/ch\/soxs-kids-wolle-socken-sweet-lolliepop-label-medium\/"]}]},{"@type":"ImageObject","inLanguage":"de-CH","@id":"https:\/\/soxs.co\/ch\/soxs-kids-wolle-socken-sweet-lolliepop-label-medium\/#primaryimage","url":"https:\/\/soxs.co\/app\/uploads\/sites\/6\/2025\/08\/Soxs-3623-min-2.jpg","contentUrl":"https:\/\/soxs.co\/app\/uploads\/sites\/6\/2025\/08\/Soxs-3623-min-2.jpg","caption":"Soxs-3623-min"},{"@type":"BreadcrumbList","@id":"https:\/\/soxs.co\/ch\/soxs-kids-wolle-socken-sweet-lolliepop-label-medium\/#breadcrumb","itemListElement":[{"@type":"ListItem","position":1,"name":"Home","item":"https:\/\/soxs.co\/ch\/"},{"@type":"ListItem","position":2,"name":"Shop","item":"https:\/\/soxs.co\/ch\/shop\/"},{"@type":"ListItem","position":3,"name":"SOXS Graue Wolle kindersocken sweet lolliepop label wadensocke"}]},{"@type":"WebSite","@id":"https:\/\/soxs.co\/ch\/#website","url":"https:\/\/soxs.co\/ch\/","name":"SOXS.co CH","description":"Trendige und wunderbar warme Socken f\u00fcr alle","potentialAction":[{"@type":"SearchAction","target":{"@type":"EntryPoint","urlTemplate":"https:\/\/soxs.co\/ch\/?s={search_term_string}"},"query-input":{"@type":"PropertyValueSpecification","valueRequired":true,"valueName":"search_term_string"}}],"inLanguage":"de-CH"}]}},"_links":{"self":[{"href":"https:\/\/soxs.co\/ch\/wp-json\/wp\/v2\/product\/125323","targetHints":{"allow":["GET"]}}],"collection":[{"href":"https:\/\/soxs.co\/ch\/wp-json\/wp\/v2\/product"}],"about":[{"href":"https:\/\/soxs.co\/ch\/wp-json\/wp\/v2\/types\/product"}],"replies":[{"embeddable":true,"href":"https:\/\/soxs.co\/ch\/wp-json\/wp\/v2\/comments?post=125323"}],"wp:featuredmedia":[{"embeddable":true,"href":"https:\/\/soxs.co\/ch\/wp-json\/wp\/v2\/media\/700133071"}],"wp:attachment":[{"href":"https:\/\/soxs.co\/ch\/wp-json\/wp\/v2\/media?parent=125323"}],"wp:term":[{"taxonomy":"product_brand","embeddable":true,"href":"https:\/\/soxs.co\/ch\/wp-json\/wp\/v2\/product_brand?post=125323"},{"taxonomy":"product_cat","embeddable":true,"href":"https:\/\/soxs.co\/ch\/wp-json\/wp\/v2\/product_cat?post=125323"},{"taxonomy":"product_tag","embeddable":true,"href":"https:\/\/soxs.co\/ch\/wp-json\/wp\/v2\/product_tag?post=125323"}],"curies":[{"name":"wp","href":"https:\/\/api.w.org\/{rel}","templated":true}]}}