{"id":122008,"date":"2022-08-31T14:52:04","date_gmt":"2022-08-31T12:52:04","guid":{"rendered":"https:\/\/soxs.co\/ch\/?post_type=product&#038;p=122008"},"modified":"2025-09-13T15:58:37","modified_gmt":"2025-09-13T13:58:37","slug":"soxs-herren-outdoor-schwarze-wolle-thunder-storm-label-wadensocke","status":"publish","type":"product","link":"https:\/\/soxs.co\/ch\/soxs-herren-outdoor-schwarze-wolle-thunder-storm-label-wadensocke\/","title":{"rendered":"StreetWear &#8211; Zwarte Wolle &#8211; Label Thunder Storm"},"content":{"rendered":"<p>Die mittellangen grauen Wollsocken mit Silver Cloud-Label sind ideal f\u00fcr Abenteurer! Die etwas d\u00fcnner gestrickte Socke macht diese warmen Unisex-Socken geeignet f\u00fcr Wanderungen und sportliche Aktivit\u00e4ten. So k\u00f6nnen Ihre F\u00fc\u00dfe nicht so leicht in den Schuhen dr\u00fccken und Sie bleiben auch im Winter warm. Die SOXS-Wollsocken absorbieren viel Feuchtigkeit, so dass Sie nicht so schnell unter nassen F\u00fc\u00dfen leiden werden. Der Schwei\u00df wird abtransportiert und somit haben Bakterien keine Chance, sich zu entwickeln. So bleiben die mittellangen Unisex-Socken geruchsneutral und Sie k\u00f6nnen sie mehrere Tage hintereinander tragen, auch wenn Sie zu Schwei\u00dff\u00fc\u00dfen neigen. Ideal f\u00fcr den Wanderurlaub!<br \/>\nSchwarze wolle socken outdoor, Schwarze wolle socken outdoor<\/p>\n","protected":false},"excerpt":{"rendered":"<p>Die mittellangen grauen Wollsocken mit Silver Cloud-Label sind ideal f\u00fcr Abenteurer! Die etwas d\u00fcnner gestrickte Socke macht diese warmen Unisex-Socken geeignet f\u00fcr Wanderungen und sportliche Aktivit\u00e4ten. So k\u00f6nnen Ihre F\u00fc\u00dfe nicht so leicht in den Schuhen dr\u00fccken und Sie bleiben auch im Winter warm. Die SOXS-Wollsocken absorbieren viel Feuchtigkeit, so dass Sie nicht so schnell unter nassen F\u00fc\u00dfen leiden werden. Der Schwei\u00df wird abtransportiert und somit haben Bakterien keine Chance, sich zu entwickeln. So bleiben die mittellangen Unisex-Socken geruchsneutral und Sie k\u00f6nnen sie mehrere Tage hintereinander tragen, auch wenn Sie zu Schwei\u00dff\u00fc\u00dfen neigen. Ideal f\u00fcr den Wanderurlaub!<\/p>\n","protected":false},"featured_media":700133061,"comment_status":"closed","ping_status":"closed","template":"","meta":{"_acf_changed":false,"_improvement_type_select":"improve_an_existing","_thumb_yes_seoaic":false,"_frame_yes_seoaic":false,"seoaic_generate_description":"","seoaic_improve_instructions_prompt":"","seoaic_rollback_content_improvement":"","seoaic_idea_thumbnail_generator":"","thumbnail_generated":false,"thumbnail_generate_prompt":"","seoaic_article_description":""},"product_brand":[1507],"product_cat":[58,60,56,1386],"product_tag":[1508,1509,1510],"class_list":{"0":"post-122008","1":"product","2":"type-product","3":"status-publish","4":"has-post-thumbnail","6":"product_brand-soxs-co","7":"product_cat-wollsocken-damen","8":"product_cat-wollsocken-herren","9":"product_cat-socken-von-soxs","10":"product_cat-streetwear","11":"product_tag-merinowollsocken","12":"product_tag-warme-socken","13":"product_tag-warme-wollsocken","15":"first","16":"instock","17":"taxable","18":"shipping-taxable","19":"purchasable","20":"product-type-variable","21":"has-default-attributes"},"acf":[],"yoast_head":"<!-- This site is optimized with the Yoast SEO plugin v27.3 - https:\/\/yoast.com\/product\/yoast-seo-wordpress\/ -->\n<title>SOXS schwarze wolle Socken streetwear thunder storm | SOXS.co CH<\/title>\n<meta name=\"description\" content=\"Leiden Sie immer unter kalten F\u00fc\u00dfen? Diese schwarze wolle Socken outdoor f\u00fcr Damen und Herren sind die besten warmen Socken gegen kalte F\u00fc\u00dfe im Winter!\" \/>\n<meta name=\"robots\" content=\"noindex, follow, max-snippet:-1, max-image-preview:large, max-video-preview:-1\" \/>\n<meta property=\"og:locale\" content=\"de_DE\" \/>\n<meta property=\"og:type\" content=\"article\" \/>\n<meta property=\"og:title\" content=\"SOXS schwarze wolle Socken streetwear thunder storm | SOXS.co CH\" \/>\n<meta property=\"og:description\" content=\"Leiden Sie immer unter kalten F\u00fc\u00dfen? Diese schwarze wolle Socken outdoor f\u00fcr Damen und Herren sind die besten warmen Socken gegen kalte F\u00fc\u00dfe im Winter!\" \/>\n<meta property=\"og:url\" content=\"https:\/\/soxs.co\/ch\/soxs-herren-outdoor-schwarze-wolle-thunder-storm-label-wadensocke\/\" \/>\n<meta property=\"og:site_name\" content=\"SOXS.co CH\" \/>\n<meta property=\"article:publisher\" content=\"https:\/\/www.facebook.com\/soxs.co\/\" \/>\n<meta property=\"article:modified_time\" content=\"2025-09-13T13:58:37+00:00\" \/>\n<meta property=\"og:image\" content=\"https:\/\/soxs.co\/app\/uploads\/sites\/6\/2025\/08\/SOX3534_1000x1000px.png\" \/>\n\t<meta property=\"og:image:width\" content=\"1\" \/>\n\t<meta property=\"og:image:height\" content=\"1\" \/>\n\t<meta property=\"og:image:type\" content=\"image\/png\" \/>\n<meta name=\"twitter:card\" content=\"summary_large_image\" \/>\n<meta name=\"twitter:site\" content=\"@soxs_co\" \/>\n<meta name=\"twitter:label1\" content=\"Gesch\u00e4tzte Lesezeit\" \/>\n\t<meta name=\"twitter:data1\" content=\"1\u00a0Minute\" \/>\n<script type=\"application\/ld+json\" class=\"yoast-schema-graph\">{\"@context\":\"https:\\\/\\\/schema.org\",\"@graph\":[{\"@type\":\"WebPage\",\"@id\":\"https:\\\/\\\/soxs.co\\\/ch\\\/soxs-herren-outdoor-schwarze-wolle-thunder-storm-label-wadensocke\\\/\",\"url\":\"https:\\\/\\\/soxs.co\\\/ch\\\/soxs-herren-outdoor-schwarze-wolle-thunder-storm-label-wadensocke\\\/\",\"name\":\"SOXS schwarze wolle Socken streetwear thunder storm | SOXS.co CH\",\"isPartOf\":{\"@id\":\"https:\\\/\\\/soxs.co\\\/ch\\\/#website\"},\"primaryImageOfPage\":{\"@id\":\"https:\\\/\\\/soxs.co\\\/ch\\\/soxs-herren-outdoor-schwarze-wolle-thunder-storm-label-wadensocke\\\/#primaryimage\"},\"image\":{\"@id\":\"https:\\\/\\\/soxs.co\\\/ch\\\/soxs-herren-outdoor-schwarze-wolle-thunder-storm-label-wadensocke\\\/#primaryimage\"},\"thumbnailUrl\":\"https:\\\/\\\/soxs.co\\\/app\\\/uploads\\\/sites\\\/6\\\/2025\\\/08\\\/SOX3534_1000x1000px.png\",\"datePublished\":\"2022-08-31T12:52:04+00:00\",\"dateModified\":\"2025-09-13T13:58:37+00:00\",\"description\":\"Leiden Sie immer unter kalten F\u00fc\u00dfen? Diese schwarze wolle Socken outdoor f\u00fcr Damen und Herren sind die besten warmen Socken gegen kalte F\u00fc\u00dfe im Winter!\",\"breadcrumb\":{\"@id\":\"https:\\\/\\\/soxs.co\\\/ch\\\/soxs-herren-outdoor-schwarze-wolle-thunder-storm-label-wadensocke\\\/#breadcrumb\"},\"inLanguage\":\"de-CH\",\"potentialAction\":[{\"@type\":\"ReadAction\",\"target\":[\"https:\\\/\\\/soxs.co\\\/ch\\\/soxs-herren-outdoor-schwarze-wolle-thunder-storm-label-wadensocke\\\/\"]}]},{\"@type\":\"ImageObject\",\"inLanguage\":\"de-CH\",\"@id\":\"https:\\\/\\\/soxs.co\\\/ch\\\/soxs-herren-outdoor-schwarze-wolle-thunder-storm-label-wadensocke\\\/#primaryimage\",\"url\":\"https:\\\/\\\/soxs.co\\\/app\\\/uploads\\\/sites\\\/6\\\/2025\\\/08\\\/SOX3534_1000x1000px.png\",\"contentUrl\":\"https:\\\/\\\/soxs.co\\\/app\\\/uploads\\\/sites\\\/6\\\/2025\\\/08\\\/SOX3534_1000x1000px.png\",\"caption\":\"SOX3534_1000x1000px\"},{\"@type\":\"BreadcrumbList\",\"@id\":\"https:\\\/\\\/soxs.co\\\/ch\\\/soxs-herren-outdoor-schwarze-wolle-thunder-storm-label-wadensocke\\\/#breadcrumb\",\"itemListElement\":[{\"@type\":\"ListItem\",\"position\":1,\"name\":\"Home\",\"item\":\"https:\\\/\\\/soxs.co\\\/ch\\\/\"},{\"@type\":\"ListItem\",\"position\":2,\"name\":\"Shop\",\"item\":\"https:\\\/\\\/soxs.co\\\/ch\\\/shop\\\/\"},{\"@type\":\"ListItem\",\"position\":3,\"name\":\"StreetWear &#8211; Zwarte Wolle &#8211; Label Thunder Storm\"}]},{\"@type\":\"WebSite\",\"@id\":\"https:\\\/\\\/soxs.co\\\/ch\\\/#website\",\"url\":\"https:\\\/\\\/soxs.co\\\/ch\\\/\",\"name\":\"SOXS.co CH\",\"description\":\"Trendige und wunderbar warme Socken f\u00fcr alle\",\"potentialAction\":[{\"@type\":\"SearchAction\",\"target\":{\"@type\":\"EntryPoint\",\"urlTemplate\":\"https:\\\/\\\/soxs.co\\\/ch\\\/?s={search_term_string}\"},\"query-input\":{\"@type\":\"PropertyValueSpecification\",\"valueRequired\":true,\"valueName\":\"search_term_string\"}}],\"inLanguage\":\"de-CH\"}]}<\/script>\n<!-- \/ Yoast SEO plugin. -->","yoast_head_json":{"title":"SOXS schwarze wolle Socken streetwear thunder storm | SOXS.co CH","description":"Leiden Sie immer unter kalten F\u00fc\u00dfen? Diese schwarze wolle Socken outdoor f\u00fcr Damen und Herren sind die besten warmen Socken gegen kalte F\u00fc\u00dfe im Winter!","robots":{"index":"noindex","follow":"follow","max-snippet":"max-snippet:-1","max-image-preview":"max-image-preview:large","max-video-preview":"max-video-preview:-1"},"og_locale":"de_DE","og_type":"article","og_title":"SOXS schwarze wolle Socken streetwear thunder storm | SOXS.co CH","og_description":"Leiden Sie immer unter kalten F\u00fc\u00dfen? Diese schwarze wolle Socken outdoor f\u00fcr Damen und Herren sind die besten warmen Socken gegen kalte F\u00fc\u00dfe im Winter!","og_url":"https:\/\/soxs.co\/ch\/soxs-herren-outdoor-schwarze-wolle-thunder-storm-label-wadensocke\/","og_site_name":"SOXS.co CH","article_publisher":"https:\/\/www.facebook.com\/soxs.co\/","article_modified_time":"2025-09-13T13:58:37+00:00","og_image":[{"url":"https:\/\/soxs.co\/app\/uploads\/sites\/6\/2025\/08\/SOX3534_1000x1000px.png","width":1,"height":1,"type":"image\/png"}],"twitter_card":"summary_large_image","twitter_site":"@soxs_co","twitter_misc":{"Gesch\u00e4tzte Lesezeit":"1\u00a0Minute"},"schema":{"@context":"https:\/\/schema.org","@graph":[{"@type":"WebPage","@id":"https:\/\/soxs.co\/ch\/soxs-herren-outdoor-schwarze-wolle-thunder-storm-label-wadensocke\/","url":"https:\/\/soxs.co\/ch\/soxs-herren-outdoor-schwarze-wolle-thunder-storm-label-wadensocke\/","name":"SOXS schwarze wolle Socken streetwear thunder storm | SOXS.co CH","isPartOf":{"@id":"https:\/\/soxs.co\/ch\/#website"},"primaryImageOfPage":{"@id":"https:\/\/soxs.co\/ch\/soxs-herren-outdoor-schwarze-wolle-thunder-storm-label-wadensocke\/#primaryimage"},"image":{"@id":"https:\/\/soxs.co\/ch\/soxs-herren-outdoor-schwarze-wolle-thunder-storm-label-wadensocke\/#primaryimage"},"thumbnailUrl":"https:\/\/soxs.co\/app\/uploads\/sites\/6\/2025\/08\/SOX3534_1000x1000px.png","datePublished":"2022-08-31T12:52:04+00:00","dateModified":"2025-09-13T13:58:37+00:00","description":"Leiden Sie immer unter kalten F\u00fc\u00dfen? Diese schwarze wolle Socken outdoor f\u00fcr Damen und Herren sind die besten warmen Socken gegen kalte F\u00fc\u00dfe im Winter!","breadcrumb":{"@id":"https:\/\/soxs.co\/ch\/soxs-herren-outdoor-schwarze-wolle-thunder-storm-label-wadensocke\/#breadcrumb"},"inLanguage":"de-CH","potentialAction":[{"@type":"ReadAction","target":["https:\/\/soxs.co\/ch\/soxs-herren-outdoor-schwarze-wolle-thunder-storm-label-wadensocke\/"]}]},{"@type":"ImageObject","inLanguage":"de-CH","@id":"https:\/\/soxs.co\/ch\/soxs-herren-outdoor-schwarze-wolle-thunder-storm-label-wadensocke\/#primaryimage","url":"https:\/\/soxs.co\/app\/uploads\/sites\/6\/2025\/08\/SOX3534_1000x1000px.png","contentUrl":"https:\/\/soxs.co\/app\/uploads\/sites\/6\/2025\/08\/SOX3534_1000x1000px.png","caption":"SOX3534_1000x1000px"},{"@type":"BreadcrumbList","@id":"https:\/\/soxs.co\/ch\/soxs-herren-outdoor-schwarze-wolle-thunder-storm-label-wadensocke\/#breadcrumb","itemListElement":[{"@type":"ListItem","position":1,"name":"Home","item":"https:\/\/soxs.co\/ch\/"},{"@type":"ListItem","position":2,"name":"Shop","item":"https:\/\/soxs.co\/ch\/shop\/"},{"@type":"ListItem","position":3,"name":"StreetWear &#8211; Zwarte Wolle &#8211; Label Thunder Storm"}]},{"@type":"WebSite","@id":"https:\/\/soxs.co\/ch\/#website","url":"https:\/\/soxs.co\/ch\/","name":"SOXS.co CH","description":"Trendige und wunderbar warme Socken f\u00fcr alle","potentialAction":[{"@type":"SearchAction","target":{"@type":"EntryPoint","urlTemplate":"https:\/\/soxs.co\/ch\/?s={search_term_string}"},"query-input":{"@type":"PropertyValueSpecification","valueRequired":true,"valueName":"search_term_string"}}],"inLanguage":"de-CH"}]}},"_links":{"self":[{"href":"https:\/\/soxs.co\/ch\/wp-json\/wp\/v2\/product\/122008","targetHints":{"allow":["GET"]}}],"collection":[{"href":"https:\/\/soxs.co\/ch\/wp-json\/wp\/v2\/product"}],"about":[{"href":"https:\/\/soxs.co\/ch\/wp-json\/wp\/v2\/types\/product"}],"replies":[{"embeddable":true,"href":"https:\/\/soxs.co\/ch\/wp-json\/wp\/v2\/comments?post=122008"}],"wp:featuredmedia":[{"embeddable":true,"href":"https:\/\/soxs.co\/ch\/wp-json\/wp\/v2\/media\/700133061"}],"wp:attachment":[{"href":"https:\/\/soxs.co\/ch\/wp-json\/wp\/v2\/media?parent=122008"}],"wp:term":[{"taxonomy":"product_brand","embeddable":true,"href":"https:\/\/soxs.co\/ch\/wp-json\/wp\/v2\/product_brand?post=122008"},{"taxonomy":"product_cat","embeddable":true,"href":"https:\/\/soxs.co\/ch\/wp-json\/wp\/v2\/product_cat?post=122008"},{"taxonomy":"product_tag","embeddable":true,"href":"https:\/\/soxs.co\/ch\/wp-json\/wp\/v2\/product_tag?post=122008"}],"curies":[{"name":"wp","href":"https:\/\/api.w.org\/{rel}","templated":true}]}}