{"id":121988,"date":"2022-08-31T13:52:45","date_gmt":"2022-08-31T11:52:45","guid":{"rendered":"https:\/\/soxs.co\/ch\/?post_type=product&#038;p=121988"},"modified":"2025-09-13T15:58:36","modified_gmt":"2025-09-13T13:58:36","slug":"soxs-seifenflocken-rosmarin-klein-5-waescht","status":"publish","type":"product","link":"https:\/\/soxs.co\/ch\/soxs-seifenflocken-rosmarin-klein-5-waescht\/","title":{"rendered":"Seifenflocken &#8211; 5 W\u00e4schen"},"content":{"rendered":"<p>Einer der gro\u00dfen Vorteile von Wolle ist, dass sie selbstreinigend ist und nicht oft gewaschen werden muss. Aber wenn Ihre Socken ein wenig schmutzig werden und Sie sicherstellen wollen, dass Ihre <strong>SOXS<\/strong> lange in Topform bleiben? Dann wirkt eine gute Handw\u00e4sche von Zeit zu Zeit wahre Wunder!<\/p>\n<p>Mit den <strong>SOXS-Seifenflocken<\/strong> haben Sie ein reines Waschmittel, mit dem Sie Ihre Wollprodukte gut reinigen und verantwortungsbewusst waschen k\u00f6nnen. Die Seifenflocken sind nat\u00fcrlich, 100 % biologisch abbaubar, sch\u00fctzen die Haut und sind einfach zu verwenden. Achten Sie darauf, dass das Wasser nicht zu hei\u00df ist und f\u00fcgen Sie einen Essl\u00f6ffel Seifenflocken hinzu. Waschen Sie die <strong>SOXS<\/strong> dann vorsichtig und lassen Sie sie eine Weile trocknen. Es ist ein Kinderspiel!<\/p>\n","protected":false},"excerpt":{"rendered":"<p>Einer der gro\u00dfen Vorteile von Wolle ist, dass sie selbstreinigend ist und nicht oft gewaschen werden muss. Aber wenn Ihre Socken ein wenig schmutzig werden und Sie sicherstellen wollen, dass Ihre <strong>SOXS<\/strong> lange in Topform bleiben? Dann wirkt eine gute Handw\u00e4sche von Zeit zu Zeit wahre Wunder!<\/p>\n<p>Mit den <strong>SOXS-Seifenflocken<\/strong> haben Sie ein reines Waschmittel, mit dem Sie Ihre Wollprodukte gut reinigen und verantwortungsbewusst waschen k\u00f6nnen. Die Seifenflocken sind nat\u00fcrlich, 100 % biologisch abbaubar, sch\u00fctzen die Haut und sind einfach zu verwenden. Achten Sie darauf, dass das Wasser nicht zu hei\u00df ist und f\u00fcgen Sie einen Essl\u00f6ffel Seifenflocken hinzu. Waschen Sie die <strong>SOXS<\/strong> dann vorsichtig und lassen Sie sie eine Weile trocknen. Es ist ein Kinderspiel!<\/p>\n","protected":false},"featured_media":700131228,"comment_status":"closed","ping_status":"closed","template":"","meta":{"_acf_changed":false,"_improvement_type_select":"improve_an_existing","_thumb_yes_seoaic":false,"_frame_yes_seoaic":false,"seoaic_generate_description":"","seoaic_improve_instructions_prompt":"","seoaic_rollback_content_improvement":"","seoaic_idea_thumbnail_generator":"","thumbnail_generated":false,"thumbnail_generate_prompt":"","seoaic_article_description":""},"product_brand":[],"product_cat":[1314,1304],"product_tag":[],"class_list":{"0":"post-121988","1":"product","2":"type-product","3":"status-publish","4":"has-post-thumbnail","6":"product_cat-care","7":"product_cat-waschmittel","9":"first","10":"instock","11":"sale","12":"taxable","13":"shipping-taxable","14":"purchasable","15":"product-type-simple"},"acf":[],"yoast_head":"<!-- This site is optimized with the Yoast SEO plugin v27.2 - https:\/\/yoast.com\/product\/yoast-seo-wordpress\/ -->\n<title>Nat\u00fcrliche Seifenflocken: Das beste Wollwaschmittel<\/title>\n<meta name=\"description\" content=\"SOXS Seifenflocken: ein nachhaltiges, nat\u00fcrliches, sanftes und 100% biologisch abbaubares Waschmittel, das gut reinigt und perfekt f\u00fcr empfindliche Wollprodukte ist!\" \/>\n<meta name=\"robots\" content=\"noindex, follow, max-snippet:-1, max-image-preview:large, max-video-preview:-1\" \/>\n<meta property=\"og:locale\" content=\"de_DE\" \/>\n<meta property=\"og:type\" content=\"article\" \/>\n<meta property=\"og:title\" content=\"Nat\u00fcrliche Seifenflocken: Das beste Wollwaschmittel\" \/>\n<meta property=\"og:description\" content=\"SOXS Seifenflocken: ein nachhaltiges, nat\u00fcrliches, sanftes und 100% biologisch abbaubares Waschmittel, das gut reinigt und perfekt f\u00fcr empfindliche Wollprodukte ist!\" \/>\n<meta property=\"og:url\" content=\"https:\/\/soxs.co\/ch\/soxs-seifenflocken-rosmarin-klein-5-waescht\/\" \/>\n<meta property=\"og:site_name\" content=\"SOXS.co CH\" \/>\n<meta property=\"article:publisher\" content=\"https:\/\/www.facebook.com\/soxs.co\/\" \/>\n<meta property=\"article:modified_time\" content=\"2025-09-13T13:58:36+00:00\" \/>\n<meta property=\"og:image\" content=\"https:\/\/soxs.co\/app\/uploads\/sites\/6\/2025\/08\/SOXs-Productfotografie-23-of-34.jpg\" \/>\n\t<meta property=\"og:image:width\" content=\"1\" \/>\n\t<meta property=\"og:image:height\" content=\"1\" \/>\n\t<meta property=\"og:image:type\" content=\"image\/jpeg\" \/>\n<meta name=\"twitter:card\" content=\"summary_large_image\" \/>\n<meta name=\"twitter:site\" content=\"@soxs_co\" \/>\n<meta name=\"twitter:label1\" content=\"Gesch\u00e4tzte Lesezeit\" \/>\n\t<meta name=\"twitter:data1\" content=\"2\u00a0Minuten\" \/>\n<script type=\"application\/ld+json\" class=\"yoast-schema-graph\">{\"@context\":\"https:\/\/schema.org\",\"@graph\":[{\"@type\":\"WebPage\",\"@id\":\"https:\/\/soxs.co\/ch\/soxs-seifenflocken-rosmarin-klein-5-waescht\/\",\"url\":\"https:\/\/soxs.co\/ch\/soxs-seifenflocken-rosmarin-klein-5-waescht\/\",\"name\":\"Nat\u00fcrliche Seifenflocken: Das beste Wollwaschmittel\",\"isPartOf\":{\"@id\":\"https:\/\/soxs.co\/ch\/#website\"},\"primaryImageOfPage\":{\"@id\":\"https:\/\/soxs.co\/ch\/soxs-seifenflocken-rosmarin-klein-5-waescht\/#primaryimage\"},\"image\":{\"@id\":\"https:\/\/soxs.co\/ch\/soxs-seifenflocken-rosmarin-klein-5-waescht\/#primaryimage\"},\"thumbnailUrl\":\"https:\/\/soxs.co\/app\/uploads\/sites\/6\/2025\/08\/SOXs-Productfotografie-23-of-34.jpg\",\"datePublished\":\"2022-08-31T11:52:45+00:00\",\"dateModified\":\"2025-09-13T13:58:36+00:00\",\"description\":\"SOXS Seifenflocken: ein nachhaltiges, nat\u00fcrliches, sanftes und 100% biologisch abbaubares Waschmittel, das gut reinigt und perfekt f\u00fcr empfindliche Wollprodukte ist!\",\"breadcrumb\":{\"@id\":\"https:\/\/soxs.co\/ch\/soxs-seifenflocken-rosmarin-klein-5-waescht\/#breadcrumb\"},\"inLanguage\":\"de-CH\",\"potentialAction\":[{\"@type\":\"ReadAction\",\"target\":[\"https:\/\/soxs.co\/ch\/soxs-seifenflocken-rosmarin-klein-5-waescht\/\"]}]},{\"@type\":\"ImageObject\",\"inLanguage\":\"de-CH\",\"@id\":\"https:\/\/soxs.co\/ch\/soxs-seifenflocken-rosmarin-klein-5-waescht\/#primaryimage\",\"url\":\"https:\/\/soxs.co\/app\/uploads\/sites\/6\/2025\/08\/SOXs-Productfotografie-23-of-34.jpg\",\"contentUrl\":\"https:\/\/soxs.co\/app\/uploads\/sites\/6\/2025\/08\/SOXs-Productfotografie-23-of-34.jpg\"},{\"@type\":\"BreadcrumbList\",\"@id\":\"https:\/\/soxs.co\/ch\/soxs-seifenflocken-rosmarin-klein-5-waescht\/#breadcrumb\",\"itemListElement\":[{\"@type\":\"ListItem\",\"position\":1,\"name\":\"Home\",\"item\":\"https:\/\/soxs.co\/ch\/\"},{\"@type\":\"ListItem\",\"position\":2,\"name\":\"Shop\",\"item\":\"https:\/\/soxs.co\/ch\/shop\/\"},{\"@type\":\"ListItem\",\"position\":3,\"name\":\"Seifenflocken &#8211; 5 W\u00e4schen\"}]},{\"@type\":\"WebSite\",\"@id\":\"https:\/\/soxs.co\/ch\/#website\",\"url\":\"https:\/\/soxs.co\/ch\/\",\"name\":\"SOXS.co CH\",\"description\":\"Trendige und wunderbar warme Socken f\u00fcr alle\",\"potentialAction\":[{\"@type\":\"SearchAction\",\"target\":{\"@type\":\"EntryPoint\",\"urlTemplate\":\"https:\/\/soxs.co\/ch\/?s={search_term_string}\"},\"query-input\":{\"@type\":\"PropertyValueSpecification\",\"valueRequired\":true,\"valueName\":\"search_term_string\"}}],\"inLanguage\":\"de-CH\"}]}<\/script>\n<!-- \/ Yoast SEO plugin. -->","yoast_head_json":{"title":"Nat\u00fcrliche Seifenflocken: Das beste Wollwaschmittel","description":"SOXS Seifenflocken: ein nachhaltiges, nat\u00fcrliches, sanftes und 100% biologisch abbaubares Waschmittel, das gut reinigt und perfekt f\u00fcr empfindliche Wollprodukte ist!","robots":{"index":"noindex","follow":"follow","max-snippet":"max-snippet:-1","max-image-preview":"max-image-preview:large","max-video-preview":"max-video-preview:-1"},"og_locale":"de_DE","og_type":"article","og_title":"Nat\u00fcrliche Seifenflocken: Das beste Wollwaschmittel","og_description":"SOXS Seifenflocken: ein nachhaltiges, nat\u00fcrliches, sanftes und 100% biologisch abbaubares Waschmittel, das gut reinigt und perfekt f\u00fcr empfindliche Wollprodukte ist!","og_url":"https:\/\/soxs.co\/ch\/soxs-seifenflocken-rosmarin-klein-5-waescht\/","og_site_name":"SOXS.co CH","article_publisher":"https:\/\/www.facebook.com\/soxs.co\/","article_modified_time":"2025-09-13T13:58:36+00:00","og_image":[{"url":"https:\/\/soxs.co\/app\/uploads\/sites\/6\/2025\/08\/SOXs-Productfotografie-23-of-34.jpg","width":1,"height":1,"type":"image\/jpeg"}],"twitter_card":"summary_large_image","twitter_site":"@soxs_co","twitter_misc":{"Gesch\u00e4tzte Lesezeit":"2\u00a0Minuten"},"schema":{"@context":"https:\/\/schema.org","@graph":[{"@type":"WebPage","@id":"https:\/\/soxs.co\/ch\/soxs-seifenflocken-rosmarin-klein-5-waescht\/","url":"https:\/\/soxs.co\/ch\/soxs-seifenflocken-rosmarin-klein-5-waescht\/","name":"Nat\u00fcrliche Seifenflocken: Das beste Wollwaschmittel","isPartOf":{"@id":"https:\/\/soxs.co\/ch\/#website"},"primaryImageOfPage":{"@id":"https:\/\/soxs.co\/ch\/soxs-seifenflocken-rosmarin-klein-5-waescht\/#primaryimage"},"image":{"@id":"https:\/\/soxs.co\/ch\/soxs-seifenflocken-rosmarin-klein-5-waescht\/#primaryimage"},"thumbnailUrl":"https:\/\/soxs.co\/app\/uploads\/sites\/6\/2025\/08\/SOXs-Productfotografie-23-of-34.jpg","datePublished":"2022-08-31T11:52:45+00:00","dateModified":"2025-09-13T13:58:36+00:00","description":"SOXS Seifenflocken: ein nachhaltiges, nat\u00fcrliches, sanftes und 100% biologisch abbaubares Waschmittel, das gut reinigt und perfekt f\u00fcr empfindliche Wollprodukte ist!","breadcrumb":{"@id":"https:\/\/soxs.co\/ch\/soxs-seifenflocken-rosmarin-klein-5-waescht\/#breadcrumb"},"inLanguage":"de-CH","potentialAction":[{"@type":"ReadAction","target":["https:\/\/soxs.co\/ch\/soxs-seifenflocken-rosmarin-klein-5-waescht\/"]}]},{"@type":"ImageObject","inLanguage":"de-CH","@id":"https:\/\/soxs.co\/ch\/soxs-seifenflocken-rosmarin-klein-5-waescht\/#primaryimage","url":"https:\/\/soxs.co\/app\/uploads\/sites\/6\/2025\/08\/SOXs-Productfotografie-23-of-34.jpg","contentUrl":"https:\/\/soxs.co\/app\/uploads\/sites\/6\/2025\/08\/SOXs-Productfotografie-23-of-34.jpg"},{"@type":"BreadcrumbList","@id":"https:\/\/soxs.co\/ch\/soxs-seifenflocken-rosmarin-klein-5-waescht\/#breadcrumb","itemListElement":[{"@type":"ListItem","position":1,"name":"Home","item":"https:\/\/soxs.co\/ch\/"},{"@type":"ListItem","position":2,"name":"Shop","item":"https:\/\/soxs.co\/ch\/shop\/"},{"@type":"ListItem","position":3,"name":"Seifenflocken &#8211; 5 W\u00e4schen"}]},{"@type":"WebSite","@id":"https:\/\/soxs.co\/ch\/#website","url":"https:\/\/soxs.co\/ch\/","name":"SOXS.co CH","description":"Trendige und wunderbar warme Socken f\u00fcr alle","potentialAction":[{"@type":"SearchAction","target":{"@type":"EntryPoint","urlTemplate":"https:\/\/soxs.co\/ch\/?s={search_term_string}"},"query-input":{"@type":"PropertyValueSpecification","valueRequired":true,"valueName":"search_term_string"}}],"inLanguage":"de-CH"}]}},"_links":{"self":[{"href":"https:\/\/soxs.co\/ch\/wp-json\/wp\/v2\/product\/121988","targetHints":{"allow":["GET"]}}],"collection":[{"href":"https:\/\/soxs.co\/ch\/wp-json\/wp\/v2\/product"}],"about":[{"href":"https:\/\/soxs.co\/ch\/wp-json\/wp\/v2\/types\/product"}],"replies":[{"embeddable":true,"href":"https:\/\/soxs.co\/ch\/wp-json\/wp\/v2\/comments?post=121988"}],"wp:featuredmedia":[{"embeddable":true,"href":"https:\/\/soxs.co\/ch\/wp-json\/wp\/v2\/media\/700131228"}],"wp:attachment":[{"href":"https:\/\/soxs.co\/ch\/wp-json\/wp\/v2\/media?parent=121988"}],"wp:term":[{"taxonomy":"product_brand","embeddable":true,"href":"https:\/\/soxs.co\/ch\/wp-json\/wp\/v2\/product_brand?post=121988"},{"taxonomy":"product_cat","embeddable":true,"href":"https:\/\/soxs.co\/ch\/wp-json\/wp\/v2\/product_cat?post=121988"},{"taxonomy":"product_tag","embeddable":true,"href":"https:\/\/soxs.co\/ch\/wp-json\/wp\/v2\/product_tag?post=121988"}],"curies":[{"name":"wp","href":"https:\/\/api.w.org\/{rel}","templated":true}]}}