{"id":121875,"date":"2022-08-19T12:06:32","date_gmt":"2022-08-19T10:06:32","guid":{"rendered":"https:\/\/soxs.co\/ch\/?post_type=product&#038;p=121875"},"modified":"2025-08-30T10:09:34","modified_gmt":"2025-08-30T08:09:34","slug":"soxs-wollstopfen-off-white","status":"publish","type":"product","link":"https:\/\/soxs.co\/ch\/soxs-wollstopfen-off-white\/","title":{"rendered":"Stopfgarn Originals Wolle &#8211; Cremeweiss"},"content":{"rendered":"<p>Fr\u00fcher trug man in Holzschuhen oft Wollsocken, die sich schnell abnutzten. Die L\u00f6sung? Garn zum Stopfen! Damit konnte man schnell L\u00f6cher in die Socken machen. Heutzutage neigen wir oft dazu, Socken mit L\u00f6chern wegzuwerfen. Man hat jahrelang Freude an seinen SOXS und dann wirft man sie weg. Und das ist sehr schade! Denn mit ein bisschen Weben l\u00e4sst sich das Manko schnell beheben. Mit diesem Off White Stopfgarn von SOXS k\u00f6nnen Sie ganz einfach ein Loch in Ihren Off White Wollsocken reparieren.<br \/>\nWollstopfgarn off white. Wollstopfgarn off white<\/p>\n","protected":false},"excerpt":{"rendered":"<p>Fr\u00fcher trug man in Holzschuhen oft Wollsocken, die sich schnell abnutzten. Die L\u00f6sung? Garn zum Stopfen! Damit konnte man schnell L\u00f6cher in die Socken machen. Heutzutage neigen wir oft dazu, Socken mit L\u00f6chern wegzuwerfen. Man hat jahrelang Freude an seinen SOXS und dann wirft man sie weg. Und das ist sehr schade! Denn mit ein bisschen Weben l\u00e4sst sich das Manko schnell beheben. Mit diesem Off White Stopfgarn von SOXS k\u00f6nnen Sie ganz einfach ein Loch in Ihren Off White Wollsocken reparieren.<\/p>\n<p>Wollen Sie wissen, wie einfach es ist, die SOXS zu stoppen? Dann sehen Sie sich unser <a href=\"https:\/\/soxs.co\/de\/nachhaltige-socken\/\">Video<\/a> an!<\/p>\n","protected":false},"featured_media":700131261,"comment_status":"closed","ping_status":"closed","template":"","meta":{"_acf_changed":false,"_improvement_type_select":"improve_an_existing","_thumb_yes_seoaic":false,"_frame_yes_seoaic":false,"seoaic_generate_description":"","seoaic_improve_instructions_prompt":"","seoaic_rollback_content_improvement":"","seoaic_idea_thumbnail_generator":"","thumbnail_generated":false,"thumbnail_generate_prompt":"","seoaic_article_description":""},"product_brand":[],"product_cat":[1307,1314],"product_tag":[],"class_list":{"0":"post-121875","1":"product","2":"type-product","3":"status-publish","4":"has-post-thumbnail","6":"product_cat-care-for-your-soxs","7":"product_cat-care","9":"first","10":"instock","11":"taxable","12":"shipping-taxable","13":"purchasable","14":"product-type-simple"},"acf":[],"yoast_head":"<!-- This site is optimized with the Yoast SEO plugin v27.2 - https:\/\/yoast.com\/product\/yoast-seo-wordpress\/ -->\n<title>Stopfgarn Originals Wolle - Cremeweiss - SOXS.co CH<\/title>\n<meta name=\"description\" content=\"Wollstopfgarn off white. Mit diesem Wollstopfgarn off white von SOXS k\u00f6nnen Sie ganz einfach ein Loch in Ihren Off White Wollsocken reparieren.\" \/>\n<meta name=\"robots\" content=\"noindex, follow, max-snippet:-1, max-image-preview:large, max-video-preview:-1\" \/>\n<meta property=\"og:locale\" content=\"de_DE\" \/>\n<meta property=\"og:type\" content=\"article\" \/>\n<meta property=\"og:title\" content=\"Stopfgarn Originals Wolle - Cremeweiss - SOXS.co CH\" \/>\n<meta property=\"og:description\" content=\"Wollstopfgarn off white. Mit diesem Wollstopfgarn off white von SOXS k\u00f6nnen Sie ganz einfach ein Loch in Ihren Off White Wollsocken reparieren.\" \/>\n<meta property=\"og:url\" content=\"https:\/\/soxs.co\/ch\/soxs-wollstopfen-off-white\/\" \/>\n<meta property=\"og:site_name\" content=\"SOXS.co CH\" \/>\n<meta property=\"article:publisher\" content=\"https:\/\/www.facebook.com\/soxs.co\/\" \/>\n<meta property=\"article:modified_time\" content=\"2025-08-30T08:09:34+00:00\" \/>\n<meta property=\"og:image\" content=\"https:\/\/soxs.co\/app\/uploads\/sites\/6\/2025\/08\/Stopgaren-Off-White-e1637335457647.png\" \/>\n\t<meta property=\"og:image:width\" content=\"1\" \/>\n\t<meta property=\"og:image:height\" content=\"1\" \/>\n\t<meta property=\"og:image:type\" content=\"image\/png\" \/>\n<meta name=\"twitter:card\" content=\"summary_large_image\" \/>\n<meta name=\"twitter:site\" content=\"@soxs_co\" \/>\n<meta name=\"twitter:label1\" content=\"Gesch\u00e4tzte Lesezeit\" \/>\n\t<meta name=\"twitter:data1\" content=\"2\u00a0Minuten\" \/>\n<script type=\"application\/ld+json\" class=\"yoast-schema-graph\">{\"@context\":\"https:\/\/schema.org\",\"@graph\":[{\"@type\":\"WebPage\",\"@id\":\"https:\/\/soxs.co\/ch\/soxs-wollstopfen-off-white\/\",\"url\":\"https:\/\/soxs.co\/ch\/soxs-wollstopfen-off-white\/\",\"name\":\"Stopfgarn Originals Wolle - Cremeweiss - SOXS.co CH\",\"isPartOf\":{\"@id\":\"https:\/\/soxs.co\/ch\/#website\"},\"primaryImageOfPage\":{\"@id\":\"https:\/\/soxs.co\/ch\/soxs-wollstopfen-off-white\/#primaryimage\"},\"image\":{\"@id\":\"https:\/\/soxs.co\/ch\/soxs-wollstopfen-off-white\/#primaryimage\"},\"thumbnailUrl\":\"https:\/\/soxs.co\/app\/uploads\/sites\/6\/2025\/08\/Stopgaren-Off-White-e1637335457647.png\",\"datePublished\":\"2022-08-19T10:06:32+00:00\",\"dateModified\":\"2025-08-30T08:09:34+00:00\",\"description\":\"Wollstopfgarn off white. Mit diesem Wollstopfgarn off white von SOXS k\u00f6nnen Sie ganz einfach ein Loch in Ihren Off White Wollsocken reparieren.\",\"breadcrumb\":{\"@id\":\"https:\/\/soxs.co\/ch\/soxs-wollstopfen-off-white\/#breadcrumb\"},\"inLanguage\":\"de-CH\",\"potentialAction\":[{\"@type\":\"ReadAction\",\"target\":[\"https:\/\/soxs.co\/ch\/soxs-wollstopfen-off-white\/\"]}]},{\"@type\":\"ImageObject\",\"inLanguage\":\"de-CH\",\"@id\":\"https:\/\/soxs.co\/ch\/soxs-wollstopfen-off-white\/#primaryimage\",\"url\":\"https:\/\/soxs.co\/app\/uploads\/sites\/6\/2025\/08\/Stopgaren-Off-White-e1637335457647.png\",\"contentUrl\":\"https:\/\/soxs.co\/app\/uploads\/sites\/6\/2025\/08\/Stopgaren-Off-White-e1637335457647.png\",\"caption\":\"Stopgaren-Off-White-e1637335457647\"},{\"@type\":\"BreadcrumbList\",\"@id\":\"https:\/\/soxs.co\/ch\/soxs-wollstopfen-off-white\/#breadcrumb\",\"itemListElement\":[{\"@type\":\"ListItem\",\"position\":1,\"name\":\"Home\",\"item\":\"https:\/\/soxs.co\/ch\/\"},{\"@type\":\"ListItem\",\"position\":2,\"name\":\"Shop\",\"item\":\"https:\/\/soxs.co\/ch\/shop\/\"},{\"@type\":\"ListItem\",\"position\":3,\"name\":\"Stopfgarn Originals Wolle &#8211; Cremeweiss\"}]},{\"@type\":\"WebSite\",\"@id\":\"https:\/\/soxs.co\/ch\/#website\",\"url\":\"https:\/\/soxs.co\/ch\/\",\"name\":\"SOXS.co CH\",\"description\":\"Trendige und wunderbar warme Socken f\u00fcr alle\",\"potentialAction\":[{\"@type\":\"SearchAction\",\"target\":{\"@type\":\"EntryPoint\",\"urlTemplate\":\"https:\/\/soxs.co\/ch\/?s={search_term_string}\"},\"query-input\":{\"@type\":\"PropertyValueSpecification\",\"valueRequired\":true,\"valueName\":\"search_term_string\"}}],\"inLanguage\":\"de-CH\"}]}<\/script>\n<!-- \/ Yoast SEO plugin. -->","yoast_head_json":{"title":"Stopfgarn Originals Wolle - Cremeweiss - SOXS.co CH","description":"Wollstopfgarn off white. Mit diesem Wollstopfgarn off white von SOXS k\u00f6nnen Sie ganz einfach ein Loch in Ihren Off White Wollsocken reparieren.","robots":{"index":"noindex","follow":"follow","max-snippet":"max-snippet:-1","max-image-preview":"max-image-preview:large","max-video-preview":"max-video-preview:-1"},"og_locale":"de_DE","og_type":"article","og_title":"Stopfgarn Originals Wolle - Cremeweiss - SOXS.co CH","og_description":"Wollstopfgarn off white. Mit diesem Wollstopfgarn off white von SOXS k\u00f6nnen Sie ganz einfach ein Loch in Ihren Off White Wollsocken reparieren.","og_url":"https:\/\/soxs.co\/ch\/soxs-wollstopfen-off-white\/","og_site_name":"SOXS.co CH","article_publisher":"https:\/\/www.facebook.com\/soxs.co\/","article_modified_time":"2025-08-30T08:09:34+00:00","og_image":[{"url":"https:\/\/soxs.co\/app\/uploads\/sites\/6\/2025\/08\/Stopgaren-Off-White-e1637335457647.png","width":1,"height":1,"type":"image\/png"}],"twitter_card":"summary_large_image","twitter_site":"@soxs_co","twitter_misc":{"Gesch\u00e4tzte Lesezeit":"2\u00a0Minuten"},"schema":{"@context":"https:\/\/schema.org","@graph":[{"@type":"WebPage","@id":"https:\/\/soxs.co\/ch\/soxs-wollstopfen-off-white\/","url":"https:\/\/soxs.co\/ch\/soxs-wollstopfen-off-white\/","name":"Stopfgarn Originals Wolle - Cremeweiss - SOXS.co CH","isPartOf":{"@id":"https:\/\/soxs.co\/ch\/#website"},"primaryImageOfPage":{"@id":"https:\/\/soxs.co\/ch\/soxs-wollstopfen-off-white\/#primaryimage"},"image":{"@id":"https:\/\/soxs.co\/ch\/soxs-wollstopfen-off-white\/#primaryimage"},"thumbnailUrl":"https:\/\/soxs.co\/app\/uploads\/sites\/6\/2025\/08\/Stopgaren-Off-White-e1637335457647.png","datePublished":"2022-08-19T10:06:32+00:00","dateModified":"2025-08-30T08:09:34+00:00","description":"Wollstopfgarn off white. Mit diesem Wollstopfgarn off white von SOXS k\u00f6nnen Sie ganz einfach ein Loch in Ihren Off White Wollsocken reparieren.","breadcrumb":{"@id":"https:\/\/soxs.co\/ch\/soxs-wollstopfen-off-white\/#breadcrumb"},"inLanguage":"de-CH","potentialAction":[{"@type":"ReadAction","target":["https:\/\/soxs.co\/ch\/soxs-wollstopfen-off-white\/"]}]},{"@type":"ImageObject","inLanguage":"de-CH","@id":"https:\/\/soxs.co\/ch\/soxs-wollstopfen-off-white\/#primaryimage","url":"https:\/\/soxs.co\/app\/uploads\/sites\/6\/2025\/08\/Stopgaren-Off-White-e1637335457647.png","contentUrl":"https:\/\/soxs.co\/app\/uploads\/sites\/6\/2025\/08\/Stopgaren-Off-White-e1637335457647.png","caption":"Stopgaren-Off-White-e1637335457647"},{"@type":"BreadcrumbList","@id":"https:\/\/soxs.co\/ch\/soxs-wollstopfen-off-white\/#breadcrumb","itemListElement":[{"@type":"ListItem","position":1,"name":"Home","item":"https:\/\/soxs.co\/ch\/"},{"@type":"ListItem","position":2,"name":"Shop","item":"https:\/\/soxs.co\/ch\/shop\/"},{"@type":"ListItem","position":3,"name":"Stopfgarn Originals Wolle &#8211; Cremeweiss"}]},{"@type":"WebSite","@id":"https:\/\/soxs.co\/ch\/#website","url":"https:\/\/soxs.co\/ch\/","name":"SOXS.co CH","description":"Trendige und wunderbar warme Socken f\u00fcr alle","potentialAction":[{"@type":"SearchAction","target":{"@type":"EntryPoint","urlTemplate":"https:\/\/soxs.co\/ch\/?s={search_term_string}"},"query-input":{"@type":"PropertyValueSpecification","valueRequired":true,"valueName":"search_term_string"}}],"inLanguage":"de-CH"}]}},"_links":{"self":[{"href":"https:\/\/soxs.co\/ch\/wp-json\/wp\/v2\/product\/121875","targetHints":{"allow":["GET"]}}],"collection":[{"href":"https:\/\/soxs.co\/ch\/wp-json\/wp\/v2\/product"}],"about":[{"href":"https:\/\/soxs.co\/ch\/wp-json\/wp\/v2\/types\/product"}],"replies":[{"embeddable":true,"href":"https:\/\/soxs.co\/ch\/wp-json\/wp\/v2\/comments?post=121875"}],"wp:featuredmedia":[{"embeddable":true,"href":"https:\/\/soxs.co\/ch\/wp-json\/wp\/v2\/media\/700131261"}],"wp:attachment":[{"href":"https:\/\/soxs.co\/ch\/wp-json\/wp\/v2\/media?parent=121875"}],"wp:term":[{"taxonomy":"product_brand","embeddable":true,"href":"https:\/\/soxs.co\/ch\/wp-json\/wp\/v2\/product_brand?post=121875"},{"taxonomy":"product_cat","embeddable":true,"href":"https:\/\/soxs.co\/ch\/wp-json\/wp\/v2\/product_cat?post=121875"},{"taxonomy":"product_tag","embeddable":true,"href":"https:\/\/soxs.co\/ch\/wp-json\/wp\/v2\/product_tag?post=121875"}],"curies":[{"name":"wp","href":"https:\/\/api.w.org\/{rel}","templated":true}]}}