{"id":121522,"date":"2025-08-27T06:03:40","date_gmt":"2025-08-27T04:03:40","guid":{"rendered":"https:\/\/soxs.co\/ch\/?post_type=product&#038;p=121522"},"modified":"2025-09-13T15:58:42","modified_gmt":"2025-09-13T13:58:42","slug":"sox-baby-anti-rutsch-graue-wolle-lovely-panther","status":"publish","type":"product","link":"https:\/\/soxs.co\/ch\/sox-baby-anti-rutsch-graue-wolle-lovely-panther\/","title":{"rendered":"Originals &#8211; Rutschfest &#8211; Braune Wolle &#8211; Label Lovely Panther &#8211; 19-28"},"content":{"rendered":"<p>Du suchst nach einem Paar weicher Wollsocken f\u00fcr Dein Kind? Diese braunen, rutschfesten Socken mit Lovely Panther-Label schenken Deinem Baby nicht nur warme F\u00fc\u00dfe, sondern auch ein cooles Image. Das Panther-Print-Label ist zeitlos, stilvoll und ausgefallen. Diese langen Wollstr\u00fcmpfe halten die F\u00fc\u00dfe den ganzen Winter \u00fcber warm und sind auch im Sommer wunderbar zu tragen, weil sie die Hitze drau\u00dfen halten. So kann Dein Baby diese Babysocken aus Schafwolle das ganze Jahr \u00fcber genie\u00dfen.<br \/>\nBraune wolle babysocken, Braune wolle babysocken<\/p>\n","protected":false},"excerpt":{"rendered":"<p>Die SOXS Originals Kids mit Lovely Panther-Label (Gr\u00f6\u00dfen 19-28) sind die idealen Socken f\u00fcr Kinder, die W\u00e4rme und Komfort brauchen. Die weiche Merinowolle h\u00e4lt die F\u00fc\u00dfe im Winter warm und im Sommer k\u00fchl. Der Zusatz von Polyamid sorgt daf\u00fcr, dass die Socken ihre Form behalten und nicht kratzen.<\/p>\n","protected":false},"featured_media":700131245,"comment_status":"closed","ping_status":"closed","template":"","meta":{"_acf_changed":false,"_improvement_type_select":"improve_an_existing","_thumb_yes_seoaic":false,"_frame_yes_seoaic":false,"seoaic_generate_description":"","seoaic_improve_instructions_prompt":"","seoaic_rollback_content_improvement":"","seoaic_idea_thumbnail_generator":"","thumbnail_generated":false,"thumbnail_generate_prompt":"","seoaic_article_description":""},"product_brand":[1507],"product_cat":[1384,932,57,56],"product_tag":[1508,1509,1510],"class_list":{"0":"post-121522","1":"product","2":"type-product","3":"status-publish","4":"has-post-thumbnail","6":"product_brand-soxs-co","7":"product_cat-stoppersocken-und-anti-rutsch-socken","8":"product_cat-antislip-sokken","9":"product_cat-wollsocken-baby","10":"product_cat-socken-von-soxs","11":"product_tag-merinowollsocken","12":"product_tag-warme-socken","13":"product_tag-warme-wollsocken","15":"first","16":"instock","17":"taxable","18":"shipping-taxable","19":"purchasable","20":"product-type-simple"},"acf":[],"yoast_head":"<!-- This site is optimized with the Yoast SEO plugin v27.3 - https:\/\/yoast.com\/product\/yoast-seo-wordpress\/ -->\n<title>SOXS Braune wolle babysocken Lovely Panther label | SOXS.co CH<\/title>\n<meta name=\"description\" content=\"Dicke Wollsocken mit Anti-Rutsch: Mit diesen weichen braune wolle Babysocken wird Ihr kleiner Junge oder M\u00e4dchen immer wunderbar warme F\u00fc\u00dfe haben!\" \/>\n<meta name=\"robots\" content=\"noindex, follow, max-snippet:-1, max-image-preview:large, max-video-preview:-1\" \/>\n<meta property=\"og:locale\" content=\"de_DE\" \/>\n<meta property=\"og:type\" content=\"article\" \/>\n<meta property=\"og:title\" content=\"SOXS Braune wolle babysocken Lovely Panther label | SOXS.co CH\" \/>\n<meta property=\"og:description\" content=\"Dicke Wollsocken mit Anti-Rutsch: Mit diesen weichen braune wolle Babysocken wird Ihr kleiner Junge oder M\u00e4dchen immer wunderbar warme F\u00fc\u00dfe haben!\" \/>\n<meta property=\"og:url\" content=\"https:\/\/soxs.co\/ch\/sox-baby-anti-rutsch-graue-wolle-lovely-panther\/\" \/>\n<meta property=\"og:site_name\" content=\"SOXS.co CH\" \/>\n<meta property=\"article:publisher\" content=\"https:\/\/www.facebook.com\/soxs.co\/\" \/>\n<meta property=\"article:modified_time\" content=\"2025-09-13T13:58:42+00:00\" \/>\n<meta property=\"og:image\" content=\"https:\/\/soxs.co\/app\/uploads\/sites\/6\/2025\/08\/SOX3647_1000x1000px.png\" \/>\n\t<meta property=\"og:image:width\" content=\"1\" \/>\n\t<meta property=\"og:image:height\" content=\"1\" \/>\n\t<meta property=\"og:image:type\" content=\"image\/png\" \/>\n<meta name=\"twitter:card\" content=\"summary_large_image\" \/>\n<meta name=\"twitter:site\" content=\"@soxs_co\" \/>\n<meta name=\"twitter:label1\" content=\"Gesch\u00e4tzte Lesezeit\" \/>\n\t<meta name=\"twitter:data1\" content=\"1\u00a0Minute\" \/>\n<script type=\"application\/ld+json\" class=\"yoast-schema-graph\">{\"@context\":\"https:\\\/\\\/schema.org\",\"@graph\":[{\"@type\":\"WebPage\",\"@id\":\"https:\\\/\\\/soxs.co\\\/ch\\\/sox-baby-anti-rutsch-graue-wolle-lovely-panther\\\/\",\"url\":\"https:\\\/\\\/soxs.co\\\/ch\\\/sox-baby-anti-rutsch-graue-wolle-lovely-panther\\\/\",\"name\":\"SOXS Braune wolle babysocken Lovely Panther label | SOXS.co CH\",\"isPartOf\":{\"@id\":\"https:\\\/\\\/soxs.co\\\/ch\\\/#website\"},\"primaryImageOfPage\":{\"@id\":\"https:\\\/\\\/soxs.co\\\/ch\\\/sox-baby-anti-rutsch-graue-wolle-lovely-panther\\\/#primaryimage\"},\"image\":{\"@id\":\"https:\\\/\\\/soxs.co\\\/ch\\\/sox-baby-anti-rutsch-graue-wolle-lovely-panther\\\/#primaryimage\"},\"thumbnailUrl\":\"https:\\\/\\\/soxs.co\\\/app\\\/uploads\\\/sites\\\/6\\\/2025\\\/08\\\/SOX3647_1000x1000px.png\",\"datePublished\":\"2025-08-27T04:03:40+00:00\",\"dateModified\":\"2025-09-13T13:58:42+00:00\",\"description\":\"Dicke Wollsocken mit Anti-Rutsch: Mit diesen weichen braune wolle Babysocken wird Ihr kleiner Junge oder M\u00e4dchen immer wunderbar warme F\u00fc\u00dfe haben!\",\"breadcrumb\":{\"@id\":\"https:\\\/\\\/soxs.co\\\/ch\\\/sox-baby-anti-rutsch-graue-wolle-lovely-panther\\\/#breadcrumb\"},\"inLanguage\":\"de-CH\",\"potentialAction\":[{\"@type\":\"ReadAction\",\"target\":[\"https:\\\/\\\/soxs.co\\\/ch\\\/sox-baby-anti-rutsch-graue-wolle-lovely-panther\\\/\"]}]},{\"@type\":\"ImageObject\",\"inLanguage\":\"de-CH\",\"@id\":\"https:\\\/\\\/soxs.co\\\/ch\\\/sox-baby-anti-rutsch-graue-wolle-lovely-panther\\\/#primaryimage\",\"url\":\"https:\\\/\\\/soxs.co\\\/app\\\/uploads\\\/sites\\\/6\\\/2025\\\/08\\\/SOX3647_1000x1000px.png\",\"contentUrl\":\"https:\\\/\\\/soxs.co\\\/app\\\/uploads\\\/sites\\\/6\\\/2025\\\/08\\\/SOX3647_1000x1000px.png\",\"caption\":\"SOX3647_1000x1000px\"},{\"@type\":\"BreadcrumbList\",\"@id\":\"https:\\\/\\\/soxs.co\\\/ch\\\/sox-baby-anti-rutsch-graue-wolle-lovely-panther\\\/#breadcrumb\",\"itemListElement\":[{\"@type\":\"ListItem\",\"position\":1,\"name\":\"Home\",\"item\":\"https:\\\/\\\/soxs.co\\\/ch\\\/\"},{\"@type\":\"ListItem\",\"position\":2,\"name\":\"Shop\",\"item\":\"https:\\\/\\\/soxs.co\\\/ch\\\/shop\\\/\"},{\"@type\":\"ListItem\",\"position\":3,\"name\":\"Originals &#8211; Rutschfest &#8211; Braune Wolle &#8211; Label Lovely Panther &#8211; 19-28\"}]},{\"@type\":\"WebSite\",\"@id\":\"https:\\\/\\\/soxs.co\\\/ch\\\/#website\",\"url\":\"https:\\\/\\\/soxs.co\\\/ch\\\/\",\"name\":\"SOXS.co CH\",\"description\":\"Trendige und wunderbar warme Socken f\u00fcr alle\",\"potentialAction\":[{\"@type\":\"SearchAction\",\"target\":{\"@type\":\"EntryPoint\",\"urlTemplate\":\"https:\\\/\\\/soxs.co\\\/ch\\\/?s={search_term_string}\"},\"query-input\":{\"@type\":\"PropertyValueSpecification\",\"valueRequired\":true,\"valueName\":\"search_term_string\"}}],\"inLanguage\":\"de-CH\"}]}<\/script>\n<!-- \/ Yoast SEO plugin. -->","yoast_head_json":{"title":"SOXS Braune wolle babysocken Lovely Panther label | SOXS.co CH","description":"Dicke Wollsocken mit Anti-Rutsch: Mit diesen weichen braune wolle Babysocken wird Ihr kleiner Junge oder M\u00e4dchen immer wunderbar warme F\u00fc\u00dfe haben!","robots":{"index":"noindex","follow":"follow","max-snippet":"max-snippet:-1","max-image-preview":"max-image-preview:large","max-video-preview":"max-video-preview:-1"},"og_locale":"de_DE","og_type":"article","og_title":"SOXS Braune wolle babysocken Lovely Panther label | SOXS.co CH","og_description":"Dicke Wollsocken mit Anti-Rutsch: Mit diesen weichen braune wolle Babysocken wird Ihr kleiner Junge oder M\u00e4dchen immer wunderbar warme F\u00fc\u00dfe haben!","og_url":"https:\/\/soxs.co\/ch\/sox-baby-anti-rutsch-graue-wolle-lovely-panther\/","og_site_name":"SOXS.co CH","article_publisher":"https:\/\/www.facebook.com\/soxs.co\/","article_modified_time":"2025-09-13T13:58:42+00:00","og_image":[{"url":"https:\/\/soxs.co\/app\/uploads\/sites\/6\/2025\/08\/SOX3647_1000x1000px.png","width":1,"height":1,"type":"image\/png"}],"twitter_card":"summary_large_image","twitter_site":"@soxs_co","twitter_misc":{"Gesch\u00e4tzte Lesezeit":"1\u00a0Minute"},"schema":{"@context":"https:\/\/schema.org","@graph":[{"@type":"WebPage","@id":"https:\/\/soxs.co\/ch\/sox-baby-anti-rutsch-graue-wolle-lovely-panther\/","url":"https:\/\/soxs.co\/ch\/sox-baby-anti-rutsch-graue-wolle-lovely-panther\/","name":"SOXS Braune wolle babysocken Lovely Panther label | SOXS.co CH","isPartOf":{"@id":"https:\/\/soxs.co\/ch\/#website"},"primaryImageOfPage":{"@id":"https:\/\/soxs.co\/ch\/sox-baby-anti-rutsch-graue-wolle-lovely-panther\/#primaryimage"},"image":{"@id":"https:\/\/soxs.co\/ch\/sox-baby-anti-rutsch-graue-wolle-lovely-panther\/#primaryimage"},"thumbnailUrl":"https:\/\/soxs.co\/app\/uploads\/sites\/6\/2025\/08\/SOX3647_1000x1000px.png","datePublished":"2025-08-27T04:03:40+00:00","dateModified":"2025-09-13T13:58:42+00:00","description":"Dicke Wollsocken mit Anti-Rutsch: Mit diesen weichen braune wolle Babysocken wird Ihr kleiner Junge oder M\u00e4dchen immer wunderbar warme F\u00fc\u00dfe haben!","breadcrumb":{"@id":"https:\/\/soxs.co\/ch\/sox-baby-anti-rutsch-graue-wolle-lovely-panther\/#breadcrumb"},"inLanguage":"de-CH","potentialAction":[{"@type":"ReadAction","target":["https:\/\/soxs.co\/ch\/sox-baby-anti-rutsch-graue-wolle-lovely-panther\/"]}]},{"@type":"ImageObject","inLanguage":"de-CH","@id":"https:\/\/soxs.co\/ch\/sox-baby-anti-rutsch-graue-wolle-lovely-panther\/#primaryimage","url":"https:\/\/soxs.co\/app\/uploads\/sites\/6\/2025\/08\/SOX3647_1000x1000px.png","contentUrl":"https:\/\/soxs.co\/app\/uploads\/sites\/6\/2025\/08\/SOX3647_1000x1000px.png","caption":"SOX3647_1000x1000px"},{"@type":"BreadcrumbList","@id":"https:\/\/soxs.co\/ch\/sox-baby-anti-rutsch-graue-wolle-lovely-panther\/#breadcrumb","itemListElement":[{"@type":"ListItem","position":1,"name":"Home","item":"https:\/\/soxs.co\/ch\/"},{"@type":"ListItem","position":2,"name":"Shop","item":"https:\/\/soxs.co\/ch\/shop\/"},{"@type":"ListItem","position":3,"name":"Originals &#8211; Rutschfest &#8211; Braune Wolle &#8211; Label Lovely Panther &#8211; 19-28"}]},{"@type":"WebSite","@id":"https:\/\/soxs.co\/ch\/#website","url":"https:\/\/soxs.co\/ch\/","name":"SOXS.co CH","description":"Trendige und wunderbar warme Socken f\u00fcr alle","potentialAction":[{"@type":"SearchAction","target":{"@type":"EntryPoint","urlTemplate":"https:\/\/soxs.co\/ch\/?s={search_term_string}"},"query-input":{"@type":"PropertyValueSpecification","valueRequired":true,"valueName":"search_term_string"}}],"inLanguage":"de-CH"}]}},"_links":{"self":[{"href":"https:\/\/soxs.co\/ch\/wp-json\/wp\/v2\/product\/121522","targetHints":{"allow":["GET"]}}],"collection":[{"href":"https:\/\/soxs.co\/ch\/wp-json\/wp\/v2\/product"}],"about":[{"href":"https:\/\/soxs.co\/ch\/wp-json\/wp\/v2\/types\/product"}],"replies":[{"embeddable":true,"href":"https:\/\/soxs.co\/ch\/wp-json\/wp\/v2\/comments?post=121522"}],"wp:featuredmedia":[{"embeddable":true,"href":"https:\/\/soxs.co\/ch\/wp-json\/wp\/v2\/media\/700131245"}],"wp:attachment":[{"href":"https:\/\/soxs.co\/ch\/wp-json\/wp\/v2\/media?parent=121522"}],"wp:term":[{"taxonomy":"product_brand","embeddable":true,"href":"https:\/\/soxs.co\/ch\/wp-json\/wp\/v2\/product_brand?post=121522"},{"taxonomy":"product_cat","embeddable":true,"href":"https:\/\/soxs.co\/ch\/wp-json\/wp\/v2\/product_cat?post=121522"},{"taxonomy":"product_tag","embeddable":true,"href":"https:\/\/soxs.co\/ch\/wp-json\/wp\/v2\/product_tag?post=121522"}],"curies":[{"name":"wp","href":"https:\/\/api.w.org\/{rel}","templated":true}]}}