{"id":121510,"date":"2022-08-27T18:07:26","date_gmt":"2022-08-27T16:07:26","guid":{"rendered":"https:\/\/soxs.co\/ch\/?post_type=product&#038;p=121510"},"modified":"2025-09-13T15:58:36","modified_gmt":"2025-09-13T13:58:36","slug":"soxs-damen-beinwaermer-beige-wolle-warm-sand-label","status":"publish","type":"product","link":"https:\/\/soxs.co\/ch\/soxs-damen-beinwaermer-beige-wolle-warm-sand-label\/","title":{"rendered":"Originals Stulpen &#8211; Beige Wolle &#8211; Label Warm Sand &#8211; One Size"},"content":{"rendered":"<p>Du hast keine Lust auf Socken, m\u00f6chtest aber trotzdem warme Beine haben? Dann probiere unsere beliebten Beinw\u00e4rmer aus! Warme Beinw\u00e4rmer aus Wolle sind in der Farbe Beige erh\u00e4ltlich und tragen das Warm Sand Label. Die neutralen Farben erm\u00f6glichen das Kombinieren mit vielen sch\u00f6nen Outfits! Du kannst sie nicht nur zu Hause auf der Couch tragen, sondern auch beim Tanzkurs oder beim Yoga, um Deine Muskeln warm zu halten.<br \/>\nBeige wolle beinwarmers. Beige wolle beinwarmers<\/p>\n","protected":false},"excerpt":{"rendered":"<p>Diese Stulpen mit dem Warm Sand Label verbinden Komfort mit einem zeitlosen Look. Die Mischung aus tierfreundlicher Merinowolle und Polyamid sorgt f\u00fcr Weichheit und W\u00e4rme. Der sandfarbene Farbton macht sie vielseitig und leicht mit jedem Outfit zu kombinieren. Luxuri\u00f6s verpackt, sind sie bereit, als warmes und stilvolles Geschenk verschenkt zu werden.<\/p>\n","protected":false},"featured_media":700131235,"comment_status":"closed","ping_status":"closed","template":"","meta":{"_acf_changed":false,"_improvement_type_select":"improve_an_existing","_thumb_yes_seoaic":false,"_frame_yes_seoaic":false,"seoaic_generate_description":"","seoaic_improve_instructions_prompt":"","seoaic_rollback_content_improvement":"","seoaic_idea_thumbnail_generator":"","thumbnail_generated":false,"thumbnail_generate_prompt":"","seoaic_article_description":""},"product_brand":[1507],"product_cat":[866,1394,1387,872],"product_tag":[1511,1512,1513],"class_list":{"0":"post-121510","1":"product","2":"type-product","3":"status-publish","4":"has-post-thumbnail","6":"product_brand-soxs-co","7":"product_cat-woll-beinstulpen","8":"product_cat-beinwaermer","9":"product_cat-outdoor","10":"product_cat-woll-stulpen","11":"product_tag-beinstulpen-wolle","12":"product_tag-warme-beinstulpen","13":"product_tag-winter-beinstulpen","15":"first","16":"instock","17":"taxable","18":"shipping-taxable","19":"purchasable","20":"product-type-simple"},"acf":[],"yoast_head":"<!-- This site is optimized with the Yoast SEO plugin v27.2 - https:\/\/yoast.com\/product\/yoast-seo-wordpress\/ -->\n<title>SOXS damen beinw\u00e4rmer beige wolle warm sand | SOXS.co CH<\/title>\n<meta name=\"description\" content=\"Beige wolle beinwarmers. Du hast keine Lust auf Socken, m\u00f6chtest aber trotzdem warme Beine haben? Dann probiere unsere beliebten Beinw\u00e4rmer aus!\" \/>\n<meta name=\"robots\" content=\"noindex, follow, max-snippet:-1, max-image-preview:large, max-video-preview:-1\" \/>\n<meta property=\"og:locale\" content=\"de_DE\" \/>\n<meta property=\"og:type\" content=\"article\" \/>\n<meta property=\"og:title\" content=\"SOXS damen beinw\u00e4rmer beige wolle warm sand | SOXS.co CH\" \/>\n<meta property=\"og:description\" content=\"Beige wolle beinwarmers. Du hast keine Lust auf Socken, m\u00f6chtest aber trotzdem warme Beine haben? Dann probiere unsere beliebten Beinw\u00e4rmer aus!\" \/>\n<meta property=\"og:url\" content=\"https:\/\/soxs.co\/ch\/soxs-damen-beinwaermer-beige-wolle-warm-sand-label\/\" \/>\n<meta property=\"og:site_name\" content=\"SOXS.co CH\" \/>\n<meta property=\"article:publisher\" content=\"https:\/\/www.facebook.com\/soxs.co\/\" \/>\n<meta property=\"article:modified_time\" content=\"2025-09-13T13:58:36+00:00\" \/>\n<meta property=\"og:image\" content=\"https:\/\/soxs.co\/app\/uploads\/sites\/6\/2025\/08\/Soxs-3514-optie-1.jpg\" \/>\n\t<meta property=\"og:image:width\" content=\"1\" \/>\n\t<meta property=\"og:image:height\" content=\"1\" \/>\n\t<meta property=\"og:image:type\" content=\"image\/jpeg\" \/>\n<meta name=\"twitter:card\" content=\"summary_large_image\" \/>\n<meta name=\"twitter:site\" content=\"@soxs_co\" \/>\n<meta name=\"twitter:label1\" content=\"Gesch\u00e4tzte Lesezeit\" \/>\n\t<meta name=\"twitter:data1\" content=\"1\u00a0Minute\" \/>\n<script type=\"application\/ld+json\" class=\"yoast-schema-graph\">{\"@context\":\"https:\/\/schema.org\",\"@graph\":[{\"@type\":\"WebPage\",\"@id\":\"https:\/\/soxs.co\/ch\/soxs-damen-beinwaermer-beige-wolle-warm-sand-label\/\",\"url\":\"https:\/\/soxs.co\/ch\/soxs-damen-beinwaermer-beige-wolle-warm-sand-label\/\",\"name\":\"SOXS damen beinw\u00e4rmer beige wolle warm sand | SOXS.co CH\",\"isPartOf\":{\"@id\":\"https:\/\/soxs.co\/ch\/#website\"},\"primaryImageOfPage\":{\"@id\":\"https:\/\/soxs.co\/ch\/soxs-damen-beinwaermer-beige-wolle-warm-sand-label\/#primaryimage\"},\"image\":{\"@id\":\"https:\/\/soxs.co\/ch\/soxs-damen-beinwaermer-beige-wolle-warm-sand-label\/#primaryimage\"},\"thumbnailUrl\":\"https:\/\/soxs.co\/app\/uploads\/sites\/6\/2025\/08\/Soxs-3514-optie-1.jpg\",\"datePublished\":\"2022-08-27T16:07:26+00:00\",\"dateModified\":\"2025-09-13T13:58:36+00:00\",\"description\":\"Beige wolle beinwarmers. Du hast keine Lust auf Socken, m\u00f6chtest aber trotzdem warme Beine haben? Dann probiere unsere beliebten Beinw\u00e4rmer aus!\",\"breadcrumb\":{\"@id\":\"https:\/\/soxs.co\/ch\/soxs-damen-beinwaermer-beige-wolle-warm-sand-label\/#breadcrumb\"},\"inLanguage\":\"de-CH\",\"potentialAction\":[{\"@type\":\"ReadAction\",\"target\":[\"https:\/\/soxs.co\/ch\/soxs-damen-beinwaermer-beige-wolle-warm-sand-label\/\"]}]},{\"@type\":\"ImageObject\",\"inLanguage\":\"de-CH\",\"@id\":\"https:\/\/soxs.co\/ch\/soxs-damen-beinwaermer-beige-wolle-warm-sand-label\/#primaryimage\",\"url\":\"https:\/\/soxs.co\/app\/uploads\/sites\/6\/2025\/08\/Soxs-3514-optie-1.jpg\",\"contentUrl\":\"https:\/\/soxs.co\/app\/uploads\/sites\/6\/2025\/08\/Soxs-3514-optie-1.jpg\",\"caption\":\"SOXS beige wolle damen beinw\u00e4rmer warm sand label\"},{\"@type\":\"BreadcrumbList\",\"@id\":\"https:\/\/soxs.co\/ch\/soxs-damen-beinwaermer-beige-wolle-warm-sand-label\/#breadcrumb\",\"itemListElement\":[{\"@type\":\"ListItem\",\"position\":1,\"name\":\"Home\",\"item\":\"https:\/\/soxs.co\/ch\/\"},{\"@type\":\"ListItem\",\"position\":2,\"name\":\"Shop\",\"item\":\"https:\/\/soxs.co\/ch\/shop\/\"},{\"@type\":\"ListItem\",\"position\":3,\"name\":\"Originals Stulpen &#8211; Beige Wolle &#8211; Label Warm Sand &#8211; One Size\"}]},{\"@type\":\"WebSite\",\"@id\":\"https:\/\/soxs.co\/ch\/#website\",\"url\":\"https:\/\/soxs.co\/ch\/\",\"name\":\"SOXS.co CH\",\"description\":\"Trendige und wunderbar warme Socken f\u00fcr alle\",\"potentialAction\":[{\"@type\":\"SearchAction\",\"target\":{\"@type\":\"EntryPoint\",\"urlTemplate\":\"https:\/\/soxs.co\/ch\/?s={search_term_string}\"},\"query-input\":{\"@type\":\"PropertyValueSpecification\",\"valueRequired\":true,\"valueName\":\"search_term_string\"}}],\"inLanguage\":\"de-CH\"}]}<\/script>\n<!-- \/ Yoast SEO plugin. -->","yoast_head_json":{"title":"SOXS damen beinw\u00e4rmer beige wolle warm sand | SOXS.co CH","description":"Beige wolle beinwarmers. Du hast keine Lust auf Socken, m\u00f6chtest aber trotzdem warme Beine haben? Dann probiere unsere beliebten Beinw\u00e4rmer aus!","robots":{"index":"noindex","follow":"follow","max-snippet":"max-snippet:-1","max-image-preview":"max-image-preview:large","max-video-preview":"max-video-preview:-1"},"og_locale":"de_DE","og_type":"article","og_title":"SOXS damen beinw\u00e4rmer beige wolle warm sand | SOXS.co CH","og_description":"Beige wolle beinwarmers. Du hast keine Lust auf Socken, m\u00f6chtest aber trotzdem warme Beine haben? Dann probiere unsere beliebten Beinw\u00e4rmer aus!","og_url":"https:\/\/soxs.co\/ch\/soxs-damen-beinwaermer-beige-wolle-warm-sand-label\/","og_site_name":"SOXS.co CH","article_publisher":"https:\/\/www.facebook.com\/soxs.co\/","article_modified_time":"2025-09-13T13:58:36+00:00","og_image":[{"url":"https:\/\/soxs.co\/app\/uploads\/sites\/6\/2025\/08\/Soxs-3514-optie-1.jpg","width":1,"height":1,"type":"image\/jpeg"}],"twitter_card":"summary_large_image","twitter_site":"@soxs_co","twitter_misc":{"Gesch\u00e4tzte Lesezeit":"1\u00a0Minute"},"schema":{"@context":"https:\/\/schema.org","@graph":[{"@type":"WebPage","@id":"https:\/\/soxs.co\/ch\/soxs-damen-beinwaermer-beige-wolle-warm-sand-label\/","url":"https:\/\/soxs.co\/ch\/soxs-damen-beinwaermer-beige-wolle-warm-sand-label\/","name":"SOXS damen beinw\u00e4rmer beige wolle warm sand | SOXS.co CH","isPartOf":{"@id":"https:\/\/soxs.co\/ch\/#website"},"primaryImageOfPage":{"@id":"https:\/\/soxs.co\/ch\/soxs-damen-beinwaermer-beige-wolle-warm-sand-label\/#primaryimage"},"image":{"@id":"https:\/\/soxs.co\/ch\/soxs-damen-beinwaermer-beige-wolle-warm-sand-label\/#primaryimage"},"thumbnailUrl":"https:\/\/soxs.co\/app\/uploads\/sites\/6\/2025\/08\/Soxs-3514-optie-1.jpg","datePublished":"2022-08-27T16:07:26+00:00","dateModified":"2025-09-13T13:58:36+00:00","description":"Beige wolle beinwarmers. Du hast keine Lust auf Socken, m\u00f6chtest aber trotzdem warme Beine haben? Dann probiere unsere beliebten Beinw\u00e4rmer aus!","breadcrumb":{"@id":"https:\/\/soxs.co\/ch\/soxs-damen-beinwaermer-beige-wolle-warm-sand-label\/#breadcrumb"},"inLanguage":"de-CH","potentialAction":[{"@type":"ReadAction","target":["https:\/\/soxs.co\/ch\/soxs-damen-beinwaermer-beige-wolle-warm-sand-label\/"]}]},{"@type":"ImageObject","inLanguage":"de-CH","@id":"https:\/\/soxs.co\/ch\/soxs-damen-beinwaermer-beige-wolle-warm-sand-label\/#primaryimage","url":"https:\/\/soxs.co\/app\/uploads\/sites\/6\/2025\/08\/Soxs-3514-optie-1.jpg","contentUrl":"https:\/\/soxs.co\/app\/uploads\/sites\/6\/2025\/08\/Soxs-3514-optie-1.jpg","caption":"SOXS beige wolle damen beinw\u00e4rmer warm sand label"},{"@type":"BreadcrumbList","@id":"https:\/\/soxs.co\/ch\/soxs-damen-beinwaermer-beige-wolle-warm-sand-label\/#breadcrumb","itemListElement":[{"@type":"ListItem","position":1,"name":"Home","item":"https:\/\/soxs.co\/ch\/"},{"@type":"ListItem","position":2,"name":"Shop","item":"https:\/\/soxs.co\/ch\/shop\/"},{"@type":"ListItem","position":3,"name":"Originals Stulpen &#8211; Beige Wolle &#8211; Label Warm Sand &#8211; One Size"}]},{"@type":"WebSite","@id":"https:\/\/soxs.co\/ch\/#website","url":"https:\/\/soxs.co\/ch\/","name":"SOXS.co CH","description":"Trendige und wunderbar warme Socken f\u00fcr alle","potentialAction":[{"@type":"SearchAction","target":{"@type":"EntryPoint","urlTemplate":"https:\/\/soxs.co\/ch\/?s={search_term_string}"},"query-input":{"@type":"PropertyValueSpecification","valueRequired":true,"valueName":"search_term_string"}}],"inLanguage":"de-CH"}]}},"_links":{"self":[{"href":"https:\/\/soxs.co\/ch\/wp-json\/wp\/v2\/product\/121510","targetHints":{"allow":["GET"]}}],"collection":[{"href":"https:\/\/soxs.co\/ch\/wp-json\/wp\/v2\/product"}],"about":[{"href":"https:\/\/soxs.co\/ch\/wp-json\/wp\/v2\/types\/product"}],"replies":[{"embeddable":true,"href":"https:\/\/soxs.co\/ch\/wp-json\/wp\/v2\/comments?post=121510"}],"wp:featuredmedia":[{"embeddable":true,"href":"https:\/\/soxs.co\/ch\/wp-json\/wp\/v2\/media\/700131235"}],"wp:attachment":[{"href":"https:\/\/soxs.co\/ch\/wp-json\/wp\/v2\/media?parent=121510"}],"wp:term":[{"taxonomy":"product_brand","embeddable":true,"href":"https:\/\/soxs.co\/ch\/wp-json\/wp\/v2\/product_brand?post=121510"},{"taxonomy":"product_cat","embeddable":true,"href":"https:\/\/soxs.co\/ch\/wp-json\/wp\/v2\/product_cat?post=121510"},{"taxonomy":"product_tag","embeddable":true,"href":"https:\/\/soxs.co\/ch\/wp-json\/wp\/v2\/product_tag?post=121510"}],"curies":[{"name":"wp","href":"https:\/\/api.w.org\/{rel}","templated":true}]}}