{"id":120288,"date":"2021-09-01T11:23:40","date_gmt":"2021-09-01T09:23:40","guid":{"rendered":"https:\/\/soxs.co\/ch\/?post_type=product&#038;p=120288"},"modified":"2025-09-13T15:58:42","modified_gmt":"2025-09-13T13:58:42","slug":"soxs-graue-wollsocken-fuer-babys-little-blue-label-anti-rutsch","status":"publish","type":"product","link":"https:\/\/soxs.co\/ch\/soxs-graue-wollsocken-fuer-babys-little-blue-label-anti-rutsch\/","title":{"rendered":"Originals &#8211; Rutschfest &#8211; Graue Wolle &#8211; Label Little Blue &#8211; 19-28"},"content":{"rendered":"<p>Bist Du auf der Suche nach rutschfesten Babysocken f\u00fcr einen kleinen Jungen? <strong>SOXS <\/strong>grauen wollenen Babysocken mit dem <em>Little Blue Label<\/em> sind eine Wohltat f\u00fcr jeden Babyfu\u00df! Diese dicken Babysocken aus Wolle sind angenehm warm, super weich und bequem. Die antibakteriellen und atmungsaktiven Eigenschaften der Wolle bieten zudem Schutz und Komfort. Und ist die Zeit gekommen, die Welt zu entdecken? Mit einer Anti-Rutsch-Sohle gibst Du Deinem kleinen Baby-Boy zus\u00e4tzlichen Halt bei seinen ersten Schritten! Sei also kreativ und mache ein sch\u00f6nes Kunstwerk mit dem mitgelieferten Anti-Rutsch Schreiber.<br \/>\ngraue wollene babys\u00f6ckchen, graue wollene babys\u00f6ckchen<\/p>\n","protected":false},"excerpt":{"rendered":"<p>Die SOXS Originals Kids mit kleinem blauen Label (Gr\u00f6\u00dfen 19-28) sorgen daf\u00fcr, dass Kinder immer warme F\u00fc\u00dfe haben. Sie bestehen aus weicher Merinowolle, sind wunderbar bequem und temperaturregulierend. So bleiben die F\u00fc\u00dfe Ihres Kindes im Winter warm und im Sommer k\u00fchl. Dank des Zusatzes von Polyamid behalten die Socken ihre Form, sind strapazierf\u00e4hig und kratzen nicht.<\/p>\n","protected":false},"featured_media":700131215,"comment_status":"closed","ping_status":"closed","template":"","meta":{"_acf_changed":false,"_improvement_type_select":"improve_an_existing","_thumb_yes_seoaic":false,"_frame_yes_seoaic":false,"seoaic_generate_description":"","seoaic_improve_instructions_prompt":"","seoaic_rollback_content_improvement":"","seoaic_idea_thumbnail_generator":"","thumbnail_generated":false,"thumbnail_generate_prompt":"","seoaic_article_description":""},"product_brand":[1507],"product_cat":[1384,932,57,56],"product_tag":[1508,1509,1510],"class_list":{"0":"post-120288","1":"product","2":"type-product","3":"status-publish","4":"has-post-thumbnail","6":"product_brand-soxs-co","7":"product_cat-stoppersocken-und-anti-rutsch-socken","8":"product_cat-antislip-sokken","9":"product_cat-wollsocken-baby","10":"product_cat-socken-von-soxs","11":"product_tag-merinowollsocken","12":"product_tag-warme-socken","13":"product_tag-warme-wollsocken","15":"first","16":"instock","17":"taxable","18":"shipping-taxable","19":"purchasable","20":"product-type-simple"},"acf":[],"yoast_head":"<!-- This site is optimized with the Yoast SEO plugin v27.2 - https:\/\/yoast.com\/product\/yoast-seo-wordpress\/ -->\n<title>Graue wollene Babys\u00f6ckchen mit Anti-Slip-Schreiber | SOXS.co CH<\/title>\n<meta name=\"description\" content=\"Dicke Wollsocken mit Anti-Rutsch-Schreiber: Mit diesen weichen grauen Babysocken aus Wolle wird Ihr kleiner Junge immer wunderbar warme F\u00fc\u00dfe haben!\" \/>\n<meta name=\"robots\" content=\"noindex, follow, max-snippet:-1, max-image-preview:large, max-video-preview:-1\" \/>\n<meta property=\"og:locale\" content=\"de_DE\" \/>\n<meta property=\"og:type\" content=\"article\" \/>\n<meta property=\"og:title\" content=\"Graue wollene Babys\u00f6ckchen mit Anti-Slip-Schreiber | SOXS.co CH\" \/>\n<meta property=\"og:description\" content=\"Dicke Wollsocken mit Anti-Rutsch-Schreiber: Mit diesen weichen grauen Babysocken aus Wolle wird Ihr kleiner Junge immer wunderbar warme F\u00fc\u00dfe haben!\" \/>\n<meta property=\"og:url\" content=\"https:\/\/soxs.co\/ch\/soxs-graue-wollsocken-fuer-babys-little-blue-label-anti-rutsch\/\" \/>\n<meta property=\"og:site_name\" content=\"SOXS.co CH\" \/>\n<meta property=\"article:publisher\" content=\"https:\/\/www.facebook.com\/soxs.co\/\" \/>\n<meta property=\"article:modified_time\" content=\"2025-09-13T13:58:42+00:00\" \/>\n<meta property=\"og:image\" content=\"https:\/\/soxs.co\/app\/uploads\/sites\/6\/2025\/08\/SOX3646_1000x1000px.png\" \/>\n\t<meta property=\"og:image:width\" content=\"1\" \/>\n\t<meta property=\"og:image:height\" content=\"1\" \/>\n\t<meta property=\"og:image:type\" content=\"image\/png\" \/>\n<meta name=\"twitter:card\" content=\"summary_large_image\" \/>\n<meta name=\"twitter:site\" content=\"@soxs_co\" \/>\n<meta name=\"twitter:label1\" content=\"Gesch\u00e4tzte Lesezeit\" \/>\n\t<meta name=\"twitter:data1\" content=\"1\u00a0Minute\" \/>\n<script type=\"application\/ld+json\" class=\"yoast-schema-graph\">{\"@context\":\"https:\/\/schema.org\",\"@graph\":[{\"@type\":\"WebPage\",\"@id\":\"https:\/\/soxs.co\/ch\/soxs-graue-wollsocken-fuer-babys-little-blue-label-anti-rutsch\/\",\"url\":\"https:\/\/soxs.co\/ch\/soxs-graue-wollsocken-fuer-babys-little-blue-label-anti-rutsch\/\",\"name\":\"Graue wollene Babys\u00f6ckchen mit Anti-Slip-Schreiber | SOXS.co CH\",\"isPartOf\":{\"@id\":\"https:\/\/soxs.co\/ch\/#website\"},\"primaryImageOfPage\":{\"@id\":\"https:\/\/soxs.co\/ch\/soxs-graue-wollsocken-fuer-babys-little-blue-label-anti-rutsch\/#primaryimage\"},\"image\":{\"@id\":\"https:\/\/soxs.co\/ch\/soxs-graue-wollsocken-fuer-babys-little-blue-label-anti-rutsch\/#primaryimage\"},\"thumbnailUrl\":\"https:\/\/soxs.co\/app\/uploads\/sites\/6\/2025\/08\/SOX3646_1000x1000px.png\",\"datePublished\":\"2021-09-01T09:23:40+00:00\",\"dateModified\":\"2025-09-13T13:58:42+00:00\",\"description\":\"Dicke Wollsocken mit Anti-Rutsch-Schreiber: Mit diesen weichen grauen Babysocken aus Wolle wird Ihr kleiner Junge immer wunderbar warme F\u00fc\u00dfe haben!\",\"breadcrumb\":{\"@id\":\"https:\/\/soxs.co\/ch\/soxs-graue-wollsocken-fuer-babys-little-blue-label-anti-rutsch\/#breadcrumb\"},\"inLanguage\":\"de-CH\",\"potentialAction\":[{\"@type\":\"ReadAction\",\"target\":[\"https:\/\/soxs.co\/ch\/soxs-graue-wollsocken-fuer-babys-little-blue-label-anti-rutsch\/\"]}]},{\"@type\":\"ImageObject\",\"inLanguage\":\"de-CH\",\"@id\":\"https:\/\/soxs.co\/ch\/soxs-graue-wollsocken-fuer-babys-little-blue-label-anti-rutsch\/#primaryimage\",\"url\":\"https:\/\/soxs.co\/app\/uploads\/sites\/6\/2025\/08\/SOX3646_1000x1000px.png\",\"contentUrl\":\"https:\/\/soxs.co\/app\/uploads\/sites\/6\/2025\/08\/SOX3646_1000x1000px.png\",\"caption\":\"SOX3646_1000x1000px\"},{\"@type\":\"BreadcrumbList\",\"@id\":\"https:\/\/soxs.co\/ch\/soxs-graue-wollsocken-fuer-babys-little-blue-label-anti-rutsch\/#breadcrumb\",\"itemListElement\":[{\"@type\":\"ListItem\",\"position\":1,\"name\":\"Home\",\"item\":\"https:\/\/soxs.co\/ch\/\"},{\"@type\":\"ListItem\",\"position\":2,\"name\":\"Shop\",\"item\":\"https:\/\/soxs.co\/ch\/shop\/\"},{\"@type\":\"ListItem\",\"position\":3,\"name\":\"Originals &#8211; Rutschfest &#8211; Graue Wolle &#8211; Label Little Blue &#8211; 19-28\"}]},{\"@type\":\"WebSite\",\"@id\":\"https:\/\/soxs.co\/ch\/#website\",\"url\":\"https:\/\/soxs.co\/ch\/\",\"name\":\"SOXS.co CH\",\"description\":\"Trendige und wunderbar warme Socken f\u00fcr alle\",\"potentialAction\":[{\"@type\":\"SearchAction\",\"target\":{\"@type\":\"EntryPoint\",\"urlTemplate\":\"https:\/\/soxs.co\/ch\/?s={search_term_string}\"},\"query-input\":{\"@type\":\"PropertyValueSpecification\",\"valueRequired\":true,\"valueName\":\"search_term_string\"}}],\"inLanguage\":\"de-CH\"}]}<\/script>\n<!-- \/ Yoast SEO plugin. -->","yoast_head_json":{"title":"Graue wollene Babys\u00f6ckchen mit Anti-Slip-Schreiber | SOXS.co CH","description":"Dicke Wollsocken mit Anti-Rutsch-Schreiber: Mit diesen weichen grauen Babysocken aus Wolle wird Ihr kleiner Junge immer wunderbar warme F\u00fc\u00dfe haben!","robots":{"index":"noindex","follow":"follow","max-snippet":"max-snippet:-1","max-image-preview":"max-image-preview:large","max-video-preview":"max-video-preview:-1"},"og_locale":"de_DE","og_type":"article","og_title":"Graue wollene Babys\u00f6ckchen mit Anti-Slip-Schreiber | SOXS.co CH","og_description":"Dicke Wollsocken mit Anti-Rutsch-Schreiber: Mit diesen weichen grauen Babysocken aus Wolle wird Ihr kleiner Junge immer wunderbar warme F\u00fc\u00dfe haben!","og_url":"https:\/\/soxs.co\/ch\/soxs-graue-wollsocken-fuer-babys-little-blue-label-anti-rutsch\/","og_site_name":"SOXS.co CH","article_publisher":"https:\/\/www.facebook.com\/soxs.co\/","article_modified_time":"2025-09-13T13:58:42+00:00","og_image":[{"url":"https:\/\/soxs.co\/app\/uploads\/sites\/6\/2025\/08\/SOX3646_1000x1000px.png","width":1,"height":1,"type":"image\/png"}],"twitter_card":"summary_large_image","twitter_site":"@soxs_co","twitter_misc":{"Gesch\u00e4tzte Lesezeit":"1\u00a0Minute"},"schema":{"@context":"https:\/\/schema.org","@graph":[{"@type":"WebPage","@id":"https:\/\/soxs.co\/ch\/soxs-graue-wollsocken-fuer-babys-little-blue-label-anti-rutsch\/","url":"https:\/\/soxs.co\/ch\/soxs-graue-wollsocken-fuer-babys-little-blue-label-anti-rutsch\/","name":"Graue wollene Babys\u00f6ckchen mit Anti-Slip-Schreiber | SOXS.co CH","isPartOf":{"@id":"https:\/\/soxs.co\/ch\/#website"},"primaryImageOfPage":{"@id":"https:\/\/soxs.co\/ch\/soxs-graue-wollsocken-fuer-babys-little-blue-label-anti-rutsch\/#primaryimage"},"image":{"@id":"https:\/\/soxs.co\/ch\/soxs-graue-wollsocken-fuer-babys-little-blue-label-anti-rutsch\/#primaryimage"},"thumbnailUrl":"https:\/\/soxs.co\/app\/uploads\/sites\/6\/2025\/08\/SOX3646_1000x1000px.png","datePublished":"2021-09-01T09:23:40+00:00","dateModified":"2025-09-13T13:58:42+00:00","description":"Dicke Wollsocken mit Anti-Rutsch-Schreiber: Mit diesen weichen grauen Babysocken aus Wolle wird Ihr kleiner Junge immer wunderbar warme F\u00fc\u00dfe haben!","breadcrumb":{"@id":"https:\/\/soxs.co\/ch\/soxs-graue-wollsocken-fuer-babys-little-blue-label-anti-rutsch\/#breadcrumb"},"inLanguage":"de-CH","potentialAction":[{"@type":"ReadAction","target":["https:\/\/soxs.co\/ch\/soxs-graue-wollsocken-fuer-babys-little-blue-label-anti-rutsch\/"]}]},{"@type":"ImageObject","inLanguage":"de-CH","@id":"https:\/\/soxs.co\/ch\/soxs-graue-wollsocken-fuer-babys-little-blue-label-anti-rutsch\/#primaryimage","url":"https:\/\/soxs.co\/app\/uploads\/sites\/6\/2025\/08\/SOX3646_1000x1000px.png","contentUrl":"https:\/\/soxs.co\/app\/uploads\/sites\/6\/2025\/08\/SOX3646_1000x1000px.png","caption":"SOX3646_1000x1000px"},{"@type":"BreadcrumbList","@id":"https:\/\/soxs.co\/ch\/soxs-graue-wollsocken-fuer-babys-little-blue-label-anti-rutsch\/#breadcrumb","itemListElement":[{"@type":"ListItem","position":1,"name":"Home","item":"https:\/\/soxs.co\/ch\/"},{"@type":"ListItem","position":2,"name":"Shop","item":"https:\/\/soxs.co\/ch\/shop\/"},{"@type":"ListItem","position":3,"name":"Originals &#8211; Rutschfest &#8211; Graue Wolle &#8211; Label Little Blue &#8211; 19-28"}]},{"@type":"WebSite","@id":"https:\/\/soxs.co\/ch\/#website","url":"https:\/\/soxs.co\/ch\/","name":"SOXS.co CH","description":"Trendige und wunderbar warme Socken f\u00fcr alle","potentialAction":[{"@type":"SearchAction","target":{"@type":"EntryPoint","urlTemplate":"https:\/\/soxs.co\/ch\/?s={search_term_string}"},"query-input":{"@type":"PropertyValueSpecification","valueRequired":true,"valueName":"search_term_string"}}],"inLanguage":"de-CH"}]}},"_links":{"self":[{"href":"https:\/\/soxs.co\/ch\/wp-json\/wp\/v2\/product\/120288","targetHints":{"allow":["GET"]}}],"collection":[{"href":"https:\/\/soxs.co\/ch\/wp-json\/wp\/v2\/product"}],"about":[{"href":"https:\/\/soxs.co\/ch\/wp-json\/wp\/v2\/types\/product"}],"replies":[{"embeddable":true,"href":"https:\/\/soxs.co\/ch\/wp-json\/wp\/v2\/comments?post=120288"}],"wp:featuredmedia":[{"embeddable":true,"href":"https:\/\/soxs.co\/ch\/wp-json\/wp\/v2\/media\/700131215"}],"wp:attachment":[{"href":"https:\/\/soxs.co\/ch\/wp-json\/wp\/v2\/media?parent=120288"}],"wp:term":[{"taxonomy":"product_brand","embeddable":true,"href":"https:\/\/soxs.co\/ch\/wp-json\/wp\/v2\/product_brand?post=120288"},{"taxonomy":"product_cat","embeddable":true,"href":"https:\/\/soxs.co\/ch\/wp-json\/wp\/v2\/product_cat?post=120288"},{"taxonomy":"product_tag","embeddable":true,"href":"https:\/\/soxs.co\/ch\/wp-json\/wp\/v2\/product_tag?post=120288"}],"curies":[{"name":"wp","href":"https:\/\/api.w.org\/{rel}","templated":true}]}}