{"id":119943,"date":"2021-05-20T10:34:10","date_gmt":"2021-05-20T08:34:10","guid":{"rendered":"https:\/\/soxs.co\/ch\/?post_type=product&#038;p=119943"},"modified":"2025-09-13T15:58:44","modified_gmt":"2025-09-13T13:58:44","slug":"soxs-beige-woll-babysocken-anti-rutsch-sweet-hazel-label","status":"publish","type":"product","link":"https:\/\/soxs.co\/ch\/soxs-beige-woll-babysocken-anti-rutsch-sweet-hazel-label\/","title":{"rendered":"Originals &#8211; Rutschfest &#8211; Beige Wolle &#8211; Label Sweet Hazel &#8211; 19-28"},"content":{"rendered":"<p>Das ist alles, was Du von einer perfekten Wollsocke f\u00fcr Babys erwartest: warm und k\u00fchlend, elastisch, rutschfest und kratzfrei! Diese beigefarbenen Woll-Babysocken mit Anti-Rutsch-Effekt w\u00e4rmen an kalten Tagen und k\u00fchlen an Sommertagen. Die Babysocken haben diese thermischen Eigenschaften dank der nat\u00fcrlichen Wirkung der besten Schafwolle. Au\u00dferdem bleiben die Socken an Ort und Stelle und &#8216;wachsen&#8217; sogar mit den F\u00fc\u00dfen mit, dank der einzigartigen Elastizit\u00e4t von <strong>SOXS<\/strong>. Daher sind diese warmen Babysocken f\u00fcr ein Alter von 9 bis 24 Monaten geeignet. Super praktisch! Und wusstest Du schon, dass unsere Babysocken aus Schafwolle nicht kratzen? Darauf geben wir sogar eine 100%ige Antikratz-Garantie! Toll, denn dann kann das kleine M\u00e4dchen oder der kleine Junge wunderbar schlafen, ohne dass die F\u00fc\u00dfe gereizt werden. Im Herbst und Winter sinken die Temperaturen schnell und unsere wollenen Babysocken sch\u00fctzen die kleinsten F\u00fc\u00dfe vor der K\u00e4lte. Und ist die junge Dame oder der junge Herr dabei, seine ersten Schritte zu machen? Mit dem Anti-Rutsch Fl\u00fcssiglatex kannst Du ganz einfach eine Anti-Rutsch-Sohle auf die <strong>SOXS <\/strong>auftragen und so f\u00fcr optimalen Grip sorgen.<br \/>\nwoll babys\u00f6ckchen beige anti-rutsch, woll babys\u00f6ckchen beige anti-rutsch<\/p>\n","protected":false},"excerpt":{"rendered":"<p>Die SOXS Originals Kids mit Sweet Hazel-Label (Gr\u00f6\u00dfen 19-28) sorgen daf\u00fcr, dass Kinder immer warme F\u00fc\u00dfe haben. Die weiche Merinowolle h\u00e4lt die F\u00fc\u00dfe im Winter warm und im Sommer k\u00fchl. Der Zusatz von Polyamid macht die Socken formbest\u00e4ndig und kratzfrei.<\/p>\n","protected":false},"featured_media":700131214,"comment_status":"closed","ping_status":"closed","template":"","meta":{"_acf_changed":false,"_improvement_type_select":"improve_an_existing","_thumb_yes_seoaic":false,"_frame_yes_seoaic":false,"seoaic_generate_description":"","seoaic_improve_instructions_prompt":"","seoaic_rollback_content_improvement":"","seoaic_idea_thumbnail_generator":"","thumbnail_generated":false,"thumbnail_generate_prompt":"","seoaic_article_description":""},"product_brand":[1507],"product_cat":[1384,932,57,56],"product_tag":[1508,1509,1510],"class_list":{"0":"post-119943","1":"product","2":"type-product","3":"status-publish","4":"has-post-thumbnail","6":"product_brand-soxs-co","7":"product_cat-stoppersocken-und-anti-rutsch-socken","8":"product_cat-antislip-sokken","9":"product_cat-wollsocken-baby","10":"product_cat-socken-von-soxs","11":"product_tag-merinowollsocken","12":"product_tag-warme-socken","13":"product_tag-warme-wollsocken","15":"first","16":"instock","17":"taxable","18":"shipping-taxable","19":"purchasable","20":"product-type-simple"},"acf":[],"yoast_head":"<!-- This site is optimized with the Yoast SEO plugin v27.2 - https:\/\/yoast.com\/product\/yoast-seo-wordpress\/ -->\n<title>SOXS Beige wolle Babysocken mit Sweet Hazel label | SOXS.co CH<\/title>\n<meta name=\"description\" content=\"Suchst Du nach warmen Babysocken f\u00fcr Winter? Mit diesen beigefarbenen, rutschfesten Babysocken aus Schafwolle bleiben die kleinsten Wohlf\u00fchl-F\u00fc\u00dfe warm.\" \/>\n<meta name=\"robots\" content=\"noindex, follow, max-snippet:-1, max-image-preview:large, max-video-preview:-1\" \/>\n<meta property=\"og:locale\" content=\"de_DE\" \/>\n<meta property=\"og:type\" content=\"article\" \/>\n<meta property=\"og:title\" content=\"SOXS Beige wolle Babysocken mit Sweet Hazel label | SOXS.co CH\" \/>\n<meta property=\"og:description\" content=\"Suchst Du nach warmen Babysocken f\u00fcr Winter? Mit diesen beigefarbenen, rutschfesten Babysocken aus Schafwolle bleiben die kleinsten Wohlf\u00fchl-F\u00fc\u00dfe warm.\" \/>\n<meta property=\"og:url\" content=\"https:\/\/soxs.co\/ch\/soxs-beige-woll-babysocken-anti-rutsch-sweet-hazel-label\/\" \/>\n<meta property=\"og:site_name\" content=\"SOXS.co CH\" \/>\n<meta property=\"article:publisher\" content=\"https:\/\/www.facebook.com\/soxs.co\/\" \/>\n<meta property=\"article:modified_time\" content=\"2025-09-13T13:58:44+00:00\" \/>\n<meta property=\"og:image\" content=\"https:\/\/soxs.co\/app\/uploads\/sites\/6\/2025\/08\/SOX3648_1000x1000px.png\" \/>\n\t<meta property=\"og:image:width\" content=\"1\" \/>\n\t<meta property=\"og:image:height\" content=\"1\" \/>\n\t<meta property=\"og:image:type\" content=\"image\/png\" \/>\n<meta name=\"twitter:card\" content=\"summary_large_image\" \/>\n<meta name=\"twitter:site\" content=\"@soxs_co\" \/>\n<meta name=\"twitter:label1\" content=\"Gesch\u00e4tzte Lesezeit\" \/>\n\t<meta name=\"twitter:data1\" content=\"2\u00a0Minuten\" \/>\n<script type=\"application\/ld+json\" class=\"yoast-schema-graph\">{\"@context\":\"https:\/\/schema.org\",\"@graph\":[{\"@type\":\"WebPage\",\"@id\":\"https:\/\/soxs.co\/ch\/soxs-beige-woll-babysocken-anti-rutsch-sweet-hazel-label\/\",\"url\":\"https:\/\/soxs.co\/ch\/soxs-beige-woll-babysocken-anti-rutsch-sweet-hazel-label\/\",\"name\":\"SOXS Beige wolle Babysocken mit Sweet Hazel label | SOXS.co CH\",\"isPartOf\":{\"@id\":\"https:\/\/soxs.co\/ch\/#website\"},\"primaryImageOfPage\":{\"@id\":\"https:\/\/soxs.co\/ch\/soxs-beige-woll-babysocken-anti-rutsch-sweet-hazel-label\/#primaryimage\"},\"image\":{\"@id\":\"https:\/\/soxs.co\/ch\/soxs-beige-woll-babysocken-anti-rutsch-sweet-hazel-label\/#primaryimage\"},\"thumbnailUrl\":\"https:\/\/soxs.co\/app\/uploads\/sites\/6\/2025\/08\/SOX3648_1000x1000px.png\",\"datePublished\":\"2021-05-20T08:34:10+00:00\",\"dateModified\":\"2025-09-13T13:58:44+00:00\",\"description\":\"Suchst Du nach warmen Babysocken f\u00fcr Winter? Mit diesen beigefarbenen, rutschfesten Babysocken aus Schafwolle bleiben die kleinsten Wohlf\u00fchl-F\u00fc\u00dfe warm.\",\"breadcrumb\":{\"@id\":\"https:\/\/soxs.co\/ch\/soxs-beige-woll-babysocken-anti-rutsch-sweet-hazel-label\/#breadcrumb\"},\"inLanguage\":\"de-CH\",\"potentialAction\":[{\"@type\":\"ReadAction\",\"target\":[\"https:\/\/soxs.co\/ch\/soxs-beige-woll-babysocken-anti-rutsch-sweet-hazel-label\/\"]}]},{\"@type\":\"ImageObject\",\"inLanguage\":\"de-CH\",\"@id\":\"https:\/\/soxs.co\/ch\/soxs-beige-woll-babysocken-anti-rutsch-sweet-hazel-label\/#primaryimage\",\"url\":\"https:\/\/soxs.co\/app\/uploads\/sites\/6\/2025\/08\/SOX3648_1000x1000px.png\",\"contentUrl\":\"https:\/\/soxs.co\/app\/uploads\/sites\/6\/2025\/08\/SOX3648_1000x1000px.png\",\"caption\":\"| https:\/\/soxs.co\/app\/uploads\/sites\/2\/2021\/09\/SOX3416_Sweet-Hazel_Belevingsfoto_1.png\"},{\"@type\":\"BreadcrumbList\",\"@id\":\"https:\/\/soxs.co\/ch\/soxs-beige-woll-babysocken-anti-rutsch-sweet-hazel-label\/#breadcrumb\",\"itemListElement\":[{\"@type\":\"ListItem\",\"position\":1,\"name\":\"Home\",\"item\":\"https:\/\/soxs.co\/ch\/\"},{\"@type\":\"ListItem\",\"position\":2,\"name\":\"Shop\",\"item\":\"https:\/\/soxs.co\/ch\/shop\/\"},{\"@type\":\"ListItem\",\"position\":3,\"name\":\"Originals &#8211; Rutschfest &#8211; Beige Wolle &#8211; Label Sweet Hazel &#8211; 19-28\"}]},{\"@type\":\"WebSite\",\"@id\":\"https:\/\/soxs.co\/ch\/#website\",\"url\":\"https:\/\/soxs.co\/ch\/\",\"name\":\"SOXS.co CH\",\"description\":\"Trendige und wunderbar warme Socken f\u00fcr alle\",\"potentialAction\":[{\"@type\":\"SearchAction\",\"target\":{\"@type\":\"EntryPoint\",\"urlTemplate\":\"https:\/\/soxs.co\/ch\/?s={search_term_string}\"},\"query-input\":{\"@type\":\"PropertyValueSpecification\",\"valueRequired\":true,\"valueName\":\"search_term_string\"}}],\"inLanguage\":\"de-CH\"}]}<\/script>\n<!-- \/ Yoast SEO plugin. -->","yoast_head_json":{"title":"SOXS Beige wolle Babysocken mit Sweet Hazel label | SOXS.co CH","description":"Suchst Du nach warmen Babysocken f\u00fcr Winter? Mit diesen beigefarbenen, rutschfesten Babysocken aus Schafwolle bleiben die kleinsten Wohlf\u00fchl-F\u00fc\u00dfe warm.","robots":{"index":"noindex","follow":"follow","max-snippet":"max-snippet:-1","max-image-preview":"max-image-preview:large","max-video-preview":"max-video-preview:-1"},"og_locale":"de_DE","og_type":"article","og_title":"SOXS Beige wolle Babysocken mit Sweet Hazel label | SOXS.co CH","og_description":"Suchst Du nach warmen Babysocken f\u00fcr Winter? Mit diesen beigefarbenen, rutschfesten Babysocken aus Schafwolle bleiben die kleinsten Wohlf\u00fchl-F\u00fc\u00dfe warm.","og_url":"https:\/\/soxs.co\/ch\/soxs-beige-woll-babysocken-anti-rutsch-sweet-hazel-label\/","og_site_name":"SOXS.co CH","article_publisher":"https:\/\/www.facebook.com\/soxs.co\/","article_modified_time":"2025-09-13T13:58:44+00:00","og_image":[{"url":"https:\/\/soxs.co\/app\/uploads\/sites\/6\/2025\/08\/SOX3648_1000x1000px.png","width":1,"height":1,"type":"image\/png"}],"twitter_card":"summary_large_image","twitter_site":"@soxs_co","twitter_misc":{"Gesch\u00e4tzte Lesezeit":"2\u00a0Minuten"},"schema":{"@context":"https:\/\/schema.org","@graph":[{"@type":"WebPage","@id":"https:\/\/soxs.co\/ch\/soxs-beige-woll-babysocken-anti-rutsch-sweet-hazel-label\/","url":"https:\/\/soxs.co\/ch\/soxs-beige-woll-babysocken-anti-rutsch-sweet-hazel-label\/","name":"SOXS Beige wolle Babysocken mit Sweet Hazel label | SOXS.co CH","isPartOf":{"@id":"https:\/\/soxs.co\/ch\/#website"},"primaryImageOfPage":{"@id":"https:\/\/soxs.co\/ch\/soxs-beige-woll-babysocken-anti-rutsch-sweet-hazel-label\/#primaryimage"},"image":{"@id":"https:\/\/soxs.co\/ch\/soxs-beige-woll-babysocken-anti-rutsch-sweet-hazel-label\/#primaryimage"},"thumbnailUrl":"https:\/\/soxs.co\/app\/uploads\/sites\/6\/2025\/08\/SOX3648_1000x1000px.png","datePublished":"2021-05-20T08:34:10+00:00","dateModified":"2025-09-13T13:58:44+00:00","description":"Suchst Du nach warmen Babysocken f\u00fcr Winter? Mit diesen beigefarbenen, rutschfesten Babysocken aus Schafwolle bleiben die kleinsten Wohlf\u00fchl-F\u00fc\u00dfe warm.","breadcrumb":{"@id":"https:\/\/soxs.co\/ch\/soxs-beige-woll-babysocken-anti-rutsch-sweet-hazel-label\/#breadcrumb"},"inLanguage":"de-CH","potentialAction":[{"@type":"ReadAction","target":["https:\/\/soxs.co\/ch\/soxs-beige-woll-babysocken-anti-rutsch-sweet-hazel-label\/"]}]},{"@type":"ImageObject","inLanguage":"de-CH","@id":"https:\/\/soxs.co\/ch\/soxs-beige-woll-babysocken-anti-rutsch-sweet-hazel-label\/#primaryimage","url":"https:\/\/soxs.co\/app\/uploads\/sites\/6\/2025\/08\/SOX3648_1000x1000px.png","contentUrl":"https:\/\/soxs.co\/app\/uploads\/sites\/6\/2025\/08\/SOX3648_1000x1000px.png","caption":"| https:\/\/soxs.co\/app\/uploads\/sites\/2\/2021\/09\/SOX3416_Sweet-Hazel_Belevingsfoto_1.png"},{"@type":"BreadcrumbList","@id":"https:\/\/soxs.co\/ch\/soxs-beige-woll-babysocken-anti-rutsch-sweet-hazel-label\/#breadcrumb","itemListElement":[{"@type":"ListItem","position":1,"name":"Home","item":"https:\/\/soxs.co\/ch\/"},{"@type":"ListItem","position":2,"name":"Shop","item":"https:\/\/soxs.co\/ch\/shop\/"},{"@type":"ListItem","position":3,"name":"Originals &#8211; Rutschfest &#8211; Beige Wolle &#8211; Label Sweet Hazel &#8211; 19-28"}]},{"@type":"WebSite","@id":"https:\/\/soxs.co\/ch\/#website","url":"https:\/\/soxs.co\/ch\/","name":"SOXS.co CH","description":"Trendige und wunderbar warme Socken f\u00fcr alle","potentialAction":[{"@type":"SearchAction","target":{"@type":"EntryPoint","urlTemplate":"https:\/\/soxs.co\/ch\/?s={search_term_string}"},"query-input":{"@type":"PropertyValueSpecification","valueRequired":true,"valueName":"search_term_string"}}],"inLanguage":"de-CH"}]}},"_links":{"self":[{"href":"https:\/\/soxs.co\/ch\/wp-json\/wp\/v2\/product\/119943","targetHints":{"allow":["GET"]}}],"collection":[{"href":"https:\/\/soxs.co\/ch\/wp-json\/wp\/v2\/product"}],"about":[{"href":"https:\/\/soxs.co\/ch\/wp-json\/wp\/v2\/types\/product"}],"replies":[{"embeddable":true,"href":"https:\/\/soxs.co\/ch\/wp-json\/wp\/v2\/comments?post=119943"}],"wp:featuredmedia":[{"embeddable":true,"href":"https:\/\/soxs.co\/ch\/wp-json\/wp\/v2\/media\/700131214"}],"wp:attachment":[{"href":"https:\/\/soxs.co\/ch\/wp-json\/wp\/v2\/media?parent=119943"}],"wp:term":[{"taxonomy":"product_brand","embeddable":true,"href":"https:\/\/soxs.co\/ch\/wp-json\/wp\/v2\/product_brand?post=119943"},{"taxonomy":"product_cat","embeddable":true,"href":"https:\/\/soxs.co\/ch\/wp-json\/wp\/v2\/product_cat?post=119943"},{"taxonomy":"product_tag","embeddable":true,"href":"https:\/\/soxs.co\/ch\/wp-json\/wp\/v2\/product_tag?post=119943"}],"curies":[{"name":"wp","href":"https:\/\/api.w.org\/{rel}","templated":true}]}}