{"id":1024,"date":"2020-08-07T12:19:14","date_gmt":"2020-08-07T10:19:14","guid":{"rendered":"https:\/\/soxs.co\/vrouwen-jet-black-label-medium-2\/"},"modified":"2025-09-13T15:58:33","modified_gmt":"2025-09-13T13:58:33","slug":"soxs-graue-woll-damensocken-jet-black-label-wade","status":"publish","type":"product","link":"https:\/\/soxs.co\/ch\/soxs-graue-woll-damensocken-jet-black-label-wade\/","title":{"rendered":"Originals &#8211; Graue Wolle &#8211; Label Black"},"content":{"rendered":"<p>Zeitlos und selbstbewusst: Das sind diese grauen wollenen Kn\u00f6chelsocken f\u00fcr Damen mit dem Jet Black Label. Ein echtes Must-have f\u00fcr jede Socken-Schublade. Der stylishe Look erm\u00f6glicht es, diese Kn\u00f6chelsocken mit verschiedenen Sneakers zu kombinieren. Die grob gestrickten Wollsocken verleihen Deinem Look einen charakteristischen Twist! Au\u00dferdem bietet die angenehme Dicke der Socken Deinen F\u00fc\u00dfen einen wunderbaren Komfort und herrliche W\u00e4rme. SOXS sind nicht nur daf\u00fcr da, um allen drau\u00dfen die Show zu stehlen, sondern sind auch zu Hause ein Genuss. Denn ob drinnen oder im Freien, kalte F\u00fc\u00dfe machen niemanden zufrieden. Diese dicken und warmen wollenen Kn\u00f6chelsocken sind in 3 verschiedenen Damen-Einheitsgr\u00f6\u00dfen erh\u00e4ltlich.<br \/>\ngraue wollene damensocken. graue wollene damensocken<\/p>\n","protected":false},"excerpt":{"rendered":"<p>Mit SOXS Originals Icons mit tiefschwarzem Label geh\u00f6ren kalte F\u00fc\u00dfe der Vergangenheit an. Diese Socken bestehen aus Merinowolle und Polyamid: warm, atmungsaktiv und superweich. Der Bund dr\u00fcckt nicht, sodass sie auch f\u00fcr empfindliche F\u00fc\u00dfe angenehm zu tragen sind. Erh\u00e4ltlich in den klassischen Farben Tiefschwarz und Grauwolle: zeitlose Basics, die zu jedem Outfit passen. Perfekt f\u00fcr zu Hause, unterwegs oder als warme Socken in Schuhen.<\/p>\n","protected":false},"featured_media":700129562,"comment_status":"closed","ping_status":"closed","template":"","meta":{"_acf_changed":false,"_improvement_type_select":"improve_an_existing","_thumb_yes_seoaic":false,"_frame_yes_seoaic":false,"seoaic_generate_description":"","seoaic_improve_instructions_prompt":"","seoaic_rollback_content_improvement":"","seoaic_idea_thumbnail_generator":"","thumbnail_generated":false,"thumbnail_generate_prompt":"","seoaic_article_description":""},"product_brand":[1507],"product_cat":[58,60,56],"product_tag":[1508,1509,1510],"class_list":{"0":"post-1024","1":"product","2":"type-product","3":"status-publish","4":"has-post-thumbnail","6":"product_brand-soxs-co","7":"product_cat-wollsocken-damen","8":"product_cat-wollsocken-herren","9":"product_cat-socken-von-soxs","10":"product_tag-merinowollsocken","11":"product_tag-warme-socken","12":"product_tag-warme-wollsocken","14":"first","15":"instock","16":"taxable","17":"shipping-taxable","18":"purchasable","19":"product-type-variable","20":"has-default-attributes"},"acf":[],"yoast_head":"<!-- This site is optimized with the Yoast SEO plugin v27.2 - https:\/\/yoast.com\/product\/yoast-seo-wordpress\/ -->\n<title>Graue wollene Damensocken wadenlang Jet Black Label - SOXS.co<\/title>\n<meta name=\"description\" content=\"Auf der Suche nach warmen Wintersocken f\u00fcr Damen? Diese grauen wadenlangen Norwegerwollsocken f\u00fcr Damen halten Deine F\u00fc\u00dfe warm und verhindern Frostbeulen!\" \/>\n<meta name=\"robots\" content=\"noindex, follow, max-snippet:-1, max-image-preview:large, max-video-preview:-1\" \/>\n<meta property=\"og:locale\" content=\"de_DE\" \/>\n<meta property=\"og:type\" content=\"article\" \/>\n<meta property=\"og:title\" content=\"Graue wollene Damensocken wadenlang Jet Black Label - SOXS.co\" \/>\n<meta property=\"og:description\" content=\"Auf der Suche nach warmen Wintersocken f\u00fcr Damen? Diese grauen wadenlangen Norwegerwollsocken f\u00fcr Damen halten Deine F\u00fc\u00dfe warm und verhindern Frostbeulen!\" \/>\n<meta property=\"og:url\" content=\"https:\/\/soxs.co\/ch\/soxs-graue-woll-damensocken-jet-black-label-wade\/\" \/>\n<meta property=\"og:site_name\" content=\"SOXS.co CH\" \/>\n<meta property=\"article:publisher\" content=\"https:\/\/www.facebook.com\/soxs.co\/\" \/>\n<meta property=\"article:modified_time\" content=\"2025-09-13T13:58:33+00:00\" \/>\n<meta property=\"og:image\" content=\"https:\/\/soxs.co\/app\/uploads\/sites\/6\/2025\/08\/SOX3215_1000x1000px.png\" \/>\n\t<meta property=\"og:image:width\" content=\"1\" \/>\n\t<meta property=\"og:image:height\" content=\"1\" \/>\n\t<meta property=\"og:image:type\" content=\"image\/png\" \/>\n<meta name=\"twitter:card\" content=\"summary_large_image\" \/>\n<meta name=\"twitter:site\" content=\"@soxs_co\" \/>\n<meta name=\"twitter:label1\" content=\"Gesch\u00e4tzte Lesezeit\" \/>\n\t<meta name=\"twitter:data1\" content=\"1\u00a0Minute\" \/>\n<script type=\"application\/ld+json\" class=\"yoast-schema-graph\">{\"@context\":\"https:\/\/schema.org\",\"@graph\":[{\"@type\":\"WebPage\",\"@id\":\"https:\/\/soxs.co\/ch\/soxs-graue-woll-damensocken-jet-black-label-wade\/\",\"url\":\"https:\/\/soxs.co\/ch\/soxs-graue-woll-damensocken-jet-black-label-wade\/\",\"name\":\"Graue wollene Damensocken wadenlang Jet Black Label - SOXS.co\",\"isPartOf\":{\"@id\":\"https:\/\/soxs.co\/ch\/#website\"},\"primaryImageOfPage\":{\"@id\":\"https:\/\/soxs.co\/ch\/soxs-graue-woll-damensocken-jet-black-label-wade\/#primaryimage\"},\"image\":{\"@id\":\"https:\/\/soxs.co\/ch\/soxs-graue-woll-damensocken-jet-black-label-wade\/#primaryimage\"},\"thumbnailUrl\":\"https:\/\/soxs.co\/app\/uploads\/sites\/6\/2025\/08\/SOX3215_1000x1000px.png\",\"datePublished\":\"2020-08-07T10:19:14+00:00\",\"dateModified\":\"2025-09-13T13:58:33+00:00\",\"description\":\"Auf der Suche nach warmen Wintersocken f\u00fcr Damen? Diese grauen wadenlangen Norwegerwollsocken f\u00fcr Damen halten Deine F\u00fc\u00dfe warm und verhindern Frostbeulen!\",\"breadcrumb\":{\"@id\":\"https:\/\/soxs.co\/ch\/soxs-graue-woll-damensocken-jet-black-label-wade\/#breadcrumb\"},\"inLanguage\":\"de-CH\",\"potentialAction\":[{\"@type\":\"ReadAction\",\"target\":[\"https:\/\/soxs.co\/ch\/soxs-graue-woll-damensocken-jet-black-label-wade\/\"]}]},{\"@type\":\"ImageObject\",\"inLanguage\":\"de-CH\",\"@id\":\"https:\/\/soxs.co\/ch\/soxs-graue-woll-damensocken-jet-black-label-wade\/#primaryimage\",\"url\":\"https:\/\/soxs.co\/app\/uploads\/sites\/6\/2025\/08\/SOX3215_1000x1000px.png\",\"contentUrl\":\"https:\/\/soxs.co\/app\/uploads\/sites\/6\/2025\/08\/SOX3215_1000x1000px.png\",\"caption\":\"SOX3215_1000x1000px\"},{\"@type\":\"BreadcrumbList\",\"@id\":\"https:\/\/soxs.co\/ch\/soxs-graue-woll-damensocken-jet-black-label-wade\/#breadcrumb\",\"itemListElement\":[{\"@type\":\"ListItem\",\"position\":1,\"name\":\"Home\",\"item\":\"https:\/\/soxs.co\/ch\/\"},{\"@type\":\"ListItem\",\"position\":2,\"name\":\"Shop\",\"item\":\"https:\/\/soxs.co\/ch\/shop\/\"},{\"@type\":\"ListItem\",\"position\":3,\"name\":\"Originals &#8211; Graue Wolle &#8211; Label Black\"}]},{\"@type\":\"WebSite\",\"@id\":\"https:\/\/soxs.co\/ch\/#website\",\"url\":\"https:\/\/soxs.co\/ch\/\",\"name\":\"SOXS.co CH\",\"description\":\"Trendige und wunderbar warme Socken f\u00fcr alle\",\"potentialAction\":[{\"@type\":\"SearchAction\",\"target\":{\"@type\":\"EntryPoint\",\"urlTemplate\":\"https:\/\/soxs.co\/ch\/?s={search_term_string}\"},\"query-input\":{\"@type\":\"PropertyValueSpecification\",\"valueRequired\":true,\"valueName\":\"search_term_string\"}}],\"inLanguage\":\"de-CH\"}]}<\/script>\n<!-- \/ Yoast SEO plugin. -->","yoast_head_json":{"title":"Graue wollene Damensocken wadenlang Jet Black Label - SOXS.co","description":"Auf der Suche nach warmen Wintersocken f\u00fcr Damen? Diese grauen wadenlangen Norwegerwollsocken f\u00fcr Damen halten Deine F\u00fc\u00dfe warm und verhindern Frostbeulen!","robots":{"index":"noindex","follow":"follow","max-snippet":"max-snippet:-1","max-image-preview":"max-image-preview:large","max-video-preview":"max-video-preview:-1"},"og_locale":"de_DE","og_type":"article","og_title":"Graue wollene Damensocken wadenlang Jet Black Label - SOXS.co","og_description":"Auf der Suche nach warmen Wintersocken f\u00fcr Damen? Diese grauen wadenlangen Norwegerwollsocken f\u00fcr Damen halten Deine F\u00fc\u00dfe warm und verhindern Frostbeulen!","og_url":"https:\/\/soxs.co\/ch\/soxs-graue-woll-damensocken-jet-black-label-wade\/","og_site_name":"SOXS.co CH","article_publisher":"https:\/\/www.facebook.com\/soxs.co\/","article_modified_time":"2025-09-13T13:58:33+00:00","og_image":[{"url":"https:\/\/soxs.co\/app\/uploads\/sites\/6\/2025\/08\/SOX3215_1000x1000px.png","width":1,"height":1,"type":"image\/png"}],"twitter_card":"summary_large_image","twitter_site":"@soxs_co","twitter_misc":{"Gesch\u00e4tzte Lesezeit":"1\u00a0Minute"},"schema":{"@context":"https:\/\/schema.org","@graph":[{"@type":"WebPage","@id":"https:\/\/soxs.co\/ch\/soxs-graue-woll-damensocken-jet-black-label-wade\/","url":"https:\/\/soxs.co\/ch\/soxs-graue-woll-damensocken-jet-black-label-wade\/","name":"Graue wollene Damensocken wadenlang Jet Black Label - SOXS.co","isPartOf":{"@id":"https:\/\/soxs.co\/ch\/#website"},"primaryImageOfPage":{"@id":"https:\/\/soxs.co\/ch\/soxs-graue-woll-damensocken-jet-black-label-wade\/#primaryimage"},"image":{"@id":"https:\/\/soxs.co\/ch\/soxs-graue-woll-damensocken-jet-black-label-wade\/#primaryimage"},"thumbnailUrl":"https:\/\/soxs.co\/app\/uploads\/sites\/6\/2025\/08\/SOX3215_1000x1000px.png","datePublished":"2020-08-07T10:19:14+00:00","dateModified":"2025-09-13T13:58:33+00:00","description":"Auf der Suche nach warmen Wintersocken f\u00fcr Damen? Diese grauen wadenlangen Norwegerwollsocken f\u00fcr Damen halten Deine F\u00fc\u00dfe warm und verhindern Frostbeulen!","breadcrumb":{"@id":"https:\/\/soxs.co\/ch\/soxs-graue-woll-damensocken-jet-black-label-wade\/#breadcrumb"},"inLanguage":"de-CH","potentialAction":[{"@type":"ReadAction","target":["https:\/\/soxs.co\/ch\/soxs-graue-woll-damensocken-jet-black-label-wade\/"]}]},{"@type":"ImageObject","inLanguage":"de-CH","@id":"https:\/\/soxs.co\/ch\/soxs-graue-woll-damensocken-jet-black-label-wade\/#primaryimage","url":"https:\/\/soxs.co\/app\/uploads\/sites\/6\/2025\/08\/SOX3215_1000x1000px.png","contentUrl":"https:\/\/soxs.co\/app\/uploads\/sites\/6\/2025\/08\/SOX3215_1000x1000px.png","caption":"SOX3215_1000x1000px"},{"@type":"BreadcrumbList","@id":"https:\/\/soxs.co\/ch\/soxs-graue-woll-damensocken-jet-black-label-wade\/#breadcrumb","itemListElement":[{"@type":"ListItem","position":1,"name":"Home","item":"https:\/\/soxs.co\/ch\/"},{"@type":"ListItem","position":2,"name":"Shop","item":"https:\/\/soxs.co\/ch\/shop\/"},{"@type":"ListItem","position":3,"name":"Originals &#8211; Graue Wolle &#8211; Label Black"}]},{"@type":"WebSite","@id":"https:\/\/soxs.co\/ch\/#website","url":"https:\/\/soxs.co\/ch\/","name":"SOXS.co CH","description":"Trendige und wunderbar warme Socken f\u00fcr alle","potentialAction":[{"@type":"SearchAction","target":{"@type":"EntryPoint","urlTemplate":"https:\/\/soxs.co\/ch\/?s={search_term_string}"},"query-input":{"@type":"PropertyValueSpecification","valueRequired":true,"valueName":"search_term_string"}}],"inLanguage":"de-CH"}]}},"_links":{"self":[{"href":"https:\/\/soxs.co\/ch\/wp-json\/wp\/v2\/product\/1024","targetHints":{"allow":["GET"]}}],"collection":[{"href":"https:\/\/soxs.co\/ch\/wp-json\/wp\/v2\/product"}],"about":[{"href":"https:\/\/soxs.co\/ch\/wp-json\/wp\/v2\/types\/product"}],"replies":[{"embeddable":true,"href":"https:\/\/soxs.co\/ch\/wp-json\/wp\/v2\/comments?post=1024"}],"wp:featuredmedia":[{"embeddable":true,"href":"https:\/\/soxs.co\/ch\/wp-json\/wp\/v2\/media\/700129562"}],"wp:attachment":[{"href":"https:\/\/soxs.co\/ch\/wp-json\/wp\/v2\/media?parent=1024"}],"wp:term":[{"taxonomy":"product_brand","embeddable":true,"href":"https:\/\/soxs.co\/ch\/wp-json\/wp\/v2\/product_brand?post=1024"},{"taxonomy":"product_cat","embeddable":true,"href":"https:\/\/soxs.co\/ch\/wp-json\/wp\/v2\/product_cat?post=1024"},{"taxonomy":"product_tag","embeddable":true,"href":"https:\/\/soxs.co\/ch\/wp-json\/wp\/v2\/product_tag?post=1024"}],"curies":[{"name":"wp","href":"https:\/\/api.w.org\/{rel}","templated":true}]}}