{"id":1012,"date":"2020-08-07T12:19:07","date_gmt":"2020-08-07T10:19:07","guid":{"rendered":"https:\/\/soxs.co\/vrouwen-bubblegum-label-medium\/"},"modified":"2025-09-13T15:58:30","modified_gmt":"2025-09-13T13:58:30","slug":"soxs-graue-woll-damensocken-bubblegum-label-wade","status":"publish","type":"product","link":"https:\/\/soxs.co\/ch\/soxs-graue-woll-damensocken-bubblegum-label-wade\/","title":{"rendered":"Originals &#8211; Graue Wolle &#8211; Label Bubblegum"},"content":{"rendered":"<p><span dir=\"auto\" style=\"vertical-align: inherit;\"><span dir=\"auto\" style=\"vertical-align: inherit;\">Lieve dame, begin je dag vol positieve energie met deze vrolijke, warme, grijze dameswollen sokken met het <\/span><\/span><em><span dir=\"auto\" style=\"vertical-align: inherit;\"><span dir=\"auto\" style=\"vertical-align: inherit;\">Bubblegum label<\/span><\/span><\/em><span dir=\"auto\" style=\"vertical-align: inherit;\"><span dir=\"auto\" style=\"vertical-align: inherit;\"> ! Geef je winteroutfit een fluffy en zoete twist en geniet samen met <\/span><\/span><strong><span dir=\"auto\" style=\"vertical-align: inherit;\"><span dir=\"auto\" style=\"vertical-align: inherit;\">SOXS<\/span><\/span><\/strong><span dir=\"auto\" style=\"vertical-align: inherit;\"><span dir=\"auto\" style=\"vertical-align: inherit;\"> van heerlijk warme voeten . Deze damessokken zijn ideaal voor de winter, vooral als je (altijd) last hebt van koude voeten en tenen in je schoenen. <\/span><\/span><strong><span dir=\"auto\" style=\"vertical-align: inherit;\"><span dir=\"auto\" style=\"vertical-align: inherit;\">SOXS<\/span><\/span><\/strong><span dir=\"auto\" style=\"vertical-align: inherit;\"><span dir=\"auto\" style=\"vertical-align: inherit;\"> zijn misschien wel de beste warme sokken tegen koude voeten! Deze sokken reiken tot net onder de kuit, waardoor ze perfect zijn voor laarzen. Bovendien is dit halfhoge sokkenmodel verkrijgbaar in drie verschillende damesschoenmaten. De schapenwollen sokken van <\/span><\/span><strong><span dir=\"auto\" style=\"vertical-align: inherit;\"><span dir=\"auto\" style=\"vertical-align: inherit;\">SOXS<\/span><\/span><\/strong><span dir=\"auto\" style=\"vertical-align: inherit;\"><span dir=\"auto\" style=\"vertical-align: inherit;\"> worden duurzaam en diervriendelijk geproduceerd, met respect voor <\/span><\/span><a href=\"https:\/\/soxs.co\/de\/ehrlichesunternehmertum\/\" target=\"_blank\" rel=\"noopener\"><span dir=\"auto\" style=\"vertical-align: inherit;\"><span dir=\"auto\" style=\"vertical-align: inherit;\">mens, dier en milieu<\/span><\/span><\/a><span dir=\"auto\" style=\"vertical-align: inherit;\"><span dir=\"auto\" style=\"vertical-align: inherit;\"> . Zo geven ze niet alleen je voeten veel liefde en warmte, maar ook ons \u200b\u200bmilieu. Voeg een zachte en zoete touch toe aan je outfit met het Bubblegum label!<\/span><\/span><\/p>\n<p><span dir=\"auto\" style=\"vertical-align: inherit;\"><span dir=\"auto\" style=\"vertical-align: inherit;\">grijze wollen sokken voor dames. grijze wollen sokken voor dames.<\/span><\/span><\/p>\n","protected":false},"excerpt":{"rendered":"<p>Mit diesen SOXS mit Bubblegum-Label werden Sie nie wieder kalte F\u00fc\u00dfe haben. Diese Socken bestehen aus weicher Merinowolle in Kombination mit Polyamid. Das Ergebnis? Warme, atmungsaktive Socken, die nicht kratzen und auch nach h\u00e4ufigem Tragen ihre Form behalten. Diese Farbe macht sie zeitlos und leicht mit jedem Outfit zu kombinieren. Dank des elastischen B\u00fcndchens sind sie bequem, ohne zu schn\u00fcren, und eignen sich perfekt f\u00fcr zu Hause auf dem Sofa, beim Spaziergang oder in Ihren Lieblingssneakers.<\/p>\n","protected":false},"featured_media":700129544,"comment_status":"closed","ping_status":"closed","template":"","meta":{"_acf_changed":false,"_improvement_type_select":"improve_an_existing","_thumb_yes_seoaic":false,"_frame_yes_seoaic":false,"seoaic_generate_description":"","seoaic_improve_instructions_prompt":"","seoaic_rollback_content_improvement":"","seoaic_idea_thumbnail_generator":"","thumbnail_generated":false,"thumbnail_generate_prompt":"","seoaic_article_description":""},"product_brand":[1507],"product_cat":[58,60,56],"product_tag":[1514,309,1515],"class_list":{"0":"post-1012","1":"product","2":"type-product","3":"status-publish","4":"has-post-thumbnail","6":"product_brand-soxs-co","7":"product_cat-wollsocken-damen","8":"product_cat-wollsocken-herren","9":"product_cat-socken-von-soxs","10":"product_tag-merino-wollen-sokken","11":"product_tag-warme-sokken","12":"product_tag-warme-wollen-sokken","14":"first","15":"instock","16":"taxable","17":"shipping-taxable","18":"purchasable","19":"product-type-variable","20":"has-default-attributes"},"acf":[],"yoast_head":"<!-- This site is optimized with the Yoast SEO plugin v27.2 - https:\/\/yoast.com\/product\/yoast-seo-wordpress\/ -->\n<title>Graue wollene Socken Damen Bubblegum Label - SOXS.co<\/title>\n<meta name=\"description\" content=\"Leiden Ihre F\u00fc\u00dfe oft unter kalten Temperaturen? Diese grauen Wollsocken f\u00fcr Damen und Herren sind zweifellos die beste Wahl, um Ihre F\u00fc\u00dfe im Winter warm zu halten.\" \/>\n<meta name=\"robots\" content=\"noindex, follow, max-snippet:-1, max-image-preview:large, max-video-preview:-1\" \/>\n<meta property=\"og:locale\" content=\"de_DE\" \/>\n<meta property=\"og:type\" content=\"article\" \/>\n<meta property=\"og:title\" content=\"Graue wollene Socken Damen Bubblegum Label - SOXS.co\" \/>\n<meta property=\"og:description\" content=\"Leiden Ihre F\u00fc\u00dfe oft unter kalten Temperaturen? Diese grauen Wollsocken f\u00fcr Damen und Herren sind zweifellos die beste Wahl, um Ihre F\u00fc\u00dfe im Winter warm zu halten.\" \/>\n<meta property=\"og:url\" content=\"https:\/\/soxs.co\/ch\/soxs-graue-woll-damensocken-bubblegum-label-wade\/\" \/>\n<meta property=\"og:site_name\" content=\"SOXS.co CH\" \/>\n<meta property=\"article:publisher\" content=\"https:\/\/www.facebook.com\/soxs.co\/\" \/>\n<meta property=\"article:modified_time\" content=\"2025-09-13T13:58:30+00:00\" \/>\n<meta property=\"og:image\" content=\"https:\/\/soxs.co\/app\/uploads\/sites\/6\/2025\/08\/SOX3133_1000x1000px.png\" \/>\n\t<meta property=\"og:image:width\" content=\"1\" \/>\n\t<meta property=\"og:image:height\" content=\"1\" \/>\n\t<meta property=\"og:image:type\" content=\"image\/png\" \/>\n<meta name=\"twitter:card\" content=\"summary_large_image\" \/>\n<meta name=\"twitter:site\" content=\"@soxs_co\" \/>\n<meta name=\"twitter:label1\" content=\"Gesch\u00e4tzte Lesezeit\" \/>\n\t<meta name=\"twitter:data1\" content=\"2\u00a0Minuten\" \/>\n<script type=\"application\/ld+json\" class=\"yoast-schema-graph\">{\"@context\":\"https:\/\/schema.org\",\"@graph\":[{\"@type\":\"WebPage\",\"@id\":\"https:\/\/soxs.co\/ch\/soxs-graue-woll-damensocken-bubblegum-label-wade\/\",\"url\":\"https:\/\/soxs.co\/ch\/soxs-graue-woll-damensocken-bubblegum-label-wade\/\",\"name\":\"Graue wollene Socken Damen Bubblegum Label - SOXS.co\",\"isPartOf\":{\"@id\":\"https:\/\/soxs.co\/ch\/#website\"},\"primaryImageOfPage\":{\"@id\":\"https:\/\/soxs.co\/ch\/soxs-graue-woll-damensocken-bubblegum-label-wade\/#primaryimage\"},\"image\":{\"@id\":\"https:\/\/soxs.co\/ch\/soxs-graue-woll-damensocken-bubblegum-label-wade\/#primaryimage\"},\"thumbnailUrl\":\"https:\/\/soxs.co\/app\/uploads\/sites\/6\/2025\/08\/SOX3133_1000x1000px.png\",\"datePublished\":\"2020-08-07T10:19:07+00:00\",\"dateModified\":\"2025-09-13T13:58:30+00:00\",\"description\":\"Leiden Ihre F\u00fc\u00dfe oft unter kalten Temperaturen? Diese grauen Wollsocken f\u00fcr Damen und Herren sind zweifellos die beste Wahl, um Ihre F\u00fc\u00dfe im Winter warm zu halten.\",\"breadcrumb\":{\"@id\":\"https:\/\/soxs.co\/ch\/soxs-graue-woll-damensocken-bubblegum-label-wade\/#breadcrumb\"},\"inLanguage\":\"de-CH\",\"potentialAction\":[{\"@type\":\"ReadAction\",\"target\":[\"https:\/\/soxs.co\/ch\/soxs-graue-woll-damensocken-bubblegum-label-wade\/\"]}]},{\"@type\":\"ImageObject\",\"inLanguage\":\"de-CH\",\"@id\":\"https:\/\/soxs.co\/ch\/soxs-graue-woll-damensocken-bubblegum-label-wade\/#primaryimage\",\"url\":\"https:\/\/soxs.co\/app\/uploads\/sites\/6\/2025\/08\/SOX3133_1000x1000px.png\",\"contentUrl\":\"https:\/\/soxs.co\/app\/uploads\/sites\/6\/2025\/08\/SOX3133_1000x1000px.png\",\"caption\":\"SOX3133_1000x1000px\"},{\"@type\":\"BreadcrumbList\",\"@id\":\"https:\/\/soxs.co\/ch\/soxs-graue-woll-damensocken-bubblegum-label-wade\/#breadcrumb\",\"itemListElement\":[{\"@type\":\"ListItem\",\"position\":1,\"name\":\"Home\",\"item\":\"https:\/\/soxs.co\/ch\/\"},{\"@type\":\"ListItem\",\"position\":2,\"name\":\"Shop\",\"item\":\"https:\/\/soxs.co\/ch\/shop\/\"},{\"@type\":\"ListItem\",\"position\":3,\"name\":\"Originals &#8211; Graue Wolle &#8211; Label Bubblegum\"}]},{\"@type\":\"WebSite\",\"@id\":\"https:\/\/soxs.co\/ch\/#website\",\"url\":\"https:\/\/soxs.co\/ch\/\",\"name\":\"SOXS.co CH\",\"description\":\"Trendige und wunderbar warme Socken f\u00fcr alle\",\"potentialAction\":[{\"@type\":\"SearchAction\",\"target\":{\"@type\":\"EntryPoint\",\"urlTemplate\":\"https:\/\/soxs.co\/ch\/?s={search_term_string}\"},\"query-input\":{\"@type\":\"PropertyValueSpecification\",\"valueRequired\":true,\"valueName\":\"search_term_string\"}}],\"inLanguage\":\"de-CH\"}]}<\/script>\n<!-- \/ Yoast SEO plugin. -->","yoast_head_json":{"title":"Graue wollene Socken Damen Bubblegum Label - SOXS.co","description":"Leiden Ihre F\u00fc\u00dfe oft unter kalten Temperaturen? Diese grauen Wollsocken f\u00fcr Damen und Herren sind zweifellos die beste Wahl, um Ihre F\u00fc\u00dfe im Winter warm zu halten.","robots":{"index":"noindex","follow":"follow","max-snippet":"max-snippet:-1","max-image-preview":"max-image-preview:large","max-video-preview":"max-video-preview:-1"},"og_locale":"de_DE","og_type":"article","og_title":"Graue wollene Socken Damen Bubblegum Label - SOXS.co","og_description":"Leiden Ihre F\u00fc\u00dfe oft unter kalten Temperaturen? Diese grauen Wollsocken f\u00fcr Damen und Herren sind zweifellos die beste Wahl, um Ihre F\u00fc\u00dfe im Winter warm zu halten.","og_url":"https:\/\/soxs.co\/ch\/soxs-graue-woll-damensocken-bubblegum-label-wade\/","og_site_name":"SOXS.co CH","article_publisher":"https:\/\/www.facebook.com\/soxs.co\/","article_modified_time":"2025-09-13T13:58:30+00:00","og_image":[{"url":"https:\/\/soxs.co\/app\/uploads\/sites\/6\/2025\/08\/SOX3133_1000x1000px.png","width":1,"height":1,"type":"image\/png"}],"twitter_card":"summary_large_image","twitter_site":"@soxs_co","twitter_misc":{"Gesch\u00e4tzte Lesezeit":"2\u00a0Minuten"},"schema":{"@context":"https:\/\/schema.org","@graph":[{"@type":"WebPage","@id":"https:\/\/soxs.co\/ch\/soxs-graue-woll-damensocken-bubblegum-label-wade\/","url":"https:\/\/soxs.co\/ch\/soxs-graue-woll-damensocken-bubblegum-label-wade\/","name":"Graue wollene Socken Damen Bubblegum Label - SOXS.co","isPartOf":{"@id":"https:\/\/soxs.co\/ch\/#website"},"primaryImageOfPage":{"@id":"https:\/\/soxs.co\/ch\/soxs-graue-woll-damensocken-bubblegum-label-wade\/#primaryimage"},"image":{"@id":"https:\/\/soxs.co\/ch\/soxs-graue-woll-damensocken-bubblegum-label-wade\/#primaryimage"},"thumbnailUrl":"https:\/\/soxs.co\/app\/uploads\/sites\/6\/2025\/08\/SOX3133_1000x1000px.png","datePublished":"2020-08-07T10:19:07+00:00","dateModified":"2025-09-13T13:58:30+00:00","description":"Leiden Ihre F\u00fc\u00dfe oft unter kalten Temperaturen? Diese grauen Wollsocken f\u00fcr Damen und Herren sind zweifellos die beste Wahl, um Ihre F\u00fc\u00dfe im Winter warm zu halten.","breadcrumb":{"@id":"https:\/\/soxs.co\/ch\/soxs-graue-woll-damensocken-bubblegum-label-wade\/#breadcrumb"},"inLanguage":"de-CH","potentialAction":[{"@type":"ReadAction","target":["https:\/\/soxs.co\/ch\/soxs-graue-woll-damensocken-bubblegum-label-wade\/"]}]},{"@type":"ImageObject","inLanguage":"de-CH","@id":"https:\/\/soxs.co\/ch\/soxs-graue-woll-damensocken-bubblegum-label-wade\/#primaryimage","url":"https:\/\/soxs.co\/app\/uploads\/sites\/6\/2025\/08\/SOX3133_1000x1000px.png","contentUrl":"https:\/\/soxs.co\/app\/uploads\/sites\/6\/2025\/08\/SOX3133_1000x1000px.png","caption":"SOX3133_1000x1000px"},{"@type":"BreadcrumbList","@id":"https:\/\/soxs.co\/ch\/soxs-graue-woll-damensocken-bubblegum-label-wade\/#breadcrumb","itemListElement":[{"@type":"ListItem","position":1,"name":"Home","item":"https:\/\/soxs.co\/ch\/"},{"@type":"ListItem","position":2,"name":"Shop","item":"https:\/\/soxs.co\/ch\/shop\/"},{"@type":"ListItem","position":3,"name":"Originals &#8211; Graue Wolle &#8211; Label Bubblegum"}]},{"@type":"WebSite","@id":"https:\/\/soxs.co\/ch\/#website","url":"https:\/\/soxs.co\/ch\/","name":"SOXS.co CH","description":"Trendige und wunderbar warme Socken f\u00fcr alle","potentialAction":[{"@type":"SearchAction","target":{"@type":"EntryPoint","urlTemplate":"https:\/\/soxs.co\/ch\/?s={search_term_string}"},"query-input":{"@type":"PropertyValueSpecification","valueRequired":true,"valueName":"search_term_string"}}],"inLanguage":"de-CH"}]}},"_links":{"self":[{"href":"https:\/\/soxs.co\/ch\/wp-json\/wp\/v2\/product\/1012","targetHints":{"allow":["GET"]}}],"collection":[{"href":"https:\/\/soxs.co\/ch\/wp-json\/wp\/v2\/product"}],"about":[{"href":"https:\/\/soxs.co\/ch\/wp-json\/wp\/v2\/types\/product"}],"replies":[{"embeddable":true,"href":"https:\/\/soxs.co\/ch\/wp-json\/wp\/v2\/comments?post=1012"}],"wp:featuredmedia":[{"embeddable":true,"href":"https:\/\/soxs.co\/ch\/wp-json\/wp\/v2\/media\/700129544"}],"wp:attachment":[{"href":"https:\/\/soxs.co\/ch\/wp-json\/wp\/v2\/media?parent=1012"}],"wp:term":[{"taxonomy":"product_brand","embeddable":true,"href":"https:\/\/soxs.co\/ch\/wp-json\/wp\/v2\/product_brand?post=1012"},{"taxonomy":"product_cat","embeddable":true,"href":"https:\/\/soxs.co\/ch\/wp-json\/wp\/v2\/product_cat?post=1012"},{"taxonomy":"product_tag","embeddable":true,"href":"https:\/\/soxs.co\/ch\/wp-json\/wp\/v2\/product_tag?post=1012"}],"curies":[{"name":"wp","href":"https:\/\/api.w.org\/{rel}","templated":true}]}}