{"id":1008,"date":"2020-08-07T12:19:07","date_gmt":"2020-08-07T10:19:07","guid":{"rendered":"https:\/\/soxs.co\/vrouwen-bubblegum-label-high\/"},"modified":"2025-09-13T15:58:28","modified_gmt":"2025-09-13T13:58:28","slug":"soxs-graue-woll-damensocken-bubblegum-label-knie","status":"publish","type":"product","link":"https:\/\/soxs.co\/ch\/soxs-graue-woll-damensocken-bubblegum-label-knie\/","title":{"rendered":"Originals &#8211; Graue Wolle &#8211; Label Bubblegum"},"content":{"rendered":"<p>Diese grauen Wollkniestr\u00fcmpfe f\u00fcr Damen sind herrlich warm, bequem und so s\u00fc\u00df wie Bubblegum! Klassische Kniesocken aus Schafwolle in einem modernen Look mit einem trendigen Touch in Rosa. Diese Wollsocken f\u00fcr Damen reichen bis zum Knie und halten Deine Beine und F\u00fc\u00dfe im Winter angenehm warm. Du kannst diese Kniestr\u00fcmpfe aus Wolle bei einem Spaziergang im Freien tragen, damit gem\u00fctlich zu Hause auf der Couch chillen und auch bei allen anderen Aktivit\u00e4ten anziehen. Die Wintersocken von <strong>SOXS <\/strong>halten Deine F\u00fc\u00dfe zu jeder Tageszeit warm!<br \/>\ngraue wollene kniestr\u00fcmpfe damen. graue wollene kniestr\u00fcmpfe damen<\/p>\n","protected":false},"excerpt":{"rendered":"<p>Mit den SOXS Originals Icons mit Bubble Gum Label m\u00fcssen Sie nie wieder unter kalten F\u00fc\u00dfen leiden. Dank der einzigartigen Kombination aus Merinowolle und Polyamid bieten diese Socken W\u00e4rme, Weichheit und atmungsaktiven Komfort. Wolle reguliert die Temperatur und h\u00e4lt Ihre F\u00fc\u00dfe im Winter kuschelig warm und im Sommer k\u00fchl und trocken.<\/p>\n","protected":false},"featured_media":700129538,"comment_status":"closed","ping_status":"closed","template":"","meta":{"_acf_changed":false,"_improvement_type_select":"improve_an_existing","_thumb_yes_seoaic":false,"_frame_yes_seoaic":false,"seoaic_generate_description":"","seoaic_improve_instructions_prompt":"","seoaic_rollback_content_improvement":"","seoaic_idea_thumbnail_generator":"","thumbnail_generated":false,"thumbnail_generate_prompt":"","seoaic_article_description":""},"product_brand":[1507],"product_cat":[58,60,56],"product_tag":[1508,1509,1510],"class_list":{"0":"post-1008","1":"product","2":"type-product","3":"status-publish","4":"has-post-thumbnail","6":"product_brand-soxs-co","7":"product_cat-wollsocken-damen","8":"product_cat-wollsocken-herren","9":"product_cat-socken-von-soxs","10":"product_tag-merinowollsocken","11":"product_tag-warme-socken","12":"product_tag-warme-wollsocken","14":"first","15":"instock","16":"taxable","17":"shipping-taxable","18":"purchasable","19":"product-type-variable","20":"has-default-attributes"},"acf":[],"yoast_head":"<!-- This site is optimized with the Yoast SEO plugin v27.2 - https:\/\/yoast.com\/product\/yoast-seo-wordpress\/ -->\n<title>Graue wollene Kniestr\u00fcmpfe Damen mit Bubblegum Label SOXS.co CH -<\/title>\n<meta name=\"description\" content=\"Die feinsten und w\u00e4rmsten Kniestr\u00fcmpfe findest du bei SOXS! Mit den grauen Wollkniestr\u00fcmpfen f\u00fcr Damen bleiben Deine F\u00fc\u00dfe und Beine im Winter sch\u00f6n warm.\" \/>\n<meta name=\"robots\" content=\"noindex, follow, max-snippet:-1, max-image-preview:large, max-video-preview:-1\" \/>\n<meta property=\"og:locale\" content=\"de_DE\" \/>\n<meta property=\"og:type\" content=\"article\" \/>\n<meta property=\"og:title\" content=\"Graue wollene Kniestr\u00fcmpfe Damen mit Bubblegum Label SOXS.co CH -\" \/>\n<meta property=\"og:description\" content=\"Die feinsten und w\u00e4rmsten Kniestr\u00fcmpfe findest du bei SOXS! Mit den grauen Wollkniestr\u00fcmpfen f\u00fcr Damen bleiben Deine F\u00fc\u00dfe und Beine im Winter sch\u00f6n warm.\" \/>\n<meta property=\"og:url\" content=\"https:\/\/soxs.co\/ch\/soxs-graue-woll-damensocken-bubblegum-label-knie\/\" \/>\n<meta property=\"og:site_name\" content=\"SOXS.co CH\" \/>\n<meta property=\"article:publisher\" content=\"https:\/\/www.facebook.com\/soxs.co\/\" \/>\n<meta property=\"article:modified_time\" content=\"2025-09-13T13:58:28+00:00\" \/>\n<meta property=\"og:image\" content=\"https:\/\/soxs.co\/app\/uploads\/sites\/6\/2025\/08\/SOX3110_1000x1000px.png\" \/>\n\t<meta property=\"og:image:width\" content=\"1\" \/>\n\t<meta property=\"og:image:height\" content=\"1\" \/>\n\t<meta property=\"og:image:type\" content=\"image\/png\" \/>\n<meta name=\"twitter:card\" content=\"summary_large_image\" \/>\n<meta name=\"twitter:site\" content=\"@soxs_co\" \/>\n<meta name=\"twitter:label1\" content=\"Gesch\u00e4tzte Lesezeit\" \/>\n\t<meta name=\"twitter:data1\" content=\"1\u00a0Minute\" \/>\n<script type=\"application\/ld+json\" class=\"yoast-schema-graph\">{\"@context\":\"https:\/\/schema.org\",\"@graph\":[{\"@type\":\"WebPage\",\"@id\":\"https:\/\/soxs.co\/ch\/soxs-graue-woll-damensocken-bubblegum-label-knie\/\",\"url\":\"https:\/\/soxs.co\/ch\/soxs-graue-woll-damensocken-bubblegum-label-knie\/\",\"name\":\"Graue wollene Kniestr\u00fcmpfe Damen mit Bubblegum Label SOXS.co CH -\",\"isPartOf\":{\"@id\":\"https:\/\/soxs.co\/ch\/#website\"},\"primaryImageOfPage\":{\"@id\":\"https:\/\/soxs.co\/ch\/soxs-graue-woll-damensocken-bubblegum-label-knie\/#primaryimage\"},\"image\":{\"@id\":\"https:\/\/soxs.co\/ch\/soxs-graue-woll-damensocken-bubblegum-label-knie\/#primaryimage\"},\"thumbnailUrl\":\"https:\/\/soxs.co\/app\/uploads\/sites\/6\/2025\/08\/SOX3110_1000x1000px.png\",\"datePublished\":\"2020-08-07T10:19:07+00:00\",\"dateModified\":\"2025-09-13T13:58:28+00:00\",\"description\":\"Die feinsten und w\u00e4rmsten Kniestr\u00fcmpfe findest du bei SOXS! Mit den grauen Wollkniestr\u00fcmpfen f\u00fcr Damen bleiben Deine F\u00fc\u00dfe und Beine im Winter sch\u00f6n warm.\",\"breadcrumb\":{\"@id\":\"https:\/\/soxs.co\/ch\/soxs-graue-woll-damensocken-bubblegum-label-knie\/#breadcrumb\"},\"inLanguage\":\"de-CH\",\"potentialAction\":[{\"@type\":\"ReadAction\",\"target\":[\"https:\/\/soxs.co\/ch\/soxs-graue-woll-damensocken-bubblegum-label-knie\/\"]}]},{\"@type\":\"ImageObject\",\"inLanguage\":\"de-CH\",\"@id\":\"https:\/\/soxs.co\/ch\/soxs-graue-woll-damensocken-bubblegum-label-knie\/#primaryimage\",\"url\":\"https:\/\/soxs.co\/app\/uploads\/sites\/6\/2025\/08\/SOX3110_1000x1000px.png\",\"contentUrl\":\"https:\/\/soxs.co\/app\/uploads\/sites\/6\/2025\/08\/SOX3110_1000x1000px.png\",\"caption\":\"SOX3110_1000x1000px\"},{\"@type\":\"BreadcrumbList\",\"@id\":\"https:\/\/soxs.co\/ch\/soxs-graue-woll-damensocken-bubblegum-label-knie\/#breadcrumb\",\"itemListElement\":[{\"@type\":\"ListItem\",\"position\":1,\"name\":\"Home\",\"item\":\"https:\/\/soxs.co\/ch\/\"},{\"@type\":\"ListItem\",\"position\":2,\"name\":\"Shop\",\"item\":\"https:\/\/soxs.co\/ch\/shop\/\"},{\"@type\":\"ListItem\",\"position\":3,\"name\":\"Originals &#8211; Graue Wolle &#8211; Label Bubblegum\"}]},{\"@type\":\"WebSite\",\"@id\":\"https:\/\/soxs.co\/ch\/#website\",\"url\":\"https:\/\/soxs.co\/ch\/\",\"name\":\"SOXS.co CH\",\"description\":\"Trendige und wunderbar warme Socken f\u00fcr alle\",\"potentialAction\":[{\"@type\":\"SearchAction\",\"target\":{\"@type\":\"EntryPoint\",\"urlTemplate\":\"https:\/\/soxs.co\/ch\/?s={search_term_string}\"},\"query-input\":{\"@type\":\"PropertyValueSpecification\",\"valueRequired\":true,\"valueName\":\"search_term_string\"}}],\"inLanguage\":\"de-CH\"}]}<\/script>\n<!-- \/ Yoast SEO plugin. -->","yoast_head_json":{"title":"Graue wollene Kniestr\u00fcmpfe Damen mit Bubblegum Label SOXS.co CH -","description":"Die feinsten und w\u00e4rmsten Kniestr\u00fcmpfe findest du bei SOXS! Mit den grauen Wollkniestr\u00fcmpfen f\u00fcr Damen bleiben Deine F\u00fc\u00dfe und Beine im Winter sch\u00f6n warm.","robots":{"index":"noindex","follow":"follow","max-snippet":"max-snippet:-1","max-image-preview":"max-image-preview:large","max-video-preview":"max-video-preview:-1"},"og_locale":"de_DE","og_type":"article","og_title":"Graue wollene Kniestr\u00fcmpfe Damen mit Bubblegum Label SOXS.co CH -","og_description":"Die feinsten und w\u00e4rmsten Kniestr\u00fcmpfe findest du bei SOXS! Mit den grauen Wollkniestr\u00fcmpfen f\u00fcr Damen bleiben Deine F\u00fc\u00dfe und Beine im Winter sch\u00f6n warm.","og_url":"https:\/\/soxs.co\/ch\/soxs-graue-woll-damensocken-bubblegum-label-knie\/","og_site_name":"SOXS.co CH","article_publisher":"https:\/\/www.facebook.com\/soxs.co\/","article_modified_time":"2025-09-13T13:58:28+00:00","og_image":[{"url":"https:\/\/soxs.co\/app\/uploads\/sites\/6\/2025\/08\/SOX3110_1000x1000px.png","width":1,"height":1,"type":"image\/png"}],"twitter_card":"summary_large_image","twitter_site":"@soxs_co","twitter_misc":{"Gesch\u00e4tzte Lesezeit":"1\u00a0Minute"},"schema":{"@context":"https:\/\/schema.org","@graph":[{"@type":"WebPage","@id":"https:\/\/soxs.co\/ch\/soxs-graue-woll-damensocken-bubblegum-label-knie\/","url":"https:\/\/soxs.co\/ch\/soxs-graue-woll-damensocken-bubblegum-label-knie\/","name":"Graue wollene Kniestr\u00fcmpfe Damen mit Bubblegum Label SOXS.co CH -","isPartOf":{"@id":"https:\/\/soxs.co\/ch\/#website"},"primaryImageOfPage":{"@id":"https:\/\/soxs.co\/ch\/soxs-graue-woll-damensocken-bubblegum-label-knie\/#primaryimage"},"image":{"@id":"https:\/\/soxs.co\/ch\/soxs-graue-woll-damensocken-bubblegum-label-knie\/#primaryimage"},"thumbnailUrl":"https:\/\/soxs.co\/app\/uploads\/sites\/6\/2025\/08\/SOX3110_1000x1000px.png","datePublished":"2020-08-07T10:19:07+00:00","dateModified":"2025-09-13T13:58:28+00:00","description":"Die feinsten und w\u00e4rmsten Kniestr\u00fcmpfe findest du bei SOXS! Mit den grauen Wollkniestr\u00fcmpfen f\u00fcr Damen bleiben Deine F\u00fc\u00dfe und Beine im Winter sch\u00f6n warm.","breadcrumb":{"@id":"https:\/\/soxs.co\/ch\/soxs-graue-woll-damensocken-bubblegum-label-knie\/#breadcrumb"},"inLanguage":"de-CH","potentialAction":[{"@type":"ReadAction","target":["https:\/\/soxs.co\/ch\/soxs-graue-woll-damensocken-bubblegum-label-knie\/"]}]},{"@type":"ImageObject","inLanguage":"de-CH","@id":"https:\/\/soxs.co\/ch\/soxs-graue-woll-damensocken-bubblegum-label-knie\/#primaryimage","url":"https:\/\/soxs.co\/app\/uploads\/sites\/6\/2025\/08\/SOX3110_1000x1000px.png","contentUrl":"https:\/\/soxs.co\/app\/uploads\/sites\/6\/2025\/08\/SOX3110_1000x1000px.png","caption":"SOX3110_1000x1000px"},{"@type":"BreadcrumbList","@id":"https:\/\/soxs.co\/ch\/soxs-graue-woll-damensocken-bubblegum-label-knie\/#breadcrumb","itemListElement":[{"@type":"ListItem","position":1,"name":"Home","item":"https:\/\/soxs.co\/ch\/"},{"@type":"ListItem","position":2,"name":"Shop","item":"https:\/\/soxs.co\/ch\/shop\/"},{"@type":"ListItem","position":3,"name":"Originals &#8211; Graue Wolle &#8211; Label Bubblegum"}]},{"@type":"WebSite","@id":"https:\/\/soxs.co\/ch\/#website","url":"https:\/\/soxs.co\/ch\/","name":"SOXS.co CH","description":"Trendige und wunderbar warme Socken f\u00fcr alle","potentialAction":[{"@type":"SearchAction","target":{"@type":"EntryPoint","urlTemplate":"https:\/\/soxs.co\/ch\/?s={search_term_string}"},"query-input":{"@type":"PropertyValueSpecification","valueRequired":true,"valueName":"search_term_string"}}],"inLanguage":"de-CH"}]}},"_links":{"self":[{"href":"https:\/\/soxs.co\/ch\/wp-json\/wp\/v2\/product\/1008","targetHints":{"allow":["GET"]}}],"collection":[{"href":"https:\/\/soxs.co\/ch\/wp-json\/wp\/v2\/product"}],"about":[{"href":"https:\/\/soxs.co\/ch\/wp-json\/wp\/v2\/types\/product"}],"replies":[{"embeddable":true,"href":"https:\/\/soxs.co\/ch\/wp-json\/wp\/v2\/comments?post=1008"}],"wp:featuredmedia":[{"embeddable":true,"href":"https:\/\/soxs.co\/ch\/wp-json\/wp\/v2\/media\/700129538"}],"wp:attachment":[{"href":"https:\/\/soxs.co\/ch\/wp-json\/wp\/v2\/media?parent=1008"}],"wp:term":[{"taxonomy":"product_brand","embeddable":true,"href":"https:\/\/soxs.co\/ch\/wp-json\/wp\/v2\/product_brand?post=1008"},{"taxonomy":"product_cat","embeddable":true,"href":"https:\/\/soxs.co\/ch\/wp-json\/wp\/v2\/product_cat?post=1008"},{"taxonomy":"product_tag","embeddable":true,"href":"https:\/\/soxs.co\/ch\/wp-json\/wp\/v2\/product_tag?post=1008"}],"curies":[{"name":"wp","href":"https:\/\/api.w.org\/{rel}","templated":true}]}}