{"id":1474,"date":"2020-08-22T11:35:52","date_gmt":"2020-08-22T09:35:52","guid":{"rendered":"https:\/\/soxs.co\/?page_id=1474"},"modified":"2022-09-14T15:16:21","modified_gmt":"2022-09-14T13:16:21","slug":"wiederverkaeufer-von-soxs-werden","status":"publish","type":"page","link":"https:\/\/soxs.co\/ch\/wiederverkaeufer-von-soxs-werden\/","title":{"rendered":"Werden Sie Wiederverk\u00e4ufer von SOXS!"},"content":{"rendered":"","protected":false},"excerpt":{"rendered":"","protected":false},"author":5,"featured_media":0,"parent":0,"menu_order":0,"comment_status":"closed","ping_status":"closed","template":"","meta":{"_acf_changed":false,"_improvement_type_select":"improve_an_existing","_thumb_yes_seoaic":false,"_frame_yes_seoaic":false,"seoaic_generate_description":"","seoaic_improve_instructions_prompt":"","seoaic_rollback_content_improvement":"","seoaic_idea_thumbnail_generator":"","thumbnail_generated":false,"thumbnail_generate_prompt":"","seoaic_article_description":"","footnotes":""},"class_list":["post-1474","page","type-page","status-publish","hentry"],"acf":[],"yoast_head":"<!-- This site is optimized with the Yoast SEO plugin v27.3 - https:\/\/yoast.com\/product\/yoast-seo-wordpress\/ -->\n<title>Wiederverk\u00e4ufer von SOXS.co gesucht - Interesse?<\/title>\n<meta name=\"description\" content=\"M\u00f6chtest Du Wiederverk\u00e4ufer von SOXS.co in Deutschland werden? Wir suchen Partner f\u00fcr SOXS Wollaccessoires. Nehm Kontakt mit uns auf!\" \/>\n<meta name=\"robots\" content=\"noindex, follow, max-snippet:-1, max-image-preview:large, max-video-preview:-1\" \/>\n<meta property=\"og:locale\" content=\"de_DE\" \/>\n<meta property=\"og:type\" content=\"article\" \/>\n<meta property=\"og:title\" content=\"Wiederverk\u00e4ufer von SOXS.co gesucht - Interesse?\" \/>\n<meta property=\"og:description\" content=\"M\u00f6chtest Du Wiederverk\u00e4ufer von SOXS.co in Deutschland werden? Wir suchen Partner f\u00fcr SOXS Wollaccessoires. Nehm Kontakt mit uns auf!\" \/>\n<meta property=\"og:url\" content=\"https:\/\/soxs.co\/ch\/wiederverkaeufer-von-soxs-werden\/\" \/>\n<meta property=\"og:site_name\" content=\"SOXS.co CH\" \/>\n<meta property=\"article:publisher\" content=\"https:\/\/www.facebook.com\/soxs.co\/\" \/>\n<meta property=\"article:modified_time\" content=\"2022-09-14T13:16:21+00:00\" \/>\n<meta name=\"twitter:card\" content=\"summary_large_image\" \/>\n<meta name=\"twitter:site\" content=\"@soxs_co\" \/>\n<script type=\"application\/ld+json\" class=\"yoast-schema-graph\">{\"@context\":\"https:\\\/\\\/schema.org\",\"@graph\":[{\"@type\":\"WebPage\",\"@id\":\"https:\\\/\\\/soxs.co\\\/ch\\\/wiederverkaeufer-von-soxs-werden\\\/\",\"url\":\"https:\\\/\\\/soxs.co\\\/ch\\\/wiederverkaeufer-von-soxs-werden\\\/\",\"name\":\"Wiederverk\u00e4ufer von SOXS.co gesucht - Interesse?\",\"isPartOf\":{\"@id\":\"https:\\\/\\\/soxs.co\\\/ch\\\/#website\"},\"datePublished\":\"2020-08-22T09:35:52+00:00\",\"dateModified\":\"2022-09-14T13:16:21+00:00\",\"description\":\"M\u00f6chtest Du Wiederverk\u00e4ufer von SOXS.co in Deutschland werden? Wir suchen Partner f\u00fcr SOXS Wollaccessoires. Nehm Kontakt mit uns auf!\",\"breadcrumb\":{\"@id\":\"https:\\\/\\\/soxs.co\\\/ch\\\/wiederverkaeufer-von-soxs-werden\\\/#breadcrumb\"},\"inLanguage\":\"de-CH\",\"potentialAction\":[{\"@type\":\"ReadAction\",\"target\":[\"https:\\\/\\\/soxs.co\\\/ch\\\/wiederverkaeufer-von-soxs-werden\\\/\"]}]},{\"@type\":\"BreadcrumbList\",\"@id\":\"https:\\\/\\\/soxs.co\\\/ch\\\/wiederverkaeufer-von-soxs-werden\\\/#breadcrumb\",\"itemListElement\":[{\"@type\":\"ListItem\",\"position\":1,\"name\":\"Home\",\"item\":\"https:\\\/\\\/soxs.co\\\/ch\\\/\"},{\"@type\":\"ListItem\",\"position\":2,\"name\":\"Werden Sie Wiederverk\u00e4ufer von SOXS!\"}]},{\"@type\":\"WebSite\",\"@id\":\"https:\\\/\\\/soxs.co\\\/ch\\\/#website\",\"url\":\"https:\\\/\\\/soxs.co\\\/ch\\\/\",\"name\":\"SOXS.co CH\",\"description\":\"Trendige und wunderbar warme Socken f\u00fcr alle\",\"potentialAction\":[{\"@type\":\"SearchAction\",\"target\":{\"@type\":\"EntryPoint\",\"urlTemplate\":\"https:\\\/\\\/soxs.co\\\/ch\\\/?s={search_term_string}\"},\"query-input\":{\"@type\":\"PropertyValueSpecification\",\"valueRequired\":true,\"valueName\":\"search_term_string\"}}],\"inLanguage\":\"de-CH\"}]}<\/script>\n<!-- \/ Yoast SEO plugin. -->","yoast_head_json":{"title":"Wiederverk\u00e4ufer von SOXS.co gesucht - Interesse?","description":"M\u00f6chtest Du Wiederverk\u00e4ufer von SOXS.co in Deutschland werden? Wir suchen Partner f\u00fcr SOXS Wollaccessoires. Nehm Kontakt mit uns auf!","robots":{"index":"noindex","follow":"follow","max-snippet":"max-snippet:-1","max-image-preview":"max-image-preview:large","max-video-preview":"max-video-preview:-1"},"og_locale":"de_DE","og_type":"article","og_title":"Wiederverk\u00e4ufer von SOXS.co gesucht - Interesse?","og_description":"M\u00f6chtest Du Wiederverk\u00e4ufer von SOXS.co in Deutschland werden? Wir suchen Partner f\u00fcr SOXS Wollaccessoires. Nehm Kontakt mit uns auf!","og_url":"https:\/\/soxs.co\/ch\/wiederverkaeufer-von-soxs-werden\/","og_site_name":"SOXS.co CH","article_publisher":"https:\/\/www.facebook.com\/soxs.co\/","article_modified_time":"2022-09-14T13:16:21+00:00","twitter_card":"summary_large_image","twitter_site":"@soxs_co","schema":{"@context":"https:\/\/schema.org","@graph":[{"@type":"WebPage","@id":"https:\/\/soxs.co\/ch\/wiederverkaeufer-von-soxs-werden\/","url":"https:\/\/soxs.co\/ch\/wiederverkaeufer-von-soxs-werden\/","name":"Wiederverk\u00e4ufer von SOXS.co gesucht - Interesse?","isPartOf":{"@id":"https:\/\/soxs.co\/ch\/#website"},"datePublished":"2020-08-22T09:35:52+00:00","dateModified":"2022-09-14T13:16:21+00:00","description":"M\u00f6chtest Du Wiederverk\u00e4ufer von SOXS.co in Deutschland werden? Wir suchen Partner f\u00fcr SOXS Wollaccessoires. Nehm Kontakt mit uns auf!","breadcrumb":{"@id":"https:\/\/soxs.co\/ch\/wiederverkaeufer-von-soxs-werden\/#breadcrumb"},"inLanguage":"de-CH","potentialAction":[{"@type":"ReadAction","target":["https:\/\/soxs.co\/ch\/wiederverkaeufer-von-soxs-werden\/"]}]},{"@type":"BreadcrumbList","@id":"https:\/\/soxs.co\/ch\/wiederverkaeufer-von-soxs-werden\/#breadcrumb","itemListElement":[{"@type":"ListItem","position":1,"name":"Home","item":"https:\/\/soxs.co\/ch\/"},{"@type":"ListItem","position":2,"name":"Werden Sie Wiederverk\u00e4ufer von SOXS!"}]},{"@type":"WebSite","@id":"https:\/\/soxs.co\/ch\/#website","url":"https:\/\/soxs.co\/ch\/","name":"SOXS.co CH","description":"Trendige und wunderbar warme Socken f\u00fcr alle","potentialAction":[{"@type":"SearchAction","target":{"@type":"EntryPoint","urlTemplate":"https:\/\/soxs.co\/ch\/?s={search_term_string}"},"query-input":{"@type":"PropertyValueSpecification","valueRequired":true,"valueName":"search_term_string"}}],"inLanguage":"de-CH"}]}},"_links":{"self":[{"href":"https:\/\/soxs.co\/ch\/wp-json\/wp\/v2\/pages\/1474","targetHints":{"allow":["GET"]}}],"collection":[{"href":"https:\/\/soxs.co\/ch\/wp-json\/wp\/v2\/pages"}],"about":[{"href":"https:\/\/soxs.co\/ch\/wp-json\/wp\/v2\/types\/page"}],"author":[{"embeddable":true,"href":"https:\/\/soxs.co\/ch\/wp-json\/wp\/v2\/users\/5"}],"replies":[{"embeddable":true,"href":"https:\/\/soxs.co\/ch\/wp-json\/wp\/v2\/comments?post=1474"}],"version-history":[{"count":0,"href":"https:\/\/soxs.co\/ch\/wp-json\/wp\/v2\/pages\/1474\/revisions"}],"wp:attachment":[{"href":"https:\/\/soxs.co\/ch\/wp-json\/wp\/v2\/media?parent=1474"}],"curies":[{"name":"wp","href":"https:\/\/api.w.org\/{rel}","templated":true}]}}